{"id":11673,"date":"2019-01-08T13:39:21","date_gmt":"2019-01-08T13:39:21","guid":{"rendered":"http:\/\/uniekeuitjesborculo.nl\/home\/"},"modified":"2023-09-18T08:41:22","modified_gmt":"2023-09-18T08:41:22","slug":"home","status":"publish","type":"page","link":"https:\/\/uniekeuitjesborculo.nl\/de\/","title":{"rendered":"Home"},"content":{"rendered":"<div>\n<h1>Willkommen bei Unieke Uitjes. Die besten Ausfl\u00fcge und Komplettpakete in der Region zu wettbewerbsf\u00e4higen Preisen.<\/h1>\n<\/div>\n<p>Haben Sie Fragen oder m\u00f6chten Sie unverbindlich \u00fcber tolle Ausfl\u00fcge sprechen? Sprechen Sie uns gerne an, wir denken gerne mit Ihnen mit!<\/p>\n","protected":false},"excerpt":{"rendered":"<p>Willkommen bei Unieke Uitjes. Die besten Ausfl\u00fcge und Komplettpakete in der Region zu wettbewerbsf\u00e4higen Preisen. Haben Sie Fragen oder m\u00f6chten Sie unverbindlich \u00fcber tolle Ausfl\u00fcge sprechen? Sprechen Sie uns gerne an, wir denken gerne mit Ihnen mit!<\/p>\n","protected":false},"author":1,"featured_media":0,"parent":0,"menu_order":0,"comment_status":"closed","ping_status":"closed","template":"index.php","meta":{"_acf_changed":false,"_monsterinsights_skip_tracking":false,"_monsterinsights_sitenote_active":false,"_monsterinsights_sitenote_note":"","_monsterinsights_sitenote_category":0,"footnotes":""},"categories":[],"class_list":["post-11673","page","type-page","status-publish","hentry"],"acf":[],"yoast_head":"<!-- This site is optimized with the Yoast SEO plugin v27.5 - https:\/\/yoast.com\/product\/yoast-seo-wordpress\/ -->\n<title>Uniekeuitjes.nl | G\u00fcnstige Ausflugsziele k\u00f6nnen Sie selbst zusammenstellen<\/title>\n<meta name=\"description\" content=\"Uniekeuitjes.nl: Lustige Ausfl\u00fcge und Spielshows f\u00fcr Junggesellenabschiede, Betriebsausfl\u00fcge und Familienausfl\u00fcge. Komplette Getr\u00e4nke- und Essenspakete.\" \/>\n<meta name=\"robots\" content=\"index, follow, max-snippet:-1, max-image-preview:large, max-video-preview:-1\" \/>\n<link rel=\"canonical\" href=\"https:\/\/uniekeuitjesborculo.nl\/de\/\" \/>\n<meta property=\"og:locale\" content=\"nl_NL\" \/>\n<meta property=\"og:type\" content=\"article\" \/>\n<meta property=\"og:title\" content=\"Uniekeuitjes.nl | G\u00fcnstige Ausflugsziele k\u00f6nnen Sie selbst zusammenstellen\" \/>\n<meta property=\"og:description\" content=\"Uniekeuitjes.nl: Lustige Ausfl\u00fcge und Spielshows f\u00fcr Junggesellenabschiede, Betriebsausfl\u00fcge und Familienausfl\u00fcge. Komplette Getr\u00e4nke- und Essenspakete.\" \/>\n<meta property=\"og:url\" content=\"https:\/\/uniekeuitjesborculo.nl\/de\/\" \/>\n<meta property=\"og:site_name\" content=\"Uniekeuitjes Borculo\" \/>\n<meta property=\"article:publisher\" content=\"https:\/\/www.facebook.com\/uniekeuitjes.nl\" \/>\n<meta property=\"article:modified_time\" content=\"2023-09-18T08:41:22+00:00\" \/>\n<meta name=\"twitter:card\" content=\"summary_large_image\" \/>\n<script type=\"application\/ld+json\" class=\"yoast-schema-graph\">{\"@context\":\"https:\\\/\\\/schema.org\",\"@graph\":[{\"@type\":\"WebPage\",\"@id\":\"https:\\\/\\\/uniekeuitjesborculo.nl\\\/de\\\/\",\"url\":\"https:\\\/\\\/uniekeuitjesborculo.nl\\\/de\\\/\",\"name\":\"Uniekeuitjes.nl | G\u00fcnstige Ausflugsziele k\u00f6nnen Sie selbst zusammenstellen\",\"isPartOf\":{\"@id\":\"https:\\\/\\\/uniekeuitjesborculo.nl\\\/de\\\/#website\"},\"datePublished\":\"2019-01-08T13:39:21+00:00\",\"dateModified\":\"2023-09-18T08:41:22+00:00\",\"description\":\"Uniekeuitjes.nl: Lustige Ausfl\u00fcge und Spielshows f\u00fcr Junggesellenabschiede, Betriebsausfl\u00fcge und Familienausfl\u00fcge. Komplette Getr\u00e4nke- und Essenspakete.\",\"breadcrumb\":{\"@id\":\"https:\\\/\\\/uniekeuitjesborculo.nl\\\/de\\\/#breadcrumb\"},\"inLanguage\":\"nl-NL\",\"potentialAction\":[{\"@type\":\"ReadAction\",\"target\":[\"https:\\\/\\\/uniekeuitjesborculo.nl\\\/de\\\/\"]}]},{\"@type\":\"BreadcrumbList\",\"@id\":\"https:\\\/\\\/uniekeuitjesborculo.nl\\\/de\\\/#breadcrumb\",\"itemListElement\":[{\"@type\":\"ListItem\",\"position\":1,\"name\":\"Home\",\"item\":\"https:\\\/\\\/uniekeuitjesborculo.nl\\\/de\\\/\"},{\"@type\":\"ListItem\",\"position\":2,\"name\":\"Home\"}]},{\"@type\":\"WebSite\",\"@id\":\"https:\\\/\\\/uniekeuitjesborculo.nl\\\/de\\\/#website\",\"url\":\"https:\\\/\\\/uniekeuitjesborculo.nl\\\/de\\\/\",\"name\":\"Uniekeuitjes Borculo\",\"description\":\"Alles voor plezier, verbinding en ontspanning\",\"publisher\":{\"@id\":\"https:\\\/\\\/uniekeuitjesborculo.nl\\\/de\\\/#organization\"},\"potentialAction\":[{\"@type\":\"SearchAction\",\"target\":{\"@type\":\"EntryPoint\",\"urlTemplate\":\"https:\\\/\\\/uniekeuitjesborculo.nl\\\/de\\\/?s={search_term_string}\"},\"query-input\":{\"@type\":\"PropertyValueSpecification\",\"valueRequired\":true,\"valueName\":\"search_term_string\"}}],\"inLanguage\":\"nl-NL\"},{\"@type\":\"Organization\",\"@id\":\"https:\\\/\\\/uniekeuitjesborculo.nl\\\/de\\\/#organization\",\"name\":\"Unieke Uitjes\",\"url\":\"https:\\\/\\\/uniekeuitjesborculo.nl\\\/de\\\/\",\"logo\":{\"@type\":\"ImageObject\",\"inLanguage\":\"nl-NL\",\"@id\":\"https:\\\/\\\/uniekeuitjesborculo.nl\\\/de\\\/#\\\/schema\\\/logo\\\/image\\\/\",\"url\":\"http:\\\/\\\/uniekeuitjesborculo.nl\\\/wp-content\\\/uploads\\\/2019\\\/02\\\/site-login-logo.png\",\"contentUrl\":\"http:\\\/\\\/uniekeuitjesborculo.nl\\\/wp-content\\\/uploads\\\/2019\\\/02\\\/site-login-logo.png\",\"width\":708,\"height\":345,\"caption\":\"Unieke Uitjes\"},\"image\":{\"@id\":\"https:\\\/\\\/uniekeuitjesborculo.nl\\\/de\\\/#\\\/schema\\\/logo\\\/image\\\/\"},\"sameAs\":[\"https:\\\/\\\/www.facebook.com\\\/uniekeuitjes.nl\",\"https:\\\/\\\/www.instagram.com\\\/uniekeuitjes.nl\\\/\",\"https:\\\/\\\/www.linkedin.com\\\/company\\\/unieke-uitjes-nl\",\"https:\\\/\\\/www.youtube.com\\\/channel\\\/UCXwRXFWP_R0kxRAeL79FQfw\"]}]}<\/script>\n<!-- \/ Yoast SEO plugin. -->","yoast_head_json":{"title":"Uniekeuitjes.nl | G\u00fcnstige Ausflugsziele k\u00f6nnen Sie selbst zusammenstellen","description":"Uniekeuitjes.nl: Lustige Ausfl\u00fcge und Spielshows f\u00fcr Junggesellenabschiede, Betriebsausfl\u00fcge und Familienausfl\u00fcge. Komplette Getr\u00e4nke- und Essenspakete.","robots":{"index":"index","follow":"follow","max-snippet":"max-snippet:-1","max-image-preview":"max-image-preview:large","max-video-preview":"max-video-preview:-1"},"canonical":"https:\/\/uniekeuitjesborculo.nl\/de\/","og_locale":"nl_NL","og_type":"article","og_title":"Uniekeuitjes.nl | G\u00fcnstige Ausflugsziele k\u00f6nnen Sie selbst zusammenstellen","og_description":"Uniekeuitjes.nl: Lustige Ausfl\u00fcge und Spielshows f\u00fcr Junggesellenabschiede, Betriebsausfl\u00fcge und Familienausfl\u00fcge. Komplette Getr\u00e4nke- und Essenspakete.","og_url":"https:\/\/uniekeuitjesborculo.nl\/de\/","og_site_name":"Uniekeuitjes Borculo","article_publisher":"https:\/\/www.facebook.com\/uniekeuitjes.nl","article_modified_time":"2023-09-18T08:41:22+00:00","twitter_card":"summary_large_image","schema":{"@context":"https:\/\/schema.org","@graph":[{"@type":"WebPage","@id":"https:\/\/uniekeuitjesborculo.nl\/de\/","url":"https:\/\/uniekeuitjesborculo.nl\/de\/","name":"Uniekeuitjes.nl | G\u00fcnstige Ausflugsziele k\u00f6nnen Sie selbst zusammenstellen","isPartOf":{"@id":"https:\/\/uniekeuitjesborculo.nl\/de\/#website"},"datePublished":"2019-01-08T13:39:21+00:00","dateModified":"2023-09-18T08:41:22+00:00","description":"Uniekeuitjes.nl: Lustige Ausfl\u00fcge und Spielshows f\u00fcr Junggesellenabschiede, Betriebsausfl\u00fcge und Familienausfl\u00fcge. Komplette Getr\u00e4nke- und Essenspakete.","breadcrumb":{"@id":"https:\/\/uniekeuitjesborculo.nl\/de\/#breadcrumb"},"inLanguage":"nl-NL","potentialAction":[{"@type":"ReadAction","target":["https:\/\/uniekeuitjesborculo.nl\/de\/"]}]},{"@type":"BreadcrumbList","@id":"https:\/\/uniekeuitjesborculo.nl\/de\/#breadcrumb","itemListElement":[{"@type":"ListItem","position":1,"name":"Home","item":"https:\/\/uniekeuitjesborculo.nl\/de\/"},{"@type":"ListItem","position":2,"name":"Home"}]},{"@type":"WebSite","@id":"https:\/\/uniekeuitjesborculo.nl\/de\/#website","url":"https:\/\/uniekeuitjesborculo.nl\/de\/","name":"Uniekeuitjes Borculo","description":"Alles voor plezier, verbinding en ontspanning","publisher":{"@id":"https:\/\/uniekeuitjesborculo.nl\/de\/#organization"},"potentialAction":[{"@type":"SearchAction","target":{"@type":"EntryPoint","urlTemplate":"https:\/\/uniekeuitjesborculo.nl\/de\/?s={search_term_string}"},"query-input":{"@type":"PropertyValueSpecification","valueRequired":true,"valueName":"search_term_string"}}],"inLanguage":"nl-NL"},{"@type":"Organization","@id":"https:\/\/uniekeuitjesborculo.nl\/de\/#organization","name":"Unieke Uitjes","url":"https:\/\/uniekeuitjesborculo.nl\/de\/","logo":{"@type":"ImageObject","inLanguage":"nl-NL","@id":"https:\/\/uniekeuitjesborculo.nl\/de\/#\/schema\/logo\/image\/","url":"http:\/\/uniekeuitjesborculo.nl\/wp-content\/uploads\/2019\/02\/site-login-logo.png","contentUrl":"http:\/\/uniekeuitjesborculo.nl\/wp-content\/uploads\/2019\/02\/site-login-logo.png","width":708,"height":345,"caption":"Unieke Uitjes"},"image":{"@id":"https:\/\/uniekeuitjesborculo.nl\/de\/#\/schema\/logo\/image\/"},"sameAs":["https:\/\/www.facebook.com\/uniekeuitjes.nl","https:\/\/www.instagram.com\/uniekeuitjes.nl\/","https:\/\/www.linkedin.com\/company\/unieke-uitjes-nl","https:\/\/www.youtube.com\/channel\/UCXwRXFWP_R0kxRAeL79FQfw"]}]}},"_links":{"self":[{"href":"https:\/\/uniekeuitjesborculo.nl\/de\/wp-json\/wp\/v2\/pages\/11673","targetHints":{"allow":["GET"]}}],"collection":[{"href":"https:\/\/uniekeuitjesborculo.nl\/de\/wp-json\/wp\/v2\/pages"}],"about":[{"href":"https:\/\/uniekeuitjesborculo.nl\/de\/wp-json\/wp\/v2\/types\/page"}],"author":[{"embeddable":true,"href":"https:\/\/uniekeuitjesborculo.nl\/de\/wp-json\/wp\/v2\/users\/1"}],"replies":[{"embeddable":true,"href":"https:\/\/uniekeuitjesborculo.nl\/de\/wp-json\/wp\/v2\/comments?post=11673"}],"version-history":[{"count":0,"href":"https:\/\/uniekeuitjesborculo.nl\/de\/wp-json\/wp\/v2\/pages\/11673\/revisions"}],"wp:attachment":[{"href":"https:\/\/uniekeuitjesborculo.nl\/de\/wp-json\/wp\/v2\/media?parent=11673"}],"wp:term":[{"taxonomy":"category","embeddable":true,"href":"https:\/\/uniekeuitjesborculo.nl\/de\/wp-json\/wp\/v2\/categories?post=11673"}],"curies":[{"name":"wp","href":"https:\/\/api.w.org\/{rel}","templated":true}]}}