{"id":11688,"date":"2022-12-07T10:54:53","date_gmt":"2022-12-07T10:54:53","guid":{"rendered":"http:\/\/uniekeuitjesborculo.nl\/einzigartige-ausfluege-laren\/"},"modified":"2022-12-07T10:54:53","modified_gmt":"2022-12-07T10:54:53","slug":"einzigartige-ausfluege-laren","status":"publish","type":"page","link":"https:\/\/uniekeuitjesborculo.nl\/de\/einzigartige-ausfluege-laren\/","title":{"rendered":"Einzigartige Ausfl\u00fcge Laren"},"content":{"rendered":"<p>Ausfl\u00fcge in Laren. Unique Uitjes.nl hat Laren Gelderland als Basis f\u00fcr seine Aktivit\u00e4ten. Wir haben ein gro\u00dfes Geb\u00e4ude zur Verf\u00fcgung, in dem wir unsere Solexe, Tandems und alle anderen Ausr\u00fcstungsgegenst\u00e4nde lagern. Dieses Geb\u00e4ude dient auch als repr\u00e4sentativer Empfangsbereich mit sch\u00f6nen Sitzgelegenheiten und einer h\u00fcbschen Au\u00dfenterrasse, auf der man sich z. B. nach einem Solex-Ausflug ausruhen kann. Einige der Workshops k\u00f6nnen auch in unseren R\u00e4umlichkeiten abgehalten werden, z. B. Bogenschie\u00dfen. Laren ist auch der ideale Ort f\u00fcr Junggesellenabschiede mit kleinem Budget!<\/p>\n<p>&nbsp;<\/p>\n<p><strong>Lokales Gastgewerbe in Laren:<\/strong><strong><br \/>\n<\/strong>In Laren gibt es einige gro\u00dfartige Gastronomiebetriebe. Wir rufen an:<br \/>\n&#8211; Restaurant\/Caf\u00e9\/ Veranstaltungsorte Witkamp<br \/>\n&#8211; Restaurant\/Caf\u00e9\/ Langenbaergh<br \/>\n&#8211; Hotel de Achterhoek<br \/>\n&#8211; Frieterie Aris<\/p>\n<p>&nbsp;<\/p>\n<p>In Zusammenarbeit mit dem \u00f6rtlichen Gastgewerbe k\u00f6nnen wir Ihnen einige einzigartige Pakete anbieten.<\/p>\n<p>&nbsp;<\/p>\n<p>&nbsp;<\/p>\n<p>Nat\u00fcrlich sind alle Kombinationen m\u00f6glich. Haben Sie etwas anderes im Sinn? Rufen Sie an oder schicken Sie eine E-Mail. In Absprache mit Ihnen k\u00f6nnen wir f\u00fcr Sie die sch\u00f6nsten Arrangements zu einem sehr wettbewerbsf\u00e4higen (All-in) Preis zusammenstellen.<\/p>\n<p>Unique Uitjes.nl verf\u00fcgt \u00fcber eine gro\u00dfe repr\u00e4sentative und gem\u00fctliche Empfangshalle mit vielen Sitzpl\u00e4tzen, wo Sie Ihren Ausflug in Laren gut beginnen k\u00f6nnen.<\/p>\n<p>&nbsp;<\/p>\n<p>&nbsp;<\/p>\n<h2 style=\"text-align: left;\"><span style=\"color: #000000;\"><strong>\u00dcber Laren Gld:<\/strong><\/span><\/h2>\n<p>&nbsp;<\/p>\n<p>Das gelderl\u00e4ndische Dorf Laren liegt im Dreieck Deventer &#8211; Zutphen &#8211; Lochem. Mit einer Kirche, einer Bibliothek, einem Fremdenverkehrsb\u00fcro, Gesch\u00e4ften und mehreren gastronomischen Einrichtungen bietet das Dorf alles, was man sich w\u00fcnschen kann.<\/p>\n<p>Laren ist mit etwa 4.000 Einwohnern nicht gro\u00df, aber sehr bekannt. Unter anderem vom Jahrmarkt, von Fahrradtouren und dem Fat Tree. Viele Landsleute besuchten dieses Dorf in der Achterhoek w\u00e4hrend ihrer Ferien. Sie k\u00f6nnen auch die Sch\u00f6nheit des Dorfes und seiner Umgebung genie\u00dfen.<\/p>\n<p>Laren ist von der Fl\u00e4che her gro\u00df. In den Au\u00dfenbezirken gibt es viele landwirtschaftliche Betriebe, vor allem in Form von gemischten Betrieben mit Ackerbau und Viehzucht. Teilweise versteckt im Gr\u00fcnen liegen eine Reihe von sch\u00f6nen Landh\u00e4usern und Schl\u00f6ssern.<\/p>\n<p>&nbsp;<\/p>\n<p>In der N\u00e4he von Schloss Verwolde steht die dickste Eiche der Niederlande, die 7,52 Meter misst. Der Baum erhielt seinen Namen vor allem durch die Tante und den Onkel von Annie M.G. Schmit, die in ihm wohnten. Laren ist in der f\u00fcr die Achterhoek so charakteristischen Kulissenlandschaft gelegen. Eine Umgebung, die wirklich sehenswert ist, zu Fu\u00df, auf dem Solex oder auf einem Tandem.<\/p>\n<p>&nbsp;<\/p>\n<p>Ausfl\u00fcge in Laren? Einzigartig Uitjes.nl!<\/p>\n<p>&nbsp;<\/p>\n<p>&nbsp;<\/p>\n<p><strong>Besuchen Sie unsere Website f\u00fcr das <span style=\"color: #00ccff;\"><a style=\"color: #00ccff;\" href=\"http:\/\/uniekeuitjesborculo.nl\/alle-uitjes\/\">das gesamte Angebot an einzigartigen Ausfl\u00fcgen und Aktivit\u00e4ten<\/a> <\/span>und nehmen Sie <span style=\"color: #00ccff;\"><a style=\"color: #00ccff;\" href=\"http:\/\/uniekeuitjesborculo.nl\/contact\/\">Kontakt<\/a> <\/span>uns f\u00fcr alle M\u00f6glichkeiten.  <\/strong><\/p>\n<p>&nbsp;<\/p>\n<p>&nbsp;<\/p>\n<style>.embed-container { position: relative; padding-bottom: 56.25%; height: 0; overflow: hidden; max-width: 100%; } .embed-container iframe, .embed-container object, .embed-container embed { position: absolute; top: 0; left: 0; width: 100%; height: 100%; }<\/style>\n<div class=\"embed-container\"><iframe loading=\"lazy\" style=\"border: 0;\" src=\"https:\/\/www.google.com\/maps\/embed?pb=!1m18!1m12!1m3!1d2445.6057491193455!2d6.350286215046994!3d52.19603866794037!2m3!1f0!2f0!3f0!3m2!1i1024!2i768!4f13.1!3m3!1m2!1s0x47c7f2b14c27164f%3A0x32b96106ba92c24e!2sUnieke%20Uitjes%20.nl!5e0!3m2!1snl!2snl!4v1672909516434!5m2!1snl!2snl\" width=\"800\" height=\"600\" allowfullscreen=\"allowfullscreen\"><\/iframe><\/div>\n<div><\/div>\n<div><\/div>\n<div><\/div>\n<div><\/div>\n<div><\/div>\n<div><\/div>\n<div><\/div>\n<div><\/div>\n<div><\/div>\n<div><\/div>\n<div><\/div>\n<div><\/div>\n","protected":false},"excerpt":{"rendered":"<p>Ausfl\u00fcge in Laren. Unique Uitjes.nl hat Laren Gelderland als Basis f\u00fcr seine Aktivit\u00e4ten. Wir haben ein gro\u00dfes Geb\u00e4ude zur Verf\u00fcgung, in dem wir unsere Solexe, Tandems und alle anderen Ausr\u00fcstungsgegenst\u00e4nde lagern. Dieses Geb\u00e4ude dient auch als repr\u00e4sentativer Empfangsbereich mit sch\u00f6nen Sitzgelegenheiten und einer h\u00fcbschen Au\u00dfenterrasse, auf der man sich z. B. nach einem Solex-Ausflug ausruhen [&hellip;]<\/p>\n","protected":false},"author":1,"featured_media":0,"parent":0,"menu_order":0,"comment_status":"closed","ping_status":"closed","template":"","meta":{"_acf_changed":false,"_monsterinsights_skip_tracking":false,"_monsterinsights_sitenote_active":false,"_monsterinsights_sitenote_note":"","_monsterinsights_sitenote_category":0,"footnotes":""},"categories":[],"class_list":["post-11688","page","type-page","status-publish","hentry"],"acf":[],"yoast_head":"<!-- This site is optimized with the Yoast SEO plugin v27.5 - https:\/\/yoast.com\/product\/yoast-seo-wordpress\/ -->\n<title>Einzigartige Ausfl\u00fcge Laren - Uniekeuitjes Borculo<\/title>\n<meta name=\"description\" content=\"Einzigartige Ausfl\u00fcge Laren\" \/>\n<meta name=\"robots\" content=\"index, follow, max-snippet:-1, max-image-preview:large, max-video-preview:-1\" \/>\n<link rel=\"canonical\" href=\"https:\/\/uniekeuitjesborculo.nl\/de\/einzigartige-ausfluege-laren\/\" \/>\n<meta property=\"og:locale\" content=\"nl_NL\" \/>\n<meta property=\"og:type\" content=\"article\" \/>\n<meta property=\"og:title\" content=\"Einzigartige Ausfl\u00fcge Laren - Uniekeuitjes Borculo\" \/>\n<meta property=\"og:description\" content=\"Einzigartige Ausfl\u00fcge Laren\" \/>\n<meta property=\"og:url\" content=\"https:\/\/uniekeuitjesborculo.nl\/de\/einzigartige-ausfluege-laren\/\" \/>\n<meta property=\"og:site_name\" content=\"Uniekeuitjes Borculo\" \/>\n<meta property=\"article:publisher\" content=\"https:\/\/www.facebook.com\/uniekeuitjes.nl\" \/>\n<meta name=\"twitter:card\" content=\"summary_large_image\" \/>\n<meta name=\"twitter:label1\" content=\"Geschatte leestijd\" \/>\n\t<meta name=\"twitter:data1\" content=\"2 minuten\" \/>\n<script type=\"application\/ld+json\" class=\"yoast-schema-graph\">{\"@context\":\"https:\\\/\\\/schema.org\",\"@graph\":[{\"@type\":\"WebPage\",\"@id\":\"https:\\\/\\\/uniekeuitjesborculo.nl\\\/de\\\/einzigartige-ausfluege-laren\\\/\",\"url\":\"https:\\\/\\\/uniekeuitjesborculo.nl\\\/de\\\/einzigartige-ausfluege-laren\\\/\",\"name\":\"Einzigartige Ausfl\u00fcge Laren - Uniekeuitjes Borculo\",\"isPartOf\":{\"@id\":\"https:\\\/\\\/uniekeuitjesborculo.nl\\\/de\\\/#website\"},\"datePublished\":\"2022-12-07T10:54:53+00:00\",\"description\":\"Einzigartige Ausfl\u00fcge Laren\",\"breadcrumb\":{\"@id\":\"https:\\\/\\\/uniekeuitjesborculo.nl\\\/de\\\/einzigartige-ausfluege-laren\\\/#breadcrumb\"},\"inLanguage\":\"nl-NL\",\"potentialAction\":[{\"@type\":\"ReadAction\",\"target\":[\"https:\\\/\\\/uniekeuitjesborculo.nl\\\/de\\\/einzigartige-ausfluege-laren\\\/\"]}]},{\"@type\":\"BreadcrumbList\",\"@id\":\"https:\\\/\\\/uniekeuitjesborculo.nl\\\/de\\\/einzigartige-ausfluege-laren\\\/#breadcrumb\",\"itemListElement\":[{\"@type\":\"ListItem\",\"position\":1,\"name\":\"Home\",\"item\":\"https:\\\/\\\/uniekeuitjesborculo.nl\\\/de\\\/\"},{\"@type\":\"ListItem\",\"position\":2,\"name\":\"Einzigartige Ausfl\u00fcge Laren\"}]},{\"@type\":\"WebSite\",\"@id\":\"https:\\\/\\\/uniekeuitjesborculo.nl\\\/de\\\/#website\",\"url\":\"https:\\\/\\\/uniekeuitjesborculo.nl\\\/de\\\/\",\"name\":\"Uniekeuitjes Borculo\",\"description\":\"Alles voor plezier, verbinding en ontspanning\",\"publisher\":{\"@id\":\"https:\\\/\\\/uniekeuitjesborculo.nl\\\/de\\\/#organization\"},\"potentialAction\":[{\"@type\":\"SearchAction\",\"target\":{\"@type\":\"EntryPoint\",\"urlTemplate\":\"https:\\\/\\\/uniekeuitjesborculo.nl\\\/de\\\/?s={search_term_string}\"},\"query-input\":{\"@type\":\"PropertyValueSpecification\",\"valueRequired\":true,\"valueName\":\"search_term_string\"}}],\"inLanguage\":\"nl-NL\"},{\"@type\":\"Organization\",\"@id\":\"https:\\\/\\\/uniekeuitjesborculo.nl\\\/de\\\/#organization\",\"name\":\"Unieke Uitjes\",\"url\":\"https:\\\/\\\/uniekeuitjesborculo.nl\\\/de\\\/\",\"logo\":{\"@type\":\"ImageObject\",\"inLanguage\":\"nl-NL\",\"@id\":\"https:\\\/\\\/uniekeuitjesborculo.nl\\\/de\\\/#\\\/schema\\\/logo\\\/image\\\/\",\"url\":\"http:\\\/\\\/uniekeuitjesborculo.nl\\\/wp-content\\\/uploads\\\/2019\\\/02\\\/site-login-logo.png\",\"contentUrl\":\"http:\\\/\\\/uniekeuitjesborculo.nl\\\/wp-content\\\/uploads\\\/2019\\\/02\\\/site-login-logo.png\",\"width\":708,\"height\":345,\"caption\":\"Unieke Uitjes\"},\"image\":{\"@id\":\"https:\\\/\\\/uniekeuitjesborculo.nl\\\/de\\\/#\\\/schema\\\/logo\\\/image\\\/\"},\"sameAs\":[\"https:\\\/\\\/www.facebook.com\\\/uniekeuitjes.nl\",\"https:\\\/\\\/www.instagram.com\\\/uniekeuitjes.nl\\\/\",\"https:\\\/\\\/www.linkedin.com\\\/company\\\/unieke-uitjes-nl\",\"https:\\\/\\\/www.youtube.com\\\/channel\\\/UCXwRXFWP_R0kxRAeL79FQfw\"]}]}<\/script>\n<!-- \/ Yoast SEO plugin. -->","yoast_head_json":{"title":"Einzigartige Ausfl\u00fcge Laren - Uniekeuitjes Borculo","description":"Einzigartige Ausfl\u00fcge Laren","robots":{"index":"index","follow":"follow","max-snippet":"max-snippet:-1","max-image-preview":"max-image-preview:large","max-video-preview":"max-video-preview:-1"},"canonical":"https:\/\/uniekeuitjesborculo.nl\/de\/einzigartige-ausfluege-laren\/","og_locale":"nl_NL","og_type":"article","og_title":"Einzigartige Ausfl\u00fcge Laren - Uniekeuitjes Borculo","og_description":"Einzigartige Ausfl\u00fcge Laren","og_url":"https:\/\/uniekeuitjesborculo.nl\/de\/einzigartige-ausfluege-laren\/","og_site_name":"Uniekeuitjes Borculo","article_publisher":"https:\/\/www.facebook.com\/uniekeuitjes.nl","twitter_card":"summary_large_image","twitter_misc":{"Geschatte leestijd":"2 minuten"},"schema":{"@context":"https:\/\/schema.org","@graph":[{"@type":"WebPage","@id":"https:\/\/uniekeuitjesborculo.nl\/de\/einzigartige-ausfluege-laren\/","url":"https:\/\/uniekeuitjesborculo.nl\/de\/einzigartige-ausfluege-laren\/","name":"Einzigartige Ausfl\u00fcge Laren - Uniekeuitjes Borculo","isPartOf":{"@id":"https:\/\/uniekeuitjesborculo.nl\/de\/#website"},"datePublished":"2022-12-07T10:54:53+00:00","description":"Einzigartige Ausfl\u00fcge Laren","breadcrumb":{"@id":"https:\/\/uniekeuitjesborculo.nl\/de\/einzigartige-ausfluege-laren\/#breadcrumb"},"inLanguage":"nl-NL","potentialAction":[{"@type":"ReadAction","target":["https:\/\/uniekeuitjesborculo.nl\/de\/einzigartige-ausfluege-laren\/"]}]},{"@type":"BreadcrumbList","@id":"https:\/\/uniekeuitjesborculo.nl\/de\/einzigartige-ausfluege-laren\/#breadcrumb","itemListElement":[{"@type":"ListItem","position":1,"name":"Home","item":"https:\/\/uniekeuitjesborculo.nl\/de\/"},{"@type":"ListItem","position":2,"name":"Einzigartige Ausfl\u00fcge Laren"}]},{"@type":"WebSite","@id":"https:\/\/uniekeuitjesborculo.nl\/de\/#website","url":"https:\/\/uniekeuitjesborculo.nl\/de\/","name":"Uniekeuitjes Borculo","description":"Alles voor plezier, verbinding en ontspanning","publisher":{"@id":"https:\/\/uniekeuitjesborculo.nl\/de\/#organization"},"potentialAction":[{"@type":"SearchAction","target":{"@type":"EntryPoint","urlTemplate":"https:\/\/uniekeuitjesborculo.nl\/de\/?s={search_term_string}"},"query-input":{"@type":"PropertyValueSpecification","valueRequired":true,"valueName":"search_term_string"}}],"inLanguage":"nl-NL"},{"@type":"Organization","@id":"https:\/\/uniekeuitjesborculo.nl\/de\/#organization","name":"Unieke Uitjes","url":"https:\/\/uniekeuitjesborculo.nl\/de\/","logo":{"@type":"ImageObject","inLanguage":"nl-NL","@id":"https:\/\/uniekeuitjesborculo.nl\/de\/#\/schema\/logo\/image\/","url":"http:\/\/uniekeuitjesborculo.nl\/wp-content\/uploads\/2019\/02\/site-login-logo.png","contentUrl":"http:\/\/uniekeuitjesborculo.nl\/wp-content\/uploads\/2019\/02\/site-login-logo.png","width":708,"height":345,"caption":"Unieke Uitjes"},"image":{"@id":"https:\/\/uniekeuitjesborculo.nl\/de\/#\/schema\/logo\/image\/"},"sameAs":["https:\/\/www.facebook.com\/uniekeuitjes.nl","https:\/\/www.instagram.com\/uniekeuitjes.nl\/","https:\/\/www.linkedin.com\/company\/unieke-uitjes-nl","https:\/\/www.youtube.com\/channel\/UCXwRXFWP_R0kxRAeL79FQfw"]}]}},"_links":{"self":[{"href":"https:\/\/uniekeuitjesborculo.nl\/de\/wp-json\/wp\/v2\/pages\/11688","targetHints":{"allow":["GET"]}}],"collection":[{"href":"https:\/\/uniekeuitjesborculo.nl\/de\/wp-json\/wp\/v2\/pages"}],"about":[{"href":"https:\/\/uniekeuitjesborculo.nl\/de\/wp-json\/wp\/v2\/types\/page"}],"author":[{"embeddable":true,"href":"https:\/\/uniekeuitjesborculo.nl\/de\/wp-json\/wp\/v2\/users\/1"}],"replies":[{"embeddable":true,"href":"https:\/\/uniekeuitjesborculo.nl\/de\/wp-json\/wp\/v2\/comments?post=11688"}],"version-history":[{"count":0,"href":"https:\/\/uniekeuitjesborculo.nl\/de\/wp-json\/wp\/v2\/pages\/11688\/revisions"}],"wp:attachment":[{"href":"https:\/\/uniekeuitjesborculo.nl\/de\/wp-json\/wp\/v2\/media?parent=11688"}],"wp:term":[{"taxonomy":"category","embeddable":true,"href":"https:\/\/uniekeuitjesborculo.nl\/de\/wp-json\/wp\/v2\/categories?post=11688"}],"curies":[{"name":"wp","href":"https:\/\/api.w.org\/{rel}","templated":true}]}}