{"id":11699,"date":"2020-05-12T13:17:51","date_gmt":"2020-05-12T13:17:51","guid":{"rendered":"http:\/\/uniekeuitjesborculo.nl\/hotels-in-achterhoek-stedendriehoek-und-twente\/"},"modified":"2020-05-12T13:17:51","modified_gmt":"2020-05-12T13:17:51","slug":"hotels-in-achterhoek-stedendriehoek-und-twente","status":"publish","type":"page","link":"https:\/\/uniekeuitjesborculo.nl\/de\/hotels-in-achterhoek-stedendriehoek-und-twente\/","title":{"rendered":"Hotels in Achterhoek, Stedendriehoek und Twente"},"content":{"rendered":"<h2>Hotels in Achterhoek, Stedendriehoek und Twente<\/h2>\n<p>Hotels in Achterhoek, Stedendriehoek und Twente. In der Region Achterhoek, Stedendriehoek und Twente gibt es viele Hotels. Alle diese Hotels sind nur wenige Autominuten von unserem Haus entfernt und eignen sich daher hervorragend f\u00fcr die Buchung einer \u00dcbernachtung im Rahmen eines Ausflugs oder einer Aktivit\u00e4t. Wir haben alle diese Hotels f\u00fcr Sie \u00fcbersichtlich aufgelistet.<\/p>\n<p>&nbsp;<\/p>\n<p>Nachstehend finden Sie eine \u00dcbersicht \u00fcber die zahlreichen Hotels in der Region. Suchen Sie zus\u00e4tzlich zu Ihrem Aufenthalt in einem dieser Hotels nach einer Aktivit\u00e4t? Dann klicken Sie auf <a href=\"http:\/\/uniekeuitjesborculo.nl\/alle-uitjes\/\">diesen<\/a> Link.<\/p>\n<p>&nbsp;<\/p>\n<table>\n<thead>\n<tr>\n<td>Hotel<\/td>\n<td>Standort<\/td>\n<td>Entfernung von UniqueOuts<\/td>\n<td>Kontakt<\/td>\n<\/tr>\n<\/thead>\n<tbody>\n<tr>\n<td>Hotel de Achterhoek<\/td>\n<td>Laren<\/td>\n<td>1 km<\/td>\n<td>info@hoteldeachterhoek.nl<\/p>\n<p>06-30861431<\/td>\n<td><a class=\"btn\" href=\"https:\/\/www.hoteldeachterhoek.nl\/\">mehr Infos<\/a><\/td>\n<\/tr>\n<tr>\n<td>Hof van Gelre<\/td>\n<td>Lochem<\/td>\n<td>7,8 km<\/td>\n<td>info@hofvangelre.nl<\/p>\n<p>0573 253351<\/td>\n<td><a class=\"btn\" href=\"https:\/\/www.hofvangelre.nl\/\">mehr Infos<\/a><\/td>\n<\/tr>\n<tr>\n<td>Scheperskamp<\/td>\n<td>Lochem<\/td>\n<td>8,3 km<\/td>\n<td>info@hotelscheperskamp.nl<\/p>\n<p>0573 254051<\/td>\n<td><a class=\"btn\" href=\"https:\/\/www.hotelscheperskamp.nl\/nl\/\">mehr Infos<\/a><\/td>\n<\/tr>\n<tr>\n<td>Bon Aparte<\/td>\n<td>Barchem<\/td>\n<td>10,2 km<\/td>\n<td>0573 298900<br \/>\ninfo@hotelbonaparte.nl<\/td>\n<td><a class=\"btn\" href=\"https:\/\/www.hotelbonaparte.nl\/\">mehr Infos<\/a><\/td>\n<\/tr>\n<tr>\n<td>Woodbroke<\/td>\n<td>Barchem<\/td>\n<td>11,8 km<\/td>\n<td>0573 441734<br \/>\ninfo@woodbrookebarchem.nl<\/td>\n<td><a class=\"btn\" href=\"https:\/\/www.woodbrookebarchem.nl\/\">mehr Infos<\/a><\/td>\n<\/tr>\n<tr>\n<td>Ehzerwold<\/td>\n<td>Almen<\/td>\n<td>5,1 km<\/td>\n<td>Receptie@ezherwold.nl<br \/>\n0575 431143<\/td>\n<td><a class=\"btn\" href=\"https:\/\/www.ehzerwold.nl\/\">mehr Infos<\/a><\/td>\n<\/tr>\n<tr>\n<td>Der Oberlandwirt<\/td>\n<td>Almen<\/td>\n<td>7 km<\/td>\n<td>0575 431744<br \/>\nReserveringen@dehoofdigeboer.nl<\/td>\n<td><a class=\"btn\" href=\"https:\/\/www.dehoofdigeboer.nl\/\">mehr Infos<\/a><\/td>\n<\/tr>\n<tr>\n<td>Die Gr\u00e4fin von Vorden<\/td>\n<td>Vorden<\/td>\n<td>12,5 km<\/td>\n<td>0575 551227<br \/>\ninfo@degravinvanvorden.nl<\/td>\n<td><a class=\"btn\" href=\"https:\/\/www.degravinvanvorden.nl\/\">mehr Infos<\/a><\/td>\n<\/tr>\n<tr>\n<td>B\u00e4cker<\/td>\n<td>Vorden<\/td>\n<td>13 km<\/td>\n<td>info@bakker.nl<br \/>\n0575 551312<\/td>\n<td><a class=\"btn\" href=\"http:\/\/uniekeuitjesborculo.nl\/prijzen-solex\/\">mehr Infos<\/a><\/td>\n<\/tr>\n<tr>\n<td>Avenarius<\/td>\n<td>Ruurlo<\/td>\n<td>16,9 km<\/td>\n<td>info@avenarius.nl<br \/>\n0573 451122<\/td>\n<td><a class=\"btn\" href=\"https:\/\/www.hampshirehotelavenarius.com\/\">mehr Infos<\/a><\/td>\n<\/tr>\n<tr>\n<td>Das Gartenzimmer<\/td>\n<td>Ruurlo<\/td>\n<td>21,1 km<\/td>\n<td>0573 452 147<\/td>\n<td><a class=\"btn\" href=\"https:\/\/www.restaurantdetuinkamer.nl\/\">mehr Infos<\/a><\/td>\n<\/tr>\n<tr>\n<td>Schloss Berkel<\/td>\n<td>Borculo<\/td>\n<td>17,9 km<\/td>\n<td>info@berkelpalace.nl<br \/>\n0545 274333<\/td>\n<td><a class=\"btn\" href=\"https:\/\/www.berkelpalace.nl\/\">mehr Infos<\/a><\/td>\n<\/tr>\n<tr>\n<td>Prinzen<\/td>\n<td>Haarlo<\/td>\n<td>21,5 km<\/td>\n<td>0545 261232<br \/>\ninfo@hcrprinsen.nl<\/td>\n<td><a class=\"btn\" href=\"https:\/\/www.hcrprinsen.nl\/\">mehr Infos<\/a><\/td>\n<\/tr>\n<tr>\n<td>&#8217;t Holt<\/td>\n<td>Diepenheim<\/td>\n<td>21,1 km<\/td>\n<td>0547 351844<br \/>\nInfo@hoteltholt.nl<\/td>\n<td><a class=\"btn\" href=\"https:\/\/www.zoover.nl\/nederland\/overijssel\/diepenheim\/t-holt\/hotel\">mehr Infos<\/a><\/td>\n<\/tr>\n<tr>\n<td>Herikerberg<\/td>\n<td>Markelo<\/td>\n<td>15,2 km<\/td>\n<td>info@hotelherikerberg.nl<\/p>\n<p><a href=\"tel:0031547368750\">0547 368 750<\/a><\/td>\n<td><a class=\"btn\" href=\"http:\/\/www.hotelherikerberg.nl\/home\">mehr Infos<\/a><\/td>\n<\/tr>\n<tr>\n<td>Kastanienfabrik<\/td>\n<td>Eibergen<\/td>\n<td>27,4 km<\/td>\n<td>info@kastanjefabriek.nl<br \/>\n0545 700222<\/td>\n<td><a class=\"btn\" href=\"https:\/\/kastanjefabriek.nl\/\">mehr Infos<\/a><\/td>\n<\/tr>\n<tr>\n<td>Der goldene L\u00f6we<\/td>\n<td>Bronkhorst<\/td>\n<td>25,5 km<\/td>\n<td>info@herbergdegoudenleeuw.com<br \/>\n0575 451231<\/td>\n<td><a class=\"btn\" href=\"https:\/\/www.herbergdegoudenleeuw.com\/\">mehr Infos<\/a><\/td>\n<\/tr>\n<tr>\n<td>Das alte Postamt<\/td>\n<td>Brummen<\/td>\n<td>23,8 km<\/td>\n<td>info@hetoudepostkantoor.nl<br \/>\n0575 566781<\/td>\n<td><a class=\"btn\" href=\"http:\/\/www.hetoudepostkantoor.nl\/\">mehr Infos<\/a><\/td>\n<\/tr>\n<tr>\n<td>Gravenhof<\/td>\n<td>Zutphen<\/td>\n<td>16,9 km<\/td>\n<td>0575 596868<br \/>\ninfo@hotelsgravenhof.nl<\/td>\n<td><a class=\"btn\" href=\"https:\/\/www.hampshire-hotels.com\/hampshire-hotel-s-gravenhof-zutphen\">mehr Infos<\/a><\/td>\n<\/tr>\n<tr>\n<td>Ijsselhotel<\/td>\n<td>Deventer<\/td>\n<td>17,1 km<\/td>\n<td>deventer@sandton.eu<br \/>\n0570 667080<\/td>\n<td><a class=\"btn\" href=\"https:\/\/www.sandton.eu\/sandton-ijsselhotel\/nl\/\">mehr Infos<\/a><\/td>\n<\/tr>\n<tr>\n<td>Vischpoorte<\/td>\n<td>Deventer<\/td>\n<td>15,9 km<\/td>\n<td>info@vischpoorte.nl<br \/>\n0570 642144<\/td>\n<td><a class=\"btn\" href=\"https:\/\/www.vischpoorte.nl\/\">mehr Infos<\/a><\/td>\n<\/tr>\n<tr>\n<td>Vermeer-Haus<\/td>\n<td>Deventer<\/td>\n<td>16 km<\/td>\n<td>info@hotelhuisvermeer.nl<br \/>\n0570 612826<\/td>\n<td><a class=\"btn\" href=\"https:\/\/hotelhuisvermeer.nl\/\">mehr Infos<\/a><\/td>\n<\/tr>\n<tr>\n<td>Fink<\/td>\n<td>Deventer<\/td>\n<td>16,1 km<\/td>\n<td>hello@hotelfinch.nl<br \/>\n0570 236000<\/td>\n<td><a class=\"btn\" href=\"https:\/\/hotelfinch.nl\/\">mehr Infos<\/a><\/td>\n<\/tr>\n<tr>\n<td>K\u00f6niglich<\/td>\n<td>Deventer<\/td>\n<td>16,4 km<\/td>\n<td>royal@royal-deventer.nl<br \/>\n0570 611880<\/td>\n<td><a class=\"btn\" href=\"http:\/\/www.royal-deventer.nl\/\">mehr Infos<\/a><\/td>\n<\/tr>\n<tr>\n<td>Im Haus von Deventer<\/td>\n<td>Twello<\/td>\n<td>15,7 km<\/td>\n<td>0638373773<\/td>\n<td><a class=\"btn\" href=\"https:\/\/hotelinhethuisvandeventer.nl\/\">mehr Infos<\/a><\/td>\n<\/tr>\n<tr>\n<td>Taverne<\/td>\n<td>Holten<\/td>\n<td>23,7 km<\/td>\n<td>welkom@taverne-twello.nl<br \/>\n0571 271514<\/td>\n<td><a class=\"btn\" href=\"https:\/\/taverne-twello.nl\/\">mehr Infos<\/a><\/td>\n<\/tr>\n<tr>\n<td>Der Swarte Ruijter<\/td>\n<td>Rijssen<\/td>\n<td>13,9 km<\/td>\n<td>info@swarteruijter.nl<br \/>\n0548 596660<\/td>\n<td><a class=\"btn\" href=\"https:\/\/www.swarteruijter.nl\/\">mehr Infos<\/a><\/td>\n<\/tr>\n<tr>\n<td>Salland-Kamm<\/td>\n<td>Hengevelde<\/td>\n<td>20,1 km<\/td>\n<td>info@hotelsallandseheuvelrug.nl<br \/>\n0548 516900<\/td>\n<td><a class=\"btn\" href=\"https:\/\/www.sallandseheuvelrug.nl\/\">mehr Infos<\/a><\/td>\n<\/tr>\n<tr>\n<td>Hof van Twente<\/td>\n<td>Diepenheim<\/td>\n<td>25,7 km<\/td>\n<td>0547 333000<br \/>\ninfo@hotelhofvantwente.nl<\/td>\n<td><a class=\"btn\" href=\"https:\/\/www.hotelhofvantwente.nl\/\">mehr Infos<\/a><\/td>\n<\/tr>\n<tr>\n<td>Berg Lochem<\/td>\n<td>Barchem<\/td>\n<td>10,4 km<\/td>\n<td>info@delochemseberg.nl<br \/>\n0573 251377<\/td>\n<td><a class=\"btn\" href=\"http:\/\/www.delochemseberg.nl\/\">mehr Infos<\/a><\/td>\n<\/tr>\n<tr>\n<td>Engelenburg<\/td>\n<td>Brummen<\/td>\n<td>26,3 km<\/td>\n<td>info@engelenburg.com<\/p>\n<p>0575 569999<\/td>\n<td><a class=\"btn\" href=\"https:\/\/www.engelenburg.com\/nl\/home\">mehr Infos<\/a><\/td>\n<\/tr>\n<tr>\n<td>Postillion Hotels<\/td>\n<td>Deventer<\/td>\n<td>14 km<\/td>\n<td><a class=\"link-orange\" href=\"mailto:info@postillionhotels.com\">info@postillionhotels.com<\/a><\/p>\n<p><a href=\"tel:+31850580100\">+31 85 0580 100<\/a><\/td>\n<td><a class=\"btn\" href=\"https:\/\/www.postillionhotels.com\/nl-nl\/hotels\/postillion-hotel-deventer\">mehr Infos<\/a><\/td>\n<\/tr>\n<tr>\n<td>&#8217;t Oer<\/td>\n<td>Zutphen<\/td>\n<td>17,2 km<\/td>\n<td>zutphen@proeflokaaltoer.nl<br \/>\n0575 798080<\/td>\n<td><a class=\"btn\" href=\"https:\/\/nl.hotels.com\/ho1283272736\/stadshotel-proeflokaal-toer-zutphen-nederland\/\">mehr Infos<\/a><\/td>\n<\/tr>\n<tr>\n<td>StayOkay<\/td>\n<td>Gorssel<\/td>\n<td>9,2 km<\/td>\n<td>gorssel@stayokay.nl<br \/>\n0573 431615<\/td>\n<td><a class=\"btn\" href=\"https:\/\/www.stayokay.com\/nl\/hostel\/gorssel\">mehr Infos<\/a><\/td>\n<\/tr>\n<tr>\n<td>Stadthotel Rijssen<\/td>\n<td>Rijssen<\/td>\n<td>24 km<\/td>\n<td>info@stadshotelrijssen.nl<br \/>\n0548 515130<\/td>\n<td><a class=\"btn\" href=\"https:\/\/stadshotelrijssen.nl\/\">mehr Infos<\/a><\/td>\n<\/tr>\n<tr>\n<td>Haus in Eerbeek<\/td>\n<td>Eerbeek<\/td>\n<td>29 km<\/td>\n<td>info@fletcherhoteleerbeek.nl<br \/>\n0313 659135<\/td>\n<td><a class=\"btn\" href=\"https:\/\/www.fletcherhoteleerbeek.nl\/nl\/hotel\/over-het-hotel\">mehr Infos<\/a><\/td>\n<\/tr>\n<tr>\n<td>Gilde<\/td>\n<td>Deventer<\/td>\n<td>16,6 km<\/td>\n<td>info@hotelgilde.nl<br \/>\n0570 641846<\/td>\n<td><a class=\"btn\" href=\"https:\/\/www.hotelgilde.nl\/nl\/\">mehr Infos<\/a><\/td>\n<\/tr>\n<tr>\n<td>Gaia<\/td>\n<td>Diepenveen<\/td>\n<td>21 km<\/td>\n<td>receptie@hotelgaia.nl<br \/>\n0570 593666<\/td>\n<td><a class=\"btn\" href=\"https:\/\/www.hotelgaia.nl\/\">mehr Infos<\/a><\/td>\n<\/tr>\n<tr>\n<td>Bed &amp; Breakfast Bij de Wilg<\/td>\n<td>Laren<\/td>\n<td>0,1 km<\/td>\n<td>info@bb-bijdewilg.nl<br \/>\n06- 28710902<\/td>\n<td><a class=\"btn\" href=\"https:\/\/www.bb-bijdewilg.nl\/\">mehr Infos<\/a><\/td>\n<\/tr>\n<tr>\n<td>Greune Wiese<\/td>\n<td>Eibergen<\/td>\n<td>29,8 km<\/td>\n<td>0545 471692<\/td>\n<td><a class=\"btn\" href=\"https:\/\/www.degreuneweide.nl\/\">mehr Infos<\/a><\/td>\n<\/tr>\n<\/tbody>\n<\/table>\n","protected":false},"excerpt":{"rendered":"<p>Hotels in Achterhoek, Stedendriehoek und Twente Hotels in Achterhoek, Stedendriehoek und Twente. In der Region Achterhoek, Stedendriehoek und Twente gibt es viele Hotels. Alle diese Hotels sind nur wenige Autominuten von unserem Haus entfernt und eignen sich daher hervorragend f\u00fcr die Buchung einer \u00dcbernachtung im Rahmen eines Ausflugs oder einer Aktivit\u00e4t. Wir haben alle diese [&hellip;]<\/p>\n","protected":false},"author":2,"featured_media":0,"parent":0,"menu_order":0,"comment_status":"closed","ping_status":"closed","template":"","meta":{"_acf_changed":false,"_monsterinsights_skip_tracking":false,"_monsterinsights_sitenote_active":false,"_monsterinsights_sitenote_note":"","_monsterinsights_sitenote_category":0,"footnotes":""},"categories":[73],"class_list":["post-11699","page","type-page","status-publish","hentry","category-zielseite"],"acf":[],"yoast_head":"<!-- This site is optimized with the Yoast SEO plugin v27.5 - https:\/\/yoast.com\/product\/yoast-seo-wordpress\/ -->\n<title>Hotels in Achterhoek, Stedendriehoek und Twente - Uniekeuitjes Borculo<\/title>\n<meta name=\"description\" content=\"In der Region Achterhoek, Stedendriehoek und Twente gibt es viele Hotels. Unique Outings hat sie bequem f\u00fcr Sie aufgelistet.\" \/>\n<meta name=\"robots\" content=\"index, follow, max-snippet:-1, max-image-preview:large, max-video-preview:-1\" \/>\n<link rel=\"canonical\" href=\"https:\/\/uniekeuitjesborculo.nl\/de\/hotels-in-achterhoek-stedendriehoek-und-twente\/\" \/>\n<meta property=\"og:locale\" content=\"nl_NL\" \/>\n<meta property=\"og:type\" content=\"article\" \/>\n<meta property=\"og:title\" content=\"Hotels in Achterhoek, Stedendriehoek und Twente - Uniekeuitjes Borculo\" \/>\n<meta property=\"og:description\" content=\"In der Region Achterhoek, Stedendriehoek und Twente gibt es viele Hotels. Unique Outings hat sie bequem f\u00fcr Sie aufgelistet.\" \/>\n<meta property=\"og:url\" content=\"https:\/\/uniekeuitjesborculo.nl\/de\/hotels-in-achterhoek-stedendriehoek-und-twente\/\" \/>\n<meta property=\"og:site_name\" content=\"Uniekeuitjes Borculo\" \/>\n<meta property=\"article:publisher\" content=\"https:\/\/www.facebook.com\/uniekeuitjes.nl\" \/>\n<meta name=\"twitter:card\" content=\"summary_large_image\" \/>\n<meta name=\"twitter:label1\" content=\"Geschatte leestijd\" \/>\n\t<meta name=\"twitter:data1\" content=\"2 minuten\" \/>\n<script type=\"application\/ld+json\" class=\"yoast-schema-graph\">{\"@context\":\"https:\\\/\\\/schema.org\",\"@graph\":[{\"@type\":\"WebPage\",\"@id\":\"https:\\\/\\\/uniekeuitjesborculo.nl\\\/de\\\/hotels-in-achterhoek-stedendriehoek-und-twente\\\/\",\"url\":\"https:\\\/\\\/uniekeuitjesborculo.nl\\\/de\\\/hotels-in-achterhoek-stedendriehoek-und-twente\\\/\",\"name\":\"Hotels in Achterhoek, Stedendriehoek und Twente - Uniekeuitjes Borculo\",\"isPartOf\":{\"@id\":\"https:\\\/\\\/uniekeuitjesborculo.nl\\\/de\\\/#website\"},\"datePublished\":\"2020-05-12T13:17:51+00:00\",\"description\":\"In der Region Achterhoek, Stedendriehoek und Twente gibt es viele Hotels. Unique Outings hat sie bequem f\u00fcr Sie aufgelistet.\",\"breadcrumb\":{\"@id\":\"https:\\\/\\\/uniekeuitjesborculo.nl\\\/de\\\/hotels-in-achterhoek-stedendriehoek-und-twente\\\/#breadcrumb\"},\"inLanguage\":\"nl-NL\",\"potentialAction\":[{\"@type\":\"ReadAction\",\"target\":[\"https:\\\/\\\/uniekeuitjesborculo.nl\\\/de\\\/hotels-in-achterhoek-stedendriehoek-und-twente\\\/\"]}]},{\"@type\":\"BreadcrumbList\",\"@id\":\"https:\\\/\\\/uniekeuitjesborculo.nl\\\/de\\\/hotels-in-achterhoek-stedendriehoek-und-twente\\\/#breadcrumb\",\"itemListElement\":[{\"@type\":\"ListItem\",\"position\":1,\"name\":\"Home\",\"item\":\"https:\\\/\\\/uniekeuitjesborculo.nl\\\/de\\\/\"},{\"@type\":\"ListItem\",\"position\":2,\"name\":\"Hotels in Achterhoek, Stedendriehoek und Twente\"}]},{\"@type\":\"WebSite\",\"@id\":\"https:\\\/\\\/uniekeuitjesborculo.nl\\\/de\\\/#website\",\"url\":\"https:\\\/\\\/uniekeuitjesborculo.nl\\\/de\\\/\",\"name\":\"Uniekeuitjes Borculo\",\"description\":\"Alles voor plezier, verbinding en ontspanning\",\"publisher\":{\"@id\":\"https:\\\/\\\/uniekeuitjesborculo.nl\\\/de\\\/#organization\"},\"potentialAction\":[{\"@type\":\"SearchAction\",\"target\":{\"@type\":\"EntryPoint\",\"urlTemplate\":\"https:\\\/\\\/uniekeuitjesborculo.nl\\\/de\\\/?s={search_term_string}\"},\"query-input\":{\"@type\":\"PropertyValueSpecification\",\"valueRequired\":true,\"valueName\":\"search_term_string\"}}],\"inLanguage\":\"nl-NL\"},{\"@type\":\"Organization\",\"@id\":\"https:\\\/\\\/uniekeuitjesborculo.nl\\\/de\\\/#organization\",\"name\":\"Unieke Uitjes\",\"url\":\"https:\\\/\\\/uniekeuitjesborculo.nl\\\/de\\\/\",\"logo\":{\"@type\":\"ImageObject\",\"inLanguage\":\"nl-NL\",\"@id\":\"https:\\\/\\\/uniekeuitjesborculo.nl\\\/de\\\/#\\\/schema\\\/logo\\\/image\\\/\",\"url\":\"http:\\\/\\\/uniekeuitjesborculo.nl\\\/wp-content\\\/uploads\\\/2019\\\/02\\\/site-login-logo.png\",\"contentUrl\":\"http:\\\/\\\/uniekeuitjesborculo.nl\\\/wp-content\\\/uploads\\\/2019\\\/02\\\/site-login-logo.png\",\"width\":708,\"height\":345,\"caption\":\"Unieke Uitjes\"},\"image\":{\"@id\":\"https:\\\/\\\/uniekeuitjesborculo.nl\\\/de\\\/#\\\/schema\\\/logo\\\/image\\\/\"},\"sameAs\":[\"https:\\\/\\\/www.facebook.com\\\/uniekeuitjes.nl\",\"https:\\\/\\\/www.instagram.com\\\/uniekeuitjes.nl\\\/\",\"https:\\\/\\\/www.linkedin.com\\\/company\\\/unieke-uitjes-nl\",\"https:\\\/\\\/www.youtube.com\\\/channel\\\/UCXwRXFWP_R0kxRAeL79FQfw\"]}]}<\/script>\n<!-- \/ Yoast SEO plugin. -->","yoast_head_json":{"title":"Hotels in Achterhoek, Stedendriehoek und Twente - Uniekeuitjes Borculo","description":"In der Region Achterhoek, Stedendriehoek und Twente gibt es viele Hotels. Unique Outings hat sie bequem f\u00fcr Sie aufgelistet.","robots":{"index":"index","follow":"follow","max-snippet":"max-snippet:-1","max-image-preview":"max-image-preview:large","max-video-preview":"max-video-preview:-1"},"canonical":"https:\/\/uniekeuitjesborculo.nl\/de\/hotels-in-achterhoek-stedendriehoek-und-twente\/","og_locale":"nl_NL","og_type":"article","og_title":"Hotels in Achterhoek, Stedendriehoek und Twente - Uniekeuitjes Borculo","og_description":"In der Region Achterhoek, Stedendriehoek und Twente gibt es viele Hotels. Unique Outings hat sie bequem f\u00fcr Sie aufgelistet.","og_url":"https:\/\/uniekeuitjesborculo.nl\/de\/hotels-in-achterhoek-stedendriehoek-und-twente\/","og_site_name":"Uniekeuitjes Borculo","article_publisher":"https:\/\/www.facebook.com\/uniekeuitjes.nl","twitter_card":"summary_large_image","twitter_misc":{"Geschatte leestijd":"2 minuten"},"schema":{"@context":"https:\/\/schema.org","@graph":[{"@type":"WebPage","@id":"https:\/\/uniekeuitjesborculo.nl\/de\/hotels-in-achterhoek-stedendriehoek-und-twente\/","url":"https:\/\/uniekeuitjesborculo.nl\/de\/hotels-in-achterhoek-stedendriehoek-und-twente\/","name":"Hotels in Achterhoek, Stedendriehoek und Twente - Uniekeuitjes Borculo","isPartOf":{"@id":"https:\/\/uniekeuitjesborculo.nl\/de\/#website"},"datePublished":"2020-05-12T13:17:51+00:00","description":"In der Region Achterhoek, Stedendriehoek und Twente gibt es viele Hotels. Unique Outings hat sie bequem f\u00fcr Sie aufgelistet.","breadcrumb":{"@id":"https:\/\/uniekeuitjesborculo.nl\/de\/hotels-in-achterhoek-stedendriehoek-und-twente\/#breadcrumb"},"inLanguage":"nl-NL","potentialAction":[{"@type":"ReadAction","target":["https:\/\/uniekeuitjesborculo.nl\/de\/hotels-in-achterhoek-stedendriehoek-und-twente\/"]}]},{"@type":"BreadcrumbList","@id":"https:\/\/uniekeuitjesborculo.nl\/de\/hotels-in-achterhoek-stedendriehoek-und-twente\/#breadcrumb","itemListElement":[{"@type":"ListItem","position":1,"name":"Home","item":"https:\/\/uniekeuitjesborculo.nl\/de\/"},{"@type":"ListItem","position":2,"name":"Hotels in Achterhoek, Stedendriehoek und Twente"}]},{"@type":"WebSite","@id":"https:\/\/uniekeuitjesborculo.nl\/de\/#website","url":"https:\/\/uniekeuitjesborculo.nl\/de\/","name":"Uniekeuitjes Borculo","description":"Alles voor plezier, verbinding en ontspanning","publisher":{"@id":"https:\/\/uniekeuitjesborculo.nl\/de\/#organization"},"potentialAction":[{"@type":"SearchAction","target":{"@type":"EntryPoint","urlTemplate":"https:\/\/uniekeuitjesborculo.nl\/de\/?s={search_term_string}"},"query-input":{"@type":"PropertyValueSpecification","valueRequired":true,"valueName":"search_term_string"}}],"inLanguage":"nl-NL"},{"@type":"Organization","@id":"https:\/\/uniekeuitjesborculo.nl\/de\/#organization","name":"Unieke Uitjes","url":"https:\/\/uniekeuitjesborculo.nl\/de\/","logo":{"@type":"ImageObject","inLanguage":"nl-NL","@id":"https:\/\/uniekeuitjesborculo.nl\/de\/#\/schema\/logo\/image\/","url":"http:\/\/uniekeuitjesborculo.nl\/wp-content\/uploads\/2019\/02\/site-login-logo.png","contentUrl":"http:\/\/uniekeuitjesborculo.nl\/wp-content\/uploads\/2019\/02\/site-login-logo.png","width":708,"height":345,"caption":"Unieke Uitjes"},"image":{"@id":"https:\/\/uniekeuitjesborculo.nl\/de\/#\/schema\/logo\/image\/"},"sameAs":["https:\/\/www.facebook.com\/uniekeuitjes.nl","https:\/\/www.instagram.com\/uniekeuitjes.nl\/","https:\/\/www.linkedin.com\/company\/unieke-uitjes-nl","https:\/\/www.youtube.com\/channel\/UCXwRXFWP_R0kxRAeL79FQfw"]}]}},"_links":{"self":[{"href":"https:\/\/uniekeuitjesborculo.nl\/de\/wp-json\/wp\/v2\/pages\/11699","targetHints":{"allow":["GET"]}}],"collection":[{"href":"https:\/\/uniekeuitjesborculo.nl\/de\/wp-json\/wp\/v2\/pages"}],"about":[{"href":"https:\/\/uniekeuitjesborculo.nl\/de\/wp-json\/wp\/v2\/types\/page"}],"author":[{"embeddable":true,"href":"https:\/\/uniekeuitjesborculo.nl\/de\/wp-json\/wp\/v2\/users\/2"}],"replies":[{"embeddable":true,"href":"https:\/\/uniekeuitjesborculo.nl\/de\/wp-json\/wp\/v2\/comments?post=11699"}],"version-history":[{"count":0,"href":"https:\/\/uniekeuitjesborculo.nl\/de\/wp-json\/wp\/v2\/pages\/11699\/revisions"}],"wp:attachment":[{"href":"https:\/\/uniekeuitjesborculo.nl\/de\/wp-json\/wp\/v2\/media?parent=11699"}],"wp:term":[{"taxonomy":"category","embeddable":true,"href":"https:\/\/uniekeuitjesborculo.nl\/de\/wp-json\/wp\/v2\/categories?post=11699"}],"curies":[{"name":"wp","href":"https:\/\/api.w.org\/{rel}","templated":true}]}}