{"id":11706,"date":"2020-05-23T12:45:03","date_gmt":"2020-05-23T12:45:03","guid":{"rendered":"http:\/\/uniekeuitjesborculo.nl\/kajakfahren-und-essen-in-der-naehe-von-deventer-zutphen\/"},"modified":"2020-05-23T12:45:03","modified_gmt":"2020-05-23T12:45:03","slug":"kajakfahren-und-essen-in-der-naehe-von-deventer-zutphen","status":"publish","type":"page","link":"https:\/\/uniekeuitjesborculo.nl\/de\/kajakfahren-und-essen-in-der-naehe-von-deventer-zutphen\/","title":{"rendered":"Kajakfahren und Essen in der N\u00e4he von Deventer &amp; Zutphen"},"content":{"rendered":"<h2>Kajakfahren und Essen in der N\u00e4he von Deventer &amp; Zutphen<\/h2>\n<p>Kajakfahren und Abendessen in der N\u00e4he von Deventer, Zutphen, Doetinchem, Lochem, Holten, Almen &amp; Bathmen. Sup-Verleih, Kajakverleih in der Region. Unique Outings kennt viele Bootsrouten und Paddelpl\u00e4tze, um Ihnen einen sch\u00f6nen Ausflug auf dem Wasser in der sch\u00f6nen Region Achterhoek zu erm\u00f6glichen. Die wundersch\u00f6nen Gew\u00e4sser der Region bieten Ihnen eine einzigartige Kanu-, Sup- oder Kajaktour. Die Natur mit ihren wundersch\u00f6nen Gew\u00e4ssern wird Ihnen w\u00e4hrend der Fahrt atemberaubende Ausblicke bieten. Die verschiedenen Ressourcen, die wir Ihnen anbieten k\u00f6nnen, um einen Ausflug auf dem Wasser zu machen, sind:<\/p>\n<ul>\n<li><a href=\"http:\/\/uniekeuitjesborculo.nl\/uitje\/kanoverhuur\/\">Kanu<\/a><\/li>\n<li><a href=\"http:\/\/uniekeuitjesborculo.nl\/uitje\/sup-huren\/\">Sup<\/a><\/li>\n<li><a href=\"http:\/\/uniekeuitjesborculo.nl\/uitje\/kajak-verhuur\/\">Kajak<\/a><\/li>\n<\/ul>\n<p>Wollen Sie ein Kajak oder einen Sup mieten? Bei Unique Outings sind Sie an der richtigen Adresse.<\/p>\n<p>Unique Outings bietet die folgenden Paddelspots:<\/p>\n<ul>\n<li><a href=\"https:\/\/www.kanoverhuuroost.nl\/peddelplekken\/lochem.html\">De Berkel (Lochem)<\/a><\/li>\n<li><a href=\"https:\/\/www.kanoverhuuroost.nl\/peddelplekken\/almen.html\">Die Berkel (Almen)<\/a><\/li>\n<li><a href=\"https:\/\/www.kanoverhuuroost.nl\/peddelplekken\/deventer.html\">Zandwetering (Deventer)<\/a><\/li>\n<\/ul>\n<p>&nbsp;<\/p>\n<p>&nbsp;<\/p>\n<p><img loading=\"lazy\" decoding=\"async\" class=\"alignnone wp-image-10490\" src=\"http:\/\/uniekeuitjesborculo.nl\/wp-content\/uploads\/2020\/05\/Prijslijst-peddelplek-300x116.jpg\" alt=\"\" width=\"484\" height=\"187\" srcset=\"https:\/\/uniekeuitjesborculo.nl\/wp-content\/uploads\/2020\/05\/Prijslijst-peddelplek-300x116.jpg 300w, https:\/\/uniekeuitjesborculo.nl\/wp-content\/uploads\/2020\/05\/Prijslijst-peddelplek-1024x395.jpg 1024w, https:\/\/uniekeuitjesborculo.nl\/wp-content\/uploads\/2020\/05\/Prijslijst-peddelplek-768x296.jpg 768w, https:\/\/uniekeuitjesborculo.nl\/wp-content\/uploads\/2020\/05\/Prijslijst-peddelplek-600x231.jpg 600w, https:\/\/uniekeuitjesborculo.nl\/wp-content\/uploads\/2020\/05\/Prijslijst-peddelplek.jpg 1136w\" sizes=\"auto, (max-width: 484px) 100vw, 484px\" \/><\/p>\n<p>&nbsp;<\/p>\n<p>&nbsp;<\/p>\n<p>Die von Unique Outings angebotenen Routen sind wie folgt:<\/p>\n<ul>\n<li> <a href=\"https:\/\/www.kanoverhuuroost.nl\/vaarroutes\/schipbeek\/holten%20-%20bathmen.html\">Der Schipbeek (Holten &#8211; Bathmen)<\/a><\/li>\n<li> <a href=\"https:\/\/www.kanoverhuuroost.nl\/vaarroutes\/zandwetering\/deventer-diepenveen.html\">Zandwetering (Deventer &#8211; Diepenveen)<\/a><\/li>\n<li> <a href=\"https:\/\/www.kanoverhuuroost.nl\/vaarroutes\/zandwetering\/deventer-olst.html\">Zandwetering (Deventer &#8211; Olst)<\/a><\/li>\n<\/ul>\n<p>&nbsp;<\/p>\n<p>&nbsp;<\/p>\n<p><img loading=\"lazy\" decoding=\"async\" class=\"alignnone wp-image-10489\" src=\"http:\/\/uniekeuitjesborculo.nl\/wp-content\/uploads\/2020\/05\/Prijslijst-vaarroutes-300x117.jpg\" alt=\"\" width=\"472\" height=\"184\" srcset=\"https:\/\/uniekeuitjesborculo.nl\/wp-content\/uploads\/2020\/05\/Prijslijst-vaarroutes-300x117.jpg 300w, https:\/\/uniekeuitjesborculo.nl\/wp-content\/uploads\/2020\/05\/Prijslijst-vaarroutes-1024x398.jpg 1024w, https:\/\/uniekeuitjesborculo.nl\/wp-content\/uploads\/2020\/05\/Prijslijst-vaarroutes-768x299.jpg 768w, https:\/\/uniekeuitjesborculo.nl\/wp-content\/uploads\/2020\/05\/Prijslijst-vaarroutes-600x233.jpg 600w, https:\/\/uniekeuitjesborculo.nl\/wp-content\/uploads\/2020\/05\/Prijslijst-vaarroutes.jpg 1136w\" sizes=\"auto, (max-width: 472px) 100vw, 472px\" \/><\/p>\n<p>&nbsp;<\/p>\n<h4 class=\"mobile-undersized-upper\">Bedingungen f\u00fcr das Paddeln<\/h4>\n<p class=\"mobile-undersized-upper\">Immer zum Ausgangspunkt zur\u00fcckkehren<br \/>\nJe nach Verf\u00fcgbarkeit<br \/>\nHinweis: &#8220;Almen&#8221; und &#8220;Lochem&#8221; keine zus\u00e4tzlichen Kosten,<br \/>\nan den anderen Paddelpl\u00e4tzen, ja<\/p>\n<p>Es ist auch m\u00f6glich, nicht nur auf Fl\u00fcssen oder B\u00e4chen zu segeln, sondern auch auf Freizeitseen, wie zum Beispiel:<\/p>\n<ul>\n<li><a href=\"https:\/\/www.kanoverhuuroost.nl\/vaarroutes\/recreatieplassen\/rhederlaag.html\">Rhederlaag<\/a><\/li>\n<li><a href=\"https:\/\/www.kanoverhuuroost.nl\/vaarroutes\/recreatieplassen\/bussloo.html\">Bussloo<\/a><\/li>\n<li><a href=\"https:\/\/www.kanoverhuuroost.nl\/vaarroutes\/recreatieplassen\/stroombroek.html\">Stroombroek<\/a><\/li>\n<\/ul>\n<p>&nbsp;<\/p>\n<p>Machen Sie eine Tour an Ihrem eigenen <a href=\"https:\/\/www.kanoverhuuroost.nl\/vaarroutes\/eigen-locatie.html\">Standort<\/a>? Auch das ist nat\u00fcrlich m\u00f6glich. In gegenseitigem Einvernehmen werden wir pr\u00fcfen, ob dies f\u00fcr Sie m\u00f6glich ist.<\/p>\n<p>&nbsp;<\/p>\n<p>F\u00fcr alle unsere <a href=\"https:\/\/www.kanoverhuuroost.nl\/vaarroutes\/index.html\">Bootsrouten<\/a> und <a href=\"https:\/\/www.kanoverhuuroost.nl\/peddelplekken\/index.html\">Paddelspots<\/a>, klicken Sie bitte auf die Links. F\u00fcr Preise klicken Sie bitte <a href=\"https:\/\/www.kanoverhuuroost.nl\/prijzen.html\">hier<\/a>.<\/p>\n<h4 class=\"mobile-undersized-upper\">Bedingungen f\u00fcr die Fahrtroute<\/h4>\n<p class=\"mobile-undersized-upper\">Nur mit Reservierung<br \/>\nMindestanzahl: 6 Kanus<br \/>\nPro Reservierung wird in Lochem, Almen, Zutphen, Holten und Bathmen eine Transportgeb\u00fchr von 30,00 \u20ac pro Anh\u00e4nger erhoben.<br \/>\nAn allen anderen Standorten werden zus\u00e4tzliche Transportkosten berechnet.<\/p>\n<p>&nbsp;<\/p>\n<p>Die anderen <strong>Bedingungen<\/strong>, die UniekeUitjes auf <strong>Bootsfahrten<\/strong> anwendet, sind wie folgt:<\/p>\n<ul>\n<li>Mindestens 6 Kanus<\/li>\n<\/ul>\n<p>Sie schaffen es nicht zu den sechs Kanus? Dann ist das nat\u00fcrlich kein Problem. Wir haben sch\u00f6ne Paddelpl\u00e4tze in <a href=\"https:\/\/www.kanoverhuuroost.nl\/peddelplekken\/almen.html\">Almen<\/a> und <a href=\"https:\/\/www.kanoverhuuroost.nl\/peddelplekken\/lochem.html\">Lochem<\/a>, wo keine weiteren Geb\u00fchren erhoben werden. Sie werden auch \u00fcber diese Fl\u00fcsse fahren, wenn Sie einen Paddelplatz nehmen, aber bei einem Paddelplatz geht es darum, dorthin zur\u00fcckzukehren, wo Sie eingestiegen sind. Die zus\u00e4tzlichen Kosten f\u00fcr die Segelrouten sind wie folgt: 30 \u20ac extra pro Anh\u00e4nger. Dies gilt auch f\u00fcr die anderen Standorte.<\/p>\n","protected":false},"excerpt":{"rendered":"<p>Kajakfahren und Essen in der N\u00e4he von Deventer &amp; Zutphen Kajakfahren und Abendessen in der N\u00e4he von Deventer, Zutphen, Doetinchem, Lochem, Holten, Almen &amp; Bathmen. Sup-Verleih, Kajakverleih in der Region. Unique Outings kennt viele Bootsrouten und Paddelpl\u00e4tze, um Ihnen einen sch\u00f6nen Ausflug auf dem Wasser in der sch\u00f6nen Region Achterhoek zu erm\u00f6glichen. Die wundersch\u00f6nen Gew\u00e4sser [&hellip;]<\/p>\n","protected":false},"author":2,"featured_media":0,"parent":0,"menu_order":0,"comment_status":"closed","ping_status":"closed","template":"","meta":{"_acf_changed":false,"_monsterinsights_skip_tracking":false,"_monsterinsights_sitenote_active":false,"_monsterinsights_sitenote_note":"","_monsterinsights_sitenote_category":0,"footnotes":""},"categories":[73],"class_list":["post-11706","page","type-page","status-publish","hentry","category-zielseite"],"acf":[],"yoast_head":"<!-- This site is optimized with the Yoast SEO plugin v27.5 - https:\/\/yoast.com\/product\/yoast-seo-wordpress\/ -->\n<title>Kajakfahren und Essen in der N\u00e4he von Deventer &amp; Zutphen - Uniekeuitjes Borculo<\/title>\n<meta name=\"description\" content=\"Kajakfahren und Abendessen in der Umgebung, sch\u00f6ne Bootspunkte. Kajakverleih und Sup-Verleih in der Region Zutphen, Markelo, Holten, Apeldoorn, Deventer\" \/>\n<meta name=\"robots\" content=\"index, follow, max-snippet:-1, max-image-preview:large, max-video-preview:-1\" \/>\n<link rel=\"canonical\" href=\"https:\/\/uniekeuitjesborculo.nl\/de\/kajakfahren-und-essen-in-der-naehe-von-deventer-zutphen\/\" \/>\n<meta property=\"og:locale\" content=\"nl_NL\" \/>\n<meta property=\"og:type\" content=\"article\" \/>\n<meta property=\"og:title\" content=\"Kajakfahren und Essen in der N\u00e4he von Deventer &amp; Zutphen - Uniekeuitjes Borculo\" \/>\n<meta property=\"og:description\" content=\"Kajakfahren und Abendessen in der Umgebung, sch\u00f6ne Bootspunkte. Kajakverleih und Sup-Verleih in der Region Zutphen, Markelo, Holten, Apeldoorn, Deventer\" \/>\n<meta property=\"og:url\" content=\"https:\/\/uniekeuitjesborculo.nl\/de\/kajakfahren-und-essen-in-der-naehe-von-deventer-zutphen\/\" \/>\n<meta property=\"og:site_name\" content=\"Uniekeuitjes Borculo\" \/>\n<meta property=\"article:publisher\" content=\"https:\/\/www.facebook.com\/uniekeuitjes.nl\" \/>\n<meta property=\"og:image\" content=\"http:\/\/uniekeuitjesborculo.nl\/wp-content\/uploads\/2020\/05\/Prijslijst-peddelplek-300x116.jpg\" \/>\n<meta name=\"twitter:card\" content=\"summary_large_image\" \/>\n<meta name=\"twitter:label1\" content=\"Geschatte leestijd\" \/>\n\t<meta name=\"twitter:data1\" content=\"2 minuten\" \/>\n<script type=\"application\/ld+json\" class=\"yoast-schema-graph\">{\"@context\":\"https:\\\/\\\/schema.org\",\"@graph\":[{\"@type\":\"WebPage\",\"@id\":\"https:\\\/\\\/uniekeuitjesborculo.nl\\\/de\\\/kajakfahren-und-essen-in-der-naehe-von-deventer-zutphen\\\/\",\"url\":\"https:\\\/\\\/uniekeuitjesborculo.nl\\\/de\\\/kajakfahren-und-essen-in-der-naehe-von-deventer-zutphen\\\/\",\"name\":\"Kajakfahren und Essen in der N\u00e4he von Deventer &amp; Zutphen - Uniekeuitjes Borculo\",\"isPartOf\":{\"@id\":\"https:\\\/\\\/uniekeuitjesborculo.nl\\\/de\\\/#website\"},\"primaryImageOfPage\":{\"@id\":\"https:\\\/\\\/uniekeuitjesborculo.nl\\\/de\\\/kajakfahren-und-essen-in-der-naehe-von-deventer-zutphen\\\/#primaryimage\"},\"image\":{\"@id\":\"https:\\\/\\\/uniekeuitjesborculo.nl\\\/de\\\/kajakfahren-und-essen-in-der-naehe-von-deventer-zutphen\\\/#primaryimage\"},\"thumbnailUrl\":\"http:\\\/\\\/uniekeuitjesborculo.nl\\\/wp-content\\\/uploads\\\/2020\\\/05\\\/Prijslijst-peddelplek-300x116.jpg\",\"datePublished\":\"2020-05-23T12:45:03+00:00\",\"description\":\"Kajakfahren und Abendessen in der Umgebung, sch\u00f6ne Bootspunkte. Kajakverleih und Sup-Verleih in der Region Zutphen, Markelo, Holten, Apeldoorn, Deventer\",\"breadcrumb\":{\"@id\":\"https:\\\/\\\/uniekeuitjesborculo.nl\\\/de\\\/kajakfahren-und-essen-in-der-naehe-von-deventer-zutphen\\\/#breadcrumb\"},\"inLanguage\":\"nl-NL\",\"potentialAction\":[{\"@type\":\"ReadAction\",\"target\":[\"https:\\\/\\\/uniekeuitjesborculo.nl\\\/de\\\/kajakfahren-und-essen-in-der-naehe-von-deventer-zutphen\\\/\"]}]},{\"@type\":\"ImageObject\",\"inLanguage\":\"nl-NL\",\"@id\":\"https:\\\/\\\/uniekeuitjesborculo.nl\\\/de\\\/kajakfahren-und-essen-in-der-naehe-von-deventer-zutphen\\\/#primaryimage\",\"url\":\"http:\\\/\\\/uniekeuitjesborculo.nl\\\/wp-content\\\/uploads\\\/2020\\\/05\\\/Prijslijst-peddelplek-300x116.jpg\",\"contentUrl\":\"http:\\\/\\\/uniekeuitjesborculo.nl\\\/wp-content\\\/uploads\\\/2020\\\/05\\\/Prijslijst-peddelplek-300x116.jpg\"},{\"@type\":\"BreadcrumbList\",\"@id\":\"https:\\\/\\\/uniekeuitjesborculo.nl\\\/de\\\/kajakfahren-und-essen-in-der-naehe-von-deventer-zutphen\\\/#breadcrumb\",\"itemListElement\":[{\"@type\":\"ListItem\",\"position\":1,\"name\":\"Home\",\"item\":\"https:\\\/\\\/uniekeuitjesborculo.nl\\\/de\\\/\"},{\"@type\":\"ListItem\",\"position\":2,\"name\":\"Kajakfahren und Essen in der N\u00e4he von Deventer &amp; Zutphen\"}]},{\"@type\":\"WebSite\",\"@id\":\"https:\\\/\\\/uniekeuitjesborculo.nl\\\/de\\\/#website\",\"url\":\"https:\\\/\\\/uniekeuitjesborculo.nl\\\/de\\\/\",\"name\":\"Uniekeuitjes Borculo\",\"description\":\"Alles voor plezier, verbinding en ontspanning\",\"publisher\":{\"@id\":\"https:\\\/\\\/uniekeuitjesborculo.nl\\\/de\\\/#organization\"},\"potentialAction\":[{\"@type\":\"SearchAction\",\"target\":{\"@type\":\"EntryPoint\",\"urlTemplate\":\"https:\\\/\\\/uniekeuitjesborculo.nl\\\/de\\\/?s={search_term_string}\"},\"query-input\":{\"@type\":\"PropertyValueSpecification\",\"valueRequired\":true,\"valueName\":\"search_term_string\"}}],\"inLanguage\":\"nl-NL\"},{\"@type\":\"Organization\",\"@id\":\"https:\\\/\\\/uniekeuitjesborculo.nl\\\/de\\\/#organization\",\"name\":\"Unieke Uitjes\",\"url\":\"https:\\\/\\\/uniekeuitjesborculo.nl\\\/de\\\/\",\"logo\":{\"@type\":\"ImageObject\",\"inLanguage\":\"nl-NL\",\"@id\":\"https:\\\/\\\/uniekeuitjesborculo.nl\\\/de\\\/#\\\/schema\\\/logo\\\/image\\\/\",\"url\":\"http:\\\/\\\/uniekeuitjesborculo.nl\\\/wp-content\\\/uploads\\\/2019\\\/02\\\/site-login-logo.png\",\"contentUrl\":\"http:\\\/\\\/uniekeuitjesborculo.nl\\\/wp-content\\\/uploads\\\/2019\\\/02\\\/site-login-logo.png\",\"width\":708,\"height\":345,\"caption\":\"Unieke Uitjes\"},\"image\":{\"@id\":\"https:\\\/\\\/uniekeuitjesborculo.nl\\\/de\\\/#\\\/schema\\\/logo\\\/image\\\/\"},\"sameAs\":[\"https:\\\/\\\/www.facebook.com\\\/uniekeuitjes.nl\",\"https:\\\/\\\/www.instagram.com\\\/uniekeuitjes.nl\\\/\",\"https:\\\/\\\/www.linkedin.com\\\/company\\\/unieke-uitjes-nl\",\"https:\\\/\\\/www.youtube.com\\\/channel\\\/UCXwRXFWP_R0kxRAeL79FQfw\"]}]}<\/script>\n<!-- \/ Yoast SEO plugin. -->","yoast_head_json":{"title":"Kajakfahren und Essen in der N\u00e4he von Deventer &amp; Zutphen - Uniekeuitjes Borculo","description":"Kajakfahren und Abendessen in der Umgebung, sch\u00f6ne Bootspunkte. Kajakverleih und Sup-Verleih in der Region Zutphen, Markelo, Holten, Apeldoorn, Deventer","robots":{"index":"index","follow":"follow","max-snippet":"max-snippet:-1","max-image-preview":"max-image-preview:large","max-video-preview":"max-video-preview:-1"},"canonical":"https:\/\/uniekeuitjesborculo.nl\/de\/kajakfahren-und-essen-in-der-naehe-von-deventer-zutphen\/","og_locale":"nl_NL","og_type":"article","og_title":"Kajakfahren und Essen in der N\u00e4he von Deventer &amp; Zutphen - Uniekeuitjes Borculo","og_description":"Kajakfahren und Abendessen in der Umgebung, sch\u00f6ne Bootspunkte. Kajakverleih und Sup-Verleih in der Region Zutphen, Markelo, Holten, Apeldoorn, Deventer","og_url":"https:\/\/uniekeuitjesborculo.nl\/de\/kajakfahren-und-essen-in-der-naehe-von-deventer-zutphen\/","og_site_name":"Uniekeuitjes Borculo","article_publisher":"https:\/\/www.facebook.com\/uniekeuitjes.nl","og_image":[{"url":"http:\/\/uniekeuitjesborculo.nl\/wp-content\/uploads\/2020\/05\/Prijslijst-peddelplek-300x116.jpg","type":"","width":"","height":""}],"twitter_card":"summary_large_image","twitter_misc":{"Geschatte leestijd":"2 minuten"},"schema":{"@context":"https:\/\/schema.org","@graph":[{"@type":"WebPage","@id":"https:\/\/uniekeuitjesborculo.nl\/de\/kajakfahren-und-essen-in-der-naehe-von-deventer-zutphen\/","url":"https:\/\/uniekeuitjesborculo.nl\/de\/kajakfahren-und-essen-in-der-naehe-von-deventer-zutphen\/","name":"Kajakfahren und Essen in der N\u00e4he von Deventer &amp; Zutphen - Uniekeuitjes Borculo","isPartOf":{"@id":"https:\/\/uniekeuitjesborculo.nl\/de\/#website"},"primaryImageOfPage":{"@id":"https:\/\/uniekeuitjesborculo.nl\/de\/kajakfahren-und-essen-in-der-naehe-von-deventer-zutphen\/#primaryimage"},"image":{"@id":"https:\/\/uniekeuitjesborculo.nl\/de\/kajakfahren-und-essen-in-der-naehe-von-deventer-zutphen\/#primaryimage"},"thumbnailUrl":"http:\/\/uniekeuitjesborculo.nl\/wp-content\/uploads\/2020\/05\/Prijslijst-peddelplek-300x116.jpg","datePublished":"2020-05-23T12:45:03+00:00","description":"Kajakfahren und Abendessen in der Umgebung, sch\u00f6ne Bootspunkte. Kajakverleih und Sup-Verleih in der Region Zutphen, Markelo, Holten, Apeldoorn, Deventer","breadcrumb":{"@id":"https:\/\/uniekeuitjesborculo.nl\/de\/kajakfahren-und-essen-in-der-naehe-von-deventer-zutphen\/#breadcrumb"},"inLanguage":"nl-NL","potentialAction":[{"@type":"ReadAction","target":["https:\/\/uniekeuitjesborculo.nl\/de\/kajakfahren-und-essen-in-der-naehe-von-deventer-zutphen\/"]}]},{"@type":"ImageObject","inLanguage":"nl-NL","@id":"https:\/\/uniekeuitjesborculo.nl\/de\/kajakfahren-und-essen-in-der-naehe-von-deventer-zutphen\/#primaryimage","url":"http:\/\/uniekeuitjesborculo.nl\/wp-content\/uploads\/2020\/05\/Prijslijst-peddelplek-300x116.jpg","contentUrl":"http:\/\/uniekeuitjesborculo.nl\/wp-content\/uploads\/2020\/05\/Prijslijst-peddelplek-300x116.jpg"},{"@type":"BreadcrumbList","@id":"https:\/\/uniekeuitjesborculo.nl\/de\/kajakfahren-und-essen-in-der-naehe-von-deventer-zutphen\/#breadcrumb","itemListElement":[{"@type":"ListItem","position":1,"name":"Home","item":"https:\/\/uniekeuitjesborculo.nl\/de\/"},{"@type":"ListItem","position":2,"name":"Kajakfahren und Essen in der N\u00e4he von Deventer &amp; Zutphen"}]},{"@type":"WebSite","@id":"https:\/\/uniekeuitjesborculo.nl\/de\/#website","url":"https:\/\/uniekeuitjesborculo.nl\/de\/","name":"Uniekeuitjes Borculo","description":"Alles voor plezier, verbinding en ontspanning","publisher":{"@id":"https:\/\/uniekeuitjesborculo.nl\/de\/#organization"},"potentialAction":[{"@type":"SearchAction","target":{"@type":"EntryPoint","urlTemplate":"https:\/\/uniekeuitjesborculo.nl\/de\/?s={search_term_string}"},"query-input":{"@type":"PropertyValueSpecification","valueRequired":true,"valueName":"search_term_string"}}],"inLanguage":"nl-NL"},{"@type":"Organization","@id":"https:\/\/uniekeuitjesborculo.nl\/de\/#organization","name":"Unieke Uitjes","url":"https:\/\/uniekeuitjesborculo.nl\/de\/","logo":{"@type":"ImageObject","inLanguage":"nl-NL","@id":"https:\/\/uniekeuitjesborculo.nl\/de\/#\/schema\/logo\/image\/","url":"http:\/\/uniekeuitjesborculo.nl\/wp-content\/uploads\/2019\/02\/site-login-logo.png","contentUrl":"http:\/\/uniekeuitjesborculo.nl\/wp-content\/uploads\/2019\/02\/site-login-logo.png","width":708,"height":345,"caption":"Unieke Uitjes"},"image":{"@id":"https:\/\/uniekeuitjesborculo.nl\/de\/#\/schema\/logo\/image\/"},"sameAs":["https:\/\/www.facebook.com\/uniekeuitjes.nl","https:\/\/www.instagram.com\/uniekeuitjes.nl\/","https:\/\/www.linkedin.com\/company\/unieke-uitjes-nl","https:\/\/www.youtube.com\/channel\/UCXwRXFWP_R0kxRAeL79FQfw"]}]}},"_links":{"self":[{"href":"https:\/\/uniekeuitjesborculo.nl\/de\/wp-json\/wp\/v2\/pages\/11706","targetHints":{"allow":["GET"]}}],"collection":[{"href":"https:\/\/uniekeuitjesborculo.nl\/de\/wp-json\/wp\/v2\/pages"}],"about":[{"href":"https:\/\/uniekeuitjesborculo.nl\/de\/wp-json\/wp\/v2\/types\/page"}],"author":[{"embeddable":true,"href":"https:\/\/uniekeuitjesborculo.nl\/de\/wp-json\/wp\/v2\/users\/2"}],"replies":[{"embeddable":true,"href":"https:\/\/uniekeuitjesborculo.nl\/de\/wp-json\/wp\/v2\/comments?post=11706"}],"version-history":[{"count":0,"href":"https:\/\/uniekeuitjesborculo.nl\/de\/wp-json\/wp\/v2\/pages\/11706\/revisions"}],"wp:attachment":[{"href":"https:\/\/uniekeuitjesborculo.nl\/de\/wp-json\/wp\/v2\/media?parent=11706"}],"wp:term":[{"taxonomy":"category","embeddable":true,"href":"https:\/\/uniekeuitjesborculo.nl\/de\/wp-json\/wp\/v2\/categories?post=11706"}],"curies":[{"name":"wp","href":"https:\/\/api.w.org\/{rel}","templated":true}]}}