{"id":11716,"date":"2020-03-21T11:49:26","date_gmt":"2020-03-21T11:49:26","guid":{"rendered":"http:\/\/uniekeuitjesborculo.nl\/buffets-und-grillabende\/"},"modified":"2020-03-21T11:49:26","modified_gmt":"2020-03-21T11:49:26","slug":"buffets-und-grillabende","status":"publish","type":"page","link":"https:\/\/uniekeuitjesborculo.nl\/de\/buffets-und-grillabende\/","title":{"rendered":"Buffets und Grillabende"},"content":{"rendered":"<h2>Buffets und Grillabende<\/h2>\n<p>Nach einer fantastischen Aktivit\u00e4t oder einem Ausflug von Unique Outings d\u00fcrfen nat\u00fcrlich auch Buffets und Barbecues nicht fehlen. Diese Buffets und Barbecues werden in unseren vorgefertigten Paketen enthalten sein. Es ist aber auch m\u00f6glich, ein eigenes Paket zusammenzustellen. Dies wird mit einer entsprechenden Beratung f\u00fcr Sie geregelt. Nachfolgend finden Sie die Listen unserer verf\u00fcgbaren Buffets und Barbecues. Wir arbeiten auch mit mehreren Catering-Unternehmen zusammen, so dass Sie eine gro\u00dfe Auswahl haben.<\/p>\n<p>Barbecues (ab 14 Personen)<\/p>\n<p>Buffets (ab 20 Personen)<\/p>\n<p>&nbsp;<\/p>\n<h2>Buffet<\/h2>\n<p>Preis 23,75 \u20ac pro Person (inkl. 9% MwSt.)<\/p>\n<ul>\n<li>Teller und Besteck aus Stein, Servietten<\/li>\n<li>Franz\u00f6sisches Brot und Kr\u00e4uterbutter<\/li>\n<\/ul>\n<h3><\/h3>\n<p>&nbsp;<\/p>\n<h3>Salate<\/h3>\n<ul>\n<li>Verschiedene Arten von Salaten (je nach Anzahl der Personen)<\/li>\n<li>Rindfleisch<\/li>\n<li>Ei aus Freilandhaltung<\/li>\n<li>Huhn<\/li>\n<li>Curry<\/li>\n<li>Kartoffel<\/li>\n<li>Lachs<\/li>\n<li>Rohes Gem\u00fcse<\/li>\n<li>Kraut<\/li>\n<li>Curry<\/li>\n<\/ul>\n<h3><\/h3>\n<p>&nbsp;<\/p>\n<h3>Kalte Gerichte<\/h3>\n<ul>\n<li>Carpaccio vom Rind<\/li>\n<li>Ger\u00e4uchertes H\u00e4hnchen mit Ananas<\/li>\n<li>Schinken mit Melone<\/li>\n<li>Caprese-Salat<\/li>\n<\/ul>\n<p>&nbsp;<\/p>\n<p>&nbsp;<\/p>\n<h3>Warme Gerichte<\/h3>\n<ul>\n<li>H\u00e4hnchen-Satay<\/li>\n<li>Frikadellen in Sojasauce<\/li>\n<li>Schweinefilet in Champignon-Sahneso\u00dfe<\/li>\n<li>Spareribs<\/li>\n<\/ul>\n<p>&nbsp;<\/p>\n<p>&nbsp;<\/p>\n<p>&nbsp;<\/p>\n<h2>Grillen<\/h2>\n<p>&nbsp;<\/p>\n<p>Preis 21,75 \u20ac pro Person (inkl. 9% MwSt.)<\/p>\n<ul>\n<li>Teller und Besteck aus Stein, Servietten<\/li>\n<li>Franz\u00f6sisches Brot und Kr\u00e4uterbutter<\/li>\n<\/ul>\n<h3><\/h3>\n<p>&nbsp;<\/p>\n<h3>Salate<\/h3>\n<ul>\n<li>Verschiedene Arten von Salaten (Anzahl je nach Personenzahl)<\/li>\n<li>Rindfleisch<\/li>\n<li>Ei aus Freilandhaltung<\/li>\n<li>H\u00fchnercurry<\/li>\n<li>Kartoffel<\/li>\n<li>Lachs<\/li>\n<li>2 Arten von rohem Gem\u00fcse<\/li>\n<li>Kraut<\/li>\n<li>Curry<\/li>\n<li>Obst<\/li>\n<\/ul>\n<h3><\/h3>\n<p>&nbsp;<\/p>\n<h3>4 Fleischst\u00fccke pro Person in 10 Sorten:<\/h3>\n<ul>\n<li>Staat<\/li>\n<li>Shaslick<\/li>\n<li>H\u00e4hnchenbrust in verschiedenen Geschmacksrichtungen<\/li>\n<li>Procureur Steak<\/li>\n<li>Speck<\/li>\n<li>Grillwurst<\/li>\n<li>Hamburger<\/li>\n<li>Steak<\/li>\n<li>Schweinslende<\/li>\n<li>Shrimp-Spie\u00df<\/li>\n<\/ul>\n<h3><\/h3>\n<p>&nbsp;<\/p>\n<h3>Saucen<\/h3>\n<ul>\n<li>Satay-Sauce (inkl. Warmhalteplatte)<\/li>\n<li>Knoblauchsauce<\/li>\n<li>Piri-Piri-Sauce<\/li>\n<li>Barbecue-Sauce<\/li>\n<li>Cocktail-Sauce<\/li>\n<\/ul>\n<p>&nbsp;<\/p>\n<h2><strong>P\u00fcree-Buffet<\/strong><\/h2>\n<p><strong>Eint\u00f6pfe:<\/strong><br \/>\nH\u00fcttentopf mit Haseneintopf<br \/>\nGr\u00fcnkohl<br \/>\nSauerkraut<\/p>\n<p><strong>Fleisch:<\/strong><br \/>\nSpareribs<br \/>\nRindfleisch (Pulled Beef)<br \/>\nWildbret<br \/>\nGer\u00e4ucherte Wurst<br \/>\nFrische Wurst<br \/>\nSpeck-Scheiben<br \/>\nGebratene Speckst\u00fccke<\/p>\n<p><strong>Sonstiges:<\/strong><br \/>\nGed\u00fcnstete Birnen<br \/>\nJus<br \/>\nZwiebeln<br \/>\nEssiggurken<br \/>\nSenf<br \/>\nZitronensaft<\/p>\n<p>Der Preis f\u00fcr das Stamppot-Buffet betr\u00e4gt 22 \u20ac pro Person.<\/p>\n<p>Weitere Informationen zu den Buffets und Grillabenden erhalten Sie unter der Telefonnummer 0573-740004 oder per E-Mail an info@uniekeuitjesborculo.nl.<\/p>\n<p>&nbsp;<\/p>\n<p><a href=\"http:\/\/uniekeuitjesborculo.nl\"><img loading=\"lazy\" decoding=\"async\" class=\"alignnone wp-image-377 \" src=\"http:\/\/uniekeuitjesborculo.nl\/wp-content\/uploads\/2019\/02\/site-login-logo.png\" alt=\"\" width=\"380\" height=\"185\" srcset=\"https:\/\/uniekeuitjesborculo.nl\/wp-content\/uploads\/2019\/02\/site-login-logo.png 708w, https:\/\/uniekeuitjesborculo.nl\/wp-content\/uploads\/2019\/02\/site-login-logo-300x146.png 300w, https:\/\/uniekeuitjesborculo.nl\/wp-content\/uploads\/2019\/02\/site-login-logo-600x292.png 600w\" sizes=\"auto, (max-width: 380px) 100vw, 380px\" \/><\/a><\/p>\n<p>&nbsp;<\/p>\n<p>&nbsp;<\/p>\n","protected":false},"excerpt":{"rendered":"<p>Buffets und Grillabende Nach einer fantastischen Aktivit\u00e4t oder einem Ausflug von Unique Outings d\u00fcrfen nat\u00fcrlich auch Buffets und Barbecues nicht fehlen. Diese Buffets und Barbecues werden in unseren vorgefertigten Paketen enthalten sein. Es ist aber auch m\u00f6glich, ein eigenes Paket zusammenzustellen. Dies wird mit einer entsprechenden Beratung f\u00fcr Sie geregelt. Nachfolgend finden Sie die Listen [&hellip;]<\/p>\n","protected":false},"author":2,"featured_media":0,"parent":0,"menu_order":0,"comment_status":"closed","ping_status":"closed","template":"","meta":{"_acf_changed":false,"_monsterinsights_skip_tracking":false,"_monsterinsights_sitenote_active":false,"_monsterinsights_sitenote_note":"","_monsterinsights_sitenote_category":0,"footnotes":""},"categories":[73],"class_list":["post-11716","page","type-page","status-publish","hentry","category-zielseite"],"acf":[],"yoast_head":"<!-- This site is optimized with the Yoast SEO plugin v27.5 - https:\/\/yoast.com\/product\/yoast-seo-wordpress\/ -->\n<title>Buffets und Grillabende - Arrangements<\/title>\n<meta name=\"description\" content=\"Buffets und Barbecues sind nat\u00fcrlich auch mit einem Unique Outings-Paket m\u00f6glich. So haben Sie einen Tag mit vollem Programm.\" \/>\n<meta name=\"robots\" content=\"index, follow, max-snippet:-1, max-image-preview:large, max-video-preview:-1\" \/>\n<link rel=\"canonical\" href=\"https:\/\/uniekeuitjesborculo.nl\/de\/buffets-und-grillabende\/\" \/>\n<meta property=\"og:locale\" content=\"nl_NL\" \/>\n<meta property=\"og:type\" content=\"article\" \/>\n<meta property=\"og:title\" content=\"Buffets und Grillabende - Arrangements\" \/>\n<meta property=\"og:description\" content=\"Buffets und Barbecues sind nat\u00fcrlich auch mit einem Unique Outings-Paket m\u00f6glich. So haben Sie einen Tag mit vollem Programm.\" \/>\n<meta property=\"og:url\" content=\"https:\/\/uniekeuitjesborculo.nl\/de\/buffets-und-grillabende\/\" \/>\n<meta property=\"og:site_name\" content=\"Uniekeuitjes Borculo\" \/>\n<meta property=\"article:publisher\" content=\"https:\/\/www.facebook.com\/uniekeuitjes.nl\" \/>\n<meta property=\"og:image\" content=\"http:\/\/uniekeuitjesborculo.nl\/wp-content\/uploads\/2019\/02\/site-login-logo.png\" \/>\n<meta name=\"twitter:card\" content=\"summary_large_image\" \/>\n<meta name=\"twitter:label1\" content=\"Geschatte leestijd\" \/>\n\t<meta name=\"twitter:data1\" content=\"2 minuten\" \/>\n<script type=\"application\/ld+json\" class=\"yoast-schema-graph\">{\"@context\":\"https:\\\/\\\/schema.org\",\"@graph\":[{\"@type\":\"WebPage\",\"@id\":\"https:\\\/\\\/uniekeuitjesborculo.nl\\\/de\\\/buffets-und-grillabende\\\/\",\"url\":\"https:\\\/\\\/uniekeuitjesborculo.nl\\\/de\\\/buffets-und-grillabende\\\/\",\"name\":\"Buffets und Grillabende - Arrangements\",\"isPartOf\":{\"@id\":\"https:\\\/\\\/uniekeuitjesborculo.nl\\\/de\\\/#website\"},\"primaryImageOfPage\":{\"@id\":\"https:\\\/\\\/uniekeuitjesborculo.nl\\\/de\\\/buffets-und-grillabende\\\/#primaryimage\"},\"image\":{\"@id\":\"https:\\\/\\\/uniekeuitjesborculo.nl\\\/de\\\/buffets-und-grillabende\\\/#primaryimage\"},\"thumbnailUrl\":\"http:\\\/\\\/uniekeuitjesborculo.nl\\\/wp-content\\\/uploads\\\/2019\\\/02\\\/site-login-logo.png\",\"datePublished\":\"2020-03-21T11:49:26+00:00\",\"description\":\"Buffets und Barbecues sind nat\u00fcrlich auch mit einem Unique Outings-Paket m\u00f6glich. So haben Sie einen Tag mit vollem Programm.\",\"breadcrumb\":{\"@id\":\"https:\\\/\\\/uniekeuitjesborculo.nl\\\/de\\\/buffets-und-grillabende\\\/#breadcrumb\"},\"inLanguage\":\"nl-NL\",\"potentialAction\":[{\"@type\":\"ReadAction\",\"target\":[\"https:\\\/\\\/uniekeuitjesborculo.nl\\\/de\\\/buffets-und-grillabende\\\/\"]}]},{\"@type\":\"ImageObject\",\"inLanguage\":\"nl-NL\",\"@id\":\"https:\\\/\\\/uniekeuitjesborculo.nl\\\/de\\\/buffets-und-grillabende\\\/#primaryimage\",\"url\":\"http:\\\/\\\/uniekeuitjesborculo.nl\\\/wp-content\\\/uploads\\\/2019\\\/02\\\/site-login-logo.png\",\"contentUrl\":\"http:\\\/\\\/uniekeuitjesborculo.nl\\\/wp-content\\\/uploads\\\/2019\\\/02\\\/site-login-logo.png\"},{\"@type\":\"BreadcrumbList\",\"@id\":\"https:\\\/\\\/uniekeuitjesborculo.nl\\\/de\\\/buffets-und-grillabende\\\/#breadcrumb\",\"itemListElement\":[{\"@type\":\"ListItem\",\"position\":1,\"name\":\"Home\",\"item\":\"https:\\\/\\\/uniekeuitjesborculo.nl\\\/de\\\/\"},{\"@type\":\"ListItem\",\"position\":2,\"name\":\"Buffets und Grillabende\"}]},{\"@type\":\"WebSite\",\"@id\":\"https:\\\/\\\/uniekeuitjesborculo.nl\\\/de\\\/#website\",\"url\":\"https:\\\/\\\/uniekeuitjesborculo.nl\\\/de\\\/\",\"name\":\"Uniekeuitjes Borculo\",\"description\":\"Alles voor plezier, verbinding en ontspanning\",\"publisher\":{\"@id\":\"https:\\\/\\\/uniekeuitjesborculo.nl\\\/de\\\/#organization\"},\"potentialAction\":[{\"@type\":\"SearchAction\",\"target\":{\"@type\":\"EntryPoint\",\"urlTemplate\":\"https:\\\/\\\/uniekeuitjesborculo.nl\\\/de\\\/?s={search_term_string}\"},\"query-input\":{\"@type\":\"PropertyValueSpecification\",\"valueRequired\":true,\"valueName\":\"search_term_string\"}}],\"inLanguage\":\"nl-NL\"},{\"@type\":\"Organization\",\"@id\":\"https:\\\/\\\/uniekeuitjesborculo.nl\\\/de\\\/#organization\",\"name\":\"Unieke Uitjes\",\"url\":\"https:\\\/\\\/uniekeuitjesborculo.nl\\\/de\\\/\",\"logo\":{\"@type\":\"ImageObject\",\"inLanguage\":\"nl-NL\",\"@id\":\"https:\\\/\\\/uniekeuitjesborculo.nl\\\/de\\\/#\\\/schema\\\/logo\\\/image\\\/\",\"url\":\"http:\\\/\\\/uniekeuitjesborculo.nl\\\/wp-content\\\/uploads\\\/2019\\\/02\\\/site-login-logo.png\",\"contentUrl\":\"http:\\\/\\\/uniekeuitjesborculo.nl\\\/wp-content\\\/uploads\\\/2019\\\/02\\\/site-login-logo.png\",\"width\":708,\"height\":345,\"caption\":\"Unieke Uitjes\"},\"image\":{\"@id\":\"https:\\\/\\\/uniekeuitjesborculo.nl\\\/de\\\/#\\\/schema\\\/logo\\\/image\\\/\"},\"sameAs\":[\"https:\\\/\\\/www.facebook.com\\\/uniekeuitjes.nl\",\"https:\\\/\\\/www.instagram.com\\\/uniekeuitjes.nl\\\/\",\"https:\\\/\\\/www.linkedin.com\\\/company\\\/unieke-uitjes-nl\",\"https:\\\/\\\/www.youtube.com\\\/channel\\\/UCXwRXFWP_R0kxRAeL79FQfw\"]}]}<\/script>\n<!-- \/ Yoast SEO plugin. -->","yoast_head_json":{"title":"Buffets und Grillabende - Arrangements","description":"Buffets und Barbecues sind nat\u00fcrlich auch mit einem Unique Outings-Paket m\u00f6glich. So haben Sie einen Tag mit vollem Programm.","robots":{"index":"index","follow":"follow","max-snippet":"max-snippet:-1","max-image-preview":"max-image-preview:large","max-video-preview":"max-video-preview:-1"},"canonical":"https:\/\/uniekeuitjesborculo.nl\/de\/buffets-und-grillabende\/","og_locale":"nl_NL","og_type":"article","og_title":"Buffets und Grillabende - Arrangements","og_description":"Buffets und Barbecues sind nat\u00fcrlich auch mit einem Unique Outings-Paket m\u00f6glich. So haben Sie einen Tag mit vollem Programm.","og_url":"https:\/\/uniekeuitjesborculo.nl\/de\/buffets-und-grillabende\/","og_site_name":"Uniekeuitjes Borculo","article_publisher":"https:\/\/www.facebook.com\/uniekeuitjes.nl","og_image":[{"url":"http:\/\/uniekeuitjesborculo.nl\/wp-content\/uploads\/2019\/02\/site-login-logo.png","type":"","width":"","height":""}],"twitter_card":"summary_large_image","twitter_misc":{"Geschatte leestijd":"2 minuten"},"schema":{"@context":"https:\/\/schema.org","@graph":[{"@type":"WebPage","@id":"https:\/\/uniekeuitjesborculo.nl\/de\/buffets-und-grillabende\/","url":"https:\/\/uniekeuitjesborculo.nl\/de\/buffets-und-grillabende\/","name":"Buffets und Grillabende - Arrangements","isPartOf":{"@id":"https:\/\/uniekeuitjesborculo.nl\/de\/#website"},"primaryImageOfPage":{"@id":"https:\/\/uniekeuitjesborculo.nl\/de\/buffets-und-grillabende\/#primaryimage"},"image":{"@id":"https:\/\/uniekeuitjesborculo.nl\/de\/buffets-und-grillabende\/#primaryimage"},"thumbnailUrl":"http:\/\/uniekeuitjesborculo.nl\/wp-content\/uploads\/2019\/02\/site-login-logo.png","datePublished":"2020-03-21T11:49:26+00:00","description":"Buffets und Barbecues sind nat\u00fcrlich auch mit einem Unique Outings-Paket m\u00f6glich. So haben Sie einen Tag mit vollem Programm.","breadcrumb":{"@id":"https:\/\/uniekeuitjesborculo.nl\/de\/buffets-und-grillabende\/#breadcrumb"},"inLanguage":"nl-NL","potentialAction":[{"@type":"ReadAction","target":["https:\/\/uniekeuitjesborculo.nl\/de\/buffets-und-grillabende\/"]}]},{"@type":"ImageObject","inLanguage":"nl-NL","@id":"https:\/\/uniekeuitjesborculo.nl\/de\/buffets-und-grillabende\/#primaryimage","url":"http:\/\/uniekeuitjesborculo.nl\/wp-content\/uploads\/2019\/02\/site-login-logo.png","contentUrl":"http:\/\/uniekeuitjesborculo.nl\/wp-content\/uploads\/2019\/02\/site-login-logo.png"},{"@type":"BreadcrumbList","@id":"https:\/\/uniekeuitjesborculo.nl\/de\/buffets-und-grillabende\/#breadcrumb","itemListElement":[{"@type":"ListItem","position":1,"name":"Home","item":"https:\/\/uniekeuitjesborculo.nl\/de\/"},{"@type":"ListItem","position":2,"name":"Buffets und Grillabende"}]},{"@type":"WebSite","@id":"https:\/\/uniekeuitjesborculo.nl\/de\/#website","url":"https:\/\/uniekeuitjesborculo.nl\/de\/","name":"Uniekeuitjes Borculo","description":"Alles voor plezier, verbinding en ontspanning","publisher":{"@id":"https:\/\/uniekeuitjesborculo.nl\/de\/#organization"},"potentialAction":[{"@type":"SearchAction","target":{"@type":"EntryPoint","urlTemplate":"https:\/\/uniekeuitjesborculo.nl\/de\/?s={search_term_string}"},"query-input":{"@type":"PropertyValueSpecification","valueRequired":true,"valueName":"search_term_string"}}],"inLanguage":"nl-NL"},{"@type":"Organization","@id":"https:\/\/uniekeuitjesborculo.nl\/de\/#organization","name":"Unieke Uitjes","url":"https:\/\/uniekeuitjesborculo.nl\/de\/","logo":{"@type":"ImageObject","inLanguage":"nl-NL","@id":"https:\/\/uniekeuitjesborculo.nl\/de\/#\/schema\/logo\/image\/","url":"http:\/\/uniekeuitjesborculo.nl\/wp-content\/uploads\/2019\/02\/site-login-logo.png","contentUrl":"http:\/\/uniekeuitjesborculo.nl\/wp-content\/uploads\/2019\/02\/site-login-logo.png","width":708,"height":345,"caption":"Unieke Uitjes"},"image":{"@id":"https:\/\/uniekeuitjesborculo.nl\/de\/#\/schema\/logo\/image\/"},"sameAs":["https:\/\/www.facebook.com\/uniekeuitjes.nl","https:\/\/www.instagram.com\/uniekeuitjes.nl\/","https:\/\/www.linkedin.com\/company\/unieke-uitjes-nl","https:\/\/www.youtube.com\/channel\/UCXwRXFWP_R0kxRAeL79FQfw"]}]}},"_links":{"self":[{"href":"https:\/\/uniekeuitjesborculo.nl\/de\/wp-json\/wp\/v2\/pages\/11716","targetHints":{"allow":["GET"]}}],"collection":[{"href":"https:\/\/uniekeuitjesborculo.nl\/de\/wp-json\/wp\/v2\/pages"}],"about":[{"href":"https:\/\/uniekeuitjesborculo.nl\/de\/wp-json\/wp\/v2\/types\/page"}],"author":[{"embeddable":true,"href":"https:\/\/uniekeuitjesborculo.nl\/de\/wp-json\/wp\/v2\/users\/2"}],"replies":[{"embeddable":true,"href":"https:\/\/uniekeuitjesborculo.nl\/de\/wp-json\/wp\/v2\/comments?post=11716"}],"version-history":[{"count":0,"href":"https:\/\/uniekeuitjesborculo.nl\/de\/wp-json\/wp\/v2\/pages\/11716\/revisions"}],"wp:attachment":[{"href":"https:\/\/uniekeuitjesborculo.nl\/de\/wp-json\/wp\/v2\/media?parent=11716"}],"wp:term":[{"taxonomy":"category","embeddable":true,"href":"https:\/\/uniekeuitjesborculo.nl\/de\/wp-json\/wp\/v2\/categories?post=11716"}],"curies":[{"name":"wp","href":"https:\/\/api.w.org\/{rel}","templated":true}]}}