{"id":11721,"date":"2020-02-22T14:07:30","date_gmt":"2020-02-22T14:07:30","guid":{"rendered":"http:\/\/uniekeuitjesborculo.nl\/organisation-agentur\/"},"modified":"2020-02-22T14:07:30","modified_gmt":"2020-02-22T14:07:30","slug":"organisation-agentur","status":"publish","type":"page","link":"https:\/\/uniekeuitjesborculo.nl\/de\/organisation-agentur\/","title":{"rendered":"Organisation Agentur"},"content":{"rendered":"<h2>Organisation Agentur<\/h2>\n<p>Die Organisationsagentur Unique Outings ist nicht nur f\u00fcr die lose Vermietung oder die Organisation eines Ausflugs zust\u00e4ndig. Unique Outings hat auch die M\u00f6glichkeit, komplette Ausfl\u00fcge zu organisieren. So k\u00f6nnen wir Ihnen ein kleines Extra bieten. Wir haben bereits einige Kombi-Angebote f\u00fcr Sie vorbereitet, k\u00f6nnen aber auch selbst eines nach Ihren pers\u00f6nlichen W\u00fcnschen zusammenstellen.<\/p>\n<p>Wir haben unter anderem die folgenden Kombi-Angebote:<\/p>\n<p>&nbsp;<\/p>\n<p>&nbsp;<\/p>\n<ul>\n<li><span style=\"color: #0000ff;\"><a style=\"color: #0000ff;\" href=\"http:\/\/uniekeuitjesborculo.nl\/uitje\/actieve-combi\/\">Aktives Kombi-Angebot<\/a><\/span><\/li>\n<\/ul>\n<p>&nbsp;<\/p>\n<ul>\n<li><span style=\"color: #0000ff;\"><a style=\"color: #0000ff;\" href=\"http:\/\/uniekeuitjesborculo.nl\/uitje\/all-season-combi\/\">Ganzjahres-Kombi-Angebot<\/a><\/span><\/li>\n<\/ul>\n<p>&nbsp;<\/p>\n<ul>\n<li><span style=\"color: #0000ff;\"><a style=\"color: #0000ff;\" href=\"http:\/\/uniekeuitjesborculo.nl\/uitje\/laren-borculo-biatlon-combi\/\">Biathlon-Kombi-Angebot<\/a><\/span><\/li>\n<\/ul>\n<p>&nbsp;<\/p>\n<ul>\n<li><span style=\"color: #0000ff;\"><a style=\"color: #0000ff;\" href=\"http:\/\/uniekeuitjesborculo.nl\/uitje\/familiedag-combi\/\">Kombi-Angebot f\u00fcr den Familientag<\/a><\/span><\/li>\n<\/ul>\n<p>&nbsp;<\/p>\n<ul>\n<li><span style=\"color: #0000ff;\"><a style=\"color: #0000ff;\" href=\"http:\/\/uniekeuitjesborculo.nl\/uitje\/funplein-combi-deal\/\">Funplein-Kombi-Angebot<\/a><\/span><\/li>\n<\/ul>\n<p>&nbsp;<\/p>\n<ul>\n<li><span style=\"color: #0000ff;\"><a style=\"color: #0000ff;\" href=\"http:\/\/uniekeuitjesborculo.nl\/uitje\/hollandse-combi\/\">Niederl\u00e4ndischer Kombi-Deal<\/a><\/span><\/li>\n<\/ul>\n<p>&nbsp;<\/p>\n<ul>\n<li><span style=\"color: #0000ff;\"><a style=\"color: #0000ff;\" href=\"http:\/\/uniekeuitjesborculo.nl\/uitje\/kano-solex-combi\/\">Kanu-Solex-Kombiabkommen<\/a><\/span><\/li>\n<\/ul>\n<p>&nbsp;<\/p>\n<ul>\n<li><span style=\"color: #0000ff;\"><a style=\"color: #0000ff;\" href=\"http:\/\/uniekeuitjesborculo.nl\/uitje\/museum-staal-combi\/\">Museum Steel Kombi-Angebot<\/a><\/span><\/li>\n<\/ul>\n<p>&nbsp;<\/p>\n<ul>\n<li><span style=\"color: #0000ff;\"><a style=\"color: #0000ff;\" href=\"http:\/\/uniekeuitjesborculo.nl\/uitje\/tuktuk-ar-game-combi\/\">TukTuk AR-Spiel Kombi-Angebot<\/a><\/span><\/li>\n<\/ul>\n<p>&nbsp;<\/p>\n<ul>\n<li><span style=\"color: #0000ff;\"><a style=\"color: #0000ff;\" href=\"http:\/\/uniekeuitjesborculo.nl\/uitje\/zwiepse-molen-combi\/\">Zwiepse Molen Kombi-Angebot<\/a><\/span><\/li>\n<\/ul>\n<p>&nbsp;<\/p>\n<p>Das sind dann nat\u00fcrlich die vorgefertigten Kombi-Angebote, aber Sie k\u00f6nnen sich auch von uns ein Kombi-Angebot zusammenstellen lassen. Sie k\u00f6nnen dann angeben: Wie lange Sie wollen, wann, mit wie vielen Personen, mit oder ohne Essen oder Buffet. So k\u00f6nnen wir es nach Ihren pers\u00f6nlichen Bed\u00fcrfnissen zusammenstellen. Sie k\u00f6nnen sich diesbez\u00fcglich jederzeit an uns wenden. Wir sind telefonisch erreichbar unter: <a href=\"tel:+31573728155\">0573 &#8211; 74 00 04<\/a>, und per E-Mail k\u00f6nnen Sie uns f\u00fcr Ihre Fragen unter der E-Mail-Adresse info@uniekeuitjesborculo.nl erreichen.<\/p>\n<p>&nbsp;<\/p>\n","protected":false},"excerpt":{"rendered":"<p>Organisation Agentur Die Organisationsagentur Unique Outings ist nicht nur f\u00fcr die lose Vermietung oder die Organisation eines Ausflugs zust\u00e4ndig. Unique Outings hat auch die M\u00f6glichkeit, komplette Ausfl\u00fcge zu organisieren. So k\u00f6nnen wir Ihnen ein kleines Extra bieten. Wir haben bereits einige Kombi-Angebote f\u00fcr Sie vorbereitet, k\u00f6nnen aber auch selbst eines nach Ihren pers\u00f6nlichen W\u00fcnschen zusammenstellen. [&hellip;]<\/p>\n","protected":false},"author":2,"featured_media":0,"parent":0,"menu_order":0,"comment_status":"closed","ping_status":"closed","template":"","meta":{"_acf_changed":false,"_monsterinsights_skip_tracking":false,"_monsterinsights_sitenote_active":false,"_monsterinsights_sitenote_note":"","_monsterinsights_sitenote_category":0,"footnotes":""},"categories":[73],"class_list":["post-11721","page","type-page","status-publish","hentry","category-zielseite"],"acf":[],"yoast_head":"<!-- This site is optimized with the Yoast SEO plugin v27.5 - https:\/\/yoast.com\/product\/yoast-seo-wordpress\/ -->\n<title>Organisation Agentur - Arrangements in der Achterhoek<\/title>\n<meta name=\"description\" content=\"Unique Outings ist auch als Organisationsagentur gedacht. Unique Outings bietet die M\u00f6glichkeit von kompletten Ausfl\u00fcgen + \u00dcbernachtung.\" \/>\n<meta name=\"robots\" content=\"index, follow, max-snippet:-1, max-image-preview:large, max-video-preview:-1\" \/>\n<link rel=\"canonical\" href=\"https:\/\/uniekeuitjesborculo.nl\/de\/organisation-agentur\/\" \/>\n<meta property=\"og:locale\" content=\"nl_NL\" \/>\n<meta property=\"og:type\" content=\"article\" \/>\n<meta property=\"og:title\" content=\"Organisation Agentur - Arrangements in der Achterhoek\" \/>\n<meta property=\"og:description\" content=\"Unique Outings ist auch als Organisationsagentur gedacht. Unique Outings bietet die M\u00f6glichkeit von kompletten Ausfl\u00fcgen + \u00dcbernachtung.\" \/>\n<meta property=\"og:url\" content=\"https:\/\/uniekeuitjesborculo.nl\/de\/organisation-agentur\/\" \/>\n<meta property=\"og:site_name\" content=\"Uniekeuitjes Borculo\" \/>\n<meta property=\"article:publisher\" content=\"https:\/\/www.facebook.com\/uniekeuitjes.nl\" \/>\n<meta name=\"twitter:card\" content=\"summary_large_image\" \/>\n<meta name=\"twitter:label1\" content=\"Geschatte leestijd\" \/>\n\t<meta name=\"twitter:data1\" content=\"1 minuut\" \/>\n<script type=\"application\/ld+json\" class=\"yoast-schema-graph\">{\"@context\":\"https:\\\/\\\/schema.org\",\"@graph\":[{\"@type\":\"WebPage\",\"@id\":\"https:\\\/\\\/uniekeuitjesborculo.nl\\\/de\\\/organisation-agentur\\\/\",\"url\":\"https:\\\/\\\/uniekeuitjesborculo.nl\\\/de\\\/organisation-agentur\\\/\",\"name\":\"Organisation Agentur - Arrangements in der Achterhoek\",\"isPartOf\":{\"@id\":\"https:\\\/\\\/uniekeuitjesborculo.nl\\\/de\\\/#website\"},\"datePublished\":\"2020-02-22T14:07:30+00:00\",\"description\":\"Unique Outings ist auch als Organisationsagentur gedacht. Unique Outings bietet die M\u00f6glichkeit von kompletten Ausfl\u00fcgen + \u00dcbernachtung.\",\"breadcrumb\":{\"@id\":\"https:\\\/\\\/uniekeuitjesborculo.nl\\\/de\\\/organisation-agentur\\\/#breadcrumb\"},\"inLanguage\":\"nl-NL\",\"potentialAction\":[{\"@type\":\"ReadAction\",\"target\":[\"https:\\\/\\\/uniekeuitjesborculo.nl\\\/de\\\/organisation-agentur\\\/\"]}]},{\"@type\":\"BreadcrumbList\",\"@id\":\"https:\\\/\\\/uniekeuitjesborculo.nl\\\/de\\\/organisation-agentur\\\/#breadcrumb\",\"itemListElement\":[{\"@type\":\"ListItem\",\"position\":1,\"name\":\"Home\",\"item\":\"https:\\\/\\\/uniekeuitjesborculo.nl\\\/de\\\/\"},{\"@type\":\"ListItem\",\"position\":2,\"name\":\"Organisation Agentur\"}]},{\"@type\":\"WebSite\",\"@id\":\"https:\\\/\\\/uniekeuitjesborculo.nl\\\/de\\\/#website\",\"url\":\"https:\\\/\\\/uniekeuitjesborculo.nl\\\/de\\\/\",\"name\":\"Uniekeuitjes Borculo\",\"description\":\"Alles voor plezier, verbinding en ontspanning\",\"publisher\":{\"@id\":\"https:\\\/\\\/uniekeuitjesborculo.nl\\\/de\\\/#organization\"},\"potentialAction\":[{\"@type\":\"SearchAction\",\"target\":{\"@type\":\"EntryPoint\",\"urlTemplate\":\"https:\\\/\\\/uniekeuitjesborculo.nl\\\/de\\\/?s={search_term_string}\"},\"query-input\":{\"@type\":\"PropertyValueSpecification\",\"valueRequired\":true,\"valueName\":\"search_term_string\"}}],\"inLanguage\":\"nl-NL\"},{\"@type\":\"Organization\",\"@id\":\"https:\\\/\\\/uniekeuitjesborculo.nl\\\/de\\\/#organization\",\"name\":\"Unieke Uitjes\",\"url\":\"https:\\\/\\\/uniekeuitjesborculo.nl\\\/de\\\/\",\"logo\":{\"@type\":\"ImageObject\",\"inLanguage\":\"nl-NL\",\"@id\":\"https:\\\/\\\/uniekeuitjesborculo.nl\\\/de\\\/#\\\/schema\\\/logo\\\/image\\\/\",\"url\":\"http:\\\/\\\/uniekeuitjesborculo.nl\\\/wp-content\\\/uploads\\\/2019\\\/02\\\/site-login-logo.png\",\"contentUrl\":\"http:\\\/\\\/uniekeuitjesborculo.nl\\\/wp-content\\\/uploads\\\/2019\\\/02\\\/site-login-logo.png\",\"width\":708,\"height\":345,\"caption\":\"Unieke Uitjes\"},\"image\":{\"@id\":\"https:\\\/\\\/uniekeuitjesborculo.nl\\\/de\\\/#\\\/schema\\\/logo\\\/image\\\/\"},\"sameAs\":[\"https:\\\/\\\/www.facebook.com\\\/uniekeuitjes.nl\",\"https:\\\/\\\/www.instagram.com\\\/uniekeuitjes.nl\\\/\",\"https:\\\/\\\/www.linkedin.com\\\/company\\\/unieke-uitjes-nl\",\"https:\\\/\\\/www.youtube.com\\\/channel\\\/UCXwRXFWP_R0kxRAeL79FQfw\"]}]}<\/script>\n<!-- \/ Yoast SEO plugin. -->","yoast_head_json":{"title":"Organisation Agentur - Arrangements in der Achterhoek","description":"Unique Outings ist auch als Organisationsagentur gedacht. Unique Outings bietet die M\u00f6glichkeit von kompletten Ausfl\u00fcgen + \u00dcbernachtung.","robots":{"index":"index","follow":"follow","max-snippet":"max-snippet:-1","max-image-preview":"max-image-preview:large","max-video-preview":"max-video-preview:-1"},"canonical":"https:\/\/uniekeuitjesborculo.nl\/de\/organisation-agentur\/","og_locale":"nl_NL","og_type":"article","og_title":"Organisation Agentur - Arrangements in der Achterhoek","og_description":"Unique Outings ist auch als Organisationsagentur gedacht. Unique Outings bietet die M\u00f6glichkeit von kompletten Ausfl\u00fcgen + \u00dcbernachtung.","og_url":"https:\/\/uniekeuitjesborculo.nl\/de\/organisation-agentur\/","og_site_name":"Uniekeuitjes Borculo","article_publisher":"https:\/\/www.facebook.com\/uniekeuitjes.nl","twitter_card":"summary_large_image","twitter_misc":{"Geschatte leestijd":"1 minuut"},"schema":{"@context":"https:\/\/schema.org","@graph":[{"@type":"WebPage","@id":"https:\/\/uniekeuitjesborculo.nl\/de\/organisation-agentur\/","url":"https:\/\/uniekeuitjesborculo.nl\/de\/organisation-agentur\/","name":"Organisation Agentur - Arrangements in der Achterhoek","isPartOf":{"@id":"https:\/\/uniekeuitjesborculo.nl\/de\/#website"},"datePublished":"2020-02-22T14:07:30+00:00","description":"Unique Outings ist auch als Organisationsagentur gedacht. Unique Outings bietet die M\u00f6glichkeit von kompletten Ausfl\u00fcgen + \u00dcbernachtung.","breadcrumb":{"@id":"https:\/\/uniekeuitjesborculo.nl\/de\/organisation-agentur\/#breadcrumb"},"inLanguage":"nl-NL","potentialAction":[{"@type":"ReadAction","target":["https:\/\/uniekeuitjesborculo.nl\/de\/organisation-agentur\/"]}]},{"@type":"BreadcrumbList","@id":"https:\/\/uniekeuitjesborculo.nl\/de\/organisation-agentur\/#breadcrumb","itemListElement":[{"@type":"ListItem","position":1,"name":"Home","item":"https:\/\/uniekeuitjesborculo.nl\/de\/"},{"@type":"ListItem","position":2,"name":"Organisation Agentur"}]},{"@type":"WebSite","@id":"https:\/\/uniekeuitjesborculo.nl\/de\/#website","url":"https:\/\/uniekeuitjesborculo.nl\/de\/","name":"Uniekeuitjes Borculo","description":"Alles voor plezier, verbinding en ontspanning","publisher":{"@id":"https:\/\/uniekeuitjesborculo.nl\/de\/#organization"},"potentialAction":[{"@type":"SearchAction","target":{"@type":"EntryPoint","urlTemplate":"https:\/\/uniekeuitjesborculo.nl\/de\/?s={search_term_string}"},"query-input":{"@type":"PropertyValueSpecification","valueRequired":true,"valueName":"search_term_string"}}],"inLanguage":"nl-NL"},{"@type":"Organization","@id":"https:\/\/uniekeuitjesborculo.nl\/de\/#organization","name":"Unieke Uitjes","url":"https:\/\/uniekeuitjesborculo.nl\/de\/","logo":{"@type":"ImageObject","inLanguage":"nl-NL","@id":"https:\/\/uniekeuitjesborculo.nl\/de\/#\/schema\/logo\/image\/","url":"http:\/\/uniekeuitjesborculo.nl\/wp-content\/uploads\/2019\/02\/site-login-logo.png","contentUrl":"http:\/\/uniekeuitjesborculo.nl\/wp-content\/uploads\/2019\/02\/site-login-logo.png","width":708,"height":345,"caption":"Unieke Uitjes"},"image":{"@id":"https:\/\/uniekeuitjesborculo.nl\/de\/#\/schema\/logo\/image\/"},"sameAs":["https:\/\/www.facebook.com\/uniekeuitjes.nl","https:\/\/www.instagram.com\/uniekeuitjes.nl\/","https:\/\/www.linkedin.com\/company\/unieke-uitjes-nl","https:\/\/www.youtube.com\/channel\/UCXwRXFWP_R0kxRAeL79FQfw"]}]}},"_links":{"self":[{"href":"https:\/\/uniekeuitjesborculo.nl\/de\/wp-json\/wp\/v2\/pages\/11721","targetHints":{"allow":["GET"]}}],"collection":[{"href":"https:\/\/uniekeuitjesborculo.nl\/de\/wp-json\/wp\/v2\/pages"}],"about":[{"href":"https:\/\/uniekeuitjesborculo.nl\/de\/wp-json\/wp\/v2\/types\/page"}],"author":[{"embeddable":true,"href":"https:\/\/uniekeuitjesborculo.nl\/de\/wp-json\/wp\/v2\/users\/2"}],"replies":[{"embeddable":true,"href":"https:\/\/uniekeuitjesborculo.nl\/de\/wp-json\/wp\/v2\/comments?post=11721"}],"version-history":[{"count":0,"href":"https:\/\/uniekeuitjesborculo.nl\/de\/wp-json\/wp\/v2\/pages\/11721\/revisions"}],"wp:attachment":[{"href":"https:\/\/uniekeuitjesborculo.nl\/de\/wp-json\/wp\/v2\/media?parent=11721"}],"wp:term":[{"taxonomy":"category","embeddable":true,"href":"https:\/\/uniekeuitjesborculo.nl\/de\/wp-json\/wp\/v2\/categories?post=11721"}],"curies":[{"name":"wp","href":"https:\/\/api.w.org\/{rel}","templated":true}]}}