{"id":11722,"date":"2020-02-08T12:19:48","date_gmt":"2020-02-08T12:19:48","guid":{"rendered":"http:\/\/uniekeuitjesborculo.nl\/aktivitaeten-und-ausfluege-in-hof-van-twente\/"},"modified":"2020-02-08T12:19:48","modified_gmt":"2020-02-08T12:19:48","slug":"aktivitaeten-und-ausfluege-in-hof-van-twente","status":"publish","type":"page","link":"https:\/\/uniekeuitjesborculo.nl\/de\/aktivitaeten-und-ausfluege-in-hof-van-twente\/","title":{"rendered":"Aktivit\u00e4ten und Ausfl\u00fcge in Hof van Twente"},"content":{"rendered":"<h2>Aktivit\u00e4ten und Ausfl\u00fcge in Hof van Twente<\/h2>\n<p>Aktivit\u00e4ten und Ausfl\u00fcge in Hof van Twente sind nat\u00fcrlich auch bei Unique Outings m\u00f6glich. Die vielen verschiedenen Ausfl\u00fcge und Aktivit\u00e4ten werden f\u00fcr einen unvergesslichen Tag sorgen. M\u00f6chten Sie den Hof van Twente auf spielerische Weise erkunden? Wir bieten Ihnen ein vielf\u00e4ltiges Angebot an ungew\u00f6hnlichen Verkehrsmitteln, mit denen Sie die Gemeinde auf spielerische Art und Weise erkunden k\u00f6nnen. Zu den Besonderheiten von Unique Outings geh\u00f6ren:<\/p>\n<p>&nbsp;<\/p>\n<ul>\n<li><a href=\"http:\/\/uniekeuitjesborculo.nl\/uitje\/solex-huren\/\">Solexes<\/a><\/li>\n<li><a href=\"http:\/\/uniekeuitjesborculo.nl\/uitje\/tuktuk-huren\/\">Elektrische Tuk Tuk&#8217;s<\/a><\/li>\n<li><a href=\"http:\/\/uniekeuitjesborculo.nl\/uitje\/echopper-elektrische-scooter-huren\/\">E-Choppers<\/a><\/li>\n<li><a href=\"http:\/\/uniekeuitjesborculo.nl\/uitje\/trigger-huren\/\">Ausl\u00f6ser<\/a><\/li>\n<li><a href=\"http:\/\/uniekeuitjesborculo.nl\/uitje\/tandem-cruiser\/\">Amerikanisches Tandem<\/a><\/li>\n<li><a href=\"http:\/\/uniekeuitjesborculo.nl\/uitje\/skeltertreinen-groepsfietsen\/\">Skelter-Z\u00fcge<\/a><\/li>\n<li><a href=\"http:\/\/uniekeuitjesborculo.nl\/uitje\/elektrische-step\/\">E-Schritte<\/a><\/li>\n<\/ul>\n<p>&nbsp;<\/p>\n<p>Kennen Sie schon den Hof van Twente? Oder wollen Sie einfach mal etwas anderes machen? Unique Outings bietet viele weitere Aktivit\u00e4ten und Ausfl\u00fcge an, wie zum Beispiel das komplette Schie\u00dfpaket. Unique Outings verf\u00fcgt \u00fcber mehrere Waffentypen, mit denen geschossen werden kann. Dies kann bei uns oder bei Ihnen vor Ort geschehen. Unique Outings bietet die folgenden Waffentypen:<\/p>\n<p>&nbsp;<\/p>\n<ul>\n<li><a href=\"http:\/\/uniekeuitjesborculo.nl\/uitje\/buksschieten\/\">Luftgewehr &amp; Luftpistole<\/a><\/li>\n<li><a href=\"http:\/\/uniekeuitjesborculo.nl\/uitje\/boogschieten\/\">Handbogen<\/a><\/li>\n<li><a href=\"http:\/\/uniekeuitjesborculo.nl\/uitje\/boog-en-kruisboog\/\">Armbrust<\/a><\/li>\n<li><a href=\"http:\/\/uniekeuitjesborculo.nl\/uitje\/indoor-laser-kleiduifschieten\/\">Laser-Tontaubenschie\u00dfen<\/a><\/li>\n<\/ul>\n<p>&nbsp;<\/p>\n<p>Willst du alle Waffentypen ausprobieren? Dann haben wir ein Paket, bei dem man mit <a href=\"http:\/\/uniekeuitjesborculo.nl\/uitje\/scherpschutters-arrangement\/\">5 verschiedenen Waffentypen<\/a> schie\u00dfen kann.<\/p>\n<p>&nbsp;<\/p>\n<p>Dar\u00fcber hinaus bietet Unique Outings auch Spielshows an. Diese Shows werden nat\u00fcrlich von einem fachkundigen Moderator begleitet. Auch bei den Shows kommt professionelles Equipment zum Einsatz. Wir k\u00f6nnen Ihnen die folgenden Spielshows anbieten:<\/p>\n<p>&nbsp;<\/p>\n<ul>\n<li class=\"sub-menu-item\"><a href=\"http:\/\/uniekeuitjesborculo.nl\/uitje\/muziek-bingo\/\">Musik-Bingo<\/a><\/li>\n<li class=\"sub-menu-item\"><a href=\"http:\/\/uniekeuitjesborculo.nl\/uitje\/jongens-vs-de-meisjes\/\">Die Jungen gegen die M\u00e4dchen<\/a><\/li>\n<li class=\"sub-menu-item\"><a href=\"http:\/\/uniekeuitjesborculo.nl\/uitje\/ik-hou-van-holland\/\">Ik Hou Van Holland<\/a><\/li>\n<li class=\"sub-menu-item\"><a href=\"http:\/\/uniekeuitjesborculo.nl\/uitje\/muziekquiz\/\">Musik-Quiz<\/a><\/li>\n<li class=\"sub-menu-item\"><a href=\"http:\/\/uniekeuitjesborculo.nl\/uitje\/bingoshow\/\">Bingo-Show<\/a><\/li>\n<li class=\"sub-menu-item\"><a href=\"http:\/\/uniekeuitjesborculo.nl\/uitje\/pub-quiz\/\">Kneipenquiz<\/a><\/li>\n<li class=\"sub-menu-item\"><a href=\"http:\/\/uniekeuitjesborculo.nl\/uitje\/casino-avond\/\">Casino-Abend<\/a><\/li>\n<\/ul>\n<p>&nbsp;<\/p>\n<p>&nbsp;<\/p>\n","protected":false},"excerpt":{"rendered":"<p>Aktivit\u00e4ten und Ausfl\u00fcge in Hof van Twente Aktivit\u00e4ten und Ausfl\u00fcge in Hof van Twente sind nat\u00fcrlich auch bei Unique Outings m\u00f6glich. Die vielen verschiedenen Ausfl\u00fcge und Aktivit\u00e4ten werden f\u00fcr einen unvergesslichen Tag sorgen. M\u00f6chten Sie den Hof van Twente auf spielerische Weise erkunden? Wir bieten Ihnen ein vielf\u00e4ltiges Angebot an ungew\u00f6hnlichen Verkehrsmitteln, mit denen Sie [&hellip;]<\/p>\n","protected":false},"author":2,"featured_media":0,"parent":0,"menu_order":0,"comment_status":"closed","ping_status":"closed","template":"","meta":{"_acf_changed":false,"_monsterinsights_skip_tracking":false,"_monsterinsights_sitenote_active":false,"_monsterinsights_sitenote_note":"","_monsterinsights_sitenote_category":0,"footnotes":""},"categories":[73],"class_list":["post-11722","page","type-page","status-publish","hentry","category-zielseite"],"acf":[],"yoast_head":"<!-- This site is optimized with the Yoast SEO plugin v27.5 - https:\/\/yoast.com\/product\/yoast-seo-wordpress\/ -->\n<title>Aktivit\u00e4ten und Ausfl\u00fcge in Hof van Twente - Uniekeuitjes Borculo<\/title>\n<meta name=\"description\" content=\"Aktivit\u00e4ten und Ausfl\u00fcge in Hof van Twente d\u00fcrfen bei UniqueOuts nat\u00fcrlich nicht fehlen. Wir bieten verschiedene Ausfl\u00fcge zu einem sehr g\u00fcnstigen Preis an.\" \/>\n<meta name=\"robots\" content=\"index, follow, max-snippet:-1, max-image-preview:large, max-video-preview:-1\" \/>\n<link rel=\"canonical\" href=\"https:\/\/uniekeuitjesborculo.nl\/de\/aktivitaeten-und-ausfluege-in-hof-van-twente\/\" \/>\n<meta property=\"og:locale\" content=\"nl_NL\" \/>\n<meta property=\"og:type\" content=\"article\" \/>\n<meta property=\"og:title\" content=\"Aktivit\u00e4ten und Ausfl\u00fcge in Hof van Twente - Uniekeuitjes Borculo\" \/>\n<meta property=\"og:description\" content=\"Aktivit\u00e4ten und Ausfl\u00fcge in Hof van Twente d\u00fcrfen bei UniqueOuts nat\u00fcrlich nicht fehlen. Wir bieten verschiedene Ausfl\u00fcge zu einem sehr g\u00fcnstigen Preis an.\" \/>\n<meta property=\"og:url\" content=\"https:\/\/uniekeuitjesborculo.nl\/de\/aktivitaeten-und-ausfluege-in-hof-van-twente\/\" \/>\n<meta property=\"og:site_name\" content=\"Uniekeuitjes Borculo\" \/>\n<meta property=\"article:publisher\" content=\"https:\/\/www.facebook.com\/uniekeuitjes.nl\" \/>\n<meta name=\"twitter:card\" content=\"summary_large_image\" \/>\n<meta name=\"twitter:label1\" content=\"Geschatte leestijd\" \/>\n\t<meta name=\"twitter:data1\" content=\"1 minuut\" \/>\n<script type=\"application\/ld+json\" class=\"yoast-schema-graph\">{\"@context\":\"https:\\\/\\\/schema.org\",\"@graph\":[{\"@type\":\"WebPage\",\"@id\":\"https:\\\/\\\/uniekeuitjesborculo.nl\\\/de\\\/aktivitaeten-und-ausfluege-in-hof-van-twente\\\/\",\"url\":\"https:\\\/\\\/uniekeuitjesborculo.nl\\\/de\\\/aktivitaeten-und-ausfluege-in-hof-van-twente\\\/\",\"name\":\"Aktivit\u00e4ten und Ausfl\u00fcge in Hof van Twente - Uniekeuitjes Borculo\",\"isPartOf\":{\"@id\":\"https:\\\/\\\/uniekeuitjesborculo.nl\\\/de\\\/#website\"},\"datePublished\":\"2020-02-08T12:19:48+00:00\",\"description\":\"Aktivit\u00e4ten und Ausfl\u00fcge in Hof van Twente d\u00fcrfen bei UniqueOuts nat\u00fcrlich nicht fehlen. Wir bieten verschiedene Ausfl\u00fcge zu einem sehr g\u00fcnstigen Preis an.\",\"breadcrumb\":{\"@id\":\"https:\\\/\\\/uniekeuitjesborculo.nl\\\/de\\\/aktivitaeten-und-ausfluege-in-hof-van-twente\\\/#breadcrumb\"},\"inLanguage\":\"nl-NL\",\"potentialAction\":[{\"@type\":\"ReadAction\",\"target\":[\"https:\\\/\\\/uniekeuitjesborculo.nl\\\/de\\\/aktivitaeten-und-ausfluege-in-hof-van-twente\\\/\"]}]},{\"@type\":\"BreadcrumbList\",\"@id\":\"https:\\\/\\\/uniekeuitjesborculo.nl\\\/de\\\/aktivitaeten-und-ausfluege-in-hof-van-twente\\\/#breadcrumb\",\"itemListElement\":[{\"@type\":\"ListItem\",\"position\":1,\"name\":\"Home\",\"item\":\"https:\\\/\\\/uniekeuitjesborculo.nl\\\/de\\\/\"},{\"@type\":\"ListItem\",\"position\":2,\"name\":\"Aktivit\u00e4ten und Ausfl\u00fcge in Hof van Twente\"}]},{\"@type\":\"WebSite\",\"@id\":\"https:\\\/\\\/uniekeuitjesborculo.nl\\\/de\\\/#website\",\"url\":\"https:\\\/\\\/uniekeuitjesborculo.nl\\\/de\\\/\",\"name\":\"Uniekeuitjes Borculo\",\"description\":\"Alles voor plezier, verbinding en ontspanning\",\"publisher\":{\"@id\":\"https:\\\/\\\/uniekeuitjesborculo.nl\\\/de\\\/#organization\"},\"potentialAction\":[{\"@type\":\"SearchAction\",\"target\":{\"@type\":\"EntryPoint\",\"urlTemplate\":\"https:\\\/\\\/uniekeuitjesborculo.nl\\\/de\\\/?s={search_term_string}\"},\"query-input\":{\"@type\":\"PropertyValueSpecification\",\"valueRequired\":true,\"valueName\":\"search_term_string\"}}],\"inLanguage\":\"nl-NL\"},{\"@type\":\"Organization\",\"@id\":\"https:\\\/\\\/uniekeuitjesborculo.nl\\\/de\\\/#organization\",\"name\":\"Unieke Uitjes\",\"url\":\"https:\\\/\\\/uniekeuitjesborculo.nl\\\/de\\\/\",\"logo\":{\"@type\":\"ImageObject\",\"inLanguage\":\"nl-NL\",\"@id\":\"https:\\\/\\\/uniekeuitjesborculo.nl\\\/de\\\/#\\\/schema\\\/logo\\\/image\\\/\",\"url\":\"http:\\\/\\\/uniekeuitjesborculo.nl\\\/wp-content\\\/uploads\\\/2019\\\/02\\\/site-login-logo.png\",\"contentUrl\":\"http:\\\/\\\/uniekeuitjesborculo.nl\\\/wp-content\\\/uploads\\\/2019\\\/02\\\/site-login-logo.png\",\"width\":708,\"height\":345,\"caption\":\"Unieke Uitjes\"},\"image\":{\"@id\":\"https:\\\/\\\/uniekeuitjesborculo.nl\\\/de\\\/#\\\/schema\\\/logo\\\/image\\\/\"},\"sameAs\":[\"https:\\\/\\\/www.facebook.com\\\/uniekeuitjes.nl\",\"https:\\\/\\\/www.instagram.com\\\/uniekeuitjes.nl\\\/\",\"https:\\\/\\\/www.linkedin.com\\\/company\\\/unieke-uitjes-nl\",\"https:\\\/\\\/www.youtube.com\\\/channel\\\/UCXwRXFWP_R0kxRAeL79FQfw\"]}]}<\/script>\n<!-- \/ Yoast SEO plugin. -->","yoast_head_json":{"title":"Aktivit\u00e4ten und Ausfl\u00fcge in Hof van Twente - Uniekeuitjes Borculo","description":"Aktivit\u00e4ten und Ausfl\u00fcge in Hof van Twente d\u00fcrfen bei UniqueOuts nat\u00fcrlich nicht fehlen. Wir bieten verschiedene Ausfl\u00fcge zu einem sehr g\u00fcnstigen Preis an.","robots":{"index":"index","follow":"follow","max-snippet":"max-snippet:-1","max-image-preview":"max-image-preview:large","max-video-preview":"max-video-preview:-1"},"canonical":"https:\/\/uniekeuitjesborculo.nl\/de\/aktivitaeten-und-ausfluege-in-hof-van-twente\/","og_locale":"nl_NL","og_type":"article","og_title":"Aktivit\u00e4ten und Ausfl\u00fcge in Hof van Twente - Uniekeuitjes Borculo","og_description":"Aktivit\u00e4ten und Ausfl\u00fcge in Hof van Twente d\u00fcrfen bei UniqueOuts nat\u00fcrlich nicht fehlen. Wir bieten verschiedene Ausfl\u00fcge zu einem sehr g\u00fcnstigen Preis an.","og_url":"https:\/\/uniekeuitjesborculo.nl\/de\/aktivitaeten-und-ausfluege-in-hof-van-twente\/","og_site_name":"Uniekeuitjes Borculo","article_publisher":"https:\/\/www.facebook.com\/uniekeuitjes.nl","twitter_card":"summary_large_image","twitter_misc":{"Geschatte leestijd":"1 minuut"},"schema":{"@context":"https:\/\/schema.org","@graph":[{"@type":"WebPage","@id":"https:\/\/uniekeuitjesborculo.nl\/de\/aktivitaeten-und-ausfluege-in-hof-van-twente\/","url":"https:\/\/uniekeuitjesborculo.nl\/de\/aktivitaeten-und-ausfluege-in-hof-van-twente\/","name":"Aktivit\u00e4ten und Ausfl\u00fcge in Hof van Twente - Uniekeuitjes Borculo","isPartOf":{"@id":"https:\/\/uniekeuitjesborculo.nl\/de\/#website"},"datePublished":"2020-02-08T12:19:48+00:00","description":"Aktivit\u00e4ten und Ausfl\u00fcge in Hof van Twente d\u00fcrfen bei UniqueOuts nat\u00fcrlich nicht fehlen. Wir bieten verschiedene Ausfl\u00fcge zu einem sehr g\u00fcnstigen Preis an.","breadcrumb":{"@id":"https:\/\/uniekeuitjesborculo.nl\/de\/aktivitaeten-und-ausfluege-in-hof-van-twente\/#breadcrumb"},"inLanguage":"nl-NL","potentialAction":[{"@type":"ReadAction","target":["https:\/\/uniekeuitjesborculo.nl\/de\/aktivitaeten-und-ausfluege-in-hof-van-twente\/"]}]},{"@type":"BreadcrumbList","@id":"https:\/\/uniekeuitjesborculo.nl\/de\/aktivitaeten-und-ausfluege-in-hof-van-twente\/#breadcrumb","itemListElement":[{"@type":"ListItem","position":1,"name":"Home","item":"https:\/\/uniekeuitjesborculo.nl\/de\/"},{"@type":"ListItem","position":2,"name":"Aktivit\u00e4ten und Ausfl\u00fcge in Hof van Twente"}]},{"@type":"WebSite","@id":"https:\/\/uniekeuitjesborculo.nl\/de\/#website","url":"https:\/\/uniekeuitjesborculo.nl\/de\/","name":"Uniekeuitjes Borculo","description":"Alles voor plezier, verbinding en ontspanning","publisher":{"@id":"https:\/\/uniekeuitjesborculo.nl\/de\/#organization"},"potentialAction":[{"@type":"SearchAction","target":{"@type":"EntryPoint","urlTemplate":"https:\/\/uniekeuitjesborculo.nl\/de\/?s={search_term_string}"},"query-input":{"@type":"PropertyValueSpecification","valueRequired":true,"valueName":"search_term_string"}}],"inLanguage":"nl-NL"},{"@type":"Organization","@id":"https:\/\/uniekeuitjesborculo.nl\/de\/#organization","name":"Unieke Uitjes","url":"https:\/\/uniekeuitjesborculo.nl\/de\/","logo":{"@type":"ImageObject","inLanguage":"nl-NL","@id":"https:\/\/uniekeuitjesborculo.nl\/de\/#\/schema\/logo\/image\/","url":"http:\/\/uniekeuitjesborculo.nl\/wp-content\/uploads\/2019\/02\/site-login-logo.png","contentUrl":"http:\/\/uniekeuitjesborculo.nl\/wp-content\/uploads\/2019\/02\/site-login-logo.png","width":708,"height":345,"caption":"Unieke Uitjes"},"image":{"@id":"https:\/\/uniekeuitjesborculo.nl\/de\/#\/schema\/logo\/image\/"},"sameAs":["https:\/\/www.facebook.com\/uniekeuitjes.nl","https:\/\/www.instagram.com\/uniekeuitjes.nl\/","https:\/\/www.linkedin.com\/company\/unieke-uitjes-nl","https:\/\/www.youtube.com\/channel\/UCXwRXFWP_R0kxRAeL79FQfw"]}]}},"_links":{"self":[{"href":"https:\/\/uniekeuitjesborculo.nl\/de\/wp-json\/wp\/v2\/pages\/11722","targetHints":{"allow":["GET"]}}],"collection":[{"href":"https:\/\/uniekeuitjesborculo.nl\/de\/wp-json\/wp\/v2\/pages"}],"about":[{"href":"https:\/\/uniekeuitjesborculo.nl\/de\/wp-json\/wp\/v2\/types\/page"}],"author":[{"embeddable":true,"href":"https:\/\/uniekeuitjesborculo.nl\/de\/wp-json\/wp\/v2\/users\/2"}],"replies":[{"embeddable":true,"href":"https:\/\/uniekeuitjesborculo.nl\/de\/wp-json\/wp\/v2\/comments?post=11722"}],"version-history":[{"count":0,"href":"https:\/\/uniekeuitjesborculo.nl\/de\/wp-json\/wp\/v2\/pages\/11722\/revisions"}],"wp:attachment":[{"href":"https:\/\/uniekeuitjesborculo.nl\/de\/wp-json\/wp\/v2\/media?parent=11722"}],"wp:term":[{"taxonomy":"category","embeddable":true,"href":"https:\/\/uniekeuitjesborculo.nl\/de\/wp-json\/wp\/v2\/categories?post=11722"}],"curies":[{"name":"wp","href":"https:\/\/api.w.org\/{rel}","templated":true}]}}