{"id":11723,"date":"2020-02-08T11:00:09","date_gmt":"2020-02-08T11:00:09","guid":{"rendered":"http:\/\/uniekeuitjesborculo.nl\/ausfluege-bei-schlechtem-wetter\/"},"modified":"2020-02-08T11:00:09","modified_gmt":"2020-02-08T11:00:09","slug":"ausfluege-bei-schlechtem-wetter","status":"publish","type":"page","link":"https:\/\/uniekeuitjesborculo.nl\/de\/ausfluege-bei-schlechtem-wetter\/","title":{"rendered":"Ausfl\u00fcge bei schlechtem Wetter"},"content":{"rendered":"<h2>Ausfl\u00fcge bei schlechtem Wetter<\/h2>\n<p>Ausfl\u00fcge bei schlechtem Wetter, Unique Outings hat die L\u00f6sung, damit Sie auch bei schlechtem Wetter einen unvergesslichen Tag erleben k\u00f6nnen. In der gro\u00dfen Gesch\u00e4ftshalle von Unique Uitjes gibt es viel Platz f\u00fcr verschiedene Indoor-Aktivit\u00e4ten. Wir haben ein sehr vielf\u00e4ltiges Angebot an Indoor-Aktivit\u00e4ten und Ausfl\u00fcgen. Dies ist bei Ihnen vor Ort oder in unseren R\u00e4umlichkeiten m\u00f6glich. Die Ausfl\u00fcge variieren zwischen Spielshows, Indoor-Aktivit\u00e4ten oder Schie\u00dfen mit unseren verschiedenen Waffentypen.<\/p>\n<p>Die Spielshows und Aktivit\u00e4ten sorgen garantiert f\u00fcr einen unvergesslichen Tag. Alle Spielshows werden von einem professionellen und gut gelaunten Moderator begleitet. Die Spielshows, die wir Ihnen anbieten k\u00f6nnen, sind folgende:<\/p>\n<p>&nbsp;<\/p>\n<ul>\n<li class=\"sub-menu-item\"><a href=\"http:\/\/uniekeuitjesborculo.nl\/uitje\/muziek-bingo\/\">Musik-Bingo<\/a><\/li>\n<li class=\"sub-menu-item\"><a href=\"http:\/\/uniekeuitjesborculo.nl\/uitje\/jongens-vs-de-meisjes\/\">Die Jungen gegen die M\u00e4dchen<\/a><\/li>\n<li class=\"sub-menu-item\"><a href=\"http:\/\/uniekeuitjesborculo.nl\/uitje\/ik-hou-van-holland\/\">Ik Hou Van Holland<\/a><\/li>\n<li class=\"sub-menu-item\"><a href=\"http:\/\/uniekeuitjesborculo.nl\/uitje\/muziekquiz\/\">Musik-Quiz<\/a><\/li>\n<li class=\"sub-menu-item\"><a href=\"http:\/\/uniekeuitjesborculo.nl\/uitje\/bingoshow\/\">Bingo-Show<\/a><\/li>\n<li class=\"sub-menu-item\"><a href=\"http:\/\/uniekeuitjesborculo.nl\/uitje\/pub-quiz\/\">Kneipen-Quiz<\/a><\/li>\n<li class=\"sub-menu-item\"><a href=\"http:\/\/uniekeuitjesborculo.nl\/uitje\/casino-avond\/\">Casino-Abend<\/a><\/li>\n<li><a href=\"http:\/\/uniekeuitjesborculo.nl\/uitje\/indoor-en-outdoor-lasergamen-op-locatie\/\">Laser-Spiele<\/a><\/li>\n<li><a href=\"http:\/\/uniekeuitjesborculo.nl\/uitje\/indoor-zeskamp\/\">Hallenhexathlon<\/a><\/li>\n<\/ul>\n<p>&nbsp;<\/p>\n<p>Diese Spielshows und Aktivit\u00e4ten werden nat\u00fcrlich mit professioneller und gut gewarteter Ausr\u00fcstung gespielt. So werden Sie die besten Erfahrungen machen.<\/p>\n<p>&nbsp;<\/p>\n<p>Eine sportliche Aktivit\u00e4t bei schlechtem Wetter? Dies ist nat\u00fcrlich auch bei Unique Outings m\u00f6glich. Wir bieten einen Indoor-Hexathlon an, der bereits komplett f\u00fcr Sie vorbereitet ist. F\u00fcr weitere Informationen \u00fcber den Hallenhexathlon klicken Sie bitte auf <a href=\"http:\/\/uniekeuitjesborculo.nl\/uitje\/indoor-zeskamp\/\">diesen<\/a> Link.<\/p>\n<p>&nbsp;<\/p>\n<p>Unique Outings bietet auch verschiedene Arten von Waffen. Bei schlechtem Wetter ist dies die perfekte Aktivit\u00e4t f\u00fcr einen unvergesslichen Tag. Die f\u00fcr Unique Outings verf\u00fcgbaren Waffentypen:<\/p>\n<p>&nbsp;<\/p>\n<ul>\n<li><a href=\"http:\/\/uniekeuitjesborculo.nl\/uitje\/buksschieten\/\">Luftgewehr &amp; Luftpistole<\/a><\/li>\n<li><a href=\"http:\/\/uniekeuitjesborculo.nl\/uitje\/boogschieten\/\">Handbogen<\/a><\/li>\n<li><a href=\"http:\/\/uniekeuitjesborculo.nl\/uitje\/boog-en-kruisboog\/\">Armbrust<\/a><\/li>\n<li><a href=\"http:\/\/uniekeuitjesborculo.nl\/uitje\/indoor-laser-kleiduifschieten\/\">Laser-Tontaubenschie\u00dfen<\/a><\/li>\n<\/ul>\n<p>&nbsp;<\/p>\n<p>Sie m\u00f6chten mit allen Waffentypen schie\u00dfen? Das ist nat\u00fcrlich auch m\u00f6glich, wir haben ein fertiges Paket f\u00fcr Sie, in dem Sie mit <a href=\"http:\/\/uniekeuitjesborculo.nl\/uitje\/schieten-met-5-wapensoorten\/\">5 verschiedenen Waffentypen<\/a> schie\u00dfen k\u00f6nnen.<\/p>\n<p>&nbsp;<\/p>\n<p>M\u00f6chten Sie trotz des schlechten Wetters die Achterhoek erkunden? Dann haben wir ein elektrisches <a href=\"http:\/\/uniekeuitjesborculo.nl\/uitje\/tuktuk-huren\/\">Tuk Tuk<\/a> f\u00fcr Sie, das mit einer Plane verschlossen werden kann, damit kein Regen ins Innere gelangen kann. Au\u00dferdem haben die Tuk Tuk&#8217;s Sitzheizungen im Fond, so dass Sie warm bleiben und trotzdem die Landschaft genie\u00dfen k\u00f6nnen.<\/p>\n<p>&nbsp;<\/p>\n<p>Wollten Sie schon immer mal Drohnen fliegen? Nat\u00fcrlich ist auch dies bei Unique Outings m\u00f6glich. In der Firmenhalle von Unique Outings gibt es viel Platz, um die Drohne zu fliegen. Dies ist nat\u00fcrlich auch an Ihrem Standort m\u00f6glich (sofern dieser gro\u00df genug ist). Weitere Informationen finden Sie auf der Seite des <a href=\"http:\/\/uniekeuitjesborculo.nl\/uitje\/drone-workshops\/\">Drohnen-Workshops<\/a>.<\/p>\n","protected":false},"excerpt":{"rendered":"<p>Ausfl\u00fcge bei schlechtem Wetter Ausfl\u00fcge bei schlechtem Wetter, Unique Outings hat die L\u00f6sung, damit Sie auch bei schlechtem Wetter einen unvergesslichen Tag erleben k\u00f6nnen. In der gro\u00dfen Gesch\u00e4ftshalle von Unique Uitjes gibt es viel Platz f\u00fcr verschiedene Indoor-Aktivit\u00e4ten. Wir haben ein sehr vielf\u00e4ltiges Angebot an Indoor-Aktivit\u00e4ten und Ausfl\u00fcgen. Dies ist bei Ihnen vor Ort oder [&hellip;]<\/p>\n","protected":false},"author":2,"featured_media":0,"parent":0,"menu_order":0,"comment_status":"closed","ping_status":"closed","template":"","meta":{"_acf_changed":false,"_monsterinsights_skip_tracking":false,"_monsterinsights_sitenote_active":false,"_monsterinsights_sitenote_note":"","_monsterinsights_sitenote_category":0,"footnotes":""},"categories":[],"class_list":["post-11723","page","type-page","status-publish","hentry"],"acf":[],"yoast_head":"<!-- This site is optimized with the Yoast SEO plugin v27.5 - https:\/\/yoast.com\/product\/yoast-seo-wordpress\/ -->\n<title>Ausfl\u00fcge bei schlechtem Wetter - Verschiedene Indoor-Aktivit\u00e4ten<\/title>\n<meta name=\"description\" content=\"Ausfl\u00fcge bei schlechtem Wetter, daf\u00fcr hat Unique Outings die L\u00f6sung. In unserer Gesch\u00e4ftshalle gibt es viel Platz f\u00fcr Indoor-Aktivit\u00e4ten.\" \/>\n<meta name=\"robots\" content=\"index, follow, max-snippet:-1, max-image-preview:large, max-video-preview:-1\" \/>\n<link rel=\"canonical\" href=\"https:\/\/uniekeuitjesborculo.nl\/de\/ausfluege-bei-schlechtem-wetter\/\" \/>\n<meta property=\"og:locale\" content=\"nl_NL\" \/>\n<meta property=\"og:type\" content=\"article\" \/>\n<meta property=\"og:title\" content=\"Ausfl\u00fcge bei schlechtem Wetter - Verschiedene Indoor-Aktivit\u00e4ten\" \/>\n<meta property=\"og:description\" content=\"Ausfl\u00fcge bei schlechtem Wetter, daf\u00fcr hat Unique Outings die L\u00f6sung. In unserer Gesch\u00e4ftshalle gibt es viel Platz f\u00fcr Indoor-Aktivit\u00e4ten.\" \/>\n<meta property=\"og:url\" content=\"https:\/\/uniekeuitjesborculo.nl\/de\/ausfluege-bei-schlechtem-wetter\/\" \/>\n<meta property=\"og:site_name\" content=\"Uniekeuitjes Borculo\" \/>\n<meta property=\"article:publisher\" content=\"https:\/\/www.facebook.com\/uniekeuitjes.nl\" \/>\n<meta name=\"twitter:card\" content=\"summary_large_image\" \/>\n<meta name=\"twitter:label1\" content=\"Geschatte leestijd\" \/>\n\t<meta name=\"twitter:data1\" content=\"2 minuten\" \/>\n<script type=\"application\/ld+json\" class=\"yoast-schema-graph\">{\"@context\":\"https:\\\/\\\/schema.org\",\"@graph\":[{\"@type\":\"WebPage\",\"@id\":\"https:\\\/\\\/uniekeuitjesborculo.nl\\\/de\\\/ausfluege-bei-schlechtem-wetter\\\/\",\"url\":\"https:\\\/\\\/uniekeuitjesborculo.nl\\\/de\\\/ausfluege-bei-schlechtem-wetter\\\/\",\"name\":\"Ausfl\u00fcge bei schlechtem Wetter - Verschiedene Indoor-Aktivit\u00e4ten\",\"isPartOf\":{\"@id\":\"https:\\\/\\\/uniekeuitjesborculo.nl\\\/de\\\/#website\"},\"datePublished\":\"2020-02-08T11:00:09+00:00\",\"description\":\"Ausfl\u00fcge bei schlechtem Wetter, daf\u00fcr hat Unique Outings die L\u00f6sung. In unserer Gesch\u00e4ftshalle gibt es viel Platz f\u00fcr Indoor-Aktivit\u00e4ten.\",\"breadcrumb\":{\"@id\":\"https:\\\/\\\/uniekeuitjesborculo.nl\\\/de\\\/ausfluege-bei-schlechtem-wetter\\\/#breadcrumb\"},\"inLanguage\":\"nl-NL\",\"potentialAction\":[{\"@type\":\"ReadAction\",\"target\":[\"https:\\\/\\\/uniekeuitjesborculo.nl\\\/de\\\/ausfluege-bei-schlechtem-wetter\\\/\"]}]},{\"@type\":\"BreadcrumbList\",\"@id\":\"https:\\\/\\\/uniekeuitjesborculo.nl\\\/de\\\/ausfluege-bei-schlechtem-wetter\\\/#breadcrumb\",\"itemListElement\":[{\"@type\":\"ListItem\",\"position\":1,\"name\":\"Home\",\"item\":\"https:\\\/\\\/uniekeuitjesborculo.nl\\\/de\\\/\"},{\"@type\":\"ListItem\",\"position\":2,\"name\":\"Ausfl\u00fcge bei schlechtem Wetter\"}]},{\"@type\":\"WebSite\",\"@id\":\"https:\\\/\\\/uniekeuitjesborculo.nl\\\/de\\\/#website\",\"url\":\"https:\\\/\\\/uniekeuitjesborculo.nl\\\/de\\\/\",\"name\":\"Uniekeuitjes Borculo\",\"description\":\"Alles voor plezier, verbinding en ontspanning\",\"publisher\":{\"@id\":\"https:\\\/\\\/uniekeuitjesborculo.nl\\\/de\\\/#organization\"},\"potentialAction\":[{\"@type\":\"SearchAction\",\"target\":{\"@type\":\"EntryPoint\",\"urlTemplate\":\"https:\\\/\\\/uniekeuitjesborculo.nl\\\/de\\\/?s={search_term_string}\"},\"query-input\":{\"@type\":\"PropertyValueSpecification\",\"valueRequired\":true,\"valueName\":\"search_term_string\"}}],\"inLanguage\":\"nl-NL\"},{\"@type\":\"Organization\",\"@id\":\"https:\\\/\\\/uniekeuitjesborculo.nl\\\/de\\\/#organization\",\"name\":\"Unieke Uitjes\",\"url\":\"https:\\\/\\\/uniekeuitjesborculo.nl\\\/de\\\/\",\"logo\":{\"@type\":\"ImageObject\",\"inLanguage\":\"nl-NL\",\"@id\":\"https:\\\/\\\/uniekeuitjesborculo.nl\\\/de\\\/#\\\/schema\\\/logo\\\/image\\\/\",\"url\":\"http:\\\/\\\/uniekeuitjesborculo.nl\\\/wp-content\\\/uploads\\\/2019\\\/02\\\/site-login-logo.png\",\"contentUrl\":\"http:\\\/\\\/uniekeuitjesborculo.nl\\\/wp-content\\\/uploads\\\/2019\\\/02\\\/site-login-logo.png\",\"width\":708,\"height\":345,\"caption\":\"Unieke Uitjes\"},\"image\":{\"@id\":\"https:\\\/\\\/uniekeuitjesborculo.nl\\\/de\\\/#\\\/schema\\\/logo\\\/image\\\/\"},\"sameAs\":[\"https:\\\/\\\/www.facebook.com\\\/uniekeuitjes.nl\",\"https:\\\/\\\/www.instagram.com\\\/uniekeuitjes.nl\\\/\",\"https:\\\/\\\/www.linkedin.com\\\/company\\\/unieke-uitjes-nl\",\"https:\\\/\\\/www.youtube.com\\\/channel\\\/UCXwRXFWP_R0kxRAeL79FQfw\"]}]}<\/script>\n<!-- \/ Yoast SEO plugin. -->","yoast_head_json":{"title":"Ausfl\u00fcge bei schlechtem Wetter - Verschiedene Indoor-Aktivit\u00e4ten","description":"Ausfl\u00fcge bei schlechtem Wetter, daf\u00fcr hat Unique Outings die L\u00f6sung. In unserer Gesch\u00e4ftshalle gibt es viel Platz f\u00fcr Indoor-Aktivit\u00e4ten.","robots":{"index":"index","follow":"follow","max-snippet":"max-snippet:-1","max-image-preview":"max-image-preview:large","max-video-preview":"max-video-preview:-1"},"canonical":"https:\/\/uniekeuitjesborculo.nl\/de\/ausfluege-bei-schlechtem-wetter\/","og_locale":"nl_NL","og_type":"article","og_title":"Ausfl\u00fcge bei schlechtem Wetter - Verschiedene Indoor-Aktivit\u00e4ten","og_description":"Ausfl\u00fcge bei schlechtem Wetter, daf\u00fcr hat Unique Outings die L\u00f6sung. In unserer Gesch\u00e4ftshalle gibt es viel Platz f\u00fcr Indoor-Aktivit\u00e4ten.","og_url":"https:\/\/uniekeuitjesborculo.nl\/de\/ausfluege-bei-schlechtem-wetter\/","og_site_name":"Uniekeuitjes Borculo","article_publisher":"https:\/\/www.facebook.com\/uniekeuitjes.nl","twitter_card":"summary_large_image","twitter_misc":{"Geschatte leestijd":"2 minuten"},"schema":{"@context":"https:\/\/schema.org","@graph":[{"@type":"WebPage","@id":"https:\/\/uniekeuitjesborculo.nl\/de\/ausfluege-bei-schlechtem-wetter\/","url":"https:\/\/uniekeuitjesborculo.nl\/de\/ausfluege-bei-schlechtem-wetter\/","name":"Ausfl\u00fcge bei schlechtem Wetter - Verschiedene Indoor-Aktivit\u00e4ten","isPartOf":{"@id":"https:\/\/uniekeuitjesborculo.nl\/de\/#website"},"datePublished":"2020-02-08T11:00:09+00:00","description":"Ausfl\u00fcge bei schlechtem Wetter, daf\u00fcr hat Unique Outings die L\u00f6sung. In unserer Gesch\u00e4ftshalle gibt es viel Platz f\u00fcr Indoor-Aktivit\u00e4ten.","breadcrumb":{"@id":"https:\/\/uniekeuitjesborculo.nl\/de\/ausfluege-bei-schlechtem-wetter\/#breadcrumb"},"inLanguage":"nl-NL","potentialAction":[{"@type":"ReadAction","target":["https:\/\/uniekeuitjesborculo.nl\/de\/ausfluege-bei-schlechtem-wetter\/"]}]},{"@type":"BreadcrumbList","@id":"https:\/\/uniekeuitjesborculo.nl\/de\/ausfluege-bei-schlechtem-wetter\/#breadcrumb","itemListElement":[{"@type":"ListItem","position":1,"name":"Home","item":"https:\/\/uniekeuitjesborculo.nl\/de\/"},{"@type":"ListItem","position":2,"name":"Ausfl\u00fcge bei schlechtem Wetter"}]},{"@type":"WebSite","@id":"https:\/\/uniekeuitjesborculo.nl\/de\/#website","url":"https:\/\/uniekeuitjesborculo.nl\/de\/","name":"Uniekeuitjes Borculo","description":"Alles voor plezier, verbinding en ontspanning","publisher":{"@id":"https:\/\/uniekeuitjesborculo.nl\/de\/#organization"},"potentialAction":[{"@type":"SearchAction","target":{"@type":"EntryPoint","urlTemplate":"https:\/\/uniekeuitjesborculo.nl\/de\/?s={search_term_string}"},"query-input":{"@type":"PropertyValueSpecification","valueRequired":true,"valueName":"search_term_string"}}],"inLanguage":"nl-NL"},{"@type":"Organization","@id":"https:\/\/uniekeuitjesborculo.nl\/de\/#organization","name":"Unieke Uitjes","url":"https:\/\/uniekeuitjesborculo.nl\/de\/","logo":{"@type":"ImageObject","inLanguage":"nl-NL","@id":"https:\/\/uniekeuitjesborculo.nl\/de\/#\/schema\/logo\/image\/","url":"http:\/\/uniekeuitjesborculo.nl\/wp-content\/uploads\/2019\/02\/site-login-logo.png","contentUrl":"http:\/\/uniekeuitjesborculo.nl\/wp-content\/uploads\/2019\/02\/site-login-logo.png","width":708,"height":345,"caption":"Unieke Uitjes"},"image":{"@id":"https:\/\/uniekeuitjesborculo.nl\/de\/#\/schema\/logo\/image\/"},"sameAs":["https:\/\/www.facebook.com\/uniekeuitjes.nl","https:\/\/www.instagram.com\/uniekeuitjes.nl\/","https:\/\/www.linkedin.com\/company\/unieke-uitjes-nl","https:\/\/www.youtube.com\/channel\/UCXwRXFWP_R0kxRAeL79FQfw"]}]}},"_links":{"self":[{"href":"https:\/\/uniekeuitjesborculo.nl\/de\/wp-json\/wp\/v2\/pages\/11723","targetHints":{"allow":["GET"]}}],"collection":[{"href":"https:\/\/uniekeuitjesborculo.nl\/de\/wp-json\/wp\/v2\/pages"}],"about":[{"href":"https:\/\/uniekeuitjesborculo.nl\/de\/wp-json\/wp\/v2\/types\/page"}],"author":[{"embeddable":true,"href":"https:\/\/uniekeuitjesborculo.nl\/de\/wp-json\/wp\/v2\/users\/2"}],"replies":[{"embeddable":true,"href":"https:\/\/uniekeuitjesborculo.nl\/de\/wp-json\/wp\/v2\/comments?post=11723"}],"version-history":[{"count":0,"href":"https:\/\/uniekeuitjesborculo.nl\/de\/wp-json\/wp\/v2\/pages\/11723\/revisions"}],"wp:attachment":[{"href":"https:\/\/uniekeuitjesborculo.nl\/de\/wp-json\/wp\/v2\/media?parent=11723"}],"wp:term":[{"taxonomy":"category","embeddable":true,"href":"https:\/\/uniekeuitjesborculo.nl\/de\/wp-json\/wp\/v2\/categories?post=11723"}],"curies":[{"name":"wp","href":"https:\/\/api.w.org\/{rel}","templated":true}]}}