{"id":11733,"date":"2020-02-22T12:05:46","date_gmt":"2020-02-22T12:05:46","guid":{"rendered":"http:\/\/uniekeuitjesborculo.nl\/cafe-party-mit-getraenkeausschank\/"},"modified":"2020-02-22T12:05:46","modified_gmt":"2020-02-22T12:05:46","slug":"cafe-party-mit-getraenkeausschank","status":"publish","type":"page","link":"https:\/\/uniekeuitjesborculo.nl\/de\/cafe-party-mit-getraenkeausschank\/","title":{"rendered":"Cafe-Party mit Getr\u00e4nkeausschank"},"content":{"rendered":"<h2>Cafe-Party mit Getr\u00e4nkeausschank<\/h2>\n<p>Eine lustige und gem\u00fctliche Party mit Getr\u00e4nkeausschank in der Achterhoek? Nat\u00fcrlich ist auch das bei Unique Outings kein Problem. Wir haben mehrere Partylocations f\u00fcr Sie zur Verf\u00fcgung, so dass Sie nach einem Ausflug zu Unique Uitjes oder einer Kneipenparty sicher sein k\u00f6nnen, eine Location zu finden. Au\u00dferdem bietet Unique Outings auch den Raum f\u00fcr eine Party mit Getr\u00e4nkekauf an. In der Firmenhalle von Unique Outings gibt es einen sehr ger\u00e4umigen Empfangsbereich, zu dem nat\u00fcrlich auch eine Bar geh\u00f6rt. Die verschiedenen Veranstaltungsorte befinden sich in verschiedenen D\u00f6rfern\/St\u00e4dten und sind somit f\u00fcr alle leicht zug\u00e4nglich.<\/p>\n<p>&nbsp;<\/p>\n<h2>\u00dcber die Veranstaltungsorte:<\/h2>\n<h4><a href=\"http:\/\/uniekeuitjesborculo.nl\/\">Barbereich Einzigartige Ausfl\u00fcge<\/a>, Laren<\/h4>\n<p>Nach einem Ausflug bei Unique Outings gibt es die M\u00f6glichkeit, im Empfangsbereich mit Bar in der Business-Halle gleich eine Party mit Getr\u00e4nkeverkauf zu feiern. Dieser ger\u00e4umige Empfangsbereich ist f\u00fcr gro\u00dfe Gruppen geeignet. Bei warmem Wetter kann auch die Veranda genutzt werden.<\/p>\n<p>&nbsp;<\/p>\n<p>&nbsp;<\/p>\n<h4><a href=\"https:\/\/www.bijleo.nl\/\">LEO<\/a>, Lichtenvoorde<\/h4>\n<p>LEO verf\u00fcgt \u00fcber 2 gem\u00fctliche Veranstaltungsr\u00e4ume. Der Raum &#8220;The Lion&#8217;s Den&#8221; bietet Platz f\u00fcr bis zu 40 Personen. Dar\u00fcber hinaus verf\u00fcgen sie \u00fcber den ger\u00e4umigen Saal &#8220;OLEO&#8221;, der 175 Personen fasst und somit viel Platz bietet.<\/p>\n<h4><\/h4>\n<p>&nbsp;<\/p>\n<h4><a href=\"https:\/\/restaurantloo.nl\/\">Loo<\/a>, Loo Bademeister<\/h4>\n<p>Loo hat 1 Halle, n\u00e4mlich &#8220;Halle S\u00fcd&#8221;. Raum S\u00fcd ist ein sch\u00f6ner, warmer Raum, der viele M\u00f6glichkeiten bietet. Es k\u00f6nnen Partys und Versammlungen abgehalten werden und ein Billardtisch steht zur Verf\u00fcgung. Der Saal S\u00fcd bietet Platz f\u00fcr bis zu 60 Personen. Mit Stehtischen k\u00f6nnen Feiern f\u00fcr bis zu 80 Personen abgehalten werden. Au\u00dferdem gibt es eine eigene Toilette und eine Bar, so dass der Raum vollst\u00e4ndig vom Restaurant abgetrennt werden kann.<\/p>\n<p>&nbsp;<\/p>\n<p>&nbsp;<\/p>\n<h4><a href=\"https:\/\/witkamp.com\/\">Witkamp<\/a>, Laren<\/h4>\n<p>Witkamp bietet ein gem\u00fctliches Caf\u00e9 im Zentrum von Laren. Dieses Caf\u00e9 bietet freitags und samstags Partys an, die bis sp\u00e4t in die Nacht gehen. Das Caf\u00e9 wird derzeit vergr\u00f6\u00dfert, so dass noch mehr Menschen hineingehen k\u00f6nnen und es noch gem\u00fctlicher wird.<\/p>\n<p>&nbsp;<\/p>\n<h4><a href=\"https:\/\/www.langenbaergh.nl\/index.html\">Langenbaergh<\/a>, Laren<\/h4>\n<p>Langenbaergh hat ein Caf\u00e9, das im alten Stil eingerichtet ist. Das Restaurant kann in einen gro\u00dfen Ballsaal verwandelt werden. Es gibt auch Platz f\u00fcr eine Band oder einen DJ.<\/p>\n<p>&nbsp;<\/p>\n<h4><a href=\"https:\/\/www.stayokay.com\/nl\/hostel\/gorssel?gclid=EAIaIQobChMIjpLLiIPl5wIVhuh3Ch2FTwprEAAYASAAEgLX8PD_BwE\">StayOkay<\/a>, Gorssel<\/h4>\n<p>Die besondere Immobilie von StayOkay in Gorssel bietet sich nicht nur als Hostel, sondern auch als Partylocation f\u00fcr bis zu 120 Personen an. Dies ist auch in Kombination mit \u00dcbernachtungen m\u00f6glich. Dieses Anwesen war ein altes norwegisches Jagdhaus und ist renoviert worden. Das macht es zu einem einzigartigen Ort f\u00fcr \u00dcbernachtungen und Partys.<\/p>\n<p>&nbsp;<\/p>\n<p>&nbsp;<\/p>\n<h4><a href=\"http:\/\/eetcafe-dehoek.nl\">Eetcafe de Hoek<\/a>, Gorssel<\/h4>\n<p>Eetcafe de hoek in Gorssel hat 1 Raum f\u00fcr bis zu 60 Personen. Veranstalten Sie eine Party mit mehr als 60 Personen? Dann ist das nat\u00fcrlich auch m\u00f6glich. Dieses Caf\u00e9 ist gem\u00fctlich eingerichtet und bietet Platz f\u00fcr viele G\u00e4ste.<\/p>\n<p>&nbsp;<\/p>\n<div class=\"mceTemp\"><\/div>\n<div class=\"mceTemp\"><\/div>\n<p>&nbsp;<\/p>\n<div id=\"attachment_1856\" style=\"width: 371px\" class=\"wp-caption alignnone\"><img loading=\"lazy\" decoding=\"async\" aria-describedby=\"caption-attachment-1856\" class=\"wp-image-1856\" src=\"http:\/\/uniekeuitjesborculo.nl\/wp-content\/uploads\/2020\/02\/StayOkay-1.jpg\" alt=\"StayOkay Gorssel\" width=\"361\" height=\"241\" srcset=\"https:\/\/uniekeuitjesborculo.nl\/wp-content\/uploads\/2020\/02\/StayOkay-1.jpg 1024w, https:\/\/uniekeuitjesborculo.nl\/wp-content\/uploads\/2020\/02\/StayOkay-1-300x200.jpg 300w, https:\/\/uniekeuitjesborculo.nl\/wp-content\/uploads\/2020\/02\/StayOkay-1-768x512.jpg 768w, https:\/\/uniekeuitjesborculo.nl\/wp-content\/uploads\/2020\/02\/StayOkay-1-600x400.jpg 600w\" sizes=\"auto, (max-width: 361px) 100vw, 361px\" \/><p id=\"caption-attachment-1856\" class=\"wp-caption-text\">StayOkay Gorssel<\/p><\/div>\n<p>&nbsp;<\/p>\n<p>&nbsp;<\/p>\n<p>&nbsp;<\/p>\n<p>&nbsp;<\/p>\n","protected":false},"excerpt":{"rendered":"<p>Cafe-Party mit Getr\u00e4nkeausschank Eine lustige und gem\u00fctliche Party mit Getr\u00e4nkeausschank in der Achterhoek? Nat\u00fcrlich ist auch das bei Unique Outings kein Problem. Wir haben mehrere Partylocations f\u00fcr Sie zur Verf\u00fcgung, so dass Sie nach einem Ausflug zu Unique Uitjes oder einer Kneipenparty sicher sein k\u00f6nnen, eine Location zu finden. Au\u00dferdem bietet Unique Outings auch den [&hellip;]<\/p>\n","protected":false},"author":2,"featured_media":0,"parent":0,"menu_order":0,"comment_status":"closed","ping_status":"closed","template":"","meta":{"_acf_changed":false,"_monsterinsights_skip_tracking":false,"_monsterinsights_sitenote_active":false,"_monsterinsights_sitenote_note":"","_monsterinsights_sitenote_category":0,"footnotes":""},"categories":[],"class_list":["post-11733","page","type-page","status-publish","hentry"],"acf":[],"yoast_head":"<!-- This site is optimized with the Yoast SEO plugin v27.5 - https:\/\/yoast.com\/product\/yoast-seo-wordpress\/ -->\n<title>Cafe-Party mit Getr\u00e4nkeausschank - Beenden Sie Ihren Ausflug richtig?<\/title>\n<meta name=\"description\" content=\"Nachdem Sie Ihren Ausflug mit UniqueOuts gemacht haben, oder wollen Sie einfach nur eine Kneipenparty? Nat\u00fcrlich ist auch dies bei UniqueOuts m\u00f6glich.\" \/>\n<meta name=\"robots\" content=\"index, follow, max-snippet:-1, max-image-preview:large, max-video-preview:-1\" \/>\n<link rel=\"canonical\" href=\"https:\/\/uniekeuitjesborculo.nl\/de\/cafe-party-mit-getraenkeausschank\/\" \/>\n<meta property=\"og:locale\" content=\"nl_NL\" \/>\n<meta property=\"og:type\" content=\"article\" \/>\n<meta property=\"og:title\" content=\"Cafe-Party mit Getr\u00e4nkeausschank - Beenden Sie Ihren Ausflug richtig?\" \/>\n<meta property=\"og:description\" content=\"Nachdem Sie Ihren Ausflug mit UniqueOuts gemacht haben, oder wollen Sie einfach nur eine Kneipenparty? Nat\u00fcrlich ist auch dies bei UniqueOuts m\u00f6glich.\" \/>\n<meta property=\"og:url\" content=\"https:\/\/uniekeuitjesborculo.nl\/de\/cafe-party-mit-getraenkeausschank\/\" \/>\n<meta property=\"og:site_name\" content=\"Uniekeuitjes Borculo\" \/>\n<meta property=\"article:publisher\" content=\"https:\/\/www.facebook.com\/uniekeuitjes.nl\" \/>\n<meta property=\"og:image\" content=\"http:\/\/uniekeuitjesborculo.nl\/wp-content\/uploads\/2020\/02\/StayOkay-1.jpg\" \/>\n<meta name=\"twitter:card\" content=\"summary_large_image\" \/>\n<meta name=\"twitter:label1\" content=\"Geschatte leestijd\" \/>\n\t<meta name=\"twitter:data1\" content=\"3 minuten\" \/>\n<script type=\"application\/ld+json\" class=\"yoast-schema-graph\">{\"@context\":\"https:\\\/\\\/schema.org\",\"@graph\":[{\"@type\":\"WebPage\",\"@id\":\"https:\\\/\\\/uniekeuitjesborculo.nl\\\/de\\\/cafe-party-mit-getraenkeausschank\\\/\",\"url\":\"https:\\\/\\\/uniekeuitjesborculo.nl\\\/de\\\/cafe-party-mit-getraenkeausschank\\\/\",\"name\":\"Cafe-Party mit Getr\u00e4nkeausschank - Beenden Sie Ihren Ausflug richtig?\",\"isPartOf\":{\"@id\":\"https:\\\/\\\/uniekeuitjesborculo.nl\\\/de\\\/#website\"},\"primaryImageOfPage\":{\"@id\":\"https:\\\/\\\/uniekeuitjesborculo.nl\\\/de\\\/cafe-party-mit-getraenkeausschank\\\/#primaryimage\"},\"image\":{\"@id\":\"https:\\\/\\\/uniekeuitjesborculo.nl\\\/de\\\/cafe-party-mit-getraenkeausschank\\\/#primaryimage\"},\"thumbnailUrl\":\"http:\\\/\\\/uniekeuitjesborculo.nl\\\/wp-content\\\/uploads\\\/2020\\\/02\\\/StayOkay-1.jpg\",\"datePublished\":\"2020-02-22T12:05:46+00:00\",\"description\":\"Nachdem Sie Ihren Ausflug mit UniqueOuts gemacht haben, oder wollen Sie einfach nur eine Kneipenparty? Nat\u00fcrlich ist auch dies bei UniqueOuts m\u00f6glich.\",\"breadcrumb\":{\"@id\":\"https:\\\/\\\/uniekeuitjesborculo.nl\\\/de\\\/cafe-party-mit-getraenkeausschank\\\/#breadcrumb\"},\"inLanguage\":\"nl-NL\",\"potentialAction\":[{\"@type\":\"ReadAction\",\"target\":[\"https:\\\/\\\/uniekeuitjesborculo.nl\\\/de\\\/cafe-party-mit-getraenkeausschank\\\/\"]}]},{\"@type\":\"ImageObject\",\"inLanguage\":\"nl-NL\",\"@id\":\"https:\\\/\\\/uniekeuitjesborculo.nl\\\/de\\\/cafe-party-mit-getraenkeausschank\\\/#primaryimage\",\"url\":\"http:\\\/\\\/uniekeuitjesborculo.nl\\\/wp-content\\\/uploads\\\/2020\\\/02\\\/StayOkay-1.jpg\",\"contentUrl\":\"http:\\\/\\\/uniekeuitjesborculo.nl\\\/wp-content\\\/uploads\\\/2020\\\/02\\\/StayOkay-1.jpg\"},{\"@type\":\"BreadcrumbList\",\"@id\":\"https:\\\/\\\/uniekeuitjesborculo.nl\\\/de\\\/cafe-party-mit-getraenkeausschank\\\/#breadcrumb\",\"itemListElement\":[{\"@type\":\"ListItem\",\"position\":1,\"name\":\"Home\",\"item\":\"https:\\\/\\\/uniekeuitjesborculo.nl\\\/de\\\/\"},{\"@type\":\"ListItem\",\"position\":2,\"name\":\"Cafe-Party mit Getr\u00e4nkeausschank\"}]},{\"@type\":\"WebSite\",\"@id\":\"https:\\\/\\\/uniekeuitjesborculo.nl\\\/de\\\/#website\",\"url\":\"https:\\\/\\\/uniekeuitjesborculo.nl\\\/de\\\/\",\"name\":\"Uniekeuitjes Borculo\",\"description\":\"Alles voor plezier, verbinding en ontspanning\",\"publisher\":{\"@id\":\"https:\\\/\\\/uniekeuitjesborculo.nl\\\/de\\\/#organization\"},\"potentialAction\":[{\"@type\":\"SearchAction\",\"target\":{\"@type\":\"EntryPoint\",\"urlTemplate\":\"https:\\\/\\\/uniekeuitjesborculo.nl\\\/de\\\/?s={search_term_string}\"},\"query-input\":{\"@type\":\"PropertyValueSpecification\",\"valueRequired\":true,\"valueName\":\"search_term_string\"}}],\"inLanguage\":\"nl-NL\"},{\"@type\":\"Organization\",\"@id\":\"https:\\\/\\\/uniekeuitjesborculo.nl\\\/de\\\/#organization\",\"name\":\"Unieke Uitjes\",\"url\":\"https:\\\/\\\/uniekeuitjesborculo.nl\\\/de\\\/\",\"logo\":{\"@type\":\"ImageObject\",\"inLanguage\":\"nl-NL\",\"@id\":\"https:\\\/\\\/uniekeuitjesborculo.nl\\\/de\\\/#\\\/schema\\\/logo\\\/image\\\/\",\"url\":\"http:\\\/\\\/uniekeuitjesborculo.nl\\\/wp-content\\\/uploads\\\/2019\\\/02\\\/site-login-logo.png\",\"contentUrl\":\"http:\\\/\\\/uniekeuitjesborculo.nl\\\/wp-content\\\/uploads\\\/2019\\\/02\\\/site-login-logo.png\",\"width\":708,\"height\":345,\"caption\":\"Unieke Uitjes\"},\"image\":{\"@id\":\"https:\\\/\\\/uniekeuitjesborculo.nl\\\/de\\\/#\\\/schema\\\/logo\\\/image\\\/\"},\"sameAs\":[\"https:\\\/\\\/www.facebook.com\\\/uniekeuitjes.nl\",\"https:\\\/\\\/www.instagram.com\\\/uniekeuitjes.nl\\\/\",\"https:\\\/\\\/www.linkedin.com\\\/company\\\/unieke-uitjes-nl\",\"https:\\\/\\\/www.youtube.com\\\/channel\\\/UCXwRXFWP_R0kxRAeL79FQfw\"]}]}<\/script>\n<!-- \/ Yoast SEO plugin. -->","yoast_head_json":{"title":"Cafe-Party mit Getr\u00e4nkeausschank - Beenden Sie Ihren Ausflug richtig?","description":"Nachdem Sie Ihren Ausflug mit UniqueOuts gemacht haben, oder wollen Sie einfach nur eine Kneipenparty? Nat\u00fcrlich ist auch dies bei UniqueOuts m\u00f6glich.","robots":{"index":"index","follow":"follow","max-snippet":"max-snippet:-1","max-image-preview":"max-image-preview:large","max-video-preview":"max-video-preview:-1"},"canonical":"https:\/\/uniekeuitjesborculo.nl\/de\/cafe-party-mit-getraenkeausschank\/","og_locale":"nl_NL","og_type":"article","og_title":"Cafe-Party mit Getr\u00e4nkeausschank - Beenden Sie Ihren Ausflug richtig?","og_description":"Nachdem Sie Ihren Ausflug mit UniqueOuts gemacht haben, oder wollen Sie einfach nur eine Kneipenparty? Nat\u00fcrlich ist auch dies bei UniqueOuts m\u00f6glich.","og_url":"https:\/\/uniekeuitjesborculo.nl\/de\/cafe-party-mit-getraenkeausschank\/","og_site_name":"Uniekeuitjes Borculo","article_publisher":"https:\/\/www.facebook.com\/uniekeuitjes.nl","og_image":[{"url":"http:\/\/uniekeuitjesborculo.nl\/wp-content\/uploads\/2020\/02\/StayOkay-1.jpg","type":"","width":"","height":""}],"twitter_card":"summary_large_image","twitter_misc":{"Geschatte leestijd":"3 minuten"},"schema":{"@context":"https:\/\/schema.org","@graph":[{"@type":"WebPage","@id":"https:\/\/uniekeuitjesborculo.nl\/de\/cafe-party-mit-getraenkeausschank\/","url":"https:\/\/uniekeuitjesborculo.nl\/de\/cafe-party-mit-getraenkeausschank\/","name":"Cafe-Party mit Getr\u00e4nkeausschank - Beenden Sie Ihren Ausflug richtig?","isPartOf":{"@id":"https:\/\/uniekeuitjesborculo.nl\/de\/#website"},"primaryImageOfPage":{"@id":"https:\/\/uniekeuitjesborculo.nl\/de\/cafe-party-mit-getraenkeausschank\/#primaryimage"},"image":{"@id":"https:\/\/uniekeuitjesborculo.nl\/de\/cafe-party-mit-getraenkeausschank\/#primaryimage"},"thumbnailUrl":"http:\/\/uniekeuitjesborculo.nl\/wp-content\/uploads\/2020\/02\/StayOkay-1.jpg","datePublished":"2020-02-22T12:05:46+00:00","description":"Nachdem Sie Ihren Ausflug mit UniqueOuts gemacht haben, oder wollen Sie einfach nur eine Kneipenparty? Nat\u00fcrlich ist auch dies bei UniqueOuts m\u00f6glich.","breadcrumb":{"@id":"https:\/\/uniekeuitjesborculo.nl\/de\/cafe-party-mit-getraenkeausschank\/#breadcrumb"},"inLanguage":"nl-NL","potentialAction":[{"@type":"ReadAction","target":["https:\/\/uniekeuitjesborculo.nl\/de\/cafe-party-mit-getraenkeausschank\/"]}]},{"@type":"ImageObject","inLanguage":"nl-NL","@id":"https:\/\/uniekeuitjesborculo.nl\/de\/cafe-party-mit-getraenkeausschank\/#primaryimage","url":"http:\/\/uniekeuitjesborculo.nl\/wp-content\/uploads\/2020\/02\/StayOkay-1.jpg","contentUrl":"http:\/\/uniekeuitjesborculo.nl\/wp-content\/uploads\/2020\/02\/StayOkay-1.jpg"},{"@type":"BreadcrumbList","@id":"https:\/\/uniekeuitjesborculo.nl\/de\/cafe-party-mit-getraenkeausschank\/#breadcrumb","itemListElement":[{"@type":"ListItem","position":1,"name":"Home","item":"https:\/\/uniekeuitjesborculo.nl\/de\/"},{"@type":"ListItem","position":2,"name":"Cafe-Party mit Getr\u00e4nkeausschank"}]},{"@type":"WebSite","@id":"https:\/\/uniekeuitjesborculo.nl\/de\/#website","url":"https:\/\/uniekeuitjesborculo.nl\/de\/","name":"Uniekeuitjes Borculo","description":"Alles voor plezier, verbinding en ontspanning","publisher":{"@id":"https:\/\/uniekeuitjesborculo.nl\/de\/#organization"},"potentialAction":[{"@type":"SearchAction","target":{"@type":"EntryPoint","urlTemplate":"https:\/\/uniekeuitjesborculo.nl\/de\/?s={search_term_string}"},"query-input":{"@type":"PropertyValueSpecification","valueRequired":true,"valueName":"search_term_string"}}],"inLanguage":"nl-NL"},{"@type":"Organization","@id":"https:\/\/uniekeuitjesborculo.nl\/de\/#organization","name":"Unieke Uitjes","url":"https:\/\/uniekeuitjesborculo.nl\/de\/","logo":{"@type":"ImageObject","inLanguage":"nl-NL","@id":"https:\/\/uniekeuitjesborculo.nl\/de\/#\/schema\/logo\/image\/","url":"http:\/\/uniekeuitjesborculo.nl\/wp-content\/uploads\/2019\/02\/site-login-logo.png","contentUrl":"http:\/\/uniekeuitjesborculo.nl\/wp-content\/uploads\/2019\/02\/site-login-logo.png","width":708,"height":345,"caption":"Unieke Uitjes"},"image":{"@id":"https:\/\/uniekeuitjesborculo.nl\/de\/#\/schema\/logo\/image\/"},"sameAs":["https:\/\/www.facebook.com\/uniekeuitjes.nl","https:\/\/www.instagram.com\/uniekeuitjes.nl\/","https:\/\/www.linkedin.com\/company\/unieke-uitjes-nl","https:\/\/www.youtube.com\/channel\/UCXwRXFWP_R0kxRAeL79FQfw"]}]}},"_links":{"self":[{"href":"https:\/\/uniekeuitjesborculo.nl\/de\/wp-json\/wp\/v2\/pages\/11733","targetHints":{"allow":["GET"]}}],"collection":[{"href":"https:\/\/uniekeuitjesborculo.nl\/de\/wp-json\/wp\/v2\/pages"}],"about":[{"href":"https:\/\/uniekeuitjesborculo.nl\/de\/wp-json\/wp\/v2\/types\/page"}],"author":[{"embeddable":true,"href":"https:\/\/uniekeuitjesborculo.nl\/de\/wp-json\/wp\/v2\/users\/2"}],"replies":[{"embeddable":true,"href":"https:\/\/uniekeuitjesborculo.nl\/de\/wp-json\/wp\/v2\/comments?post=11733"}],"version-history":[{"count":0,"href":"https:\/\/uniekeuitjesborculo.nl\/de\/wp-json\/wp\/v2\/pages\/11733\/revisions"}],"wp:attachment":[{"href":"https:\/\/uniekeuitjesborculo.nl\/de\/wp-json\/wp\/v2\/media?parent=11733"}],"wp:term":[{"taxonomy":"category","embeddable":true,"href":"https:\/\/uniekeuitjesborculo.nl\/de\/wp-json\/wp\/v2\/categories?post=11733"}],"curies":[{"name":"wp","href":"https:\/\/api.w.org\/{rel}","templated":true}]}}