{"id":11741,"date":"2021-05-25T12:48:59","date_gmt":"2021-05-25T12:48:59","guid":{"rendered":"http:\/\/uniekeuitjesborculo.nl\/ausfluege-in-hummelo\/"},"modified":"2021-05-25T12:48:59","modified_gmt":"2021-05-25T12:48:59","slug":"ausfluege-in-hummelo","status":"publish","type":"page","link":"https:\/\/uniekeuitjesborculo.nl\/de\/ausfluege-in-hummelo\/","title":{"rendered":"Ausfl\u00fcge in Hummelo"},"content":{"rendered":"<h2>Einzigartige Ausfl\u00fcge in Hummelo<\/h2>\n<p>In der wundersch\u00f6nen Landschaft rund um Hummelo k\u00f6nnen Sie Touren auf <a href=\"http:\/\/uniekeuitjesborculo.nl\/uitje\/solex-huren\/\">Solex<\/a>, <a href=\"http:\/\/uniekeuitjesborculo.nl\/uitje\/trigger-huren\/\">Trigger<\/a> oder <a href=\"http:\/\/uniekeuitjesborculo.nl\/uitje\/tandem-cruiser\/\">Tandems<\/a> unternehmen. Sie k\u00f6nnen die wundersch\u00f6ne Landschaft von Hummelo auch mit einem <a href=\"http:\/\/uniekeuitjesborculo.nl\/uitje\/tuktuk-huren\/\">TukTuk<\/a> oder mit den <a href=\"http:\/\/uniekeuitjesborculo.nl\/uitje\/echopper-elektrische-scooter-huren\/\">E-Choppern<\/a> erkunden. Unique Outings bietet verschiedene Aktivit\u00e4ten vor Ort an, wie zum Beispiel einen <a href=\"http:\/\/uniekeuitjesborculo.nl\/uitje\/stormbaan-huren-unieke-uitjes\/\">Parcours<\/a> oder eine <a href=\"http:\/\/uniekeuitjesborculo.nl\/uitje\/overdekt-springkussen-piraat-huren\/\">H\u00fcpfburg<\/a>. Unique Outings kann vor Ort verschiedene Fahrzeuge anbieten, um die wundersch\u00f6ne Umgebung von Hummelo zu erkunden und die abwechslungsreiche Natur zu genie\u00dfen.<\/p>\n<p>Wir bieten auch verschiedene Aktivit\u00e4ten und Spielshows in Hummelo an. Denken Sie zum Beispiel an einen <a href=\"http:\/\/uniekeuitjesborculo.nl\/uitje\/grote-zeskamp\/\">Hexathlon<\/a>, <a href=\"http:\/\/uniekeuitjesborculo.nl\/uitje\/jongens-vs-de-meisjes\/\">Jungen gegen M\u00e4dchen<\/a> oder das <a href=\"http:\/\/uniekeuitjesborculo.nl\/uitje\/scherpschutters-arrangement\/\">Schie\u00dfen mit unseren verschiedenen Waffentypen<\/a>.<\/p>\n<p>&nbsp;<\/p>\n<p>&nbsp;<\/p>\n<h2><strong>\u00dcber unseren Start- und\/oder Zielpunkt in Hummelo<\/strong><\/h2>\n<p>Wir arbeiten mit <a href=\"https:\/\/wapenvanheeckeren.nl\/\">The Arms of Heeckeren<\/a> zusammen. In Hummelo und Umgebung ist Het Wapen van Heeckeren ein Begriff. Das Restaurant hat eine Speisekarte mit europ\u00e4isch inspirierten Gerichten. Es ist wundersch\u00f6n gelegen, mitten in der Region Achterhoek.<\/p>\n<p>&nbsp;<\/p>\n<p>&nbsp;<\/p>\n<p>Hinweis: Sind Sie mit einer kleinen Gruppe unterwegs und suchen nach einer lustigen Aktivit\u00e4t, wie z.B. E-Chopper fahren oder ein TukTuk mieten? Dann willkommen bei Unique Outings in Laren Gelderland.<\/p>\n<p>&nbsp;<\/p>\n<h2>Ausfl\u00fcge in Hummelo<\/h2>\n<p>Ausfl\u00fcge in Hummelo: <b>Hummelo<\/b> ist eine ehemalige niederl\u00e4ndische Gemeinde und ein Dorf in der Gemeinde Bronckhorst in der Region Achterhoek in der Provinz Gelderland. Das Dorf ist gem\u00fctlich, kleinr\u00e4umig und rein. Sieben Objekte sind als nationale Denkm\u00e4ler und sieben weitere als kommunale Denkm\u00e4ler eingestuft. Das Dorf selbst ist zwar nicht allzu gro\u00df, aber es gibt immer etwas zu tun.<\/p>\n<p>&nbsp;<\/p>\n<h3>Einzigartige Ausfl\u00fcge<\/h3>\n<p>Von unserem Besuchsort aus k\u00f6nnen wir die folgenden individuellen Aktivit\u00e4ten anbieten (dies ist nur ein Auszug aus unserem Gesamtangebot). Auf Wunsch k\u00f6nnen wir auch pr\u00fcfen, was bei Ihnen vor Ort m\u00f6glich ist.<\/p>\n<ul>\n<li><a href=\"http:\/\/uniekeuitjesborculo.nl\/uitje\/solex-huren-solexverhuur\/\">Solex mieten<\/a><\/li>\n<li><a href=\"http:\/\/uniekeuitjesborculo.nl\/uitje\/echopper-huren\/\">E-Chopper fahren<\/a><\/li>\n<li><a href=\"http:\/\/uniekeuitjesborculo.nl\/uitje\/tandem-cruiser\/\">Tandem-Touren<\/a><\/li>\n<li><a href=\"http:\/\/uniekeuitjesborculo.nl\/uitje\/tuktuk-huren\/\">TukTuk&#8217;s<\/a> oder <a href=\"http:\/\/uniekeuitjesborculo.nl\/uitje\/trigger-huren\/\">Trigger<\/a> fahren<\/li>\n<li><a href=\"http:\/\/uniekeuitjesborculo.nl\/uitje\/skeltertreinen-groepsfietsen\/\">Skelter-Z\u00fcge<\/a><\/li>\n<li><a href=\"http:\/\/uniekeuitjesborculo.nl\/uitje\/boog-en-kruisboog\/\">Bogenschie\u00dfen und Armbrustschie\u00dfen<\/a><\/li>\n<li><a href=\"http:\/\/uniekeuitjesborculo.nl\/uitje\/buksschieten\/\">Schie\u00dfen mit Flinte oder Luftgewehr<\/a><\/li>\n<li><a href=\"http:\/\/uniekeuitjesborculo.nl\/uitje\/schieten-met-5-wapensoorten\/\">Werkst\u00e4tten mit 5 Waffentypen<\/a><\/li>\n<li>Sechs Camps, <a href=\"http:\/\/uniekeuitjesborculo.nl\/uitje\/indoor-zeskamp\/\">drinnen<\/a> oder <a href=\"http:\/\/uniekeuitjesborculo.nl\/uitje\/grote-zeskamp\/\">drau\u00dfen<\/a><\/li>\n<li><a href=\"http:\/\/uniekeuitjesborculo.nl\/spelshows\/\">Spielshows<\/a> und <a href=\"http:\/\/uniekeuitjesborculo.nl\/uitje\/casino-avond\/\">Casino-Abende<\/a><\/li>\n<li>ein <a href=\"http:\/\/uniekeuitjesborculo.nl\/uitje\/pubquiz\/\">Kneipenquiz<\/a>, <a href=\"http:\/\/uniekeuitjesborculo.nl\/uitje\/muziekquiz\/\">Musikquiz<\/a> oder <a href=\"http:\/\/uniekeuitjesborculo.nl\/uitje\/bingoshow\/\">Bingo<\/a><\/li>\n<li><a href=\"http:\/\/uniekeuitjesborculo.nl\/uitje\/straatgolf-of-boerengolf\/\">Bauerngolf<\/a> und <a href=\"http:\/\/uniekeuitjesborculo.nl\/uitje\/klootschieten\/\">Bogenschie\u00dfen<\/a><\/li>\n<li><a href=\"http:\/\/uniekeuitjesborculo.nl\/uitje\/indoor-en-outdoor-lasergamen-op-locatie\/\">Laser-Spiele<\/a><\/li>\n<\/ul>\n<p>&nbsp;<\/p>\n<p>&nbsp;<\/p>\n<p><strong>Kontaktieren Sie uns, um alle M\u00f6glichkeiten f\u00fcr Ausfl\u00fcge und Aktivit\u00e4ten zu besprechen.  <\/strong><\/p>\n","protected":false},"excerpt":{"rendered":"<p>Einzigartige Ausfl\u00fcge in Hummelo In der wundersch\u00f6nen Landschaft rund um Hummelo k\u00f6nnen Sie Touren auf Solex, Trigger oder Tandems unternehmen. Sie k\u00f6nnen die wundersch\u00f6ne Landschaft von Hummelo auch mit einem TukTuk oder mit den E-Choppern erkunden. Unique Outings bietet verschiedene Aktivit\u00e4ten vor Ort an, wie zum Beispiel einen Parcours oder eine H\u00fcpfburg. Unique Outings kann [&hellip;]<\/p>\n","protected":false},"author":2,"featured_media":0,"parent":0,"menu_order":0,"comment_status":"closed","ping_status":"closed","template":"","meta":{"_acf_changed":false,"_monsterinsights_skip_tracking":false,"_monsterinsights_sitenote_active":false,"_monsterinsights_sitenote_note":"","_monsterinsights_sitenote_category":0,"footnotes":""},"categories":[73],"class_list":["post-11741","page","type-page","status-publish","hentry","category-zielseite"],"acf":[],"yoast_head":"<!-- This site is optimized with the Yoast SEO plugin v27.5 - https:\/\/yoast.com\/product\/yoast-seo-wordpress\/ -->\n<title>Ausfl\u00fcge in Hummelo - f\u00fcr die besten Ausfl\u00fcge in der Achterhoek!<\/title>\n<meta name=\"description\" content=\"Ausfl\u00fcge in Hummelo komplett organisiert von Unique Outings! Suchst du einen Rollerverleih oder sogar ein Hexenlager? Wenn ja, z\u00f6gern Sie nicht, uns anzurufen.\" \/>\n<meta name=\"robots\" content=\"index, follow, max-snippet:-1, max-image-preview:large, max-video-preview:-1\" \/>\n<link rel=\"canonical\" href=\"https:\/\/uniekeuitjesborculo.nl\/de\/ausfluege-in-hummelo\/\" \/>\n<meta property=\"og:locale\" content=\"nl_NL\" \/>\n<meta property=\"og:type\" content=\"article\" \/>\n<meta property=\"og:title\" content=\"Ausfl\u00fcge in Hummelo - f\u00fcr die besten Ausfl\u00fcge in der Achterhoek!\" \/>\n<meta property=\"og:description\" content=\"Ausfl\u00fcge in Hummelo komplett organisiert von Unique Outings! Suchst du einen Rollerverleih oder sogar ein Hexenlager? Wenn ja, z\u00f6gern Sie nicht, uns anzurufen.\" \/>\n<meta property=\"og:url\" content=\"https:\/\/uniekeuitjesborculo.nl\/de\/ausfluege-in-hummelo\/\" \/>\n<meta property=\"og:site_name\" content=\"Uniekeuitjes Borculo\" \/>\n<meta property=\"article:publisher\" content=\"https:\/\/www.facebook.com\/uniekeuitjes.nl\" \/>\n<meta name=\"twitter:card\" content=\"summary_large_image\" \/>\n<meta name=\"twitter:label1\" content=\"Geschatte leestijd\" \/>\n\t<meta name=\"twitter:data1\" content=\"2 minuten\" \/>\n<script type=\"application\/ld+json\" class=\"yoast-schema-graph\">{\"@context\":\"https:\\\/\\\/schema.org\",\"@graph\":[{\"@type\":\"WebPage\",\"@id\":\"https:\\\/\\\/uniekeuitjesborculo.nl\\\/de\\\/ausfluege-in-hummelo\\\/\",\"url\":\"https:\\\/\\\/uniekeuitjesborculo.nl\\\/de\\\/ausfluege-in-hummelo\\\/\",\"name\":\"Ausfl\u00fcge in Hummelo - f\u00fcr die besten Ausfl\u00fcge in der Achterhoek!\",\"isPartOf\":{\"@id\":\"https:\\\/\\\/uniekeuitjesborculo.nl\\\/de\\\/#website\"},\"datePublished\":\"2021-05-25T12:48:59+00:00\",\"description\":\"Ausfl\u00fcge in Hummelo komplett organisiert von Unique Outings! Suchst du einen Rollerverleih oder sogar ein Hexenlager? Wenn ja, z\u00f6gern Sie nicht, uns anzurufen.\",\"breadcrumb\":{\"@id\":\"https:\\\/\\\/uniekeuitjesborculo.nl\\\/de\\\/ausfluege-in-hummelo\\\/#breadcrumb\"},\"inLanguage\":\"nl-NL\",\"potentialAction\":[{\"@type\":\"ReadAction\",\"target\":[\"https:\\\/\\\/uniekeuitjesborculo.nl\\\/de\\\/ausfluege-in-hummelo\\\/\"]}]},{\"@type\":\"BreadcrumbList\",\"@id\":\"https:\\\/\\\/uniekeuitjesborculo.nl\\\/de\\\/ausfluege-in-hummelo\\\/#breadcrumb\",\"itemListElement\":[{\"@type\":\"ListItem\",\"position\":1,\"name\":\"Home\",\"item\":\"https:\\\/\\\/uniekeuitjesborculo.nl\\\/de\\\/\"},{\"@type\":\"ListItem\",\"position\":2,\"name\":\"Ausfl\u00fcge in Hummelo\"}]},{\"@type\":\"WebSite\",\"@id\":\"https:\\\/\\\/uniekeuitjesborculo.nl\\\/de\\\/#website\",\"url\":\"https:\\\/\\\/uniekeuitjesborculo.nl\\\/de\\\/\",\"name\":\"Uniekeuitjes Borculo\",\"description\":\"Alles voor plezier, verbinding en ontspanning\",\"publisher\":{\"@id\":\"https:\\\/\\\/uniekeuitjesborculo.nl\\\/de\\\/#organization\"},\"potentialAction\":[{\"@type\":\"SearchAction\",\"target\":{\"@type\":\"EntryPoint\",\"urlTemplate\":\"https:\\\/\\\/uniekeuitjesborculo.nl\\\/de\\\/?s={search_term_string}\"},\"query-input\":{\"@type\":\"PropertyValueSpecification\",\"valueRequired\":true,\"valueName\":\"search_term_string\"}}],\"inLanguage\":\"nl-NL\"},{\"@type\":\"Organization\",\"@id\":\"https:\\\/\\\/uniekeuitjesborculo.nl\\\/de\\\/#organization\",\"name\":\"Unieke Uitjes\",\"url\":\"https:\\\/\\\/uniekeuitjesborculo.nl\\\/de\\\/\",\"logo\":{\"@type\":\"ImageObject\",\"inLanguage\":\"nl-NL\",\"@id\":\"https:\\\/\\\/uniekeuitjesborculo.nl\\\/de\\\/#\\\/schema\\\/logo\\\/image\\\/\",\"url\":\"http:\\\/\\\/uniekeuitjesborculo.nl\\\/wp-content\\\/uploads\\\/2019\\\/02\\\/site-login-logo.png\",\"contentUrl\":\"http:\\\/\\\/uniekeuitjesborculo.nl\\\/wp-content\\\/uploads\\\/2019\\\/02\\\/site-login-logo.png\",\"width\":708,\"height\":345,\"caption\":\"Unieke Uitjes\"},\"image\":{\"@id\":\"https:\\\/\\\/uniekeuitjesborculo.nl\\\/de\\\/#\\\/schema\\\/logo\\\/image\\\/\"},\"sameAs\":[\"https:\\\/\\\/www.facebook.com\\\/uniekeuitjes.nl\",\"https:\\\/\\\/www.instagram.com\\\/uniekeuitjes.nl\\\/\",\"https:\\\/\\\/www.linkedin.com\\\/company\\\/unieke-uitjes-nl\",\"https:\\\/\\\/www.youtube.com\\\/channel\\\/UCXwRXFWP_R0kxRAeL79FQfw\"]}]}<\/script>\n<!-- \/ Yoast SEO plugin. -->","yoast_head_json":{"title":"Ausfl\u00fcge in Hummelo - f\u00fcr die besten Ausfl\u00fcge in der Achterhoek!","description":"Ausfl\u00fcge in Hummelo komplett organisiert von Unique Outings! Suchst du einen Rollerverleih oder sogar ein Hexenlager? Wenn ja, z\u00f6gern Sie nicht, uns anzurufen.","robots":{"index":"index","follow":"follow","max-snippet":"max-snippet:-1","max-image-preview":"max-image-preview:large","max-video-preview":"max-video-preview:-1"},"canonical":"https:\/\/uniekeuitjesborculo.nl\/de\/ausfluege-in-hummelo\/","og_locale":"nl_NL","og_type":"article","og_title":"Ausfl\u00fcge in Hummelo - f\u00fcr die besten Ausfl\u00fcge in der Achterhoek!","og_description":"Ausfl\u00fcge in Hummelo komplett organisiert von Unique Outings! Suchst du einen Rollerverleih oder sogar ein Hexenlager? Wenn ja, z\u00f6gern Sie nicht, uns anzurufen.","og_url":"https:\/\/uniekeuitjesborculo.nl\/de\/ausfluege-in-hummelo\/","og_site_name":"Uniekeuitjes Borculo","article_publisher":"https:\/\/www.facebook.com\/uniekeuitjes.nl","twitter_card":"summary_large_image","twitter_misc":{"Geschatte leestijd":"2 minuten"},"schema":{"@context":"https:\/\/schema.org","@graph":[{"@type":"WebPage","@id":"https:\/\/uniekeuitjesborculo.nl\/de\/ausfluege-in-hummelo\/","url":"https:\/\/uniekeuitjesborculo.nl\/de\/ausfluege-in-hummelo\/","name":"Ausfl\u00fcge in Hummelo - f\u00fcr die besten Ausfl\u00fcge in der Achterhoek!","isPartOf":{"@id":"https:\/\/uniekeuitjesborculo.nl\/de\/#website"},"datePublished":"2021-05-25T12:48:59+00:00","description":"Ausfl\u00fcge in Hummelo komplett organisiert von Unique Outings! Suchst du einen Rollerverleih oder sogar ein Hexenlager? Wenn ja, z\u00f6gern Sie nicht, uns anzurufen.","breadcrumb":{"@id":"https:\/\/uniekeuitjesborculo.nl\/de\/ausfluege-in-hummelo\/#breadcrumb"},"inLanguage":"nl-NL","potentialAction":[{"@type":"ReadAction","target":["https:\/\/uniekeuitjesborculo.nl\/de\/ausfluege-in-hummelo\/"]}]},{"@type":"BreadcrumbList","@id":"https:\/\/uniekeuitjesborculo.nl\/de\/ausfluege-in-hummelo\/#breadcrumb","itemListElement":[{"@type":"ListItem","position":1,"name":"Home","item":"https:\/\/uniekeuitjesborculo.nl\/de\/"},{"@type":"ListItem","position":2,"name":"Ausfl\u00fcge in Hummelo"}]},{"@type":"WebSite","@id":"https:\/\/uniekeuitjesborculo.nl\/de\/#website","url":"https:\/\/uniekeuitjesborculo.nl\/de\/","name":"Uniekeuitjes Borculo","description":"Alles voor plezier, verbinding en ontspanning","publisher":{"@id":"https:\/\/uniekeuitjesborculo.nl\/de\/#organization"},"potentialAction":[{"@type":"SearchAction","target":{"@type":"EntryPoint","urlTemplate":"https:\/\/uniekeuitjesborculo.nl\/de\/?s={search_term_string}"},"query-input":{"@type":"PropertyValueSpecification","valueRequired":true,"valueName":"search_term_string"}}],"inLanguage":"nl-NL"},{"@type":"Organization","@id":"https:\/\/uniekeuitjesborculo.nl\/de\/#organization","name":"Unieke Uitjes","url":"https:\/\/uniekeuitjesborculo.nl\/de\/","logo":{"@type":"ImageObject","inLanguage":"nl-NL","@id":"https:\/\/uniekeuitjesborculo.nl\/de\/#\/schema\/logo\/image\/","url":"http:\/\/uniekeuitjesborculo.nl\/wp-content\/uploads\/2019\/02\/site-login-logo.png","contentUrl":"http:\/\/uniekeuitjesborculo.nl\/wp-content\/uploads\/2019\/02\/site-login-logo.png","width":708,"height":345,"caption":"Unieke Uitjes"},"image":{"@id":"https:\/\/uniekeuitjesborculo.nl\/de\/#\/schema\/logo\/image\/"},"sameAs":["https:\/\/www.facebook.com\/uniekeuitjes.nl","https:\/\/www.instagram.com\/uniekeuitjes.nl\/","https:\/\/www.linkedin.com\/company\/unieke-uitjes-nl","https:\/\/www.youtube.com\/channel\/UCXwRXFWP_R0kxRAeL79FQfw"]}]}},"_links":{"self":[{"href":"https:\/\/uniekeuitjesborculo.nl\/de\/wp-json\/wp\/v2\/pages\/11741","targetHints":{"allow":["GET"]}}],"collection":[{"href":"https:\/\/uniekeuitjesborculo.nl\/de\/wp-json\/wp\/v2\/pages"}],"about":[{"href":"https:\/\/uniekeuitjesborculo.nl\/de\/wp-json\/wp\/v2\/types\/page"}],"author":[{"embeddable":true,"href":"https:\/\/uniekeuitjesborculo.nl\/de\/wp-json\/wp\/v2\/users\/2"}],"replies":[{"embeddable":true,"href":"https:\/\/uniekeuitjesborculo.nl\/de\/wp-json\/wp\/v2\/comments?post=11741"}],"version-history":[{"count":0,"href":"https:\/\/uniekeuitjesborculo.nl\/de\/wp-json\/wp\/v2\/pages\/11741\/revisions"}],"wp:attachment":[{"href":"https:\/\/uniekeuitjesborculo.nl\/de\/wp-json\/wp\/v2\/media?parent=11741"}],"wp:term":[{"taxonomy":"category","embeddable":true,"href":"https:\/\/uniekeuitjesborculo.nl\/de\/wp-json\/wp\/v2\/categories?post=11741"}],"curies":[{"name":"wp","href":"https:\/\/api.w.org\/{rel}","templated":true}]}}