{"id":11748,"date":"2019-12-28T10:49:01","date_gmt":"2019-12-28T10:49:01","guid":{"rendered":"http:\/\/uniekeuitjesborculo.nl\/aktivitaeten-und-ausfluege-in-der-achterhoek\/"},"modified":"2019-12-28T10:49:01","modified_gmt":"2019-12-28T10:49:01","slug":"aktivitaeten-und-ausfluege-in-der-achterhoek","status":"publish","type":"page","link":"https:\/\/uniekeuitjesborculo.nl\/de\/aktivitaeten-und-ausfluege-in-der-achterhoek\/","title":{"rendered":"Aktivit\u00e4ten und Ausfl\u00fcge in der Achterhoek"},"content":{"rendered":"<h2>Aktivit\u00e4ten und Ausfl\u00fcge in der Achterhoek<\/h2>\n<p>Unique Outings bietet zahlreiche Aktivit\u00e4ten und Ausfl\u00fcge in der Region Achterhoek an. Die Achterhoek ist eine Region in der Provinz Gelderland und eine der sch\u00f6nsten Gegenden in den Niederlanden. Unique Outings bietet seit kurzem einen <a href=\"http:\/\/uniekeuitjesborculo.nl\/uitje\/kanoverhuur\/\">Kanuverleih<\/a> an. Mit unseren sch\u00f6nen Kanus k\u00f6nnen Sie die Fl\u00fcsse und B\u00e4che in der Achterhoek erkunden. Wir bieten mehrere Routen in dieser sch\u00f6nen Region an. Alle Bootsrouten in der Achterhoek finden Sie unter <a href=\"http:\/\/www.kanoverhuuroost.nl\/vaarroutes\/index.html\">Kanoverhuur Oost<\/a>.<\/p>\n<p>&nbsp;<\/p>\n<h3>Elektro-Roller<\/h3>\n<p>Seit kurzem k\u00f6nnen wir uns stolze Besitzer von 35 neuen Elektrorollern (e-Choppers) nennen. M\u00f6chten Sie die Achterhoek mit einem supercoolen <a href=\"http:\/\/uniekeuitjesborculo.nl\/uitje\/echopper-elektrische-scooter-huren\/\">E-Chopper<\/a> erkunden? Dies ist auch bei Unique Outings m\u00f6glich. Wenn Sie die E-Chopper mieten, k\u00f6nnen Sie zwischen einer 1,5-st\u00fcndigen oder 3-st\u00fcndigen Fahrt w\u00e4hlen und erhalten eine kostenlose Route dazu. Wir haben auch mehrere andere Transportmittel. Zum Beispiel:<\/p>\n<ul>\n<li><a href=\"http:\/\/uniekeuitjesborculo.nl\/uitje\/tuktuk-huren\/\">TukTuk&#8217;s<\/a><\/li>\n<li><a href=\"http:\/\/uniekeuitjesborculo.nl\/uitje\/solex-huren\/\">Solexes<\/a><\/li>\n<li><a href=\"http:\/\/uniekeuitjesborculo.nl\/uitje\/echopper-elektrische-scooter-huren\/\">E-Choppers<\/a><\/li>\n<li><a href=\"http:\/\/uniekeuitjesborculo.nl\/uitje\/kanoverhuur\/\">Kanus<\/a><\/li>\n<li><a href=\"http:\/\/uniekeuitjesborculo.nl\/uitje\/trigger-huren\/\">Ausl\u00f6ser<\/a><\/li>\n<\/ul>\n<h3><\/h3>\n<p>&nbsp;<\/p>\n<h3>Indoor-Spielshows<\/h3>\n<p>Unique Uitjes bietet auch eine gro\u00dfe Auswahl an verschiedenen Spielshows mit professioneller Betreuung. Wir bieten u.a.:<\/p>\n<ul>\n<li class=\"sub-menu-item\"><a href=\"http:\/\/uniekeuitjesborculo.nl\/uitje\/muziek-bingo\/\">Musik-Bingo<\/a><\/li>\n<li class=\"sub-menu-item\"><a href=\"http:\/\/uniekeuitjesborculo.nl\/uitje\/jongens-vs-de-meisjes\/\">Die Jungen gegen die M\u00e4dchen<\/a><\/li>\n<li class=\"sub-menu-item\"><a href=\"http:\/\/uniekeuitjesborculo.nl\/uitje\/ik-hou-van-holland\/\">Ik Hou Van Holland<\/a><\/li>\n<li class=\"sub-menu-item\"><a href=\"http:\/\/uniekeuitjesborculo.nl\/uitje\/muziekquiz\/\">Musik-Quiz<\/a><\/li>\n<li class=\"sub-menu-item\"><a href=\"http:\/\/uniekeuitjesborculo.nl\/uitje\/bingoshow\/\">Bingo-Show<\/a><\/li>\n<li class=\"sub-menu-item\"><a href=\"http:\/\/uniekeuitjesborculo.nl\/uitje\/pub-quiz\/\">Kneipenquiz<\/a><\/li>\n<li class=\"sub-menu-item\"><a href=\"http:\/\/uniekeuitjesborculo.nl\/uitje\/casino-avond\/\">Casino-Abend<\/a><\/li>\n<\/ul>\n<p>Diese Spiele sorgen garantiert f\u00fcr viel Spa\u00df und Geselligkeit und d\u00fcrfen daher bei einem Betriebsausflug, einem Teamfest, einem Freundesabend usw. nicht fehlen.<\/p>\n<p>&nbsp;<\/p>\n<h3>Verschiedene Arme von UniqueOuts<\/h3>\n<p>Unique Outings bietet auch viele Waffentypen wie Armbr\u00fcste, Handb\u00f6gen, Luftpistolen, Gewehre und Blasrohre. Wir bieten auch <a href=\"http:\/\/uniekeuitjesborculo.nl\/uitje\/indoor-laser-kleiduifschieten\/\">Laser-Tontaubenschie\u00dfen<\/a> an, sowohl drinnen als auch drau\u00dfen. Das Schie\u00dfen mit den verschiedenen Waffen kann in unserer Halle, im Freien oder bei Ihnen vor Ort durchgef\u00fchrt werden. Wir bieten auch ein Paket an, bei dem Sie mit bis zu <a href=\"http:\/\/uniekeuitjesborculo.nl\/uitje\/schieten-met-5-wapensoorten\/\">5 verschiedenen Waffentypen<\/a> schie\u00dfen k\u00f6nnen! Sie bevorzugen eine Partie <a href=\"http:\/\/uniekeuitjesborculo.nl\/uitje\/indoor-en-outdoor-lasergamen-op-locatie\/\">Laser-Tag<\/a>? Auch das ist bei Unique Outings m\u00f6glich!<\/p>\n<p>&nbsp;<\/p>\n<h3><strong>Lagerhaus<\/strong><\/h3>\n<p>Unser Standort in Laren (GLD) befindet sich in der Region Achterhoek. Hier finden Sie alle Ihre Aktivit\u00e4ten f\u00fcr drinnen und drau\u00dfen. Dieses Grundst\u00fcck ist nicht weniger als 1.000 m\u00b2 gro\u00df und bietet Ihnen den n\u00f6tigen Platz f\u00fcr Ihre Aktivit\u00e4ten. Wir haben auch einen sehr sch\u00f6nen und gro\u00dfen Empfangsbereich, in dem Sie sich nach Ihrem Ausflug entspannen k\u00f6nnen, vielleicht bei einem Snack und einem Getr\u00e4nk.<\/p>\n<p><img loading=\"lazy\" decoding=\"async\" class=\" wp-image-1621\" src=\"http:\/\/uniekeuitjesborculo.nl\/wp-content\/uploads\/2019\/12\/Collage-nieuwe-pand-1024x768.jpg\" alt=\"UniqueOuts Geb\u00e4ude\" width=\"555\" height=\"417\" srcset=\"https:\/\/uniekeuitjesborculo.nl\/wp-content\/uploads\/2019\/12\/Collage-nieuwe-pand-scaled.jpg 1024w, https:\/\/uniekeuitjesborculo.nl\/wp-content\/uploads\/2019\/12\/Collage-nieuwe-pand-300x225.jpg 300w, https:\/\/uniekeuitjesborculo.nl\/wp-content\/uploads\/2019\/12\/Collage-nieuwe-pand-768x576.jpg 768w, https:\/\/uniekeuitjesborculo.nl\/wp-content\/uploads\/2019\/12\/Collage-nieuwe-pand-1536x1152.jpg 1536w, https:\/\/uniekeuitjesborculo.nl\/wp-content\/uploads\/2019\/12\/Collage-nieuwe-pand-2048x1536.jpg 2048w, https:\/\/uniekeuitjesborculo.nl\/wp-content\/uploads\/2019\/12\/Collage-nieuwe-pand-600x450.jpg 600w\" sizes=\"auto, (max-width: 555px) 100vw, 555px\" \/><\/p>\n<p>&nbsp;<\/p>\n","protected":false},"excerpt":{"rendered":"<p>Aktivit\u00e4ten und Ausfl\u00fcge in der Achterhoek Unique Outings bietet zahlreiche Aktivit\u00e4ten und Ausfl\u00fcge in der Region Achterhoek an. Die Achterhoek ist eine Region in der Provinz Gelderland und eine der sch\u00f6nsten Gegenden in den Niederlanden. Unique Outings bietet seit kurzem einen Kanuverleih an. Mit unseren sch\u00f6nen Kanus k\u00f6nnen Sie die Fl\u00fcsse und B\u00e4che in der [&hellip;]<\/p>\n","protected":false},"author":2,"featured_media":0,"parent":0,"menu_order":0,"comment_status":"closed","ping_status":"closed","template":"","meta":{"_acf_changed":false,"_monsterinsights_skip_tracking":false,"_monsterinsights_sitenote_active":false,"_monsterinsights_sitenote_note":"","_monsterinsights_sitenote_category":0,"footnotes":""},"categories":[73],"class_list":["post-11748","page","type-page","status-publish","hentry","category-zielseite"],"acf":[],"yoast_head":"<!-- This site is optimized with the Yoast SEO plugin v27.5 - https:\/\/yoast.com\/product\/yoast-seo-wordpress\/ -->\n<title>Aktivit\u00e4ten und Ausfl\u00fcge in der Achterhoek - Uniekeuitjes Borculo<\/title>\n<meta name=\"description\" content=\"F\u00fcr die besten Aktivit\u00e4ten und Ausfl\u00fcge in der Region Achterhoek sind Sie bei UniekeUitjes an der richtigen Adresse. Wir bieten zahlreiche Aktivit\u00e4ten und Ausfl\u00fcge an.\" \/>\n<meta name=\"robots\" content=\"index, follow, max-snippet:-1, max-image-preview:large, max-video-preview:-1\" \/>\n<link rel=\"canonical\" href=\"https:\/\/uniekeuitjesborculo.nl\/de\/aktivitaeten-und-ausfluege-in-der-achterhoek\/\" \/>\n<meta property=\"og:locale\" content=\"nl_NL\" \/>\n<meta property=\"og:type\" content=\"article\" \/>\n<meta property=\"og:title\" content=\"Aktivit\u00e4ten und Ausfl\u00fcge in der Achterhoek - Uniekeuitjes Borculo\" \/>\n<meta property=\"og:description\" content=\"F\u00fcr die besten Aktivit\u00e4ten und Ausfl\u00fcge in der Region Achterhoek sind Sie bei UniekeUitjes an der richtigen Adresse. Wir bieten zahlreiche Aktivit\u00e4ten und Ausfl\u00fcge an.\" \/>\n<meta property=\"og:url\" content=\"https:\/\/uniekeuitjesborculo.nl\/de\/aktivitaeten-und-ausfluege-in-der-achterhoek\/\" \/>\n<meta property=\"og:site_name\" content=\"Uniekeuitjes Borculo\" \/>\n<meta property=\"article:publisher\" content=\"https:\/\/www.facebook.com\/uniekeuitjes.nl\" \/>\n<meta property=\"og:image\" content=\"http:\/\/uniekeuitjesborculo.nl\/wp-content\/uploads\/2019\/12\/Collage-nieuwe-pand-1024x768.jpg\" \/>\n<meta name=\"twitter:card\" content=\"summary_large_image\" \/>\n<meta name=\"twitter:label1\" content=\"Geschatte leestijd\" \/>\n\t<meta name=\"twitter:data1\" content=\"2 minuten\" \/>\n<script type=\"application\/ld+json\" class=\"yoast-schema-graph\">{\"@context\":\"https:\\\/\\\/schema.org\",\"@graph\":[{\"@type\":\"WebPage\",\"@id\":\"https:\\\/\\\/uniekeuitjesborculo.nl\\\/de\\\/aktivitaeten-und-ausfluege-in-der-achterhoek\\\/\",\"url\":\"https:\\\/\\\/uniekeuitjesborculo.nl\\\/de\\\/aktivitaeten-und-ausfluege-in-der-achterhoek\\\/\",\"name\":\"Aktivit\u00e4ten und Ausfl\u00fcge in der Achterhoek - Uniekeuitjes Borculo\",\"isPartOf\":{\"@id\":\"https:\\\/\\\/uniekeuitjesborculo.nl\\\/de\\\/#website\"},\"primaryImageOfPage\":{\"@id\":\"https:\\\/\\\/uniekeuitjesborculo.nl\\\/de\\\/aktivitaeten-und-ausfluege-in-der-achterhoek\\\/#primaryimage\"},\"image\":{\"@id\":\"https:\\\/\\\/uniekeuitjesborculo.nl\\\/de\\\/aktivitaeten-und-ausfluege-in-der-achterhoek\\\/#primaryimage\"},\"thumbnailUrl\":\"http:\\\/\\\/uniekeuitjesborculo.nl\\\/wp-content\\\/uploads\\\/2019\\\/12\\\/Collage-nieuwe-pand-1024x768.jpg\",\"datePublished\":\"2019-12-28T10:49:01+00:00\",\"description\":\"F\u00fcr die besten Aktivit\u00e4ten und Ausfl\u00fcge in der Region Achterhoek sind Sie bei UniekeUitjes an der richtigen Adresse. Wir bieten zahlreiche Aktivit\u00e4ten und Ausfl\u00fcge an.\",\"breadcrumb\":{\"@id\":\"https:\\\/\\\/uniekeuitjesborculo.nl\\\/de\\\/aktivitaeten-und-ausfluege-in-der-achterhoek\\\/#breadcrumb\"},\"inLanguage\":\"nl-NL\",\"potentialAction\":[{\"@type\":\"ReadAction\",\"target\":[\"https:\\\/\\\/uniekeuitjesborculo.nl\\\/de\\\/aktivitaeten-und-ausfluege-in-der-achterhoek\\\/\"]}]},{\"@type\":\"ImageObject\",\"inLanguage\":\"nl-NL\",\"@id\":\"https:\\\/\\\/uniekeuitjesborculo.nl\\\/de\\\/aktivitaeten-und-ausfluege-in-der-achterhoek\\\/#primaryimage\",\"url\":\"http:\\\/\\\/uniekeuitjesborculo.nl\\\/wp-content\\\/uploads\\\/2019\\\/12\\\/Collage-nieuwe-pand-1024x768.jpg\",\"contentUrl\":\"http:\\\/\\\/uniekeuitjesborculo.nl\\\/wp-content\\\/uploads\\\/2019\\\/12\\\/Collage-nieuwe-pand-1024x768.jpg\"},{\"@type\":\"BreadcrumbList\",\"@id\":\"https:\\\/\\\/uniekeuitjesborculo.nl\\\/de\\\/aktivitaeten-und-ausfluege-in-der-achterhoek\\\/#breadcrumb\",\"itemListElement\":[{\"@type\":\"ListItem\",\"position\":1,\"name\":\"Home\",\"item\":\"https:\\\/\\\/uniekeuitjesborculo.nl\\\/de\\\/\"},{\"@type\":\"ListItem\",\"position\":2,\"name\":\"Aktivit\u00e4ten und Ausfl\u00fcge in der Achterhoek\"}]},{\"@type\":\"WebSite\",\"@id\":\"https:\\\/\\\/uniekeuitjesborculo.nl\\\/de\\\/#website\",\"url\":\"https:\\\/\\\/uniekeuitjesborculo.nl\\\/de\\\/\",\"name\":\"Uniekeuitjes Borculo\",\"description\":\"Alles voor plezier, verbinding en ontspanning\",\"publisher\":{\"@id\":\"https:\\\/\\\/uniekeuitjesborculo.nl\\\/de\\\/#organization\"},\"potentialAction\":[{\"@type\":\"SearchAction\",\"target\":{\"@type\":\"EntryPoint\",\"urlTemplate\":\"https:\\\/\\\/uniekeuitjesborculo.nl\\\/de\\\/?s={search_term_string}\"},\"query-input\":{\"@type\":\"PropertyValueSpecification\",\"valueRequired\":true,\"valueName\":\"search_term_string\"}}],\"inLanguage\":\"nl-NL\"},{\"@type\":\"Organization\",\"@id\":\"https:\\\/\\\/uniekeuitjesborculo.nl\\\/de\\\/#organization\",\"name\":\"Unieke Uitjes\",\"url\":\"https:\\\/\\\/uniekeuitjesborculo.nl\\\/de\\\/\",\"logo\":{\"@type\":\"ImageObject\",\"inLanguage\":\"nl-NL\",\"@id\":\"https:\\\/\\\/uniekeuitjesborculo.nl\\\/de\\\/#\\\/schema\\\/logo\\\/image\\\/\",\"url\":\"http:\\\/\\\/uniekeuitjesborculo.nl\\\/wp-content\\\/uploads\\\/2019\\\/02\\\/site-login-logo.png\",\"contentUrl\":\"http:\\\/\\\/uniekeuitjesborculo.nl\\\/wp-content\\\/uploads\\\/2019\\\/02\\\/site-login-logo.png\",\"width\":708,\"height\":345,\"caption\":\"Unieke Uitjes\"},\"image\":{\"@id\":\"https:\\\/\\\/uniekeuitjesborculo.nl\\\/de\\\/#\\\/schema\\\/logo\\\/image\\\/\"},\"sameAs\":[\"https:\\\/\\\/www.facebook.com\\\/uniekeuitjes.nl\",\"https:\\\/\\\/www.instagram.com\\\/uniekeuitjes.nl\\\/\",\"https:\\\/\\\/www.linkedin.com\\\/company\\\/unieke-uitjes-nl\",\"https:\\\/\\\/www.youtube.com\\\/channel\\\/UCXwRXFWP_R0kxRAeL79FQfw\"]}]}<\/script>\n<!-- \/ Yoast SEO plugin. -->","yoast_head_json":{"title":"Aktivit\u00e4ten und Ausfl\u00fcge in der Achterhoek - Uniekeuitjes Borculo","description":"F\u00fcr die besten Aktivit\u00e4ten und Ausfl\u00fcge in der Region Achterhoek sind Sie bei UniekeUitjes an der richtigen Adresse. Wir bieten zahlreiche Aktivit\u00e4ten und Ausfl\u00fcge an.","robots":{"index":"index","follow":"follow","max-snippet":"max-snippet:-1","max-image-preview":"max-image-preview:large","max-video-preview":"max-video-preview:-1"},"canonical":"https:\/\/uniekeuitjesborculo.nl\/de\/aktivitaeten-und-ausfluege-in-der-achterhoek\/","og_locale":"nl_NL","og_type":"article","og_title":"Aktivit\u00e4ten und Ausfl\u00fcge in der Achterhoek - Uniekeuitjes Borculo","og_description":"F\u00fcr die besten Aktivit\u00e4ten und Ausfl\u00fcge in der Region Achterhoek sind Sie bei UniekeUitjes an der richtigen Adresse. Wir bieten zahlreiche Aktivit\u00e4ten und Ausfl\u00fcge an.","og_url":"https:\/\/uniekeuitjesborculo.nl\/de\/aktivitaeten-und-ausfluege-in-der-achterhoek\/","og_site_name":"Uniekeuitjes Borculo","article_publisher":"https:\/\/www.facebook.com\/uniekeuitjes.nl","og_image":[{"url":"http:\/\/uniekeuitjesborculo.nl\/wp-content\/uploads\/2019\/12\/Collage-nieuwe-pand-1024x768.jpg","type":"","width":"","height":""}],"twitter_card":"summary_large_image","twitter_misc":{"Geschatte leestijd":"2 minuten"},"schema":{"@context":"https:\/\/schema.org","@graph":[{"@type":"WebPage","@id":"https:\/\/uniekeuitjesborculo.nl\/de\/aktivitaeten-und-ausfluege-in-der-achterhoek\/","url":"https:\/\/uniekeuitjesborculo.nl\/de\/aktivitaeten-und-ausfluege-in-der-achterhoek\/","name":"Aktivit\u00e4ten und Ausfl\u00fcge in der Achterhoek - Uniekeuitjes Borculo","isPartOf":{"@id":"https:\/\/uniekeuitjesborculo.nl\/de\/#website"},"primaryImageOfPage":{"@id":"https:\/\/uniekeuitjesborculo.nl\/de\/aktivitaeten-und-ausfluege-in-der-achterhoek\/#primaryimage"},"image":{"@id":"https:\/\/uniekeuitjesborculo.nl\/de\/aktivitaeten-und-ausfluege-in-der-achterhoek\/#primaryimage"},"thumbnailUrl":"http:\/\/uniekeuitjesborculo.nl\/wp-content\/uploads\/2019\/12\/Collage-nieuwe-pand-1024x768.jpg","datePublished":"2019-12-28T10:49:01+00:00","description":"F\u00fcr die besten Aktivit\u00e4ten und Ausfl\u00fcge in der Region Achterhoek sind Sie bei UniekeUitjes an der richtigen Adresse. Wir bieten zahlreiche Aktivit\u00e4ten und Ausfl\u00fcge an.","breadcrumb":{"@id":"https:\/\/uniekeuitjesborculo.nl\/de\/aktivitaeten-und-ausfluege-in-der-achterhoek\/#breadcrumb"},"inLanguage":"nl-NL","potentialAction":[{"@type":"ReadAction","target":["https:\/\/uniekeuitjesborculo.nl\/de\/aktivitaeten-und-ausfluege-in-der-achterhoek\/"]}]},{"@type":"ImageObject","inLanguage":"nl-NL","@id":"https:\/\/uniekeuitjesborculo.nl\/de\/aktivitaeten-und-ausfluege-in-der-achterhoek\/#primaryimage","url":"http:\/\/uniekeuitjesborculo.nl\/wp-content\/uploads\/2019\/12\/Collage-nieuwe-pand-1024x768.jpg","contentUrl":"http:\/\/uniekeuitjesborculo.nl\/wp-content\/uploads\/2019\/12\/Collage-nieuwe-pand-1024x768.jpg"},{"@type":"BreadcrumbList","@id":"https:\/\/uniekeuitjesborculo.nl\/de\/aktivitaeten-und-ausfluege-in-der-achterhoek\/#breadcrumb","itemListElement":[{"@type":"ListItem","position":1,"name":"Home","item":"https:\/\/uniekeuitjesborculo.nl\/de\/"},{"@type":"ListItem","position":2,"name":"Aktivit\u00e4ten und Ausfl\u00fcge in der Achterhoek"}]},{"@type":"WebSite","@id":"https:\/\/uniekeuitjesborculo.nl\/de\/#website","url":"https:\/\/uniekeuitjesborculo.nl\/de\/","name":"Uniekeuitjes Borculo","description":"Alles voor plezier, verbinding en ontspanning","publisher":{"@id":"https:\/\/uniekeuitjesborculo.nl\/de\/#organization"},"potentialAction":[{"@type":"SearchAction","target":{"@type":"EntryPoint","urlTemplate":"https:\/\/uniekeuitjesborculo.nl\/de\/?s={search_term_string}"},"query-input":{"@type":"PropertyValueSpecification","valueRequired":true,"valueName":"search_term_string"}}],"inLanguage":"nl-NL"},{"@type":"Organization","@id":"https:\/\/uniekeuitjesborculo.nl\/de\/#organization","name":"Unieke Uitjes","url":"https:\/\/uniekeuitjesborculo.nl\/de\/","logo":{"@type":"ImageObject","inLanguage":"nl-NL","@id":"https:\/\/uniekeuitjesborculo.nl\/de\/#\/schema\/logo\/image\/","url":"http:\/\/uniekeuitjesborculo.nl\/wp-content\/uploads\/2019\/02\/site-login-logo.png","contentUrl":"http:\/\/uniekeuitjesborculo.nl\/wp-content\/uploads\/2019\/02\/site-login-logo.png","width":708,"height":345,"caption":"Unieke Uitjes"},"image":{"@id":"https:\/\/uniekeuitjesborculo.nl\/de\/#\/schema\/logo\/image\/"},"sameAs":["https:\/\/www.facebook.com\/uniekeuitjes.nl","https:\/\/www.instagram.com\/uniekeuitjes.nl\/","https:\/\/www.linkedin.com\/company\/unieke-uitjes-nl","https:\/\/www.youtube.com\/channel\/UCXwRXFWP_R0kxRAeL79FQfw"]}]}},"_links":{"self":[{"href":"https:\/\/uniekeuitjesborculo.nl\/de\/wp-json\/wp\/v2\/pages\/11748","targetHints":{"allow":["GET"]}}],"collection":[{"href":"https:\/\/uniekeuitjesborculo.nl\/de\/wp-json\/wp\/v2\/pages"}],"about":[{"href":"https:\/\/uniekeuitjesborculo.nl\/de\/wp-json\/wp\/v2\/types\/page"}],"author":[{"embeddable":true,"href":"https:\/\/uniekeuitjesborculo.nl\/de\/wp-json\/wp\/v2\/users\/2"}],"replies":[{"embeddable":true,"href":"https:\/\/uniekeuitjesborculo.nl\/de\/wp-json\/wp\/v2\/comments?post=11748"}],"version-history":[{"count":0,"href":"https:\/\/uniekeuitjesborculo.nl\/de\/wp-json\/wp\/v2\/pages\/11748\/revisions"}],"wp:attachment":[{"href":"https:\/\/uniekeuitjesborculo.nl\/de\/wp-json\/wp\/v2\/media?parent=11748"}],"wp:term":[{"taxonomy":"category","embeddable":true,"href":"https:\/\/uniekeuitjesborculo.nl\/de\/wp-json\/wp\/v2\/categories?post=11748"}],"curies":[{"name":"wp","href":"https:\/\/api.w.org\/{rel}","templated":true}]}}