{"id":11773,"date":"2019-02-18T15:19:15","date_gmt":"2019-02-18T15:19:15","guid":{"rendered":"http:\/\/uniekeuitjesborculo.nl\/ausfluege-in-zutphen\/"},"modified":"2019-02-18T15:19:15","modified_gmt":"2019-02-18T15:19:15","slug":"ausfluege-in-zutphen","status":"publish","type":"page","link":"https:\/\/uniekeuitjesborculo.nl\/de\/ausfluege-in-zutphen\/","title":{"rendered":"Ausfl\u00fcge in Zutphen"},"content":{"rendered":"<h2>Ausfl\u00fcge in Zutphen<\/h2>\n<p>Sind Sie auf der Suche nach einem Betriebsausflug, Junggesellenabschied, Familienausflug oder einem anderen Ausflug in der Region Zutphen? Wir haben tolle Pauschalangebote und Kurzurlaube in Zutphen. Wir bieten auch Ausfl\u00fcge f\u00fcr diejenigen an, die \u00fcber ein kleines Budget verf\u00fcgen. Sie haben die Wahl zwischen Aktivit\u00e4ten rund um das Stadtzentrum oder zum Beispiel einem sch\u00f6nen Spaziergang entlang der IJssel. Zutphen ist eine alte Hansestadt mit einer wundersch\u00f6nen Lage an der IJssel. Lassen Sie uns Ihren Ausflug in Zutphen komplett machen.<\/p>\n<p>&nbsp;<\/p>\n<h3><strong>Eine Beschreibung:<\/strong><\/h3>\n<p>Sie fahren vom Zentrum Zutphens aus mit dem Kanu los und machen eine sch\u00f6ne Kanufahrt von etwa 1 Stunde und 45 Minuten auf der sch\u00f6nen Berkel. Auf dem Bauernhof &#8220;Groot Besselink&#8221; steigen Sie nach einem Picknick oder einem leckeren Snack auf ein hippes (speziell f\u00fcr Unique Uitjes.nl angefertigtes) amerikanisches Tandem oder eine alte holl\u00e4ndische Solex um, um eine wundersch\u00f6ne Tour durch die Achterhoek zu unternehmen. Nat\u00fcrlich wird ein lustiges Gruppenfoto gemacht und kostenlos digital an Sie geschickt.<\/p>\n<p>Nach dem Solextocht k\u00f6nnen Sie grillen oder eines der vielen Buffets und Getr\u00e4nkepakete in Laren genie\u00dfen. Nach diesem Paket fahren Sie mit dem Bus zur\u00fcck nach Zutphen. Sie brauchen keine Busfahrkarte zu kaufen. Dies ist im Preis inbegriffen. Wir k\u00f6nnen ein solches Paket (das tagesf\u00fcllend ist) ab 99 Euro anbieten. Ein ganzer Tag All-in und Sie sind v\u00f6llig unbelastet. Besondere W\u00fcnsche oder eine zus\u00e4tzliche Aktivit\u00e4t? Kein Problem.<\/p>\n<p>Lieber mit den Solexes nach Zutphen zur\u00fcckkehren und in Zutphen etwas essen oder trinken gehen? Oder eine Stadtrundfahrt durch Zutphen kombiniert mit einem Fl\u00fcsterboot? Wir k\u00f6nnen dies auch f\u00fcr Sie arrangieren.<\/p>\n<p>&nbsp;<\/p>\n<p>&nbsp;<\/p>\n<h3>Einzigartige Ausfl\u00fcge<\/h3>\n<p>Von unserem Besuchsort aus k\u00f6nnen wir die folgenden individuellen Aktivit\u00e4ten anbieten (dies ist nur ein Auszug aus unserem Gesamtangebot). Auf Wunsch k\u00f6nnen wir auch pr\u00fcfen, was bei Ihnen vor Ort m\u00f6glich ist.<\/p>\n<ul>\n<li><a href=\"http:\/\/uniekeuitjesborculo.nl\/uitje\/solex-huren-solexverhuur\/\">Solex mieten<\/a><\/li>\n<li><a href=\"http:\/\/uniekeuitjesborculo.nl\/uitje\/echopper-huren\/\">E-Chopper fahren<\/a><\/li>\n<li><a href=\"http:\/\/uniekeuitjesborculo.nl\/uitje\/tandem-cruiser\/\">Tandem-Touren<\/a><\/li>\n<li><a href=\"http:\/\/uniekeuitjesborculo.nl\/uitje\/tuktuk-huren\/\">TukTuk&#8217;s<\/a> oder <a href=\"http:\/\/uniekeuitjesborculo.nl\/uitje\/trigger-huren\/\">Trigger<\/a> fahren<\/li>\n<li><a href=\"http:\/\/uniekeuitjesborculo.nl\/uitje\/skeltertreinen-groepsfietsen\/\">Skelter-Z\u00fcge<\/a><\/li>\n<li><a href=\"http:\/\/uniekeuitjesborculo.nl\/uitje\/boog-en-kruisboog\/\">Bogenschie\u00dfen und Armbrustschie\u00dfen<\/a><\/li>\n<li><a href=\"http:\/\/uniekeuitjesborculo.nl\/uitje\/buksschieten\/\">Schie\u00dfen mit Flinte oder Luftgewehr<\/a><\/li>\n<li><a href=\"http:\/\/uniekeuitjesborculo.nl\/uitje\/schieten-met-5-wapensoorten\/\">Werkst\u00e4tten mit 5 Waffentypen<\/a><\/li>\n<li>Sechs Camps, <a href=\"http:\/\/uniekeuitjesborculo.nl\/uitje\/indoor-zeskamp\/\">drinnen<\/a> oder <a href=\"http:\/\/uniekeuitjesborculo.nl\/uitje\/grote-zeskamp\/\">drau\u00dfen<\/a><\/li>\n<li><a href=\"http:\/\/uniekeuitjesborculo.nl\/spelshows\/\">Spielshows<\/a> und <a href=\"http:\/\/uniekeuitjesborculo.nl\/uitje\/casino-avond\/\">Casino-Abende<\/a><\/li>\n<li>Ein <a href=\"http:\/\/uniekeuitjesborculo.nl\/uitje\/pubquiz\/\">Kneipenquiz<\/a>, <a href=\"http:\/\/uniekeuitjesborculo.nl\/uitje\/muziekquiz\/\">Musikquiz<\/a> oder <a href=\"http:\/\/uniekeuitjesborculo.nl\/uitje\/bingoshow\/\">Bingo<\/a><\/li>\n<li><a href=\"http:\/\/uniekeuitjesborculo.nl\/uitje\/straatgolf-of-boerengolf\/\">Bauerngolf<\/a> und <a href=\"http:\/\/uniekeuitjesborculo.nl\/uitje\/klootschieten\/\">Bogenschie\u00dfen<\/a><\/li>\n<li><a href=\"http:\/\/uniekeuitjesborculo.nl\/uitje\/indoor-en-outdoor-lasergamen-op-locatie\/\">Laser-Spiele<\/a><\/li>\n<\/ul>\n<p>&nbsp;<\/p>\n<p>&nbsp;<\/p>\n<p><strong>Sie haben eine Idee f\u00fcr Aktivit\u00e4ten oder Ausfl\u00fcge in Zutphen, die nicht auf unserer Website steht? Lassen Sie es uns wissen.<\/strong><\/p>\n<p>&nbsp;<\/p>\n<p><a href=\"http:\/\/uniekeuitjesborculo.nl\/\"><img loading=\"lazy\" decoding=\"async\" class=\"alignnone wp-image-377\" src=\"http:\/\/uniekeuitjesborculo.nl\/wp-content\/uploads\/2019\/02\/site-login-logo.png\" alt=\"\" width=\"527\" height=\"257\" srcset=\"https:\/\/uniekeuitjesborculo.nl\/wp-content\/uploads\/2019\/02\/site-login-logo.png 708w, https:\/\/uniekeuitjesborculo.nl\/wp-content\/uploads\/2019\/02\/site-login-logo-300x146.png 300w, https:\/\/uniekeuitjesborculo.nl\/wp-content\/uploads\/2019\/02\/site-login-logo-600x292.png 600w\" sizes=\"auto, (max-width: 527px) 100vw, 527px\" \/><\/a><\/p>\n","protected":false},"excerpt":{"rendered":"<p>Ausfl\u00fcge in Zutphen Sind Sie auf der Suche nach einem Betriebsausflug, Junggesellenabschied, Familienausflug oder einem anderen Ausflug in der Region Zutphen? Wir haben tolle Pauschalangebote und Kurzurlaube in Zutphen. Wir bieten auch Ausfl\u00fcge f\u00fcr diejenigen an, die \u00fcber ein kleines Budget verf\u00fcgen. Sie haben die Wahl zwischen Aktivit\u00e4ten rund um das Stadtzentrum oder zum Beispiel [&hellip;]<\/p>\n","protected":false},"author":1,"featured_media":0,"parent":0,"menu_order":0,"comment_status":"closed","ping_status":"closed","template":"","meta":{"_acf_changed":false,"_monsterinsights_skip_tracking":false,"_monsterinsights_sitenote_active":false,"_monsterinsights_sitenote_note":"","_monsterinsights_sitenote_category":0,"footnotes":""},"categories":[73],"class_list":["post-11773","page","type-page","status-publish","hentry","category-zielseite"],"acf":[],"yoast_head":"<!-- This site is optimized with the Yoast SEO plugin v27.5 - https:\/\/yoast.com\/product\/yoast-seo-wordpress\/ -->\n<title>Ausfl\u00fcge in Zutphen - Verschiedene Aktivit\u00e4ten &amp; Ausfl\u00fcge in Zutphen<\/title>\n<meta name=\"description\" content=\"Ausfl\u00fcge in Zutphen sind absolut kein Problem. Unique Outings bietet eine breite Palette an Spielshows, Aktivit\u00e4ten f\u00fcr drinnen und drau\u00dfen und vieles mehr!\" \/>\n<meta name=\"robots\" content=\"index, follow, max-snippet:-1, max-image-preview:large, max-video-preview:-1\" \/>\n<link rel=\"canonical\" href=\"https:\/\/uniekeuitjesborculo.nl\/de\/ausfluege-in-zutphen\/\" \/>\n<meta property=\"og:locale\" content=\"nl_NL\" \/>\n<meta property=\"og:type\" content=\"article\" \/>\n<meta property=\"og:title\" content=\"Ausfl\u00fcge in Zutphen - Verschiedene Aktivit\u00e4ten &amp; Ausfl\u00fcge in Zutphen\" \/>\n<meta property=\"og:description\" content=\"Ausfl\u00fcge in Zutphen sind absolut kein Problem. Unique Outings bietet eine breite Palette an Spielshows, Aktivit\u00e4ten f\u00fcr drinnen und drau\u00dfen und vieles mehr!\" \/>\n<meta property=\"og:url\" content=\"https:\/\/uniekeuitjesborculo.nl\/de\/ausfluege-in-zutphen\/\" \/>\n<meta property=\"og:site_name\" content=\"Uniekeuitjes Borculo\" \/>\n<meta property=\"article:publisher\" content=\"https:\/\/www.facebook.com\/uniekeuitjes.nl\" \/>\n<meta property=\"og:image\" content=\"http:\/\/uniekeuitjesborculo.nl\/wp-content\/uploads\/2019\/02\/site-login-logo.png\" \/>\n<meta name=\"twitter:card\" content=\"summary_large_image\" \/>\n<meta name=\"twitter:label1\" content=\"Geschatte leestijd\" \/>\n\t<meta name=\"twitter:data1\" content=\"2 minuten\" \/>\n<script type=\"application\/ld+json\" class=\"yoast-schema-graph\">{\"@context\":\"https:\\\/\\\/schema.org\",\"@graph\":[{\"@type\":\"WebPage\",\"@id\":\"https:\\\/\\\/uniekeuitjesborculo.nl\\\/de\\\/ausfluege-in-zutphen\\\/\",\"url\":\"https:\\\/\\\/uniekeuitjesborculo.nl\\\/de\\\/ausfluege-in-zutphen\\\/\",\"name\":\"Ausfl\u00fcge in Zutphen - Verschiedene Aktivit\u00e4ten & Ausfl\u00fcge in Zutphen\",\"isPartOf\":{\"@id\":\"https:\\\/\\\/uniekeuitjesborculo.nl\\\/de\\\/#website\"},\"primaryImageOfPage\":{\"@id\":\"https:\\\/\\\/uniekeuitjesborculo.nl\\\/de\\\/ausfluege-in-zutphen\\\/#primaryimage\"},\"image\":{\"@id\":\"https:\\\/\\\/uniekeuitjesborculo.nl\\\/de\\\/ausfluege-in-zutphen\\\/#primaryimage\"},\"thumbnailUrl\":\"http:\\\/\\\/uniekeuitjesborculo.nl\\\/wp-content\\\/uploads\\\/2019\\\/02\\\/site-login-logo.png\",\"datePublished\":\"2019-02-18T15:19:15+00:00\",\"description\":\"Ausfl\u00fcge in Zutphen sind absolut kein Problem. Unique Outings bietet eine breite Palette an Spielshows, Aktivit\u00e4ten f\u00fcr drinnen und drau\u00dfen und vieles mehr!\",\"breadcrumb\":{\"@id\":\"https:\\\/\\\/uniekeuitjesborculo.nl\\\/de\\\/ausfluege-in-zutphen\\\/#breadcrumb\"},\"inLanguage\":\"nl-NL\",\"potentialAction\":[{\"@type\":\"ReadAction\",\"target\":[\"https:\\\/\\\/uniekeuitjesborculo.nl\\\/de\\\/ausfluege-in-zutphen\\\/\"]}]},{\"@type\":\"ImageObject\",\"inLanguage\":\"nl-NL\",\"@id\":\"https:\\\/\\\/uniekeuitjesborculo.nl\\\/de\\\/ausfluege-in-zutphen\\\/#primaryimage\",\"url\":\"http:\\\/\\\/uniekeuitjesborculo.nl\\\/wp-content\\\/uploads\\\/2019\\\/02\\\/site-login-logo.png\",\"contentUrl\":\"http:\\\/\\\/uniekeuitjesborculo.nl\\\/wp-content\\\/uploads\\\/2019\\\/02\\\/site-login-logo.png\"},{\"@type\":\"BreadcrumbList\",\"@id\":\"https:\\\/\\\/uniekeuitjesborculo.nl\\\/de\\\/ausfluege-in-zutphen\\\/#breadcrumb\",\"itemListElement\":[{\"@type\":\"ListItem\",\"position\":1,\"name\":\"Home\",\"item\":\"https:\\\/\\\/uniekeuitjesborculo.nl\\\/de\\\/\"},{\"@type\":\"ListItem\",\"position\":2,\"name\":\"Ausfl\u00fcge in Zutphen\"}]},{\"@type\":\"WebSite\",\"@id\":\"https:\\\/\\\/uniekeuitjesborculo.nl\\\/de\\\/#website\",\"url\":\"https:\\\/\\\/uniekeuitjesborculo.nl\\\/de\\\/\",\"name\":\"Uniekeuitjes Borculo\",\"description\":\"Alles voor plezier, verbinding en ontspanning\",\"publisher\":{\"@id\":\"https:\\\/\\\/uniekeuitjesborculo.nl\\\/de\\\/#organization\"},\"potentialAction\":[{\"@type\":\"SearchAction\",\"target\":{\"@type\":\"EntryPoint\",\"urlTemplate\":\"https:\\\/\\\/uniekeuitjesborculo.nl\\\/de\\\/?s={search_term_string}\"},\"query-input\":{\"@type\":\"PropertyValueSpecification\",\"valueRequired\":true,\"valueName\":\"search_term_string\"}}],\"inLanguage\":\"nl-NL\"},{\"@type\":\"Organization\",\"@id\":\"https:\\\/\\\/uniekeuitjesborculo.nl\\\/de\\\/#organization\",\"name\":\"Unieke Uitjes\",\"url\":\"https:\\\/\\\/uniekeuitjesborculo.nl\\\/de\\\/\",\"logo\":{\"@type\":\"ImageObject\",\"inLanguage\":\"nl-NL\",\"@id\":\"https:\\\/\\\/uniekeuitjesborculo.nl\\\/de\\\/#\\\/schema\\\/logo\\\/image\\\/\",\"url\":\"http:\\\/\\\/uniekeuitjesborculo.nl\\\/wp-content\\\/uploads\\\/2019\\\/02\\\/site-login-logo.png\",\"contentUrl\":\"http:\\\/\\\/uniekeuitjesborculo.nl\\\/wp-content\\\/uploads\\\/2019\\\/02\\\/site-login-logo.png\",\"width\":708,\"height\":345,\"caption\":\"Unieke Uitjes\"},\"image\":{\"@id\":\"https:\\\/\\\/uniekeuitjesborculo.nl\\\/de\\\/#\\\/schema\\\/logo\\\/image\\\/\"},\"sameAs\":[\"https:\\\/\\\/www.facebook.com\\\/uniekeuitjes.nl\",\"https:\\\/\\\/www.instagram.com\\\/uniekeuitjes.nl\\\/\",\"https:\\\/\\\/www.linkedin.com\\\/company\\\/unieke-uitjes-nl\",\"https:\\\/\\\/www.youtube.com\\\/channel\\\/UCXwRXFWP_R0kxRAeL79FQfw\"]}]}<\/script>\n<!-- \/ Yoast SEO plugin. -->","yoast_head_json":{"title":"Ausfl\u00fcge in Zutphen - Verschiedene Aktivit\u00e4ten & Ausfl\u00fcge in Zutphen","description":"Ausfl\u00fcge in Zutphen sind absolut kein Problem. Unique Outings bietet eine breite Palette an Spielshows, Aktivit\u00e4ten f\u00fcr drinnen und drau\u00dfen und vieles mehr!","robots":{"index":"index","follow":"follow","max-snippet":"max-snippet:-1","max-image-preview":"max-image-preview:large","max-video-preview":"max-video-preview:-1"},"canonical":"https:\/\/uniekeuitjesborculo.nl\/de\/ausfluege-in-zutphen\/","og_locale":"nl_NL","og_type":"article","og_title":"Ausfl\u00fcge in Zutphen - Verschiedene Aktivit\u00e4ten & Ausfl\u00fcge in Zutphen","og_description":"Ausfl\u00fcge in Zutphen sind absolut kein Problem. Unique Outings bietet eine breite Palette an Spielshows, Aktivit\u00e4ten f\u00fcr drinnen und drau\u00dfen und vieles mehr!","og_url":"https:\/\/uniekeuitjesborculo.nl\/de\/ausfluege-in-zutphen\/","og_site_name":"Uniekeuitjes Borculo","article_publisher":"https:\/\/www.facebook.com\/uniekeuitjes.nl","og_image":[{"url":"http:\/\/uniekeuitjesborculo.nl\/wp-content\/uploads\/2019\/02\/site-login-logo.png","type":"","width":"","height":""}],"twitter_card":"summary_large_image","twitter_misc":{"Geschatte leestijd":"2 minuten"},"schema":{"@context":"https:\/\/schema.org","@graph":[{"@type":"WebPage","@id":"https:\/\/uniekeuitjesborculo.nl\/de\/ausfluege-in-zutphen\/","url":"https:\/\/uniekeuitjesborculo.nl\/de\/ausfluege-in-zutphen\/","name":"Ausfl\u00fcge in Zutphen - Verschiedene Aktivit\u00e4ten & Ausfl\u00fcge in Zutphen","isPartOf":{"@id":"https:\/\/uniekeuitjesborculo.nl\/de\/#website"},"primaryImageOfPage":{"@id":"https:\/\/uniekeuitjesborculo.nl\/de\/ausfluege-in-zutphen\/#primaryimage"},"image":{"@id":"https:\/\/uniekeuitjesborculo.nl\/de\/ausfluege-in-zutphen\/#primaryimage"},"thumbnailUrl":"http:\/\/uniekeuitjesborculo.nl\/wp-content\/uploads\/2019\/02\/site-login-logo.png","datePublished":"2019-02-18T15:19:15+00:00","description":"Ausfl\u00fcge in Zutphen sind absolut kein Problem. Unique Outings bietet eine breite Palette an Spielshows, Aktivit\u00e4ten f\u00fcr drinnen und drau\u00dfen und vieles mehr!","breadcrumb":{"@id":"https:\/\/uniekeuitjesborculo.nl\/de\/ausfluege-in-zutphen\/#breadcrumb"},"inLanguage":"nl-NL","potentialAction":[{"@type":"ReadAction","target":["https:\/\/uniekeuitjesborculo.nl\/de\/ausfluege-in-zutphen\/"]}]},{"@type":"ImageObject","inLanguage":"nl-NL","@id":"https:\/\/uniekeuitjesborculo.nl\/de\/ausfluege-in-zutphen\/#primaryimage","url":"http:\/\/uniekeuitjesborculo.nl\/wp-content\/uploads\/2019\/02\/site-login-logo.png","contentUrl":"http:\/\/uniekeuitjesborculo.nl\/wp-content\/uploads\/2019\/02\/site-login-logo.png"},{"@type":"BreadcrumbList","@id":"https:\/\/uniekeuitjesborculo.nl\/de\/ausfluege-in-zutphen\/#breadcrumb","itemListElement":[{"@type":"ListItem","position":1,"name":"Home","item":"https:\/\/uniekeuitjesborculo.nl\/de\/"},{"@type":"ListItem","position":2,"name":"Ausfl\u00fcge in Zutphen"}]},{"@type":"WebSite","@id":"https:\/\/uniekeuitjesborculo.nl\/de\/#website","url":"https:\/\/uniekeuitjesborculo.nl\/de\/","name":"Uniekeuitjes Borculo","description":"Alles voor plezier, verbinding en ontspanning","publisher":{"@id":"https:\/\/uniekeuitjesborculo.nl\/de\/#organization"},"potentialAction":[{"@type":"SearchAction","target":{"@type":"EntryPoint","urlTemplate":"https:\/\/uniekeuitjesborculo.nl\/de\/?s={search_term_string}"},"query-input":{"@type":"PropertyValueSpecification","valueRequired":true,"valueName":"search_term_string"}}],"inLanguage":"nl-NL"},{"@type":"Organization","@id":"https:\/\/uniekeuitjesborculo.nl\/de\/#organization","name":"Unieke Uitjes","url":"https:\/\/uniekeuitjesborculo.nl\/de\/","logo":{"@type":"ImageObject","inLanguage":"nl-NL","@id":"https:\/\/uniekeuitjesborculo.nl\/de\/#\/schema\/logo\/image\/","url":"http:\/\/uniekeuitjesborculo.nl\/wp-content\/uploads\/2019\/02\/site-login-logo.png","contentUrl":"http:\/\/uniekeuitjesborculo.nl\/wp-content\/uploads\/2019\/02\/site-login-logo.png","width":708,"height":345,"caption":"Unieke Uitjes"},"image":{"@id":"https:\/\/uniekeuitjesborculo.nl\/de\/#\/schema\/logo\/image\/"},"sameAs":["https:\/\/www.facebook.com\/uniekeuitjes.nl","https:\/\/www.instagram.com\/uniekeuitjes.nl\/","https:\/\/www.linkedin.com\/company\/unieke-uitjes-nl","https:\/\/www.youtube.com\/channel\/UCXwRXFWP_R0kxRAeL79FQfw"]}]}},"_links":{"self":[{"href":"https:\/\/uniekeuitjesborculo.nl\/de\/wp-json\/wp\/v2\/pages\/11773","targetHints":{"allow":["GET"]}}],"collection":[{"href":"https:\/\/uniekeuitjesborculo.nl\/de\/wp-json\/wp\/v2\/pages"}],"about":[{"href":"https:\/\/uniekeuitjesborculo.nl\/de\/wp-json\/wp\/v2\/types\/page"}],"author":[{"embeddable":true,"href":"https:\/\/uniekeuitjesborculo.nl\/de\/wp-json\/wp\/v2\/users\/1"}],"replies":[{"embeddable":true,"href":"https:\/\/uniekeuitjesborculo.nl\/de\/wp-json\/wp\/v2\/comments?post=11773"}],"version-history":[{"count":0,"href":"https:\/\/uniekeuitjesborculo.nl\/de\/wp-json\/wp\/v2\/pages\/11773\/revisions"}],"wp:attachment":[{"href":"https:\/\/uniekeuitjesborculo.nl\/de\/wp-json\/wp\/v2\/media?parent=11773"}],"wp:term":[{"taxonomy":"category","embeddable":true,"href":"https:\/\/uniekeuitjesborculo.nl\/de\/wp-json\/wp\/v2\/categories?post=11773"}],"curies":[{"name":"wp","href":"https:\/\/api.w.org\/{rel}","templated":true}]}}