{"id":11785,"date":"2019-02-27T08:08:38","date_gmt":"2019-02-27T08:08:38","guid":{"rendered":"http:\/\/uniekeuitjesborculo.nl\/allgemeine-bedingungen-und-konditionen\/"},"modified":"2023-09-15T13:49:06","modified_gmt":"2023-09-15T13:49:06","slug":"allgemeine-bedingungen-und-konditionen","status":"publish","type":"page","link":"https:\/\/uniekeuitjesborculo.nl\/de\/allgemeine-bedingungen-und-konditionen\/","title":{"rendered":"Allgemeine Bedingungen und Konditionen"},"content":{"rendered":"<p>Unique Outings arbeitet gem\u00e4\u00df den folgenden allgemeinen Gesch\u00e4ftsbedingungen, die bei der Handelskammer Apeldoorn unter der Nummer 84761571 hinterlegt sind. Aus einem Angebot k\u00f6nnen keine Rechte abgeleitet werden. Ein Angebot ist 7 Tage lang g\u00fcltig.<\/p>\n<p>&nbsp;<\/p>\n<ul>\n<li>&#8211; Vermieter ist die Organisation &#8220;Unique Uitjes.nl und &#8220;Kanoverhuur Oost&#8221;.<\/li>\n<li>&#8211; Mieter: die Person, die in ihrer Eigenschaft als Verbraucher oder als Unternehmer f\u00fcr sich selbst oder (auch) zugunsten (eines) Dritter(s) einen Vertrag mit dem Vermieter \u00fcber die entgeltliche Nutzung eines Fahrzeugs, einer Dienstleistung oder von Material abschlie\u00dft oder der der Vermieter ein entsprechendes Angebot unterbreitet hat;<\/li>\n<li>&#8211; Verbraucher: eine nat\u00fcrliche Person, die nicht im Rahmen der Aus\u00fcbung eines Berufs oder Unternehmens handelt;<\/li>\n<li>&#8211; Unternehmer: ein Nicht-Verbraucher;<\/li>\n<\/ul>\n<p>&nbsp;<\/p>\n<h2><\/h2>\n<h2 style=\"text-align: left;\"><span style=\"color: #000000;\">Die Verpflichtungen des Mieters<\/span><\/h2>\n<p>&nbsp;<\/p>\n<p>Der Mieter erkl\u00e4rt hiermit, im Namen der gesamten von ihm gebuchten Gruppe zu handeln, die nachstehenden Bedingungen gelesen zu haben und ihnen zuzustimmen.<\/p>\n<p>&nbsp;<\/p>\n<p>Im Falle der Vermietung einer Gruppenunterkunft oder eines ehemaligen Hotelzimmers:<\/p>\n<ul>\n<li>&#8211; Der Mieter muss mindestens 18 Jahre alt sein und kann aufgefordert werden, sich auszuweisen.<\/li>\n<li>&#8211; Der Mieter darf die Mietrechte nicht an Dritte \u00fcbertragen.<\/li>\n<li>&#8211; Der Mieter ist f\u00fcr den Zustand des Mietobjekts verantwortlich, das in seinem urspr\u00fcnglichen Zustand belassen werden muss, mit Ausnahme von Gebrauchsspuren.<\/li>\n<\/ul>\n<p>&nbsp;<\/p>\n<p>Im Falle der Anmietung eines Transportmittels:<\/p>\n<p>&nbsp;<\/p>\n<ul>\n<li>&#8211; Der Mieter erkl\u00e4rt, dass alle relevanten Personen in der von ihm gebuchten Gruppe im Besitz eines g\u00fcltigen F\u00fchrerscheins sind und dass sie berechtigt sind, das betreffende Fahrzeug zu f\u00fchren (im Falle der Anmietung eines Tuktuks ein F\u00fchrerschein B, der vor 2014 erworben wurde, oder ein F\u00fchrerschein A1. Bei Anmietung von Solex, E-Chopper, E-Scooter oder Trigger, ein AM-F\u00fchrerschein).<\/li>\n<li>&#8211; Das zul\u00e4ssige H\u00f6chstgewicht f\u00fcr die E-Chopper, Solexe und Tandems betr\u00e4gt 110 kg (p.P.). F\u00fcr den E-Scooter betr\u00e4gt das maximale Gesamtgewicht 150 kg. Behalten Sie dies im Hinterkopf, um Sch\u00e4den zu vermeiden.<\/li>\n<li>&#8211; Der Mieter ist verpflichtet, den Anweisungen des Begleiters jederzeit Folge zu leisten und nicht von der angegebenen Route abzuweichen.<\/li>\n<li>&#8211; Vor und w\u00e4hrend der TukTuk-, Solex-, E-Scooter-, E-Chopper-, FatBike-, Trigger- oder Tandem-Tour d\u00fcrfen keine alkoholischen Getr\u00e4nke konsumiert werden. F\u00fcr alle Sch\u00e4den, die durch den Konsum von Alkohol verursacht werden, ist der Mieter verantwortlich.<\/li>\n<li>&#8211; Der Mieter haftet f\u00fcr alle Sch\u00e4den, die durch Diebstahl entstehen, sowie f\u00fcr alle anderen Sch\u00e4den (soweit sie nicht durch die Versicherung gedeckt sind), wie auch immer sie genannt werden und wie auch immer sie an dem gemieteten TukTuk, Solex, Trigger, E-Chopper, E-Scooter, FatBike, Tandem, Fahrradzug oder sonstiger Ausr\u00fcstung verursacht werden, unabh\u00e4ngig davon, ob sie auf ein Verschulden des Mieters oder Dritter zur\u00fcckzuf\u00fchren sind.<\/li>\n<\/ul>\n<p>Gegenseitige Sch\u00e4den, die von den Fahrern der gemieteten Solexes, TukTuk&#8217;s, E-Scooters und E-Choppers verursacht werden, sind ausdr\u00fccklich von der Versicherung ausgeschlossen. Der Mieter erstattet dem Vermieter die anfallenden Reparaturkosten sowie die Kosten f\u00fcr den Ersatz, einschlie\u00dflich der Kosten f\u00fcr besch\u00e4digte Teile.<\/p>\n<ul>\n<li>&#8211; Wenn Sie ein TukTuk mieten, muss der Fahrer mindestens 23 Jahre alt sein und einen g\u00fcltigen B-F\u00fchrerschein besitzen. Der Fahrer muss auch dem Einweisungsvideo folgen und erkl\u00e4ren, dass er die Anweisungen verstanden hat und sich entsprechend verh\u00e4lt. Der Fahrer sollte auch eine Probefahrt auf dem Feld machen.<br \/>\nTukTuks d\u00fcrfen nur auf der von Unique Outings festgelegten Route benutzt werden.<\/li>\n<\/ul>\n<p>&nbsp;<\/p>\n<p>&nbsp;<\/p>\n<h2 style=\"text-align: left;\"><span style=\"color: #000000;\">Rechte des Vermieters<\/span><\/h2>\n<p>&nbsp;<\/p>\n<ul>\n<li>&#8211; Der Vermieter ist berechtigt, eine Kaution zu verlangen.<\/li>\n<li>&#8211; Sch\u00e4den am Motor und\/oder an Teilen, die auf eine \u00fcberf\u00e4llige Wartung zur\u00fcckzuf\u00fchren sind, gehen zu Lasten des Vermieters.<\/li>\n<li>&#8211; Der Vermieter ist jederzeit berechtigt, die gemieteten TukTuk&#8217;s, Solexes, Tandems, Bicycle Train, Trigger, E-Chopper, E-Scooter, FatBikes oder andere Ausr\u00fcstungsgegenst\u00e4nde wegen angeblichen Missbrauchs ohne R\u00fcckerstattung der Mietgeb\u00fchren zu beschlagnahmen.<\/li>\n<li>&#8211; Im Falle eines Diebstahls w\u00e4hrend der Mietzeit haftet der Mieter f\u00fcr den Wiederbeschaffungswert.<\/li>\n<li>&#8211; Der Mieter tr\u00e4gt die volle gesetzliche Haftung f\u00fcr alle Sch\u00e4den (soweit nicht durch die Versicherung gedeckt, gegenseitige Sch\u00e4den durch die Fahrer der gemieteten Solexes sind durch die Versicherung ausdr\u00fccklich ausgeschlossen), die der Mieter mit dem gemieteten Trigger, Solex, E-Chopper, E-Scooter, Fatbike, Tandem oder sonstiger Ausr\u00fcstung bei sich oder Dritten verursacht und stellt den Vermieter hiervon frei. Dies gilt auch f\u00fcr Sch\u00e4den an Kleidungsst\u00fccken und\/oder anderen pers\u00f6nlichen Gegenst\u00e4nden (z. B. Handys, Kameras usw.).<\/li>\n<li>&#8211; Bei \u00dcberschreitung der vereinbarten Mietdauer werden zus\u00e4tzliche Nutzungsgeb\u00fchren erhoben.<\/li>\n<li>&#8211; Bu\u00dfgelder, die sich aus Verkehrsverst\u00f6\u00dfen ergeben, gehen zu Lasten des Mieters.<\/li>\n<li>&#8211; Dem Mieter ist es nicht gestattet, die gemieteten TukTuk&#8217;s, Solex, Trigger, E-Chopper, E-Scooter, FatBike, Tandem, Bicycle Train oder sonstige Ger\u00e4te an Dritte weiterzuvermieten oder zu nutzen oder die Mietrechte ganz oder teilweise an Dritte zu \u00fcbertragen. Im Falle einer vorzeitigen R\u00fcckgabe wird die volle Miete weiter erhoben.<\/li>\n<li>&#8211; Abgesehen von der Einhaltung der Verkehrsregeln und der \u00f6rtlich geltenden polizeilichen Vorschriften ist dies strengstens untersagt:<\/li>\n<li>&#8211; Die Bordsteinkanten hoch und runter fahren.<\/li>\n<li>&#8211; Mit den TukTuk&#8217;s, Triggern, Solexes, E-Choppern, E-Scootern, Tandems oder anderen Ger\u00e4ten w\u00e4hrend der Tour aneinander zu sto\u00dfen.<\/li>\n<li>&#8211; Mehr zu bef\u00f6rdernde Personen als 1 pro Solex, 1 pro E-Chopper, 2 pro E-Scooter (mit einem maximalen Gesamtgewicht von 150 kg), 2 pro Tandem, 2 pro Trigger und 7 pro TukTuk.<\/li>\n<li>&#8211; Ungepflasterte Stra\u00dfen zum Befahren.<\/li>\n<\/ul>\n<p>&nbsp;<\/p>\n<p>&nbsp;<\/p>\n<h2 style=\"text-align: left;\"><span style=\"color: #000000;\">Allgemeine Bedingungen und Konditionen<\/span><\/h2>\n<h2><strong>                    <\/strong><\/h2>\n<ul>\n<li>&#8211; Die Teilnahme an allen unseren (Outdoor-)Aktivit\u00e4ten wie z.B. Grabenschie\u00dftouren, Schie\u00dfaktivit\u00e4ten, Spielshows, Drei- und Sechser-Camps, Kanu- und Tandem-Solex-TukTuk-Trigger-Touren, Aktivit\u00e4ten auf z.B. fremden Pl\u00e4tzen wie z.B. Bauerngolf, Schie\u00dfaktivit\u00e4ten, Jeu de Boules, Laser-Tontaubenschie\u00dfen, etc. etc. erfolgt immer auf eigene Gefahr. Unique Uitjes.nl kann nicht f\u00fcr Sch\u00e4den an Personen und\/oder Sachen haftbar gemacht werden, die durch die Teilnahme an den von ihr organisierten Aktivit\u00e4ten entstehen. Dies gilt f\u00fcr alle Aktivit\u00e4ten, sowohl f\u00fcr solche, die von Unique Uitjes.nl selbst an\/von ihrem eigenen Standort aus organisiert werden, als auch f\u00fcr solche, die sie vermittelt hat, oder f\u00fcr Aktivit\u00e4ten, f\u00fcr die Unieke Uitjes von Dritten angeheuert wurde und die an Standorten Dritter stattfinden.<\/li>\n<li>&#8211; Im Falle h\u00f6herer Gewalt (z. B. Personalmangel, Krankheit und\/oder \u00fcberm\u00e4\u00dfige Abwesenheit, Streiks im Unternehmen des Vermieters oder in anderen Unternehmen, staatliche Ma\u00dfnahmen, Witterungsbedingungen, \u00dcberschwemmungen, Feuer und andere schwerwiegende St\u00f6rungen im Unternehmen des Vermieters oder der Partnerunternehmen) behalten wir uns das Recht vor, das Programm zu stornieren, zu \u00e4ndern und\/oder zu unterbrechen.<\/li>\n<\/ul>\n<p>&nbsp;<\/p>\n<p>Wir behalten uns au\u00dferdem das Recht vor, Personen, die sich nicht an die Regeln halten, abzuweisen oder zu unterbrechen.  <strong>  In diesem Fall wird kein Geld zur\u00fcckerstattet.<\/strong><\/p>\n<p>&nbsp;<\/p>\n<p>&nbsp;<\/p>\n<h2 style=\"text-align: left;\"><span style=\"color: #000000;\">Stornierung durch den Mieter<\/span><\/h2>\n<p>&nbsp;<\/p>\n<p>M\u00f6chte der Mieter den Vertrag k\u00fcndigen, sollte der Vermieter den Mieter so schnell wie m\u00f6glich schriftlich oder elektronisch benachrichtigen.<\/p>\n<p>In diesem Fall schuldet der Mieter dem Vermieter die folgenden Stornogeb\u00fchren:<\/p>\n<ul>\n<li>&#8211; Bei Stornierung bis zu 6 Wochen im Voraus: 25% der vereinbarten Miete.<\/li>\n<li>&#8211; Bei Stornierung bis zu 4 Wochen im Voraus: 50% der vereinbarten Miete.<\/li>\n<li>&#8211; Bei Stornierung bis zu 2 Wochen im Voraus: 75% der vereinbarten Miete.<\/li>\n<li>&#8211; Bei Stornierung bis zu 1 Woche im Voraus: <strong>Keine Erstattung.<\/strong><\/li>\n<\/ul>\n<p>&nbsp;<\/p>\n<p>&nbsp;<\/p>\n<p>Der Zeitpunkt des Eingangs der schriftlichen oder elektronischen K\u00fcndigungsmitteilung des Mieters beim Vermieter gilt als <strong>K\u00fcndigungsdatum.<\/strong><\/p>\n<ul>\n<li>&#8211; Treten nach Abgabe des Angebots oder nach Vertragsabschluss (kosten-)preiserh\u00f6hende Umst\u00e4nde ein, ist der Vermieter berechtigt, diese Preiserh\u00f6hung an den Mieter weiterzugeben:<\/li>\n<li>&#8211; Wenn die Preiserh\u00f6hung auf eine \u00c4nderung der Vereinbarung zur\u00fcckzuf\u00fchren ist;<\/li>\n<li>&#8211; Wenn sich die Preiserh\u00f6hung aus einer dem Vermieter zustehenden Befugnis oder aus einer ihm gesetzlich obliegenden Verpflichtung ergibt;<\/li>\n<\/ul>\n<p>&nbsp;<\/p>\n<p>&nbsp;<\/p>\n<p><a href=\"http:\/\/uniekeuitjesborculo.nl\/wp-content\/uploads\/2023\/01\/Algemene-voorwaarden-Unieke-Uitjes-2023.pdf\" target=\"_blank\" rel=\"noopener\"><span style=\"color: #0000ff;\">Allgemeine Gesch\u00e4ftsbedingungen f\u00fcr einmalige Reisen (PDF)<\/span><\/a><\/p>\n<p>&nbsp;<\/p>\n","protected":false},"excerpt":{"rendered":"<p>Unique Outings arbeitet gem\u00e4\u00df den folgenden allgemeinen Gesch\u00e4ftsbedingungen, die bei der Handelskammer Apeldoorn unter der Nummer 84761571 hinterlegt sind. Aus einem Angebot k\u00f6nnen keine Rechte abgeleitet werden. Ein Angebot ist 7 Tage lang g\u00fcltig. &nbsp; &#8211; Vermieter ist die Organisation &#8220;Unique Uitjes.nl und &#8220;Kanoverhuur Oost&#8221;. &#8211; Mieter: die Person, die in ihrer Eigenschaft als Verbraucher [&hellip;]<\/p>\n","protected":false},"author":1,"featured_media":0,"parent":0,"menu_order":0,"comment_status":"closed","ping_status":"closed","template":"","meta":{"_acf_changed":false,"_monsterinsights_skip_tracking":false,"_monsterinsights_sitenote_active":false,"_monsterinsights_sitenote_note":"","_monsterinsights_sitenote_category":0,"footnotes":""},"categories":[],"class_list":["post-11785","page","type-page","status-publish","hentry"],"acf":[],"yoast_head":"<!-- This site is optimized with the Yoast SEO plugin v27.5 - https:\/\/yoast.com\/product\/yoast-seo-wordpress\/ -->\n<title>Allgemeine Bedingungen und Konditionen - Uniekeuitjes Borculo<\/title>\n<meta name=\"robots\" content=\"index, follow, max-snippet:-1, max-image-preview:large, max-video-preview:-1\" \/>\n<link rel=\"canonical\" href=\"https:\/\/uniekeuitjesborculo.nl\/de\/allgemeine-bedingungen-und-konditionen\/\" \/>\n<meta property=\"og:locale\" content=\"nl_NL\" \/>\n<meta property=\"og:type\" content=\"article\" \/>\n<meta property=\"og:title\" content=\"Allgemeine Bedingungen und Konditionen - Uniekeuitjes Borculo\" \/>\n<meta property=\"og:description\" content=\"Unique Outings arbeitet gem\u00e4\u00df den folgenden allgemeinen Gesch\u00e4ftsbedingungen, die bei der Handelskammer Apeldoorn unter der Nummer 84761571 hinterlegt sind. Aus einem Angebot k\u00f6nnen keine Rechte abgeleitet werden. Ein Angebot ist 7 Tage lang g\u00fcltig. &nbsp; &#8211; Vermieter ist die Organisation &#8220;Unique Uitjes.nl und &#8220;Kanoverhuur Oost&#8221;. &#8211; Mieter: die Person, die in ihrer Eigenschaft als Verbraucher [&hellip;]\" \/>\n<meta property=\"og:url\" content=\"https:\/\/uniekeuitjesborculo.nl\/de\/allgemeine-bedingungen-und-konditionen\/\" \/>\n<meta property=\"og:site_name\" content=\"Uniekeuitjes Borculo\" \/>\n<meta property=\"article:publisher\" content=\"https:\/\/www.facebook.com\/uniekeuitjes.nl\" \/>\n<meta property=\"article:modified_time\" content=\"2023-09-15T13:49:06+00:00\" \/>\n<meta name=\"twitter:card\" content=\"summary_large_image\" \/>\n<meta name=\"twitter:label1\" content=\"Geschatte leestijd\" \/>\n\t<meta name=\"twitter:data1\" content=\"6 minuten\" \/>\n<script type=\"application\/ld+json\" class=\"yoast-schema-graph\">{\"@context\":\"https:\\\/\\\/schema.org\",\"@graph\":[{\"@type\":\"WebPage\",\"@id\":\"https:\\\/\\\/uniekeuitjesborculo.nl\\\/de\\\/allgemeine-bedingungen-und-konditionen\\\/\",\"url\":\"https:\\\/\\\/uniekeuitjesborculo.nl\\\/de\\\/allgemeine-bedingungen-und-konditionen\\\/\",\"name\":\"Allgemeine Bedingungen und Konditionen - Uniekeuitjes Borculo\",\"isPartOf\":{\"@id\":\"https:\\\/\\\/uniekeuitjesborculo.nl\\\/de\\\/#website\"},\"datePublished\":\"2019-02-27T08:08:38+00:00\",\"dateModified\":\"2023-09-15T13:49:06+00:00\",\"breadcrumb\":{\"@id\":\"https:\\\/\\\/uniekeuitjesborculo.nl\\\/de\\\/allgemeine-bedingungen-und-konditionen\\\/#breadcrumb\"},\"inLanguage\":\"nl-NL\",\"potentialAction\":[{\"@type\":\"ReadAction\",\"target\":[\"https:\\\/\\\/uniekeuitjesborculo.nl\\\/de\\\/allgemeine-bedingungen-und-konditionen\\\/\"]}]},{\"@type\":\"BreadcrumbList\",\"@id\":\"https:\\\/\\\/uniekeuitjesborculo.nl\\\/de\\\/allgemeine-bedingungen-und-konditionen\\\/#breadcrumb\",\"itemListElement\":[{\"@type\":\"ListItem\",\"position\":1,\"name\":\"Home\",\"item\":\"https:\\\/\\\/uniekeuitjesborculo.nl\\\/de\\\/\"},{\"@type\":\"ListItem\",\"position\":2,\"name\":\"Allgemeine Bedingungen und Konditionen\"}]},{\"@type\":\"WebSite\",\"@id\":\"https:\\\/\\\/uniekeuitjesborculo.nl\\\/de\\\/#website\",\"url\":\"https:\\\/\\\/uniekeuitjesborculo.nl\\\/de\\\/\",\"name\":\"Uniekeuitjes Borculo\",\"description\":\"Alles voor plezier, verbinding en ontspanning\",\"publisher\":{\"@id\":\"https:\\\/\\\/uniekeuitjesborculo.nl\\\/de\\\/#organization\"},\"potentialAction\":[{\"@type\":\"SearchAction\",\"target\":{\"@type\":\"EntryPoint\",\"urlTemplate\":\"https:\\\/\\\/uniekeuitjesborculo.nl\\\/de\\\/?s={search_term_string}\"},\"query-input\":{\"@type\":\"PropertyValueSpecification\",\"valueRequired\":true,\"valueName\":\"search_term_string\"}}],\"inLanguage\":\"nl-NL\"},{\"@type\":\"Organization\",\"@id\":\"https:\\\/\\\/uniekeuitjesborculo.nl\\\/de\\\/#organization\",\"name\":\"Unieke Uitjes\",\"url\":\"https:\\\/\\\/uniekeuitjesborculo.nl\\\/de\\\/\",\"logo\":{\"@type\":\"ImageObject\",\"inLanguage\":\"nl-NL\",\"@id\":\"https:\\\/\\\/uniekeuitjesborculo.nl\\\/de\\\/#\\\/schema\\\/logo\\\/image\\\/\",\"url\":\"http:\\\/\\\/uniekeuitjesborculo.nl\\\/wp-content\\\/uploads\\\/2019\\\/02\\\/site-login-logo.png\",\"contentUrl\":\"http:\\\/\\\/uniekeuitjesborculo.nl\\\/wp-content\\\/uploads\\\/2019\\\/02\\\/site-login-logo.png\",\"width\":708,\"height\":345,\"caption\":\"Unieke Uitjes\"},\"image\":{\"@id\":\"https:\\\/\\\/uniekeuitjesborculo.nl\\\/de\\\/#\\\/schema\\\/logo\\\/image\\\/\"},\"sameAs\":[\"https:\\\/\\\/www.facebook.com\\\/uniekeuitjes.nl\",\"https:\\\/\\\/www.instagram.com\\\/uniekeuitjes.nl\\\/\",\"https:\\\/\\\/www.linkedin.com\\\/company\\\/unieke-uitjes-nl\",\"https:\\\/\\\/www.youtube.com\\\/channel\\\/UCXwRXFWP_R0kxRAeL79FQfw\"]}]}<\/script>\n<!-- \/ Yoast SEO plugin. -->","yoast_head_json":{"title":"Allgemeine Bedingungen und Konditionen - Uniekeuitjes Borculo","robots":{"index":"index","follow":"follow","max-snippet":"max-snippet:-1","max-image-preview":"max-image-preview:large","max-video-preview":"max-video-preview:-1"},"canonical":"https:\/\/uniekeuitjesborculo.nl\/de\/allgemeine-bedingungen-und-konditionen\/","og_locale":"nl_NL","og_type":"article","og_title":"Allgemeine Bedingungen und Konditionen - Uniekeuitjes Borculo","og_description":"Unique Outings arbeitet gem\u00e4\u00df den folgenden allgemeinen Gesch\u00e4ftsbedingungen, die bei der Handelskammer Apeldoorn unter der Nummer 84761571 hinterlegt sind. Aus einem Angebot k\u00f6nnen keine Rechte abgeleitet werden. Ein Angebot ist 7 Tage lang g\u00fcltig. &nbsp; &#8211; Vermieter ist die Organisation &#8220;Unique Uitjes.nl und &#8220;Kanoverhuur Oost&#8221;. &#8211; Mieter: die Person, die in ihrer Eigenschaft als Verbraucher [&hellip;]","og_url":"https:\/\/uniekeuitjesborculo.nl\/de\/allgemeine-bedingungen-und-konditionen\/","og_site_name":"Uniekeuitjes Borculo","article_publisher":"https:\/\/www.facebook.com\/uniekeuitjes.nl","article_modified_time":"2023-09-15T13:49:06+00:00","twitter_card":"summary_large_image","twitter_misc":{"Geschatte leestijd":"6 minuten"},"schema":{"@context":"https:\/\/schema.org","@graph":[{"@type":"WebPage","@id":"https:\/\/uniekeuitjesborculo.nl\/de\/allgemeine-bedingungen-und-konditionen\/","url":"https:\/\/uniekeuitjesborculo.nl\/de\/allgemeine-bedingungen-und-konditionen\/","name":"Allgemeine Bedingungen und Konditionen - Uniekeuitjes Borculo","isPartOf":{"@id":"https:\/\/uniekeuitjesborculo.nl\/de\/#website"},"datePublished":"2019-02-27T08:08:38+00:00","dateModified":"2023-09-15T13:49:06+00:00","breadcrumb":{"@id":"https:\/\/uniekeuitjesborculo.nl\/de\/allgemeine-bedingungen-und-konditionen\/#breadcrumb"},"inLanguage":"nl-NL","potentialAction":[{"@type":"ReadAction","target":["https:\/\/uniekeuitjesborculo.nl\/de\/allgemeine-bedingungen-und-konditionen\/"]}]},{"@type":"BreadcrumbList","@id":"https:\/\/uniekeuitjesborculo.nl\/de\/allgemeine-bedingungen-und-konditionen\/#breadcrumb","itemListElement":[{"@type":"ListItem","position":1,"name":"Home","item":"https:\/\/uniekeuitjesborculo.nl\/de\/"},{"@type":"ListItem","position":2,"name":"Allgemeine Bedingungen und Konditionen"}]},{"@type":"WebSite","@id":"https:\/\/uniekeuitjesborculo.nl\/de\/#website","url":"https:\/\/uniekeuitjesborculo.nl\/de\/","name":"Uniekeuitjes Borculo","description":"Alles voor plezier, verbinding en ontspanning","publisher":{"@id":"https:\/\/uniekeuitjesborculo.nl\/de\/#organization"},"potentialAction":[{"@type":"SearchAction","target":{"@type":"EntryPoint","urlTemplate":"https:\/\/uniekeuitjesborculo.nl\/de\/?s={search_term_string}"},"query-input":{"@type":"PropertyValueSpecification","valueRequired":true,"valueName":"search_term_string"}}],"inLanguage":"nl-NL"},{"@type":"Organization","@id":"https:\/\/uniekeuitjesborculo.nl\/de\/#organization","name":"Unieke Uitjes","url":"https:\/\/uniekeuitjesborculo.nl\/de\/","logo":{"@type":"ImageObject","inLanguage":"nl-NL","@id":"https:\/\/uniekeuitjesborculo.nl\/de\/#\/schema\/logo\/image\/","url":"http:\/\/uniekeuitjesborculo.nl\/wp-content\/uploads\/2019\/02\/site-login-logo.png","contentUrl":"http:\/\/uniekeuitjesborculo.nl\/wp-content\/uploads\/2019\/02\/site-login-logo.png","width":708,"height":345,"caption":"Unieke Uitjes"},"image":{"@id":"https:\/\/uniekeuitjesborculo.nl\/de\/#\/schema\/logo\/image\/"},"sameAs":["https:\/\/www.facebook.com\/uniekeuitjes.nl","https:\/\/www.instagram.com\/uniekeuitjes.nl\/","https:\/\/www.linkedin.com\/company\/unieke-uitjes-nl","https:\/\/www.youtube.com\/channel\/UCXwRXFWP_R0kxRAeL79FQfw"]}]}},"_links":{"self":[{"href":"https:\/\/uniekeuitjesborculo.nl\/de\/wp-json\/wp\/v2\/pages\/11785","targetHints":{"allow":["GET"]}}],"collection":[{"href":"https:\/\/uniekeuitjesborculo.nl\/de\/wp-json\/wp\/v2\/pages"}],"about":[{"href":"https:\/\/uniekeuitjesborculo.nl\/de\/wp-json\/wp\/v2\/types\/page"}],"author":[{"embeddable":true,"href":"https:\/\/uniekeuitjesborculo.nl\/de\/wp-json\/wp\/v2\/users\/1"}],"replies":[{"embeddable":true,"href":"https:\/\/uniekeuitjesborculo.nl\/de\/wp-json\/wp\/v2\/comments?post=11785"}],"version-history":[{"count":0,"href":"https:\/\/uniekeuitjesborculo.nl\/de\/wp-json\/wp\/v2\/pages\/11785\/revisions"}],"wp:attachment":[{"href":"https:\/\/uniekeuitjesborculo.nl\/de\/wp-json\/wp\/v2\/media?parent=11785"}],"wp:term":[{"taxonomy":"category","embeddable":true,"href":"https:\/\/uniekeuitjesborculo.nl\/de\/wp-json\/wp\/v2\/categories?post=11785"}],"curies":[{"name":"wp","href":"https:\/\/api.w.org\/{rel}","templated":true}]}}