{"id":11786,"date":"2019-02-18T15:05:52","date_gmt":"2019-02-18T15:05:52","guid":{"rendered":"http:\/\/uniekeuitjesborculo.nl\/ausfluege-in-markelo\/"},"modified":"2023-09-15T13:48:58","modified_gmt":"2023-09-15T13:48:58","slug":"ausfluege-in-markelo","status":"publish","type":"page","link":"https:\/\/uniekeuitjesborculo.nl\/de\/ausfluege-in-markelo\/","title":{"rendered":"Ausfl\u00fcge in Markelo"},"content":{"rendered":"<h2>Ausfl\u00fcge in Markelo:<\/h2>\n<p>Unique Outings bietet zahlreiche Aktivit\u00e4ten und Ausfl\u00fcge in der Region an. Sie k\u00f6nnen einen Zwischenstopp in Markelo einlegen, aber nat\u00fcrlich k\u00f6nnen Sie auch von dort aus losfahren. Unique Outings arbeitet mit 2 fantastischen Gastgewerbebetrieben zusammen:<\/p>\n<p>&#8211; <strong>De Hoestinkhof: <\/strong>ein Teehaus im englischen Stil, untergebracht in einem sch\u00f6nen Bauernhaus in der Landschaft von Twente. Ein gro\u00dfartiger Ort f\u00fcr einen sch\u00f6nen High Tea oder eine lustige Aktivit\u00e4t.<\/p>\n<p>&#8211; <strong>De Tasca Markelo:<\/strong> ein wundersch\u00f6nes Familienbistro mit authentischer Atmosph\u00e4re, in dem hausgemachte Gerichte und Tapas aus lokalen Produkten in einem wirklich sch\u00f6nen Ambiente zu einem erschwinglichen Preis serviert werden.<\/p>\n<p>&nbsp;<\/p>\n<p>Unique Uitjes hat viele Aktivit\u00e4ten und Pakete in Markelo im Angebot. Zum Beispiel Skelter-Zugfahrten, Solextoers, E-Chopper-Fahrten und Tandem-Kreuzfahrtschiffe. Diese k\u00f6nnen Sie dann z. B. mit Bogen- oder Armbrustschie\u00dfen, einem Laserspiel oder einem Musikquiz kombinieren. Dies sind nur einige Beispiele, eigentlich k\u00f6nnen alle unsere Aktivit\u00e4ten (siehe unsere Willkommensseite) als Teil eines Pakets genutzt werden. Sie k\u00f6nnen einen beliebigen Ort w\u00e4hlen<\/p>\n<p>&nbsp;<\/p>\n<p>&nbsp;<\/p>\n<h3><strong>\u00dcber Markelo:<\/strong><\/h3>\n<div>\n<p>Eines der \u00e4ltesten D\u00f6rfer von Twente und seit Jahren ein beliebtes Touristenziel. Die h\u00fcgelige Landschaft rund um das Dorf eignet sich hervorragend zum Wandern und Radfahren. Im Zentrum, neben der Markelo Tourist Info, befindet sich der Museumsbauernhof Eungs Sch\u00f6ppe. Au\u00dferdem gibt es die Martinuskirche, die Buursink&#8217;s M\u00fchle De Hoop (eine Wind-, Getreide- und Sch\u00e4lm\u00fchle) und nat\u00fcrlich die Schafherde auf dem Borkeld. J\u00e4hrlich finden zahlreiche Veranstaltungen statt, wie z. B. die Freilichtauff\u00fchrungen bei den K\u00f6sterskoele, die Maarkelse Lente und der Winterspaziergang. In der N\u00e4he von Markelo befinden sich die Schl\u00f6sser Weldam und Wegdam. Es gibt sehr viele nationale Denkm\u00e4ler, darunter Bauernh\u00f6fe, Nebengeb\u00e4ude, Grabst\u00e4tten und Herrenh\u00e4user.<\/p>\n<\/div>\n<p>&nbsp;<\/p>\n<p>Von unserem Besuchsort aus k\u00f6nnen wir die folgenden individuellen Aktivit\u00e4ten anbieten (dies ist nur eine Auswahl aus unserem Gesamtangebot):<\/p>\n<ul>\n<li><a href=\"http:\/\/uniekeuitjesborculo.nl\/uitje\/solex-huren-solexverhuur\/\">Solex mieten<\/a><\/li>\n<li><a href=\"http:\/\/uniekeuitjesborculo.nl\/uitje\/tandem-cruiser\/\">Tandem-Touren<\/a><\/li>\n<li><a href=\"http:\/\/uniekeuitjesborculo.nl\/uitje\/tuktuk-huren\/\">TukTuk&#8217;s<\/a> oder <a href=\"http:\/\/uniekeuitjesborculo.nl\/uitje\/trigger-huren\/\">Trigger<\/a> fahren<\/li>\n<li><a href=\"http:\/\/uniekeuitjesborculo.nl\/uitje\/skeltertreinen-groepsfietsen\/\">Skelter-Z\u00fcge<\/a><\/li>\n<li><a href=\"http:\/\/uniekeuitjesborculo.nl\/uitje\/boog-en-kruisboog\/\">Bogenschie\u00dfen und Armbrustschie\u00dfen<\/a><\/li>\n<li><a href=\"http:\/\/uniekeuitjesborculo.nl\/uitje\/buksschieten\/\">Schie\u00dfen mit Flinte oder Luftgewehr<\/a><\/li>\n<li><a href=\"http:\/\/uniekeuitjesborculo.nl\/uitje\/schieten-met-5-wapensoorten\/\">Werkst\u00e4tten mit 5 Waffentypen<\/a><\/li>\n<li>Sechs Camps, <a href=\"http:\/\/uniekeuitjesborculo.nl\/uitje\/indoor-zeskamp\/\">drinnen<\/a> oder <a href=\"http:\/\/uniekeuitjesborculo.nl\/uitje\/grote-zeskamp\/\">drau\u00dfen<\/a><\/li>\n<li><a href=\"http:\/\/uniekeuitjesborculo.nl\/spelshows\/\">Spielshows<\/a> und <a href=\"http:\/\/uniekeuitjesborculo.nl\/uitje\/casino-avond\/\">Casino-Abende<\/a><\/li>\n<li>Ein <a href=\"http:\/\/uniekeuitjesborculo.nl\/uitje\/pubquiz\/\">Kneipenquiz<\/a>, <a href=\"http:\/\/uniekeuitjesborculo.nl\/uitje\/muziekquiz\/\">Musikquiz<\/a> oder <a href=\"http:\/\/uniekeuitjesborculo.nl\/uitje\/bingoshow\/\">Bingo<\/a><\/li>\n<li><a href=\"http:\/\/uniekeuitjesborculo.nl\/uitje\/straatgolf-of-boerengolf\/\">Bauerngolf<\/a> und <a href=\"http:\/\/uniekeuitjesborculo.nl\/uitje\/klootschieten\/\">Bogenschie\u00dfen<\/a><\/li>\n<\/ul>\n<p>Selbstverst\u00e4ndlich sind alle Kombinationen m\u00f6glich, so dass ein tagesf\u00fcllendes Programm zusammengestellt werden kann, das z.B. auch Snacks und Getr\u00e4nke in unseren \u00f6rtlichen Gastronomiebetrieben beinhaltet.<\/p>\n<p><strong>Suchen Sie nach einzigartigen Ausfl\u00fcgen? Wir stellen Ihnen ein ma\u00dfgeschneidertes Programm zusammen, ganz unverbindlich!<\/strong><\/p>\n<p>&nbsp;<\/p>\n<p><a href=\"http:\/\/uniekeuitjesborculo.nl\"><img loading=\"lazy\" decoding=\"async\" class=\"alignnone wp-image-377\" src=\"http:\/\/uniekeuitjesborculo.nl\/wp-content\/uploads\/2019\/02\/site-login-logo.png\" alt=\"Ausfl\u00fcge in Markelo, komplett organisiert von Unique Outings\" width=\"462\" height=\"225\" srcset=\"https:\/\/uniekeuitjesborculo.nl\/wp-content\/uploads\/2019\/02\/site-login-logo.png 708w, https:\/\/uniekeuitjesborculo.nl\/wp-content\/uploads\/2019\/02\/site-login-logo-300x146.png 300w, https:\/\/uniekeuitjesborculo.nl\/wp-content\/uploads\/2019\/02\/site-login-logo-600x292.png 600w\" sizes=\"auto, (max-width: 462px) 100vw, 462px\" \/><\/a><\/p>\n","protected":false},"excerpt":{"rendered":"<p>Ausfl\u00fcge in Markelo: Unique Outings bietet zahlreiche Aktivit\u00e4ten und Ausfl\u00fcge in der Region an. Sie k\u00f6nnen einen Zwischenstopp in Markelo einlegen, aber nat\u00fcrlich k\u00f6nnen Sie auch von dort aus losfahren. Unique Outings arbeitet mit 2 fantastischen Gastgewerbebetrieben zusammen: &#8211; De Hoestinkhof: ein Teehaus im englischen Stil, untergebracht in einem sch\u00f6nen Bauernhaus in der Landschaft von [&hellip;]<\/p>\n","protected":false},"author":1,"featured_media":0,"parent":0,"menu_order":0,"comment_status":"closed","ping_status":"closed","template":"","meta":{"_acf_changed":false,"_monsterinsights_skip_tracking":false,"_monsterinsights_sitenote_active":false,"_monsterinsights_sitenote_note":"","_monsterinsights_sitenote_category":0,"footnotes":""},"categories":[73],"class_list":["post-11786","page","type-page","status-publish","hentry","category-zielseite"],"acf":[],"yoast_head":"<!-- This site is optimized with the Yoast SEO plugin v27.5 - https:\/\/yoast.com\/product\/yoast-seo-wordpress\/ -->\n<title>Ausfl\u00fcge in Markelo - Verschiedene Aktivit\u00e4ten &amp; Ausfl\u00fcge in Markelo<\/title>\n<meta name=\"description\" content=\"Unique Outings bietet viele Aktivit\u00e4ten und Ausfl\u00fcge in Markelo an. Mit einem Solex, einem Tuk Tuk oder einem Trigger unterwegs? Entdecken Sie unser Angebot an unterhaltsamen Ausfl\u00fcgen!\" \/>\n<meta name=\"robots\" content=\"index, follow, max-snippet:-1, max-image-preview:large, max-video-preview:-1\" \/>\n<link rel=\"canonical\" href=\"https:\/\/uniekeuitjesborculo.nl\/de\/ausfluege-in-markelo\/\" \/>\n<meta property=\"og:locale\" content=\"nl_NL\" \/>\n<meta property=\"og:type\" content=\"article\" \/>\n<meta property=\"og:title\" content=\"Ausfl\u00fcge in Markelo - Verschiedene Aktivit\u00e4ten &amp; Ausfl\u00fcge in Markelo\" \/>\n<meta property=\"og:description\" content=\"Unique Outings bietet viele Aktivit\u00e4ten und Ausfl\u00fcge in Markelo an. Mit einem Solex, einem Tuk Tuk oder einem Trigger unterwegs? Entdecken Sie unser Angebot an unterhaltsamen Ausfl\u00fcgen!\" \/>\n<meta property=\"og:url\" content=\"https:\/\/uniekeuitjesborculo.nl\/de\/ausfluege-in-markelo\/\" \/>\n<meta property=\"og:site_name\" content=\"Uniekeuitjes Borculo\" \/>\n<meta property=\"article:publisher\" content=\"https:\/\/www.facebook.com\/uniekeuitjes.nl\" \/>\n<meta property=\"article:modified_time\" content=\"2023-09-15T13:48:58+00:00\" \/>\n<meta property=\"og:image\" content=\"http:\/\/uniekeuitjesborculo.nl\/wp-content\/uploads\/2019\/02\/site-login-logo.png\" \/>\n<meta name=\"twitter:card\" content=\"summary_large_image\" \/>\n<meta name=\"twitter:label1\" content=\"Geschatte leestijd\" \/>\n\t<meta name=\"twitter:data1\" content=\"2 minuten\" \/>\n<script type=\"application\/ld+json\" class=\"yoast-schema-graph\">{\"@context\":\"https:\\\/\\\/schema.org\",\"@graph\":[{\"@type\":\"WebPage\",\"@id\":\"https:\\\/\\\/uniekeuitjesborculo.nl\\\/de\\\/ausfluege-in-markelo\\\/\",\"url\":\"https:\\\/\\\/uniekeuitjesborculo.nl\\\/de\\\/ausfluege-in-markelo\\\/\",\"name\":\"Ausfl\u00fcge in Markelo - Verschiedene Aktivit\u00e4ten & Ausfl\u00fcge in Markelo\",\"isPartOf\":{\"@id\":\"https:\\\/\\\/uniekeuitjesborculo.nl\\\/de\\\/#website\"},\"primaryImageOfPage\":{\"@id\":\"https:\\\/\\\/uniekeuitjesborculo.nl\\\/de\\\/ausfluege-in-markelo\\\/#primaryimage\"},\"image\":{\"@id\":\"https:\\\/\\\/uniekeuitjesborculo.nl\\\/de\\\/ausfluege-in-markelo\\\/#primaryimage\"},\"thumbnailUrl\":\"http:\\\/\\\/uniekeuitjesborculo.nl\\\/wp-content\\\/uploads\\\/2019\\\/02\\\/site-login-logo.png\",\"datePublished\":\"2019-02-18T15:05:52+00:00\",\"dateModified\":\"2023-09-15T13:48:58+00:00\",\"description\":\"Unique Outings bietet viele Aktivit\u00e4ten und Ausfl\u00fcge in Markelo an. Mit einem Solex, einem Tuk Tuk oder einem Trigger unterwegs? Entdecken Sie unser Angebot an unterhaltsamen Ausfl\u00fcgen!\",\"breadcrumb\":{\"@id\":\"https:\\\/\\\/uniekeuitjesborculo.nl\\\/de\\\/ausfluege-in-markelo\\\/#breadcrumb\"},\"inLanguage\":\"nl-NL\",\"potentialAction\":[{\"@type\":\"ReadAction\",\"target\":[\"https:\\\/\\\/uniekeuitjesborculo.nl\\\/de\\\/ausfluege-in-markelo\\\/\"]}]},{\"@type\":\"ImageObject\",\"inLanguage\":\"nl-NL\",\"@id\":\"https:\\\/\\\/uniekeuitjesborculo.nl\\\/de\\\/ausfluege-in-markelo\\\/#primaryimage\",\"url\":\"http:\\\/\\\/uniekeuitjesborculo.nl\\\/wp-content\\\/uploads\\\/2019\\\/02\\\/site-login-logo.png\",\"contentUrl\":\"http:\\\/\\\/uniekeuitjesborculo.nl\\\/wp-content\\\/uploads\\\/2019\\\/02\\\/site-login-logo.png\"},{\"@type\":\"BreadcrumbList\",\"@id\":\"https:\\\/\\\/uniekeuitjesborculo.nl\\\/de\\\/ausfluege-in-markelo\\\/#breadcrumb\",\"itemListElement\":[{\"@type\":\"ListItem\",\"position\":1,\"name\":\"Home\",\"item\":\"https:\\\/\\\/uniekeuitjesborculo.nl\\\/de\\\/\"},{\"@type\":\"ListItem\",\"position\":2,\"name\":\"Ausfl\u00fcge in Markelo\"}]},{\"@type\":\"WebSite\",\"@id\":\"https:\\\/\\\/uniekeuitjesborculo.nl\\\/de\\\/#website\",\"url\":\"https:\\\/\\\/uniekeuitjesborculo.nl\\\/de\\\/\",\"name\":\"Uniekeuitjes Borculo\",\"description\":\"Alles voor plezier, verbinding en ontspanning\",\"publisher\":{\"@id\":\"https:\\\/\\\/uniekeuitjesborculo.nl\\\/de\\\/#organization\"},\"potentialAction\":[{\"@type\":\"SearchAction\",\"target\":{\"@type\":\"EntryPoint\",\"urlTemplate\":\"https:\\\/\\\/uniekeuitjesborculo.nl\\\/de\\\/?s={search_term_string}\"},\"query-input\":{\"@type\":\"PropertyValueSpecification\",\"valueRequired\":true,\"valueName\":\"search_term_string\"}}],\"inLanguage\":\"nl-NL\"},{\"@type\":\"Organization\",\"@id\":\"https:\\\/\\\/uniekeuitjesborculo.nl\\\/de\\\/#organization\",\"name\":\"Unieke Uitjes\",\"url\":\"https:\\\/\\\/uniekeuitjesborculo.nl\\\/de\\\/\",\"logo\":{\"@type\":\"ImageObject\",\"inLanguage\":\"nl-NL\",\"@id\":\"https:\\\/\\\/uniekeuitjesborculo.nl\\\/de\\\/#\\\/schema\\\/logo\\\/image\\\/\",\"url\":\"http:\\\/\\\/uniekeuitjesborculo.nl\\\/wp-content\\\/uploads\\\/2019\\\/02\\\/site-login-logo.png\",\"contentUrl\":\"http:\\\/\\\/uniekeuitjesborculo.nl\\\/wp-content\\\/uploads\\\/2019\\\/02\\\/site-login-logo.png\",\"width\":708,\"height\":345,\"caption\":\"Unieke Uitjes\"},\"image\":{\"@id\":\"https:\\\/\\\/uniekeuitjesborculo.nl\\\/de\\\/#\\\/schema\\\/logo\\\/image\\\/\"},\"sameAs\":[\"https:\\\/\\\/www.facebook.com\\\/uniekeuitjes.nl\",\"https:\\\/\\\/www.instagram.com\\\/uniekeuitjes.nl\\\/\",\"https:\\\/\\\/www.linkedin.com\\\/company\\\/unieke-uitjes-nl\",\"https:\\\/\\\/www.youtube.com\\\/channel\\\/UCXwRXFWP_R0kxRAeL79FQfw\"]}]}<\/script>\n<!-- \/ Yoast SEO plugin. -->","yoast_head_json":{"title":"Ausfl\u00fcge in Markelo - Verschiedene Aktivit\u00e4ten & Ausfl\u00fcge in Markelo","description":"Unique Outings bietet viele Aktivit\u00e4ten und Ausfl\u00fcge in Markelo an. Mit einem Solex, einem Tuk Tuk oder einem Trigger unterwegs? Entdecken Sie unser Angebot an unterhaltsamen Ausfl\u00fcgen!","robots":{"index":"index","follow":"follow","max-snippet":"max-snippet:-1","max-image-preview":"max-image-preview:large","max-video-preview":"max-video-preview:-1"},"canonical":"https:\/\/uniekeuitjesborculo.nl\/de\/ausfluege-in-markelo\/","og_locale":"nl_NL","og_type":"article","og_title":"Ausfl\u00fcge in Markelo - Verschiedene Aktivit\u00e4ten & Ausfl\u00fcge in Markelo","og_description":"Unique Outings bietet viele Aktivit\u00e4ten und Ausfl\u00fcge in Markelo an. Mit einem Solex, einem Tuk Tuk oder einem Trigger unterwegs? Entdecken Sie unser Angebot an unterhaltsamen Ausfl\u00fcgen!","og_url":"https:\/\/uniekeuitjesborculo.nl\/de\/ausfluege-in-markelo\/","og_site_name":"Uniekeuitjes Borculo","article_publisher":"https:\/\/www.facebook.com\/uniekeuitjes.nl","article_modified_time":"2023-09-15T13:48:58+00:00","og_image":[{"url":"http:\/\/uniekeuitjesborculo.nl\/wp-content\/uploads\/2019\/02\/site-login-logo.png","type":"","width":"","height":""}],"twitter_card":"summary_large_image","twitter_misc":{"Geschatte leestijd":"2 minuten"},"schema":{"@context":"https:\/\/schema.org","@graph":[{"@type":"WebPage","@id":"https:\/\/uniekeuitjesborculo.nl\/de\/ausfluege-in-markelo\/","url":"https:\/\/uniekeuitjesborculo.nl\/de\/ausfluege-in-markelo\/","name":"Ausfl\u00fcge in Markelo - Verschiedene Aktivit\u00e4ten & Ausfl\u00fcge in Markelo","isPartOf":{"@id":"https:\/\/uniekeuitjesborculo.nl\/de\/#website"},"primaryImageOfPage":{"@id":"https:\/\/uniekeuitjesborculo.nl\/de\/ausfluege-in-markelo\/#primaryimage"},"image":{"@id":"https:\/\/uniekeuitjesborculo.nl\/de\/ausfluege-in-markelo\/#primaryimage"},"thumbnailUrl":"http:\/\/uniekeuitjesborculo.nl\/wp-content\/uploads\/2019\/02\/site-login-logo.png","datePublished":"2019-02-18T15:05:52+00:00","dateModified":"2023-09-15T13:48:58+00:00","description":"Unique Outings bietet viele Aktivit\u00e4ten und Ausfl\u00fcge in Markelo an. Mit einem Solex, einem Tuk Tuk oder einem Trigger unterwegs? Entdecken Sie unser Angebot an unterhaltsamen Ausfl\u00fcgen!","breadcrumb":{"@id":"https:\/\/uniekeuitjesborculo.nl\/de\/ausfluege-in-markelo\/#breadcrumb"},"inLanguage":"nl-NL","potentialAction":[{"@type":"ReadAction","target":["https:\/\/uniekeuitjesborculo.nl\/de\/ausfluege-in-markelo\/"]}]},{"@type":"ImageObject","inLanguage":"nl-NL","@id":"https:\/\/uniekeuitjesborculo.nl\/de\/ausfluege-in-markelo\/#primaryimage","url":"http:\/\/uniekeuitjesborculo.nl\/wp-content\/uploads\/2019\/02\/site-login-logo.png","contentUrl":"http:\/\/uniekeuitjesborculo.nl\/wp-content\/uploads\/2019\/02\/site-login-logo.png"},{"@type":"BreadcrumbList","@id":"https:\/\/uniekeuitjesborculo.nl\/de\/ausfluege-in-markelo\/#breadcrumb","itemListElement":[{"@type":"ListItem","position":1,"name":"Home","item":"https:\/\/uniekeuitjesborculo.nl\/de\/"},{"@type":"ListItem","position":2,"name":"Ausfl\u00fcge in Markelo"}]},{"@type":"WebSite","@id":"https:\/\/uniekeuitjesborculo.nl\/de\/#website","url":"https:\/\/uniekeuitjesborculo.nl\/de\/","name":"Uniekeuitjes Borculo","description":"Alles voor plezier, verbinding en ontspanning","publisher":{"@id":"https:\/\/uniekeuitjesborculo.nl\/de\/#organization"},"potentialAction":[{"@type":"SearchAction","target":{"@type":"EntryPoint","urlTemplate":"https:\/\/uniekeuitjesborculo.nl\/de\/?s={search_term_string}"},"query-input":{"@type":"PropertyValueSpecification","valueRequired":true,"valueName":"search_term_string"}}],"inLanguage":"nl-NL"},{"@type":"Organization","@id":"https:\/\/uniekeuitjesborculo.nl\/de\/#organization","name":"Unieke Uitjes","url":"https:\/\/uniekeuitjesborculo.nl\/de\/","logo":{"@type":"ImageObject","inLanguage":"nl-NL","@id":"https:\/\/uniekeuitjesborculo.nl\/de\/#\/schema\/logo\/image\/","url":"http:\/\/uniekeuitjesborculo.nl\/wp-content\/uploads\/2019\/02\/site-login-logo.png","contentUrl":"http:\/\/uniekeuitjesborculo.nl\/wp-content\/uploads\/2019\/02\/site-login-logo.png","width":708,"height":345,"caption":"Unieke Uitjes"},"image":{"@id":"https:\/\/uniekeuitjesborculo.nl\/de\/#\/schema\/logo\/image\/"},"sameAs":["https:\/\/www.facebook.com\/uniekeuitjes.nl","https:\/\/www.instagram.com\/uniekeuitjes.nl\/","https:\/\/www.linkedin.com\/company\/unieke-uitjes-nl","https:\/\/www.youtube.com\/channel\/UCXwRXFWP_R0kxRAeL79FQfw"]}]}},"_links":{"self":[{"href":"https:\/\/uniekeuitjesborculo.nl\/de\/wp-json\/wp\/v2\/pages\/11786","targetHints":{"allow":["GET"]}}],"collection":[{"href":"https:\/\/uniekeuitjesborculo.nl\/de\/wp-json\/wp\/v2\/pages"}],"about":[{"href":"https:\/\/uniekeuitjesborculo.nl\/de\/wp-json\/wp\/v2\/types\/page"}],"author":[{"embeddable":true,"href":"https:\/\/uniekeuitjesborculo.nl\/de\/wp-json\/wp\/v2\/users\/1"}],"replies":[{"embeddable":true,"href":"https:\/\/uniekeuitjesborculo.nl\/de\/wp-json\/wp\/v2\/comments?post=11786"}],"version-history":[{"count":0,"href":"https:\/\/uniekeuitjesborculo.nl\/de\/wp-json\/wp\/v2\/pages\/11786\/revisions"}],"wp:attachment":[{"href":"https:\/\/uniekeuitjesborculo.nl\/de\/wp-json\/wp\/v2\/media?parent=11786"}],"wp:term":[{"taxonomy":"category","embeddable":true,"href":"https:\/\/uniekeuitjesborculo.nl\/de\/wp-json\/wp\/v2\/categories?post=11786"}],"curies":[{"name":"wp","href":"https:\/\/api.w.org\/{rel}","templated":true}]}}