{"id":11793,"date":"2019-02-18T15:03:49","date_gmt":"2019-02-18T15:03:49","guid":{"rendered":"http:\/\/uniekeuitjesborculo.nl\/tagesausfluege-in-lochem\/"},"modified":"2019-02-18T15:03:49","modified_gmt":"2019-02-18T15:03:49","slug":"tagesausfluege-in-lochem","status":"publish","type":"page","link":"https:\/\/uniekeuitjesborculo.nl\/de\/tagesausfluege-in-lochem\/","title":{"rendered":"Tagesausfl\u00fcge in Lochem"},"content":{"rendered":"<h2><strong>Tagesausfl\u00fcge in Lochem<\/strong><\/h2>\n<p>Unique Outings bietet viele Ausfl\u00fcge und Pakete in Lochem an, und das zu einem sehr g\u00fcnstigen Preis. Wir tun dies in Zusammenarbeit mit mehreren aktiven Gastronomiebetrieben. So sind Sie bei Ihren Ausfl\u00fcgen in Lochem immer in den sch\u00f6nsten und lustigsten Gastronomiebetrieben f\u00fcr Ihre Erfrischungen, und wenn Sie m\u00f6chten, k\u00f6nnen Sie zum Beispiel mitten auf dem Markt von Lochem auf eine <a href=\"http:\/\/uniekeuitjesborculo.nl\/uitje\/solex-huren-solexverhuur\/\">Solex<\/a>, einen <a href=\"http:\/\/uniekeuitjesborculo.nl\/uitje\/echopper-huren\/\">Chopper<\/a> oder eines unserer <a href=\"http:\/\/uniekeuitjesborculo.nl\/uitje\/tuktuk-huren\/\">elektrischen 7-Sitzer-Tuk-Tuks<\/a> aufspringen. Erleben Sie die Natur bei einer <a href=\"http:\/\/uniekeuitjesborculo.nl\/uitje\/kanoverhuur\/\">Kanufahrt<\/a> auf der Berkel. Gehen Sie zum <a href=\"http:\/\/uniekeuitjesborculo.nl\/uitje\/boogschieten\/\">Bogenschie\u00dfen<\/a>, <a href=\"http:\/\/uniekeuitjesborculo.nl\/uitje\/indoor-en-outdoor-lasergamen-op-locatie\/\">Laser-Gaming<\/a> oder <a href=\"http:\/\/uniekeuitjesborculo.nl\/uitje\/laser-kleiduifschieten\/\">Laser-Taubenschie\u00dfen<\/a>.<\/p>\n<p>Wir bieten mehr als 50 Aktivit\u00e4ten und Ausfl\u00fcge in Lochem an. Sollten Sie besondere Anforderungen haben: Wir finden oft einen Weg, sie zu umgehen.<\/p>\n<p>&nbsp;<\/p>\n<h3><strong>Wir arbeiten in der Innenstadt von Lochem unter anderem mit folgenden Unternehmen zusammen:<br \/>\n<\/strong><\/h3>\n<p>Gro\u00dfes Caf\u00e9-Restaurant <strong><br \/>\n  <a href=\"http:\/\/www.debabbelaer.nl\/\">Das Babbelaer<\/a><br \/>\n<\/strong>:<br \/>\nEin stimmungsvolles Restaurant mit einer sch\u00f6nen Terrasse. Die \u00fcberraschende Speisekarte in Kombination mit der Lage wird Ihren Ausflug vervollst\u00e4ndigen.<\/p>\n<p>Hotel-Restaurant <strong>&#8217;t <a href=\"http:\/\/www.hofvangelre.nl\/\">Hof van Gelre<\/a><\/strong>:<br \/>\nEin gutes Hotel, ausgezeichnete K\u00fcche und ein sch\u00f6ner Garten, der Platz f\u00fcr unsere vielen Aktivit\u00e4ten bietet.<\/p>\n<p>Brasserie <a href=\"http:\/\/www.brasserieflorislochem.nl\/\"><br \/>\n  <strong>Floris<\/strong><br \/>\n<\/a>:<br \/>\nEin sch\u00f6nes Mittagessen, ein k\u00f6stlicher High Tea oder ein gutes Abendessen? In der Brasserie Floris k\u00f6nnen Sie dies alles in einer fantastischen Atmosph\u00e4re tun.<br \/>\nSie k\u00f6nnen hier auch Feste und Feiern veranstalten.<\/p>\n<p>&nbsp;<\/p>\n<h2><strong>\u00dcber Lochem:<\/strong><\/h2>\n<p><strong><br \/>\n<\/strong>Die Gemeinde Lochem ist reich an Natur und Kultur. Wer Ruhe sucht und Natur und Landschaft genie\u00dfen will, kann endlos radeln und wandern. Die Sch\u00f6nheit der Natur \u00fcbt eine gro\u00dfe Anziehungskraft auf Touristen und Erholungssuchende aus. Lochem hat eine reiche Geschichte. Im Jahr 1233 wurden ihr die Stadtrechte verliehen. Viel fr\u00fcher, um 900, wurde dort die erste Kirche gegr\u00fcndet. Die Lage an der Berkel hat wesentlich zur Geschichte der kleinen Stadt in Gelderland beigetragen.<\/p>\n<p>Viele Geb\u00e4ude in den Gemeinden sind aus kulturhistorischer Sicht sehenswert, wie z. B. das alte Rathaus am Markt, der Staringkoepel, die Ruine Nettelhorst und das Verwolde-Haus.<\/p>\n<p>&nbsp;<\/p>\n<p>&nbsp;<\/p>\n<p><strong>Wir sehen uns bei Unique Outings!<\/strong><\/p>\n<p><a href=\"http:\/\/uniekeuitjesborculo.nl\"><img loading=\"lazy\" decoding=\"async\" class=\"alignnone wp-image-377 \" src=\"http:\/\/uniekeuitjesborculo.nl\/wp-content\/uploads\/2019\/02\/site-login-logo.png\" alt=\"\" width=\"479\" height=\"273\"><\/a><\/p>\n","protected":false},"excerpt":{"rendered":"<p>Tagesausfl\u00fcge in Lochem Unique Outings bietet viele Ausfl\u00fcge und Pakete in Lochem an, und das zu einem sehr g\u00fcnstigen Preis. Wir tun dies in Zusammenarbeit mit mehreren aktiven Gastronomiebetrieben. So sind Sie bei Ihren Ausfl\u00fcgen in Lochem immer in den sch\u00f6nsten und lustigsten Gastronomiebetrieben f\u00fcr Ihre Erfrischungen, und wenn Sie m\u00f6chten, k\u00f6nnen Sie zum Beispiel [&hellip;]<\/p>\n","protected":false},"author":1,"featured_media":0,"parent":0,"menu_order":0,"comment_status":"closed","ping_status":"closed","template":"","meta":{"_acf_changed":false,"_monsterinsights_skip_tracking":false,"_monsterinsights_sitenote_active":false,"_monsterinsights_sitenote_note":"","_monsterinsights_sitenote_category":0,"footnotes":""},"categories":[73],"class_list":["post-11793","page","type-page","status-publish","hentry","category-zielseite"],"acf":[],"yoast_head":"<!-- This site is optimized with the Yoast SEO plugin v27.5 - https:\/\/yoast.com\/product\/yoast-seo-wordpress\/ -->\n<title>Tagesausfl\u00fcge in Lochem - Verschiedene Aktivit\u00e4ten &amp; Ausfl\u00fcge in Lochem<\/title>\n<meta name=\"description\" content=\"In Lochem bietet Unique outings viele verschiedene Aktivit\u00e4ten und Ausfl\u00fcge an. Es besteht auch die M\u00f6glichkeit, die Gegend mit anderen Verkehrsmitteln zu erkunden.\" \/>\n<meta name=\"robots\" content=\"index, follow, max-snippet:-1, max-image-preview:large, max-video-preview:-1\" \/>\n<link rel=\"canonical\" href=\"https:\/\/uniekeuitjesborculo.nl\/de\/tagesausfluege-in-lochem\/\" \/>\n<meta property=\"og:locale\" content=\"nl_NL\" \/>\n<meta property=\"og:type\" content=\"article\" \/>\n<meta property=\"og:title\" content=\"Tagesausfl\u00fcge in Lochem - Verschiedene Aktivit\u00e4ten &amp; Ausfl\u00fcge in Lochem\" \/>\n<meta property=\"og:description\" content=\"In Lochem bietet Unique outings viele verschiedene Aktivit\u00e4ten und Ausfl\u00fcge an. Es besteht auch die M\u00f6glichkeit, die Gegend mit anderen Verkehrsmitteln zu erkunden.\" \/>\n<meta property=\"og:url\" content=\"https:\/\/uniekeuitjesborculo.nl\/de\/tagesausfluege-in-lochem\/\" \/>\n<meta property=\"og:site_name\" content=\"Uniekeuitjes Borculo\" \/>\n<meta property=\"article:publisher\" content=\"https:\/\/www.facebook.com\/uniekeuitjes.nl\" \/>\n<meta property=\"og:image\" content=\"http:\/\/uniekeuitjesborculo.nl\/wp-content\/uploads\/2019\/02\/site-login-logo.png\" \/>\n<meta name=\"twitter:card\" content=\"summary_large_image\" \/>\n<meta name=\"twitter:label1\" content=\"Geschatte leestijd\" \/>\n\t<meta name=\"twitter:data1\" content=\"2 minuten\" \/>\n<script type=\"application\/ld+json\" class=\"yoast-schema-graph\">{\"@context\":\"https:\\\/\\\/schema.org\",\"@graph\":[{\"@type\":\"WebPage\",\"@id\":\"https:\\\/\\\/uniekeuitjesborculo.nl\\\/de\\\/tagesausfluege-in-lochem\\\/\",\"url\":\"https:\\\/\\\/uniekeuitjesborculo.nl\\\/de\\\/tagesausfluege-in-lochem\\\/\",\"name\":\"Tagesausfl\u00fcge in Lochem - Verschiedene Aktivit\u00e4ten & Ausfl\u00fcge in Lochem\",\"isPartOf\":{\"@id\":\"https:\\\/\\\/uniekeuitjesborculo.nl\\\/de\\\/#website\"},\"primaryImageOfPage\":{\"@id\":\"https:\\\/\\\/uniekeuitjesborculo.nl\\\/de\\\/tagesausfluege-in-lochem\\\/#primaryimage\"},\"image\":{\"@id\":\"https:\\\/\\\/uniekeuitjesborculo.nl\\\/de\\\/tagesausfluege-in-lochem\\\/#primaryimage\"},\"thumbnailUrl\":\"http:\\\/\\\/uniekeuitjesborculo.nl\\\/wp-content\\\/uploads\\\/2019\\\/02\\\/site-login-logo.png\",\"datePublished\":\"2019-02-18T15:03:49+00:00\",\"description\":\"In Lochem bietet Unique outings viele verschiedene Aktivit\u00e4ten und Ausfl\u00fcge an. Es besteht auch die M\u00f6glichkeit, die Gegend mit anderen Verkehrsmitteln zu erkunden.\",\"breadcrumb\":{\"@id\":\"https:\\\/\\\/uniekeuitjesborculo.nl\\\/de\\\/tagesausfluege-in-lochem\\\/#breadcrumb\"},\"inLanguage\":\"nl-NL\",\"potentialAction\":[{\"@type\":\"ReadAction\",\"target\":[\"https:\\\/\\\/uniekeuitjesborculo.nl\\\/de\\\/tagesausfluege-in-lochem\\\/\"]}]},{\"@type\":\"ImageObject\",\"inLanguage\":\"nl-NL\",\"@id\":\"https:\\\/\\\/uniekeuitjesborculo.nl\\\/de\\\/tagesausfluege-in-lochem\\\/#primaryimage\",\"url\":\"http:\\\/\\\/uniekeuitjesborculo.nl\\\/wp-content\\\/uploads\\\/2019\\\/02\\\/site-login-logo.png\",\"contentUrl\":\"http:\\\/\\\/uniekeuitjesborculo.nl\\\/wp-content\\\/uploads\\\/2019\\\/02\\\/site-login-logo.png\"},{\"@type\":\"BreadcrumbList\",\"@id\":\"https:\\\/\\\/uniekeuitjesborculo.nl\\\/de\\\/tagesausfluege-in-lochem\\\/#breadcrumb\",\"itemListElement\":[{\"@type\":\"ListItem\",\"position\":1,\"name\":\"Home\",\"item\":\"https:\\\/\\\/uniekeuitjesborculo.nl\\\/de\\\/\"},{\"@type\":\"ListItem\",\"position\":2,\"name\":\"Tagesausfl\u00fcge in Lochem\"}]},{\"@type\":\"WebSite\",\"@id\":\"https:\\\/\\\/uniekeuitjesborculo.nl\\\/de\\\/#website\",\"url\":\"https:\\\/\\\/uniekeuitjesborculo.nl\\\/de\\\/\",\"name\":\"Uniekeuitjes Borculo\",\"description\":\"Alles voor plezier, verbinding en ontspanning\",\"publisher\":{\"@id\":\"https:\\\/\\\/uniekeuitjesborculo.nl\\\/de\\\/#organization\"},\"potentialAction\":[{\"@type\":\"SearchAction\",\"target\":{\"@type\":\"EntryPoint\",\"urlTemplate\":\"https:\\\/\\\/uniekeuitjesborculo.nl\\\/de\\\/?s={search_term_string}\"},\"query-input\":{\"@type\":\"PropertyValueSpecification\",\"valueRequired\":true,\"valueName\":\"search_term_string\"}}],\"inLanguage\":\"nl-NL\"},{\"@type\":\"Organization\",\"@id\":\"https:\\\/\\\/uniekeuitjesborculo.nl\\\/de\\\/#organization\",\"name\":\"Unieke Uitjes\",\"url\":\"https:\\\/\\\/uniekeuitjesborculo.nl\\\/de\\\/\",\"logo\":{\"@type\":\"ImageObject\",\"inLanguage\":\"nl-NL\",\"@id\":\"https:\\\/\\\/uniekeuitjesborculo.nl\\\/de\\\/#\\\/schema\\\/logo\\\/image\\\/\",\"url\":\"http:\\\/\\\/uniekeuitjesborculo.nl\\\/wp-content\\\/uploads\\\/2019\\\/02\\\/site-login-logo.png\",\"contentUrl\":\"http:\\\/\\\/uniekeuitjesborculo.nl\\\/wp-content\\\/uploads\\\/2019\\\/02\\\/site-login-logo.png\",\"width\":708,\"height\":345,\"caption\":\"Unieke Uitjes\"},\"image\":{\"@id\":\"https:\\\/\\\/uniekeuitjesborculo.nl\\\/de\\\/#\\\/schema\\\/logo\\\/image\\\/\"},\"sameAs\":[\"https:\\\/\\\/www.facebook.com\\\/uniekeuitjes.nl\",\"https:\\\/\\\/www.instagram.com\\\/uniekeuitjes.nl\\\/\",\"https:\\\/\\\/www.linkedin.com\\\/company\\\/unieke-uitjes-nl\",\"https:\\\/\\\/www.youtube.com\\\/channel\\\/UCXwRXFWP_R0kxRAeL79FQfw\"]}]}<\/script>\n<!-- \/ Yoast SEO plugin. -->","yoast_head_json":{"title":"Tagesausfl\u00fcge in Lochem - Verschiedene Aktivit\u00e4ten & Ausfl\u00fcge in Lochem","description":"In Lochem bietet Unique outings viele verschiedene Aktivit\u00e4ten und Ausfl\u00fcge an. Es besteht auch die M\u00f6glichkeit, die Gegend mit anderen Verkehrsmitteln zu erkunden.","robots":{"index":"index","follow":"follow","max-snippet":"max-snippet:-1","max-image-preview":"max-image-preview:large","max-video-preview":"max-video-preview:-1"},"canonical":"https:\/\/uniekeuitjesborculo.nl\/de\/tagesausfluege-in-lochem\/","og_locale":"nl_NL","og_type":"article","og_title":"Tagesausfl\u00fcge in Lochem - Verschiedene Aktivit\u00e4ten & Ausfl\u00fcge in Lochem","og_description":"In Lochem bietet Unique outings viele verschiedene Aktivit\u00e4ten und Ausfl\u00fcge an. Es besteht auch die M\u00f6glichkeit, die Gegend mit anderen Verkehrsmitteln zu erkunden.","og_url":"https:\/\/uniekeuitjesborculo.nl\/de\/tagesausfluege-in-lochem\/","og_site_name":"Uniekeuitjes Borculo","article_publisher":"https:\/\/www.facebook.com\/uniekeuitjes.nl","og_image":[{"url":"http:\/\/uniekeuitjesborculo.nl\/wp-content\/uploads\/2019\/02\/site-login-logo.png","type":"","width":"","height":""}],"twitter_card":"summary_large_image","twitter_misc":{"Geschatte leestijd":"2 minuten"},"schema":{"@context":"https:\/\/schema.org","@graph":[{"@type":"WebPage","@id":"https:\/\/uniekeuitjesborculo.nl\/de\/tagesausfluege-in-lochem\/","url":"https:\/\/uniekeuitjesborculo.nl\/de\/tagesausfluege-in-lochem\/","name":"Tagesausfl\u00fcge in Lochem - Verschiedene Aktivit\u00e4ten & Ausfl\u00fcge in Lochem","isPartOf":{"@id":"https:\/\/uniekeuitjesborculo.nl\/de\/#website"},"primaryImageOfPage":{"@id":"https:\/\/uniekeuitjesborculo.nl\/de\/tagesausfluege-in-lochem\/#primaryimage"},"image":{"@id":"https:\/\/uniekeuitjesborculo.nl\/de\/tagesausfluege-in-lochem\/#primaryimage"},"thumbnailUrl":"http:\/\/uniekeuitjesborculo.nl\/wp-content\/uploads\/2019\/02\/site-login-logo.png","datePublished":"2019-02-18T15:03:49+00:00","description":"In Lochem bietet Unique outings viele verschiedene Aktivit\u00e4ten und Ausfl\u00fcge an. Es besteht auch die M\u00f6glichkeit, die Gegend mit anderen Verkehrsmitteln zu erkunden.","breadcrumb":{"@id":"https:\/\/uniekeuitjesborculo.nl\/de\/tagesausfluege-in-lochem\/#breadcrumb"},"inLanguage":"nl-NL","potentialAction":[{"@type":"ReadAction","target":["https:\/\/uniekeuitjesborculo.nl\/de\/tagesausfluege-in-lochem\/"]}]},{"@type":"ImageObject","inLanguage":"nl-NL","@id":"https:\/\/uniekeuitjesborculo.nl\/de\/tagesausfluege-in-lochem\/#primaryimage","url":"http:\/\/uniekeuitjesborculo.nl\/wp-content\/uploads\/2019\/02\/site-login-logo.png","contentUrl":"http:\/\/uniekeuitjesborculo.nl\/wp-content\/uploads\/2019\/02\/site-login-logo.png"},{"@type":"BreadcrumbList","@id":"https:\/\/uniekeuitjesborculo.nl\/de\/tagesausfluege-in-lochem\/#breadcrumb","itemListElement":[{"@type":"ListItem","position":1,"name":"Home","item":"https:\/\/uniekeuitjesborculo.nl\/de\/"},{"@type":"ListItem","position":2,"name":"Tagesausfl\u00fcge in Lochem"}]},{"@type":"WebSite","@id":"https:\/\/uniekeuitjesborculo.nl\/de\/#website","url":"https:\/\/uniekeuitjesborculo.nl\/de\/","name":"Uniekeuitjes Borculo","description":"Alles voor plezier, verbinding en ontspanning","publisher":{"@id":"https:\/\/uniekeuitjesborculo.nl\/de\/#organization"},"potentialAction":[{"@type":"SearchAction","target":{"@type":"EntryPoint","urlTemplate":"https:\/\/uniekeuitjesborculo.nl\/de\/?s={search_term_string}"},"query-input":{"@type":"PropertyValueSpecification","valueRequired":true,"valueName":"search_term_string"}}],"inLanguage":"nl-NL"},{"@type":"Organization","@id":"https:\/\/uniekeuitjesborculo.nl\/de\/#organization","name":"Unieke Uitjes","url":"https:\/\/uniekeuitjesborculo.nl\/de\/","logo":{"@type":"ImageObject","inLanguage":"nl-NL","@id":"https:\/\/uniekeuitjesborculo.nl\/de\/#\/schema\/logo\/image\/","url":"http:\/\/uniekeuitjesborculo.nl\/wp-content\/uploads\/2019\/02\/site-login-logo.png","contentUrl":"http:\/\/uniekeuitjesborculo.nl\/wp-content\/uploads\/2019\/02\/site-login-logo.png","width":708,"height":345,"caption":"Unieke Uitjes"},"image":{"@id":"https:\/\/uniekeuitjesborculo.nl\/de\/#\/schema\/logo\/image\/"},"sameAs":["https:\/\/www.facebook.com\/uniekeuitjes.nl","https:\/\/www.instagram.com\/uniekeuitjes.nl\/","https:\/\/www.linkedin.com\/company\/unieke-uitjes-nl","https:\/\/www.youtube.com\/channel\/UCXwRXFWP_R0kxRAeL79FQfw"]}]}},"_links":{"self":[{"href":"https:\/\/uniekeuitjesborculo.nl\/de\/wp-json\/wp\/v2\/pages\/11793","targetHints":{"allow":["GET"]}}],"collection":[{"href":"https:\/\/uniekeuitjesborculo.nl\/de\/wp-json\/wp\/v2\/pages"}],"about":[{"href":"https:\/\/uniekeuitjesborculo.nl\/de\/wp-json\/wp\/v2\/types\/page"}],"author":[{"embeddable":true,"href":"https:\/\/uniekeuitjesborculo.nl\/de\/wp-json\/wp\/v2\/users\/1"}],"replies":[{"embeddable":true,"href":"https:\/\/uniekeuitjesborculo.nl\/de\/wp-json\/wp\/v2\/comments?post=11793"}],"version-history":[{"count":0,"href":"https:\/\/uniekeuitjesborculo.nl\/de\/wp-json\/wp\/v2\/pages\/11793\/revisions"}],"wp:attachment":[{"href":"https:\/\/uniekeuitjesborculo.nl\/de\/wp-json\/wp\/v2\/media?parent=11793"}],"wp:term":[{"taxonomy":"category","embeddable":true,"href":"https:\/\/uniekeuitjesborculo.nl\/de\/wp-json\/wp\/v2\/categories?post=11793"}],"curies":[{"name":"wp","href":"https:\/\/api.w.org\/{rel}","templated":true}]}}