{"id":11801,"date":"2019-02-18T15:01:27","date_gmt":"2019-02-18T15:01:27","guid":{"rendered":"http:\/\/uniekeuitjesborculo.nl\/ausfluege-in-lichtenvoorde\/"},"modified":"2019-02-18T15:01:27","modified_gmt":"2019-02-18T15:01:27","slug":"ausfluege-in-lichtenvoorde","status":"publish","type":"page","link":"https:\/\/uniekeuitjesborculo.nl\/de\/ausfluege-in-lichtenvoorde\/","title":{"rendered":"Ausfl\u00fcge in Lichtenvoorde"},"content":{"rendered":"<h2>Ausfl\u00fcge in Lichtenvoorde<\/h2>\n<p>Ausfl\u00fcge in Lichtenvoorde. Sind Sie auf der Suche nach einem Ausflug oder einer lustigen Aktivit\u00e4t, z. B. f\u00fcr ein Familienwochenende, einen Junggesellenabschied oder einen Betriebsausflug? Unique Outings bietet zahlreiche Aktivit\u00e4ten in der Region an. Von <a href=\"http:\/\/uniekeuitjesborculo.nl\/uitje\/solex-huren-solexverhuur\/\">Solextocht<\/a>, <a href=\"http:\/\/uniekeuitjesborculo.nl\/uitje\/tuktuk-huren\/\">TukTuk&#8217;s<\/a>, <a href=\"http:\/\/uniekeuitjesborculo.nl\/uitje\/tandem-cruiser\/\">Tandems<\/a>, <a href=\"http:\/\/uniekeuitjesborculo.nl\/uitje\/laser-kleiduifschieten\/\">Laser-Kleiduifschieten<\/a> bis hin zu <a href=\"http:\/\/uniekeuitjesborculo.nl\/uitje\/schieten-met-5-wapensoorten\/\">Sniper-Paketen<\/a>, <a href=\"http:\/\/uniekeuitjesborculo.nl\/uitje\/indoor-en-outdoor-lasergamen-op-locatie\/\">Laser-Gaming<\/a> und <a href=\"http:\/\/uniekeuitjesborculo.nl\/uitje\/klootschieten\/\">Klootschieten<\/a>, ist alles m\u00f6glich. Geh\u00f6rt Ihre Idee nicht dazu? Bitte erkundigen Sie sich, ob wir es noch m\u00f6glich machen k\u00f6nnen!<\/p>\n<p>&nbsp;<\/p>\n<p>&nbsp;<\/p>\n<h2>\u00dcber Lichtenvoorde:<\/h2>\n<p>Ein dynamisches Dorf mit viel Zusammengeh\u00f6rigkeit. Der Kern ist gut mit vielen Gesch\u00e4ften und Verpflegungsm\u00f6glichkeiten, und in der Umgebung finden Sie sch\u00f6ne Landschaften, viel Ruhe und viel Platz. Den Bewohnern steht ein breites Angebot an sozialen, kulturellen und Bildungseinrichtungen, Vereinen und Sportclubs zur Verf\u00fcgung. Der Markt, als Ruhepunkt im belebten Einkaufszentrum, hat den Charakter eines gastfreundlichen Platzes mit Caf\u00e9s, Restaurants und Terrassen.<\/p>\n<p>&nbsp;<\/p>\n<p>&nbsp;<\/p>\n<h2><strong>Essen und Trinken:<\/strong><\/h2>\n<p>In Lichtenvoorde arbeitet Unique Uitjes.nl mit dem Restaurant Skik &amp; Zo zusammen, einem feinen Restaurant am Eingang der Residence Lichtenvoorde: Erleben Sie die gem\u00fctliche und ungezwungene Atmosph\u00e4re von Skik &amp; Zo und blicken Sie auf die gr\u00fcnen Felder von Residence Lichtenvoorde.<\/p>\n<p>&nbsp;<\/p>\n<p>F\u00fcr Indoor-Aktivit\u00e4ten und wenn Sie etwas am Abend organisieren m\u00f6chten, ist die Kombination von Unique Uitjes und Skik &amp; Zo eine Garantie f\u00fcr Spa\u00df.<\/p>\n<p>&nbsp;<\/p>\n<p>&nbsp;<\/p>\n<p><strong>Nehmen Sie Kontakt mit uns auf, um die M\u00f6glichkeiten zu besprechen.<\/strong><\/p>\n<p><strong>Wir sehen uns bei Unique Outings!<\/strong><\/p>\n<p>&nbsp;<\/p>\n<p><a href=\"http:\/\/uniekeuitjesborculo.nl\"><img loading=\"lazy\" decoding=\"async\" class=\"alignnone wp-image-377\" src=\"http:\/\/uniekeuitjesborculo.nl\/wp-content\/uploads\/2019\/02\/site-login-logo.png\" alt=\"Ausfl\u00fcge in Lichtenvoorde komplett organisiert von Unique Trips\" width=\"544\" height=\"265\" srcset=\"https:\/\/uniekeuitjesborculo.nl\/wp-content\/uploads\/2019\/02\/site-login-logo.png 708w, https:\/\/uniekeuitjesborculo.nl\/wp-content\/uploads\/2019\/02\/site-login-logo-300x146.png 300w, https:\/\/uniekeuitjesborculo.nl\/wp-content\/uploads\/2019\/02\/site-login-logo-600x292.png 600w\" sizes=\"auto, (max-width: 544px) 100vw, 544px\" \/><\/a><\/p>\n","protected":false},"excerpt":{"rendered":"<p>Ausfl\u00fcge in Lichtenvoorde Ausfl\u00fcge in Lichtenvoorde. Sind Sie auf der Suche nach einem Ausflug oder einer lustigen Aktivit\u00e4t, z. B. f\u00fcr ein Familienwochenende, einen Junggesellenabschied oder einen Betriebsausflug? Unique Outings bietet zahlreiche Aktivit\u00e4ten in der Region an. Von Solextocht, TukTuk&#8217;s, Tandems, Laser-Kleiduifschieten bis hin zu Sniper-Paketen, Laser-Gaming und Klootschieten, ist alles m\u00f6glich. Geh\u00f6rt Ihre Idee [&hellip;]<\/p>\n","protected":false},"author":1,"featured_media":0,"parent":0,"menu_order":0,"comment_status":"closed","ping_status":"closed","template":"","meta":{"_acf_changed":false,"_monsterinsights_skip_tracking":false,"_monsterinsights_sitenote_active":false,"_monsterinsights_sitenote_note":"","_monsterinsights_sitenote_category":0,"footnotes":""},"categories":[73],"class_list":["post-11801","page","type-page","status-publish","hentry","category-zielseite"],"acf":[],"yoast_head":"<!-- This site is optimized with the Yoast SEO plugin v27.5 - https:\/\/yoast.com\/product\/yoast-seo-wordpress\/ -->\n<title>Ausfl\u00fcge in Lichtenvoorde - Uniekeuitjes Borculo Verschiedene Aktivit\u00e4ten &amp; Ausfl\u00fcge<\/title>\n<meta name=\"description\" content=\"Sie sind auf der Suche nach einem Ausflug in Lichtenvoorde oder nach einer lustigen Aktivit\u00e4t f\u00fcr ein Familienwochenende, einen Junggesellenabschied oder einen Betriebsausflug, zum Beispiel?\" \/>\n<meta name=\"robots\" content=\"index, follow, max-snippet:-1, max-image-preview:large, max-video-preview:-1\" \/>\n<link rel=\"canonical\" href=\"https:\/\/uniekeuitjesborculo.nl\/de\/ausfluege-in-lichtenvoorde\/\" \/>\n<meta property=\"og:locale\" content=\"nl_NL\" \/>\n<meta property=\"og:type\" content=\"article\" \/>\n<meta property=\"og:title\" content=\"Ausfl\u00fcge in Lichtenvoorde - Uniekeuitjes Borculo Verschiedene Aktivit\u00e4ten &amp; Ausfl\u00fcge\" \/>\n<meta property=\"og:description\" content=\"Sie sind auf der Suche nach einem Ausflug in Lichtenvoorde oder nach einer lustigen Aktivit\u00e4t f\u00fcr ein Familienwochenende, einen Junggesellenabschied oder einen Betriebsausflug, zum Beispiel?\" \/>\n<meta property=\"og:url\" content=\"https:\/\/uniekeuitjesborculo.nl\/de\/ausfluege-in-lichtenvoorde\/\" \/>\n<meta property=\"og:site_name\" content=\"Uniekeuitjes Borculo\" \/>\n<meta property=\"article:publisher\" content=\"https:\/\/www.facebook.com\/uniekeuitjes.nl\" \/>\n<meta property=\"og:image\" content=\"http:\/\/uniekeuitjesborculo.nl\/wp-content\/uploads\/2019\/02\/site-login-logo.png\" \/>\n<meta name=\"twitter:card\" content=\"summary_large_image\" \/>\n<meta name=\"twitter:label1\" content=\"Geschatte leestijd\" \/>\n\t<meta name=\"twitter:data1\" content=\"1 minuut\" \/>\n<script type=\"application\/ld+json\" class=\"yoast-schema-graph\">{\"@context\":\"https:\\\/\\\/schema.org\",\"@graph\":[{\"@type\":\"WebPage\",\"@id\":\"https:\\\/\\\/uniekeuitjesborculo.nl\\\/de\\\/ausfluege-in-lichtenvoorde\\\/\",\"url\":\"https:\\\/\\\/uniekeuitjesborculo.nl\\\/de\\\/ausfluege-in-lichtenvoorde\\\/\",\"name\":\"Ausfl\u00fcge in Lichtenvoorde - Uniekeuitjes Borculo Verschiedene Aktivit\u00e4ten & Ausfl\u00fcge\",\"isPartOf\":{\"@id\":\"https:\\\/\\\/uniekeuitjesborculo.nl\\\/de\\\/#website\"},\"primaryImageOfPage\":{\"@id\":\"https:\\\/\\\/uniekeuitjesborculo.nl\\\/de\\\/ausfluege-in-lichtenvoorde\\\/#primaryimage\"},\"image\":{\"@id\":\"https:\\\/\\\/uniekeuitjesborculo.nl\\\/de\\\/ausfluege-in-lichtenvoorde\\\/#primaryimage\"},\"thumbnailUrl\":\"http:\\\/\\\/uniekeuitjesborculo.nl\\\/wp-content\\\/uploads\\\/2019\\\/02\\\/site-login-logo.png\",\"datePublished\":\"2019-02-18T15:01:27+00:00\",\"description\":\"Sie sind auf der Suche nach einem Ausflug in Lichtenvoorde oder nach einer lustigen Aktivit\u00e4t f\u00fcr ein Familienwochenende, einen Junggesellenabschied oder einen Betriebsausflug, zum Beispiel?\",\"breadcrumb\":{\"@id\":\"https:\\\/\\\/uniekeuitjesborculo.nl\\\/de\\\/ausfluege-in-lichtenvoorde\\\/#breadcrumb\"},\"inLanguage\":\"nl-NL\",\"potentialAction\":[{\"@type\":\"ReadAction\",\"target\":[\"https:\\\/\\\/uniekeuitjesborculo.nl\\\/de\\\/ausfluege-in-lichtenvoorde\\\/\"]}]},{\"@type\":\"ImageObject\",\"inLanguage\":\"nl-NL\",\"@id\":\"https:\\\/\\\/uniekeuitjesborculo.nl\\\/de\\\/ausfluege-in-lichtenvoorde\\\/#primaryimage\",\"url\":\"http:\\\/\\\/uniekeuitjesborculo.nl\\\/wp-content\\\/uploads\\\/2019\\\/02\\\/site-login-logo.png\",\"contentUrl\":\"http:\\\/\\\/uniekeuitjesborculo.nl\\\/wp-content\\\/uploads\\\/2019\\\/02\\\/site-login-logo.png\"},{\"@type\":\"BreadcrumbList\",\"@id\":\"https:\\\/\\\/uniekeuitjesborculo.nl\\\/de\\\/ausfluege-in-lichtenvoorde\\\/#breadcrumb\",\"itemListElement\":[{\"@type\":\"ListItem\",\"position\":1,\"name\":\"Home\",\"item\":\"https:\\\/\\\/uniekeuitjesborculo.nl\\\/de\\\/\"},{\"@type\":\"ListItem\",\"position\":2,\"name\":\"Ausfl\u00fcge in Lichtenvoorde\"}]},{\"@type\":\"WebSite\",\"@id\":\"https:\\\/\\\/uniekeuitjesborculo.nl\\\/de\\\/#website\",\"url\":\"https:\\\/\\\/uniekeuitjesborculo.nl\\\/de\\\/\",\"name\":\"Uniekeuitjes Borculo\",\"description\":\"Alles voor plezier, verbinding en ontspanning\",\"publisher\":{\"@id\":\"https:\\\/\\\/uniekeuitjesborculo.nl\\\/de\\\/#organization\"},\"potentialAction\":[{\"@type\":\"SearchAction\",\"target\":{\"@type\":\"EntryPoint\",\"urlTemplate\":\"https:\\\/\\\/uniekeuitjesborculo.nl\\\/de\\\/?s={search_term_string}\"},\"query-input\":{\"@type\":\"PropertyValueSpecification\",\"valueRequired\":true,\"valueName\":\"search_term_string\"}}],\"inLanguage\":\"nl-NL\"},{\"@type\":\"Organization\",\"@id\":\"https:\\\/\\\/uniekeuitjesborculo.nl\\\/de\\\/#organization\",\"name\":\"Unieke Uitjes\",\"url\":\"https:\\\/\\\/uniekeuitjesborculo.nl\\\/de\\\/\",\"logo\":{\"@type\":\"ImageObject\",\"inLanguage\":\"nl-NL\",\"@id\":\"https:\\\/\\\/uniekeuitjesborculo.nl\\\/de\\\/#\\\/schema\\\/logo\\\/image\\\/\",\"url\":\"http:\\\/\\\/uniekeuitjesborculo.nl\\\/wp-content\\\/uploads\\\/2019\\\/02\\\/site-login-logo.png\",\"contentUrl\":\"http:\\\/\\\/uniekeuitjesborculo.nl\\\/wp-content\\\/uploads\\\/2019\\\/02\\\/site-login-logo.png\",\"width\":708,\"height\":345,\"caption\":\"Unieke Uitjes\"},\"image\":{\"@id\":\"https:\\\/\\\/uniekeuitjesborculo.nl\\\/de\\\/#\\\/schema\\\/logo\\\/image\\\/\"},\"sameAs\":[\"https:\\\/\\\/www.facebook.com\\\/uniekeuitjes.nl\",\"https:\\\/\\\/www.instagram.com\\\/uniekeuitjes.nl\\\/\",\"https:\\\/\\\/www.linkedin.com\\\/company\\\/unieke-uitjes-nl\",\"https:\\\/\\\/www.youtube.com\\\/channel\\\/UCXwRXFWP_R0kxRAeL79FQfw\"]}]}<\/script>\n<!-- \/ Yoast SEO plugin. -->","yoast_head_json":{"title":"Ausfl\u00fcge in Lichtenvoorde - Uniekeuitjes Borculo Verschiedene Aktivit\u00e4ten & Ausfl\u00fcge","description":"Sie sind auf der Suche nach einem Ausflug in Lichtenvoorde oder nach einer lustigen Aktivit\u00e4t f\u00fcr ein Familienwochenende, einen Junggesellenabschied oder einen Betriebsausflug, zum Beispiel?","robots":{"index":"index","follow":"follow","max-snippet":"max-snippet:-1","max-image-preview":"max-image-preview:large","max-video-preview":"max-video-preview:-1"},"canonical":"https:\/\/uniekeuitjesborculo.nl\/de\/ausfluege-in-lichtenvoorde\/","og_locale":"nl_NL","og_type":"article","og_title":"Ausfl\u00fcge in Lichtenvoorde - Uniekeuitjes Borculo Verschiedene Aktivit\u00e4ten & Ausfl\u00fcge","og_description":"Sie sind auf der Suche nach einem Ausflug in Lichtenvoorde oder nach einer lustigen Aktivit\u00e4t f\u00fcr ein Familienwochenende, einen Junggesellenabschied oder einen Betriebsausflug, zum Beispiel?","og_url":"https:\/\/uniekeuitjesborculo.nl\/de\/ausfluege-in-lichtenvoorde\/","og_site_name":"Uniekeuitjes Borculo","article_publisher":"https:\/\/www.facebook.com\/uniekeuitjes.nl","og_image":[{"url":"http:\/\/uniekeuitjesborculo.nl\/wp-content\/uploads\/2019\/02\/site-login-logo.png","type":"","width":"","height":""}],"twitter_card":"summary_large_image","twitter_misc":{"Geschatte leestijd":"1 minuut"},"schema":{"@context":"https:\/\/schema.org","@graph":[{"@type":"WebPage","@id":"https:\/\/uniekeuitjesborculo.nl\/de\/ausfluege-in-lichtenvoorde\/","url":"https:\/\/uniekeuitjesborculo.nl\/de\/ausfluege-in-lichtenvoorde\/","name":"Ausfl\u00fcge in Lichtenvoorde - Uniekeuitjes Borculo Verschiedene Aktivit\u00e4ten & Ausfl\u00fcge","isPartOf":{"@id":"https:\/\/uniekeuitjesborculo.nl\/de\/#website"},"primaryImageOfPage":{"@id":"https:\/\/uniekeuitjesborculo.nl\/de\/ausfluege-in-lichtenvoorde\/#primaryimage"},"image":{"@id":"https:\/\/uniekeuitjesborculo.nl\/de\/ausfluege-in-lichtenvoorde\/#primaryimage"},"thumbnailUrl":"http:\/\/uniekeuitjesborculo.nl\/wp-content\/uploads\/2019\/02\/site-login-logo.png","datePublished":"2019-02-18T15:01:27+00:00","description":"Sie sind auf der Suche nach einem Ausflug in Lichtenvoorde oder nach einer lustigen Aktivit\u00e4t f\u00fcr ein Familienwochenende, einen Junggesellenabschied oder einen Betriebsausflug, zum Beispiel?","breadcrumb":{"@id":"https:\/\/uniekeuitjesborculo.nl\/de\/ausfluege-in-lichtenvoorde\/#breadcrumb"},"inLanguage":"nl-NL","potentialAction":[{"@type":"ReadAction","target":["https:\/\/uniekeuitjesborculo.nl\/de\/ausfluege-in-lichtenvoorde\/"]}]},{"@type":"ImageObject","inLanguage":"nl-NL","@id":"https:\/\/uniekeuitjesborculo.nl\/de\/ausfluege-in-lichtenvoorde\/#primaryimage","url":"http:\/\/uniekeuitjesborculo.nl\/wp-content\/uploads\/2019\/02\/site-login-logo.png","contentUrl":"http:\/\/uniekeuitjesborculo.nl\/wp-content\/uploads\/2019\/02\/site-login-logo.png"},{"@type":"BreadcrumbList","@id":"https:\/\/uniekeuitjesborculo.nl\/de\/ausfluege-in-lichtenvoorde\/#breadcrumb","itemListElement":[{"@type":"ListItem","position":1,"name":"Home","item":"https:\/\/uniekeuitjesborculo.nl\/de\/"},{"@type":"ListItem","position":2,"name":"Ausfl\u00fcge in Lichtenvoorde"}]},{"@type":"WebSite","@id":"https:\/\/uniekeuitjesborculo.nl\/de\/#website","url":"https:\/\/uniekeuitjesborculo.nl\/de\/","name":"Uniekeuitjes Borculo","description":"Alles voor plezier, verbinding en ontspanning","publisher":{"@id":"https:\/\/uniekeuitjesborculo.nl\/de\/#organization"},"potentialAction":[{"@type":"SearchAction","target":{"@type":"EntryPoint","urlTemplate":"https:\/\/uniekeuitjesborculo.nl\/de\/?s={search_term_string}"},"query-input":{"@type":"PropertyValueSpecification","valueRequired":true,"valueName":"search_term_string"}}],"inLanguage":"nl-NL"},{"@type":"Organization","@id":"https:\/\/uniekeuitjesborculo.nl\/de\/#organization","name":"Unieke Uitjes","url":"https:\/\/uniekeuitjesborculo.nl\/de\/","logo":{"@type":"ImageObject","inLanguage":"nl-NL","@id":"https:\/\/uniekeuitjesborculo.nl\/de\/#\/schema\/logo\/image\/","url":"http:\/\/uniekeuitjesborculo.nl\/wp-content\/uploads\/2019\/02\/site-login-logo.png","contentUrl":"http:\/\/uniekeuitjesborculo.nl\/wp-content\/uploads\/2019\/02\/site-login-logo.png","width":708,"height":345,"caption":"Unieke Uitjes"},"image":{"@id":"https:\/\/uniekeuitjesborculo.nl\/de\/#\/schema\/logo\/image\/"},"sameAs":["https:\/\/www.facebook.com\/uniekeuitjes.nl","https:\/\/www.instagram.com\/uniekeuitjes.nl\/","https:\/\/www.linkedin.com\/company\/unieke-uitjes-nl","https:\/\/www.youtube.com\/channel\/UCXwRXFWP_R0kxRAeL79FQfw"]}]}},"_links":{"self":[{"href":"https:\/\/uniekeuitjesborculo.nl\/de\/wp-json\/wp\/v2\/pages\/11801","targetHints":{"allow":["GET"]}}],"collection":[{"href":"https:\/\/uniekeuitjesborculo.nl\/de\/wp-json\/wp\/v2\/pages"}],"about":[{"href":"https:\/\/uniekeuitjesborculo.nl\/de\/wp-json\/wp\/v2\/types\/page"}],"author":[{"embeddable":true,"href":"https:\/\/uniekeuitjesborculo.nl\/de\/wp-json\/wp\/v2\/users\/1"}],"replies":[{"embeddable":true,"href":"https:\/\/uniekeuitjesborculo.nl\/de\/wp-json\/wp\/v2\/comments?post=11801"}],"version-history":[{"count":0,"href":"https:\/\/uniekeuitjesborculo.nl\/de\/wp-json\/wp\/v2\/pages\/11801\/revisions"}],"wp:attachment":[{"href":"https:\/\/uniekeuitjesborculo.nl\/de\/wp-json\/wp\/v2\/media?parent=11801"}],"wp:term":[{"taxonomy":"category","embeddable":true,"href":"https:\/\/uniekeuitjesborculo.nl\/de\/wp-json\/wp\/v2\/categories?post=11801"}],"curies":[{"name":"wp","href":"https:\/\/api.w.org\/{rel}","templated":true}]}}