{"id":11803,"date":"2019-02-18T14:57:50","date_gmt":"2019-02-18T14:57:50","guid":{"rendered":"http:\/\/uniekeuitjesborculo.nl\/ausfluege-in-holten\/"},"modified":"2019-02-18T14:57:50","modified_gmt":"2019-02-18T14:57:50","slug":"ausfluege-in-holten","status":"publish","type":"page","link":"https:\/\/uniekeuitjesborculo.nl\/de\/ausfluege-in-holten\/","title":{"rendered":"Ausfl\u00fcge in Holten"},"content":{"rendered":"<h2><strong>Die gr\u00f6\u00dfte Auswahl an einmaligen Ausfl\u00fcgen in Holten<\/strong><\/h2>\n<p>&nbsp;<\/p>\n<p>In Holten bieten wir Ihnen eine breite Palette an Aktivit\u00e4ten und Ausfl\u00fcgen, von <a href=\"http:\/\/uniekeuitjesborculo.nl\/uitje\/tuktuk-huren\/\">TukTuk<\/a> bis <a href=\"http:\/\/uniekeuitjesborculo.nl\/uitje\/solex-huren-solexverhuur\/\">Solex<\/a> und von <a href=\"http:\/\/uniekeuitjesborculo.nl\/uitje\/grote-zeskamp\/\">Hexcamp<\/a> bis <a href=\"http:\/\/uniekeuitjesborculo.nl\/uitje\/indoor-en-outdoor-lasergamen-op-locatie\/\">Lasergaming<\/a>. Ob Ihre Gruppe klein oder gro\u00df ist, ob Familie oder Kollegen, f\u00fcr alle Gruppen und Altersgruppen stellen wir in Absprache mit Ihnen ein ma\u00dfgeschneidertes Programm zusammen, um Ihren Ausflug so optimal wie m\u00f6glich zu gestalten.<\/p>\n<p>&nbsp;<\/p>\n<h2><strong>\u00dcber Holten:<\/strong><\/h2>\n<p><strong><br \/>\n<\/strong>Holten liegt wundersch\u00f6n am Rande des Nationalparks Sallandse Heuvelrug und inmitten des Holterbergs. Mitten in einem Waldgebiet mit vielen Wander- und Fahrradwegen. Der perfekte Ort, um mit einer gem\u00fctlichen Tandemfahrt oder einer sch\u00f6nen Solex-Tour durch die herrliche Landschaft zu beginnen. Organisieren Sie hier einen Gruppenausflug, und es wird ein wunderbarer Tag werden. Ein einzigartiger Ort f\u00fcr einen aktiven Tag inmitten der Natur!<\/p>\n<p>&nbsp;<\/p>\n<h2>Was Unique Outings bietet<\/h2>\n<p>Unique Outings bietet verschiedene Ausfl\u00fcge und Aktivit\u00e4ten an. M\u00f6chten Sie zum Beispiel die sch\u00f6ne Umgebung von Holten erkunden? Unique Outings hat das passende Transportmittel daf\u00fcr, wie w\u00e4re es mit einem <a href=\"http:\/\/uniekeuitjesborculo.nl\/uitje\/elektrische-scooter\/\">Elektroscooter<\/a>? Oder von einem <a href=\"http:\/\/uniekeuitjesborculo.nl\/uitje\/tuktuk-huren\/\">elektrischen TukTuk<\/a> oder <a href=\"http:\/\/uniekeuitjesborculo.nl\/uitje\/elektrische-fietsverhuur\/\">Fahrrad<\/a>? Unique Outings verf\u00fcgt \u00fcber zahlreiche Transportmittel:<\/p>\n<ul>\n<li><a href=\"http:\/\/uniekeuitjesborculo.nl\/uitje\/echopper-elektrische-scooter-huren\/\">E-Chopper<\/a><\/li>\n<li><a href=\"http:\/\/uniekeuitjesborculo.nl\/uitje\/tuktuk-huren\/\">TukTuk<\/a><\/li>\n<li><a href=\"http:\/\/uniekeuitjesborculo.nl\/uitje\/solex-huren\/\">Solex<\/a><\/li>\n<li><a href=\"http:\/\/uniekeuitjesborculo.nl\/uitje\/trigger-huren\/\">Ausl\u00f6ser<\/a><\/li>\n<li><a href=\"http:\/\/uniekeuitjesborculo.nl\/uitje\/elektrische-scooter\/\">Elektro-Roller<\/a><\/li>\n<li><a href=\"http:\/\/uniekeuitjesborculo.nl\/uitje\/elektrische-fietsverhuur\/\">Elektrofahrrad<\/a><\/li>\n<\/ul>\n<p>Und vieles mehr.<\/p>\n<p>&nbsp;<\/p>\n<p>Unique Outings bietet auch verschiedene Spielshows oder andere Aktivit\u00e4ten wie z. B.:<\/p>\n<ul>\n<li><a href=\"http:\/\/uniekeuitjesborculo.nl\/uitje\/scherpschutters-arrangement\/\">Schie\u00dfen mit 5 Waffentypen<\/a><\/li>\n<li><a href=\"http:\/\/uniekeuitjesborculo.nl\/uitje\/grote-zeskamp\/\">Hexathlon<\/a><\/li>\n<li><a href=\"http:\/\/uniekeuitjesborculo.nl\/uitje\/ik-hou-van-holland\/\">Ik Hou van Holland<\/a><\/li>\n<li><a href=\"http:\/\/uniekeuitjesborculo.nl\/uitje\/jongens-vs-de-meisjes\/\">Jungen gegen M\u00e4dchen<\/a><\/li>\n<li><a href=\"http:\/\/uniekeuitjesborculo.nl\/uitje\/halve-zeskamp\/\">Halber Hexathlon<\/a><\/li>\n<li><a href=\"http:\/\/uniekeuitjesborculo.nl\/uitje\/casino-avond\/\">Casino-Abend<\/a><\/li>\n<li><a href=\"http:\/\/uniekeuitjesborculo.nl\/uitje\/indoor-en-outdoor-lasergamen-op-locatie\/\">Laser-Spiele<\/a><\/li>\n<\/ul>\n<p>&nbsp;<\/p>\n<p>Alle Aktivit\u00e4ten und Spielshows finden Sie in unserer Men\u00fcleiste. M\u00f6chten Sie ein ma\u00dfgeschneidertes Paket? Bei Unique Outings ist das nat\u00fcrlich kein Problem. Sie k\u00f6nnen jederzeit anrufen oder eine E-Mail schreiben an: <a href=\"tel:+31573728156\">0573 &#8211; 72 81 56<\/a> oder info@uniekeuitjesborculo.nl<\/p>\n<p>&nbsp;<\/p>\n","protected":false},"excerpt":{"rendered":"<p>Die gr\u00f6\u00dfte Auswahl an einmaligen Ausfl\u00fcgen in Holten &nbsp; In Holten bieten wir Ihnen eine breite Palette an Aktivit\u00e4ten und Ausfl\u00fcgen, von TukTuk bis Solex und von Hexcamp bis Lasergaming. Ob Ihre Gruppe klein oder gro\u00df ist, ob Familie oder Kollegen, f\u00fcr alle Gruppen und Altersgruppen stellen wir in Absprache mit Ihnen ein ma\u00dfgeschneidertes Programm [&hellip;]<\/p>\n","protected":false},"author":1,"featured_media":0,"parent":0,"menu_order":0,"comment_status":"closed","ping_status":"closed","template":"","meta":{"_acf_changed":false,"_monsterinsights_skip_tracking":false,"_monsterinsights_sitenote_active":false,"_monsterinsights_sitenote_note":"","_monsterinsights_sitenote_category":0,"footnotes":""},"categories":[73],"class_list":["post-11803","page","type-page","status-publish","hentry","category-zielseite"],"acf":[],"yoast_head":"<!-- This site is optimized with the Yoast SEO plugin v27.5 - https:\/\/yoast.com\/product\/yoast-seo-wordpress\/ -->\n<title>Ausfl\u00fcge in Holten - Ausfl\u00fcge &amp; Pauschalangebote in Holten<\/title>\n<meta name=\"description\" content=\"In Holten bietet Unique Uitjes viele Ausfl\u00fcge und Aktivit\u00e4ten an. Sie k\u00f6nnen die Gegend zum Beispiel mit unseren E-Choppern erkunden.\" \/>\n<meta name=\"robots\" content=\"index, follow, max-snippet:-1, max-image-preview:large, max-video-preview:-1\" \/>\n<link rel=\"canonical\" href=\"https:\/\/uniekeuitjesborculo.nl\/de\/ausfluege-in-holten\/\" \/>\n<meta property=\"og:locale\" content=\"nl_NL\" \/>\n<meta property=\"og:type\" content=\"article\" \/>\n<meta property=\"og:title\" content=\"Ausfl\u00fcge in Holten - Ausfl\u00fcge &amp; Pauschalangebote in Holten\" \/>\n<meta property=\"og:description\" content=\"In Holten bietet Unique Uitjes viele Ausfl\u00fcge und Aktivit\u00e4ten an. Sie k\u00f6nnen die Gegend zum Beispiel mit unseren E-Choppern erkunden.\" \/>\n<meta property=\"og:url\" content=\"https:\/\/uniekeuitjesborculo.nl\/de\/ausfluege-in-holten\/\" \/>\n<meta property=\"og:site_name\" content=\"Uniekeuitjes Borculo\" \/>\n<meta property=\"article:publisher\" content=\"https:\/\/www.facebook.com\/uniekeuitjes.nl\" \/>\n<meta name=\"twitter:card\" content=\"summary_large_image\" \/>\n<meta name=\"twitter:label1\" content=\"Geschatte leestijd\" \/>\n\t<meta name=\"twitter:data1\" content=\"1 minuut\" \/>\n<script type=\"application\/ld+json\" class=\"yoast-schema-graph\">{\"@context\":\"https:\\\/\\\/schema.org\",\"@graph\":[{\"@type\":\"WebPage\",\"@id\":\"https:\\\/\\\/uniekeuitjesborculo.nl\\\/de\\\/ausfluege-in-holten\\\/\",\"url\":\"https:\\\/\\\/uniekeuitjesborculo.nl\\\/de\\\/ausfluege-in-holten\\\/\",\"name\":\"Ausfl\u00fcge in Holten - Ausfl\u00fcge & Pauschalangebote in Holten\",\"isPartOf\":{\"@id\":\"https:\\\/\\\/uniekeuitjesborculo.nl\\\/de\\\/#website\"},\"datePublished\":\"2019-02-18T14:57:50+00:00\",\"description\":\"In Holten bietet Unique Uitjes viele Ausfl\u00fcge und Aktivit\u00e4ten an. Sie k\u00f6nnen die Gegend zum Beispiel mit unseren E-Choppern erkunden.\",\"breadcrumb\":{\"@id\":\"https:\\\/\\\/uniekeuitjesborculo.nl\\\/de\\\/ausfluege-in-holten\\\/#breadcrumb\"},\"inLanguage\":\"nl-NL\",\"potentialAction\":[{\"@type\":\"ReadAction\",\"target\":[\"https:\\\/\\\/uniekeuitjesborculo.nl\\\/de\\\/ausfluege-in-holten\\\/\"]}]},{\"@type\":\"BreadcrumbList\",\"@id\":\"https:\\\/\\\/uniekeuitjesborculo.nl\\\/de\\\/ausfluege-in-holten\\\/#breadcrumb\",\"itemListElement\":[{\"@type\":\"ListItem\",\"position\":1,\"name\":\"Home\",\"item\":\"https:\\\/\\\/uniekeuitjesborculo.nl\\\/de\\\/\"},{\"@type\":\"ListItem\",\"position\":2,\"name\":\"Ausfl\u00fcge in Holten\"}]},{\"@type\":\"WebSite\",\"@id\":\"https:\\\/\\\/uniekeuitjesborculo.nl\\\/de\\\/#website\",\"url\":\"https:\\\/\\\/uniekeuitjesborculo.nl\\\/de\\\/\",\"name\":\"Uniekeuitjes Borculo\",\"description\":\"Alles voor plezier, verbinding en ontspanning\",\"publisher\":{\"@id\":\"https:\\\/\\\/uniekeuitjesborculo.nl\\\/de\\\/#organization\"},\"potentialAction\":[{\"@type\":\"SearchAction\",\"target\":{\"@type\":\"EntryPoint\",\"urlTemplate\":\"https:\\\/\\\/uniekeuitjesborculo.nl\\\/de\\\/?s={search_term_string}\"},\"query-input\":{\"@type\":\"PropertyValueSpecification\",\"valueRequired\":true,\"valueName\":\"search_term_string\"}}],\"inLanguage\":\"nl-NL\"},{\"@type\":\"Organization\",\"@id\":\"https:\\\/\\\/uniekeuitjesborculo.nl\\\/de\\\/#organization\",\"name\":\"Unieke Uitjes\",\"url\":\"https:\\\/\\\/uniekeuitjesborculo.nl\\\/de\\\/\",\"logo\":{\"@type\":\"ImageObject\",\"inLanguage\":\"nl-NL\",\"@id\":\"https:\\\/\\\/uniekeuitjesborculo.nl\\\/de\\\/#\\\/schema\\\/logo\\\/image\\\/\",\"url\":\"http:\\\/\\\/uniekeuitjesborculo.nl\\\/wp-content\\\/uploads\\\/2019\\\/02\\\/site-login-logo.png\",\"contentUrl\":\"http:\\\/\\\/uniekeuitjesborculo.nl\\\/wp-content\\\/uploads\\\/2019\\\/02\\\/site-login-logo.png\",\"width\":708,\"height\":345,\"caption\":\"Unieke Uitjes\"},\"image\":{\"@id\":\"https:\\\/\\\/uniekeuitjesborculo.nl\\\/de\\\/#\\\/schema\\\/logo\\\/image\\\/\"},\"sameAs\":[\"https:\\\/\\\/www.facebook.com\\\/uniekeuitjes.nl\",\"https:\\\/\\\/www.instagram.com\\\/uniekeuitjes.nl\\\/\",\"https:\\\/\\\/www.linkedin.com\\\/company\\\/unieke-uitjes-nl\",\"https:\\\/\\\/www.youtube.com\\\/channel\\\/UCXwRXFWP_R0kxRAeL79FQfw\"]}]}<\/script>\n<!-- \/ Yoast SEO plugin. -->","yoast_head_json":{"title":"Ausfl\u00fcge in Holten - Ausfl\u00fcge & Pauschalangebote in Holten","description":"In Holten bietet Unique Uitjes viele Ausfl\u00fcge und Aktivit\u00e4ten an. Sie k\u00f6nnen die Gegend zum Beispiel mit unseren E-Choppern erkunden.","robots":{"index":"index","follow":"follow","max-snippet":"max-snippet:-1","max-image-preview":"max-image-preview:large","max-video-preview":"max-video-preview:-1"},"canonical":"https:\/\/uniekeuitjesborculo.nl\/de\/ausfluege-in-holten\/","og_locale":"nl_NL","og_type":"article","og_title":"Ausfl\u00fcge in Holten - Ausfl\u00fcge & Pauschalangebote in Holten","og_description":"In Holten bietet Unique Uitjes viele Ausfl\u00fcge und Aktivit\u00e4ten an. Sie k\u00f6nnen die Gegend zum Beispiel mit unseren E-Choppern erkunden.","og_url":"https:\/\/uniekeuitjesborculo.nl\/de\/ausfluege-in-holten\/","og_site_name":"Uniekeuitjes Borculo","article_publisher":"https:\/\/www.facebook.com\/uniekeuitjes.nl","twitter_card":"summary_large_image","twitter_misc":{"Geschatte leestijd":"1 minuut"},"schema":{"@context":"https:\/\/schema.org","@graph":[{"@type":"WebPage","@id":"https:\/\/uniekeuitjesborculo.nl\/de\/ausfluege-in-holten\/","url":"https:\/\/uniekeuitjesborculo.nl\/de\/ausfluege-in-holten\/","name":"Ausfl\u00fcge in Holten - Ausfl\u00fcge & Pauschalangebote in Holten","isPartOf":{"@id":"https:\/\/uniekeuitjesborculo.nl\/de\/#website"},"datePublished":"2019-02-18T14:57:50+00:00","description":"In Holten bietet Unique Uitjes viele Ausfl\u00fcge und Aktivit\u00e4ten an. Sie k\u00f6nnen die Gegend zum Beispiel mit unseren E-Choppern erkunden.","breadcrumb":{"@id":"https:\/\/uniekeuitjesborculo.nl\/de\/ausfluege-in-holten\/#breadcrumb"},"inLanguage":"nl-NL","potentialAction":[{"@type":"ReadAction","target":["https:\/\/uniekeuitjesborculo.nl\/de\/ausfluege-in-holten\/"]}]},{"@type":"BreadcrumbList","@id":"https:\/\/uniekeuitjesborculo.nl\/de\/ausfluege-in-holten\/#breadcrumb","itemListElement":[{"@type":"ListItem","position":1,"name":"Home","item":"https:\/\/uniekeuitjesborculo.nl\/de\/"},{"@type":"ListItem","position":2,"name":"Ausfl\u00fcge in Holten"}]},{"@type":"WebSite","@id":"https:\/\/uniekeuitjesborculo.nl\/de\/#website","url":"https:\/\/uniekeuitjesborculo.nl\/de\/","name":"Uniekeuitjes Borculo","description":"Alles voor plezier, verbinding en ontspanning","publisher":{"@id":"https:\/\/uniekeuitjesborculo.nl\/de\/#organization"},"potentialAction":[{"@type":"SearchAction","target":{"@type":"EntryPoint","urlTemplate":"https:\/\/uniekeuitjesborculo.nl\/de\/?s={search_term_string}"},"query-input":{"@type":"PropertyValueSpecification","valueRequired":true,"valueName":"search_term_string"}}],"inLanguage":"nl-NL"},{"@type":"Organization","@id":"https:\/\/uniekeuitjesborculo.nl\/de\/#organization","name":"Unieke Uitjes","url":"https:\/\/uniekeuitjesborculo.nl\/de\/","logo":{"@type":"ImageObject","inLanguage":"nl-NL","@id":"https:\/\/uniekeuitjesborculo.nl\/de\/#\/schema\/logo\/image\/","url":"http:\/\/uniekeuitjesborculo.nl\/wp-content\/uploads\/2019\/02\/site-login-logo.png","contentUrl":"http:\/\/uniekeuitjesborculo.nl\/wp-content\/uploads\/2019\/02\/site-login-logo.png","width":708,"height":345,"caption":"Unieke Uitjes"},"image":{"@id":"https:\/\/uniekeuitjesborculo.nl\/de\/#\/schema\/logo\/image\/"},"sameAs":["https:\/\/www.facebook.com\/uniekeuitjes.nl","https:\/\/www.instagram.com\/uniekeuitjes.nl\/","https:\/\/www.linkedin.com\/company\/unieke-uitjes-nl","https:\/\/www.youtube.com\/channel\/UCXwRXFWP_R0kxRAeL79FQfw"]}]}},"_links":{"self":[{"href":"https:\/\/uniekeuitjesborculo.nl\/de\/wp-json\/wp\/v2\/pages\/11803","targetHints":{"allow":["GET"]}}],"collection":[{"href":"https:\/\/uniekeuitjesborculo.nl\/de\/wp-json\/wp\/v2\/pages"}],"about":[{"href":"https:\/\/uniekeuitjesborculo.nl\/de\/wp-json\/wp\/v2\/types\/page"}],"author":[{"embeddable":true,"href":"https:\/\/uniekeuitjesborculo.nl\/de\/wp-json\/wp\/v2\/users\/1"}],"replies":[{"embeddable":true,"href":"https:\/\/uniekeuitjesborculo.nl\/de\/wp-json\/wp\/v2\/comments?post=11803"}],"version-history":[{"count":0,"href":"https:\/\/uniekeuitjesborculo.nl\/de\/wp-json\/wp\/v2\/pages\/11803\/revisions"}],"wp:attachment":[{"href":"https:\/\/uniekeuitjesborculo.nl\/de\/wp-json\/wp\/v2\/media?parent=11803"}],"wp:term":[{"taxonomy":"category","embeddable":true,"href":"https:\/\/uniekeuitjesborculo.nl\/de\/wp-json\/wp\/v2\/categories?post=11803"}],"curies":[{"name":"wp","href":"https:\/\/api.w.org\/{rel}","templated":true}]}}