{"id":11811,"date":"2019-02-18T15:13:17","date_gmt":"2019-02-18T15:13:17","guid":{"rendered":"http:\/\/uniekeuitjesborculo.nl\/ausfluege-in-teuge\/"},"modified":"2019-02-18T15:13:17","modified_gmt":"2019-02-18T15:13:17","slug":"ausfluege-in-teuge","status":"publish","type":"page","link":"https:\/\/uniekeuitjesborculo.nl\/de\/ausfluege-in-teuge\/","title":{"rendered":"Ausfl\u00fcge in Teuge"},"content":{"rendered":"<h2>Ausfl\u00fcge in Teuge<\/h2>\n<p>Ausfl\u00fcge in Teuge. Unique Outings bietet viele M\u00f6glichkeiten f\u00fcr einen unvergesslichen Tag. F\u00fcr Ausfl\u00fcge mit kleinen oder gro\u00dfen Gruppen, Betriebsausfl\u00fcge, Familienausfl\u00fcge oder Junggesellenabschiede, wir haben f\u00fcr jeden etwas dabei. Machen Sie eine gemeinsame Fahrt auf unseren sch\u00f6nen Cruiser-Tandems oder mit 7 Personen in den fr\u00f6hlichen elektrischen TukTuk&#8217;s. Buchen Sie ein Laser-Tontaubenschie\u00dfen oder vielleicht ein Paket zum Bogen- und Armbrustschie\u00dfen. Und das alles mit der richtigen Anleitung durch unsere begeisterten Ausbilder. Wir haben viele Aktivit\u00e4ten f\u00fcr drinnen und drau\u00dfen, tags\u00fcber oder abends.<\/p>\n<p>&nbsp;<\/p>\n<h2><strong>\u00dcber Teuge:<\/strong><\/h2>\n<p>Rund um den Flughafen Teuge gibt es am Boden und in der Luft immer etwas zu sehen. Besonders an sonnigen Tagen macht es Spa\u00df, auf dem Flugplatz Teuge jede erdenkliche Flugbewegung von Privatflugzeugen, dem Segelflugverein oder den Fallschirmspringern zu beobachten. Wir bieten Ihnen eine Reihe von Einzelaktivit\u00e4ten und eine Reihe von Paketen an.<\/p>\n<p>&nbsp;<\/p>\n<p><strong>Zusammenarbeit mit Sonderflugdiensten:<\/strong><br \/>\nIn Teuge arbeiten wir mit Special Air Services Teuge zusammen. Dies ist DER Anbieter von Rundfl\u00fcgen und Schnupperkursen. Die Sicherheit steht an erster Stelle, und es werden die erfahrensten Piloten eingesetzt, die man sich vorstellen kann. Wir k\u00f6nnen Ihnen Hin- und R\u00fcckfl\u00fcge zum gleichen Preis anbieten wie Special Air Services Teuge selbst. M\u00f6chten Sie sich selbst hinter das Steuer setzen? Oder einmal \u00fcber Ihr eigenes Gesch\u00e4ft oder Ihr Zuhause fliegen? Vieles ist m\u00f6glich. Noch Fragen? Rufen Sie an oder schicken Sie eine E-Mail an Unique Outings.<\/p>\n<p>&nbsp;<\/p>\n<p><strong>Rundfl\u00fcge und Flugstunden:<br \/>\n<\/strong>&#8211; Rundflug 15 Minuten: 104 \u20ac pro Flugzeug (maximal 3 Personen pro Flugzeug)<br \/>\n&#8211; Hin- und R\u00fcckflug 30 Minuten: 170 \u20ac pro Flugzeug (maximal 3 Personen pro Flugzeug)<br \/>\n&#8211; Schnupperstunde 20 Minuten: 104 \u20ac (unter der Annahme, dass 1 Person hinter dem Lenkrad Platz nimmt, ohne eigene Passagiere)<br \/>\n&#8211; Schnupperstunde 20 Minuten: 124 \u20ac (bei 1 Person am Steuer und 2 Mitfahrern)<\/p>\n<p>&nbsp;<\/p>\n<h3>Einzigartige Ausfl\u00fcge<\/h3>\n<p>Von unserem Besuchsort aus k\u00f6nnen wir die folgenden individuellen Aktivit\u00e4ten anbieten (dies ist nur ein Auszug aus unserem Gesamtangebot). Auf Wunsch k\u00f6nnen wir auch pr\u00fcfen, was bei Ihnen vor Ort m\u00f6glich ist.<\/p>\n<ul>\n<li><a href=\"http:\/\/uniekeuitjesborculo.nl\/uitje\/solex-huren-solexverhuur\/\">Solex mieten<\/a><\/li>\n<li><a href=\"http:\/\/uniekeuitjesborculo.nl\/uitje\/echopper-huren\/\">E-Chopper fahren<\/a><\/li>\n<li><a href=\"http:\/\/uniekeuitjesborculo.nl\/uitje\/tandem-cruiser\/\">Tandem-Touren<\/a><\/li>\n<li><a href=\"http:\/\/uniekeuitjesborculo.nl\/uitje\/tuktuk-huren\/\">TukTuk&#8217;s<\/a> oder <a href=\"http:\/\/uniekeuitjesborculo.nl\/uitje\/trigger-huren\/\">Trigger<\/a> fahren<\/li>\n<li><a href=\"http:\/\/uniekeuitjesborculo.nl\/uitje\/skeltertreinen-groepsfietsen\/\">Skelter-Z\u00fcge<\/a><\/li>\n<li><a href=\"http:\/\/uniekeuitjesborculo.nl\/uitje\/boog-en-kruisboog\/\">Bogenschie\u00dfen und Armbrustschie\u00dfen<\/a><\/li>\n<li><a href=\"http:\/\/uniekeuitjesborculo.nl\/uitje\/buksschieten\/\">Schie\u00dfen mit Flinte oder Luftgewehr<\/a><\/li>\n<li><a href=\"http:\/\/uniekeuitjesborculo.nl\/uitje\/schieten-met-5-wapensoorten\/\">Werkst\u00e4tten mit 5 Waffentypen<\/a><\/li>\n<li>Sechs Camps, <a href=\"http:\/\/uniekeuitjesborculo.nl\/uitje\/indoor-zeskamp\/\">drinnen<\/a> oder <a href=\"http:\/\/uniekeuitjesborculo.nl\/uitje\/grote-zeskamp\/\">drau\u00dfen<\/a><\/li>\n<li><a href=\"http:\/\/uniekeuitjesborculo.nl\/spelshows\/\">Spielshows<\/a> und <a href=\"http:\/\/uniekeuitjesborculo.nl\/uitje\/casino-avond\/\">Casino-Abende<\/a><\/li>\n<li>Ein <a href=\"http:\/\/uniekeuitjesborculo.nl\/uitje\/pubquiz\/\">Kneipenquiz<\/a>, <a href=\"http:\/\/uniekeuitjesborculo.nl\/uitje\/muziekquiz\/\">Musikquiz<\/a> oder <a href=\"http:\/\/uniekeuitjesborculo.nl\/uitje\/bingoshow\/\">Bingo<\/a><\/li>\n<li><a href=\"http:\/\/uniekeuitjesborculo.nl\/uitje\/straatgolf-of-boerengolf\/\">Bauerngolf<\/a> und <a href=\"http:\/\/uniekeuitjesborculo.nl\/uitje\/klootschieten\/\">Bogenschie\u00dfen<\/a><\/li>\n<li><a href=\"http:\/\/uniekeuitjesborculo.nl\/uitje\/indoor-en-outdoor-lasergamen-op-locatie\/\">Laser-Spiele<\/a><\/li>\n<\/ul>\n<p>&nbsp;<\/p>\n<p>&nbsp;<\/p>\n<p><strong>Haben Sie weitere Anforderungen? Treten Sie ein! Wir beraten Sie gerne, um Ihren Tag so erfolgreich wie m\u00f6glich zu gestalten!<br \/>\nWir sehen uns bei Unique Outings!<br \/>\n<\/strong><\/p>\n<p>&nbsp;<\/p>\n<p><a href=\"http:\/\/uniekeuitjesborculo.nl\"><img loading=\"lazy\" decoding=\"async\" class=\"alignnone wp-image-377\" src=\"http:\/\/uniekeuitjesborculo.nl\/wp-content\/uploads\/2019\/02\/site-login-logo.png\" alt=\"Ausfl\u00fcge in Teuge, vollst\u00e4ndig organisiert von Unique Trips\" width=\"480\" height=\"234\" srcset=\"https:\/\/uniekeuitjesborculo.nl\/wp-content\/uploads\/2019\/02\/site-login-logo.png 708w, https:\/\/uniekeuitjesborculo.nl\/wp-content\/uploads\/2019\/02\/site-login-logo-300x146.png 300w, https:\/\/uniekeuitjesborculo.nl\/wp-content\/uploads\/2019\/02\/site-login-logo-600x292.png 600w\" sizes=\"auto, (max-width: 480px) 100vw, 480px\" \/><\/a><\/p>\n","protected":false},"excerpt":{"rendered":"<p>Ausfl\u00fcge in Teuge Ausfl\u00fcge in Teuge. Unique Outings bietet viele M\u00f6glichkeiten f\u00fcr einen unvergesslichen Tag. F\u00fcr Ausfl\u00fcge mit kleinen oder gro\u00dfen Gruppen, Betriebsausfl\u00fcge, Familienausfl\u00fcge oder Junggesellenabschiede, wir haben f\u00fcr jeden etwas dabei. Machen Sie eine gemeinsame Fahrt auf unseren sch\u00f6nen Cruiser-Tandems oder mit 7 Personen in den fr\u00f6hlichen elektrischen TukTuk&#8217;s. Buchen Sie ein Laser-Tontaubenschie\u00dfen oder [&hellip;]<\/p>\n","protected":false},"author":1,"featured_media":0,"parent":0,"menu_order":0,"comment_status":"closed","ping_status":"closed","template":"","meta":{"_acf_changed":false,"_monsterinsights_skip_tracking":false,"_monsterinsights_sitenote_active":false,"_monsterinsights_sitenote_note":"","_monsterinsights_sitenote_category":0,"footnotes":""},"categories":[73],"class_list":["post-11811","page","type-page","status-publish","hentry","category-zielseite"],"acf":[],"yoast_head":"<!-- This site is optimized with the Yoast SEO plugin v27.5 - https:\/\/yoast.com\/product\/yoast-seo-wordpress\/ -->\n<title>Ausfl\u00fcge in Teuge - Verschiedene Aktivit\u00e4ten &amp; Ausfl\u00fcge in Teuge<\/title>\n<meta name=\"description\" content=\"Unique Outings bietet sehr viele Aktivit\u00e4ten, Pakete und Ausfl\u00fcge in Teuge an. Besuchen Sie unsere Website, um eine vollst\u00e4ndige Liste unserer Ausfl\u00fcge zu sehen!\" \/>\n<meta name=\"robots\" content=\"index, follow, max-snippet:-1, max-image-preview:large, max-video-preview:-1\" \/>\n<link rel=\"canonical\" href=\"https:\/\/uniekeuitjesborculo.nl\/de\/ausfluege-in-teuge\/\" \/>\n<meta property=\"og:locale\" content=\"nl_NL\" \/>\n<meta property=\"og:type\" content=\"article\" \/>\n<meta property=\"og:title\" content=\"Ausfl\u00fcge in Teuge - Verschiedene Aktivit\u00e4ten &amp; Ausfl\u00fcge in Teuge\" \/>\n<meta property=\"og:description\" content=\"Unique Outings bietet sehr viele Aktivit\u00e4ten, Pakete und Ausfl\u00fcge in Teuge an. Besuchen Sie unsere Website, um eine vollst\u00e4ndige Liste unserer Ausfl\u00fcge zu sehen!\" \/>\n<meta property=\"og:url\" content=\"https:\/\/uniekeuitjesborculo.nl\/de\/ausfluege-in-teuge\/\" \/>\n<meta property=\"og:site_name\" content=\"Uniekeuitjes Borculo\" \/>\n<meta property=\"article:publisher\" content=\"https:\/\/www.facebook.com\/uniekeuitjes.nl\" \/>\n<meta property=\"og:image\" content=\"http:\/\/uniekeuitjesborculo.nl\/wp-content\/uploads\/2019\/02\/site-login-logo.png\" \/>\n<meta name=\"twitter:card\" content=\"summary_large_image\" \/>\n<meta name=\"twitter:label1\" content=\"Geschatte leestijd\" \/>\n\t<meta name=\"twitter:data1\" content=\"2 minuten\" \/>\n<script type=\"application\/ld+json\" class=\"yoast-schema-graph\">{\"@context\":\"https:\\\/\\\/schema.org\",\"@graph\":[{\"@type\":\"WebPage\",\"@id\":\"https:\\\/\\\/uniekeuitjesborculo.nl\\\/de\\\/ausfluege-in-teuge\\\/\",\"url\":\"https:\\\/\\\/uniekeuitjesborculo.nl\\\/de\\\/ausfluege-in-teuge\\\/\",\"name\":\"Ausfl\u00fcge in Teuge - Verschiedene Aktivit\u00e4ten & Ausfl\u00fcge in Teuge\",\"isPartOf\":{\"@id\":\"https:\\\/\\\/uniekeuitjesborculo.nl\\\/de\\\/#website\"},\"primaryImageOfPage\":{\"@id\":\"https:\\\/\\\/uniekeuitjesborculo.nl\\\/de\\\/ausfluege-in-teuge\\\/#primaryimage\"},\"image\":{\"@id\":\"https:\\\/\\\/uniekeuitjesborculo.nl\\\/de\\\/ausfluege-in-teuge\\\/#primaryimage\"},\"thumbnailUrl\":\"http:\\\/\\\/uniekeuitjesborculo.nl\\\/wp-content\\\/uploads\\\/2019\\\/02\\\/site-login-logo.png\",\"datePublished\":\"2019-02-18T15:13:17+00:00\",\"description\":\"Unique Outings bietet sehr viele Aktivit\u00e4ten, Pakete und Ausfl\u00fcge in Teuge an. Besuchen Sie unsere Website, um eine vollst\u00e4ndige Liste unserer Ausfl\u00fcge zu sehen!\",\"breadcrumb\":{\"@id\":\"https:\\\/\\\/uniekeuitjesborculo.nl\\\/de\\\/ausfluege-in-teuge\\\/#breadcrumb\"},\"inLanguage\":\"nl-NL\",\"potentialAction\":[{\"@type\":\"ReadAction\",\"target\":[\"https:\\\/\\\/uniekeuitjesborculo.nl\\\/de\\\/ausfluege-in-teuge\\\/\"]}]},{\"@type\":\"ImageObject\",\"inLanguage\":\"nl-NL\",\"@id\":\"https:\\\/\\\/uniekeuitjesborculo.nl\\\/de\\\/ausfluege-in-teuge\\\/#primaryimage\",\"url\":\"http:\\\/\\\/uniekeuitjesborculo.nl\\\/wp-content\\\/uploads\\\/2019\\\/02\\\/site-login-logo.png\",\"contentUrl\":\"http:\\\/\\\/uniekeuitjesborculo.nl\\\/wp-content\\\/uploads\\\/2019\\\/02\\\/site-login-logo.png\"},{\"@type\":\"BreadcrumbList\",\"@id\":\"https:\\\/\\\/uniekeuitjesborculo.nl\\\/de\\\/ausfluege-in-teuge\\\/#breadcrumb\",\"itemListElement\":[{\"@type\":\"ListItem\",\"position\":1,\"name\":\"Home\",\"item\":\"https:\\\/\\\/uniekeuitjesborculo.nl\\\/de\\\/\"},{\"@type\":\"ListItem\",\"position\":2,\"name\":\"Ausfl\u00fcge in Teuge\"}]},{\"@type\":\"WebSite\",\"@id\":\"https:\\\/\\\/uniekeuitjesborculo.nl\\\/de\\\/#website\",\"url\":\"https:\\\/\\\/uniekeuitjesborculo.nl\\\/de\\\/\",\"name\":\"Uniekeuitjes Borculo\",\"description\":\"Alles voor plezier, verbinding en ontspanning\",\"publisher\":{\"@id\":\"https:\\\/\\\/uniekeuitjesborculo.nl\\\/de\\\/#organization\"},\"potentialAction\":[{\"@type\":\"SearchAction\",\"target\":{\"@type\":\"EntryPoint\",\"urlTemplate\":\"https:\\\/\\\/uniekeuitjesborculo.nl\\\/de\\\/?s={search_term_string}\"},\"query-input\":{\"@type\":\"PropertyValueSpecification\",\"valueRequired\":true,\"valueName\":\"search_term_string\"}}],\"inLanguage\":\"nl-NL\"},{\"@type\":\"Organization\",\"@id\":\"https:\\\/\\\/uniekeuitjesborculo.nl\\\/de\\\/#organization\",\"name\":\"Unieke Uitjes\",\"url\":\"https:\\\/\\\/uniekeuitjesborculo.nl\\\/de\\\/\",\"logo\":{\"@type\":\"ImageObject\",\"inLanguage\":\"nl-NL\",\"@id\":\"https:\\\/\\\/uniekeuitjesborculo.nl\\\/de\\\/#\\\/schema\\\/logo\\\/image\\\/\",\"url\":\"http:\\\/\\\/uniekeuitjesborculo.nl\\\/wp-content\\\/uploads\\\/2019\\\/02\\\/site-login-logo.png\",\"contentUrl\":\"http:\\\/\\\/uniekeuitjesborculo.nl\\\/wp-content\\\/uploads\\\/2019\\\/02\\\/site-login-logo.png\",\"width\":708,\"height\":345,\"caption\":\"Unieke Uitjes\"},\"image\":{\"@id\":\"https:\\\/\\\/uniekeuitjesborculo.nl\\\/de\\\/#\\\/schema\\\/logo\\\/image\\\/\"},\"sameAs\":[\"https:\\\/\\\/www.facebook.com\\\/uniekeuitjes.nl\",\"https:\\\/\\\/www.instagram.com\\\/uniekeuitjes.nl\\\/\",\"https:\\\/\\\/www.linkedin.com\\\/company\\\/unieke-uitjes-nl\",\"https:\\\/\\\/www.youtube.com\\\/channel\\\/UCXwRXFWP_R0kxRAeL79FQfw\"]}]}<\/script>\n<!-- \/ Yoast SEO plugin. -->","yoast_head_json":{"title":"Ausfl\u00fcge in Teuge - Verschiedene Aktivit\u00e4ten & Ausfl\u00fcge in Teuge","description":"Unique Outings bietet sehr viele Aktivit\u00e4ten, Pakete und Ausfl\u00fcge in Teuge an. Besuchen Sie unsere Website, um eine vollst\u00e4ndige Liste unserer Ausfl\u00fcge zu sehen!","robots":{"index":"index","follow":"follow","max-snippet":"max-snippet:-1","max-image-preview":"max-image-preview:large","max-video-preview":"max-video-preview:-1"},"canonical":"https:\/\/uniekeuitjesborculo.nl\/de\/ausfluege-in-teuge\/","og_locale":"nl_NL","og_type":"article","og_title":"Ausfl\u00fcge in Teuge - Verschiedene Aktivit\u00e4ten & Ausfl\u00fcge in Teuge","og_description":"Unique Outings bietet sehr viele Aktivit\u00e4ten, Pakete und Ausfl\u00fcge in Teuge an. Besuchen Sie unsere Website, um eine vollst\u00e4ndige Liste unserer Ausfl\u00fcge zu sehen!","og_url":"https:\/\/uniekeuitjesborculo.nl\/de\/ausfluege-in-teuge\/","og_site_name":"Uniekeuitjes Borculo","article_publisher":"https:\/\/www.facebook.com\/uniekeuitjes.nl","og_image":[{"url":"http:\/\/uniekeuitjesborculo.nl\/wp-content\/uploads\/2019\/02\/site-login-logo.png","type":"","width":"","height":""}],"twitter_card":"summary_large_image","twitter_misc":{"Geschatte leestijd":"2 minuten"},"schema":{"@context":"https:\/\/schema.org","@graph":[{"@type":"WebPage","@id":"https:\/\/uniekeuitjesborculo.nl\/de\/ausfluege-in-teuge\/","url":"https:\/\/uniekeuitjesborculo.nl\/de\/ausfluege-in-teuge\/","name":"Ausfl\u00fcge in Teuge - Verschiedene Aktivit\u00e4ten & Ausfl\u00fcge in Teuge","isPartOf":{"@id":"https:\/\/uniekeuitjesborculo.nl\/de\/#website"},"primaryImageOfPage":{"@id":"https:\/\/uniekeuitjesborculo.nl\/de\/ausfluege-in-teuge\/#primaryimage"},"image":{"@id":"https:\/\/uniekeuitjesborculo.nl\/de\/ausfluege-in-teuge\/#primaryimage"},"thumbnailUrl":"http:\/\/uniekeuitjesborculo.nl\/wp-content\/uploads\/2019\/02\/site-login-logo.png","datePublished":"2019-02-18T15:13:17+00:00","description":"Unique Outings bietet sehr viele Aktivit\u00e4ten, Pakete und Ausfl\u00fcge in Teuge an. Besuchen Sie unsere Website, um eine vollst\u00e4ndige Liste unserer Ausfl\u00fcge zu sehen!","breadcrumb":{"@id":"https:\/\/uniekeuitjesborculo.nl\/de\/ausfluege-in-teuge\/#breadcrumb"},"inLanguage":"nl-NL","potentialAction":[{"@type":"ReadAction","target":["https:\/\/uniekeuitjesborculo.nl\/de\/ausfluege-in-teuge\/"]}]},{"@type":"ImageObject","inLanguage":"nl-NL","@id":"https:\/\/uniekeuitjesborculo.nl\/de\/ausfluege-in-teuge\/#primaryimage","url":"http:\/\/uniekeuitjesborculo.nl\/wp-content\/uploads\/2019\/02\/site-login-logo.png","contentUrl":"http:\/\/uniekeuitjesborculo.nl\/wp-content\/uploads\/2019\/02\/site-login-logo.png"},{"@type":"BreadcrumbList","@id":"https:\/\/uniekeuitjesborculo.nl\/de\/ausfluege-in-teuge\/#breadcrumb","itemListElement":[{"@type":"ListItem","position":1,"name":"Home","item":"https:\/\/uniekeuitjesborculo.nl\/de\/"},{"@type":"ListItem","position":2,"name":"Ausfl\u00fcge in Teuge"}]},{"@type":"WebSite","@id":"https:\/\/uniekeuitjesborculo.nl\/de\/#website","url":"https:\/\/uniekeuitjesborculo.nl\/de\/","name":"Uniekeuitjes Borculo","description":"Alles voor plezier, verbinding en ontspanning","publisher":{"@id":"https:\/\/uniekeuitjesborculo.nl\/de\/#organization"},"potentialAction":[{"@type":"SearchAction","target":{"@type":"EntryPoint","urlTemplate":"https:\/\/uniekeuitjesborculo.nl\/de\/?s={search_term_string}"},"query-input":{"@type":"PropertyValueSpecification","valueRequired":true,"valueName":"search_term_string"}}],"inLanguage":"nl-NL"},{"@type":"Organization","@id":"https:\/\/uniekeuitjesborculo.nl\/de\/#organization","name":"Unieke Uitjes","url":"https:\/\/uniekeuitjesborculo.nl\/de\/","logo":{"@type":"ImageObject","inLanguage":"nl-NL","@id":"https:\/\/uniekeuitjesborculo.nl\/de\/#\/schema\/logo\/image\/","url":"http:\/\/uniekeuitjesborculo.nl\/wp-content\/uploads\/2019\/02\/site-login-logo.png","contentUrl":"http:\/\/uniekeuitjesborculo.nl\/wp-content\/uploads\/2019\/02\/site-login-logo.png","width":708,"height":345,"caption":"Unieke Uitjes"},"image":{"@id":"https:\/\/uniekeuitjesborculo.nl\/de\/#\/schema\/logo\/image\/"},"sameAs":["https:\/\/www.facebook.com\/uniekeuitjes.nl","https:\/\/www.instagram.com\/uniekeuitjes.nl\/","https:\/\/www.linkedin.com\/company\/unieke-uitjes-nl","https:\/\/www.youtube.com\/channel\/UCXwRXFWP_R0kxRAeL79FQfw"]}]}},"_links":{"self":[{"href":"https:\/\/uniekeuitjesborculo.nl\/de\/wp-json\/wp\/v2\/pages\/11811","targetHints":{"allow":["GET"]}}],"collection":[{"href":"https:\/\/uniekeuitjesborculo.nl\/de\/wp-json\/wp\/v2\/pages"}],"about":[{"href":"https:\/\/uniekeuitjesborculo.nl\/de\/wp-json\/wp\/v2\/types\/page"}],"author":[{"embeddable":true,"href":"https:\/\/uniekeuitjesborculo.nl\/de\/wp-json\/wp\/v2\/users\/1"}],"replies":[{"embeddable":true,"href":"https:\/\/uniekeuitjesborculo.nl\/de\/wp-json\/wp\/v2\/comments?post=11811"}],"version-history":[{"count":0,"href":"https:\/\/uniekeuitjesborculo.nl\/de\/wp-json\/wp\/v2\/pages\/11811\/revisions"}],"wp:attachment":[{"href":"https:\/\/uniekeuitjesborculo.nl\/de\/wp-json\/wp\/v2\/media?parent=11811"}],"wp:term":[{"taxonomy":"category","embeddable":true,"href":"https:\/\/uniekeuitjesborculo.nl\/de\/wp-json\/wp\/v2\/categories?post=11811"}],"curies":[{"name":"wp","href":"https:\/\/api.w.org\/{rel}","templated":true}]}}