{"id":11814,"date":"2019-02-18T14:45:19","date_gmt":"2019-02-18T14:45:19","guid":{"rendered":"http:\/\/uniekeuitjesborculo.nl\/ausfluege-in-gorssel\/"},"modified":"2019-02-18T14:45:19","modified_gmt":"2019-02-18T14:45:19","slug":"ausfluege-in-gorssel","status":"publish","type":"page","link":"https:\/\/uniekeuitjesborculo.nl\/de\/ausfluege-in-gorssel\/","title":{"rendered":"Ausfl\u00fcge in Gorssel"},"content":{"rendered":"<h2>\u00dcber Gorssel:<\/h2>\n<p>Das gem\u00fctliche Gorssel hat sowohl eine d\u00f6rfliche Atmosph\u00e4re als auch eine regionale Funktion mit entsprechenden Einkaufsm\u00f6glichkeiten, Clubs und Annehmlichkeiten. In der N\u00e4he von Gorssel k\u00f6nnen Sie auf der einen Seite die bewaldete Umgebung und auf der anderen Seite die IJssel-Auen genie\u00dfen.<br \/>\nIm attraktiven Dorfzentrum mit seinem breiten Angebot an stilvollen und praktischen Gesch\u00e4ften l\u00e4sst es sich angenehm einkaufen. Mitten im Dorfzentrum von Gorssel befindet sich das gr\u00f6\u00dfte Museum f\u00fcr moderne realistische Kunst der Niederlande, das <a href=\"https:\/\/www.museummore.nl\/\">Museum MORE<\/a>. In Gorssel und Umgebung leben viele K\u00fcnstler und Artisten. Auch niederl\u00e4ndische Prominente, die der Hektik des Westens entfliehen wollen, landen oft in Gorssel.<\/p>\n<p>&nbsp;<\/p>\n<p>&nbsp;<\/p>\n<h2><strong>Einzigartige Ausfl\u00fcge in Gorssel:<\/strong><\/h2>\n<p><strong><br \/>\n<\/strong>Unique Uitjes.nl und <a href=\"http:\/\/www.eetcafe-dehoek.nl\/\">Eetcaf\u00e9 de Hoek<\/a> bieten Ihnen die besten Ausflugsm\u00f6glichkeiten und Aktivit\u00e4ten im Herzen von Gorssel.<\/p>\n<p>Genie\u00dfen Sie die Umgebung gemeinsam bei einer Fahrt mit dem <a href=\"http:\/\/uniekeuitjesborculo.nl\/uitje\/trigger-huren\/\">Trigger<\/a>, oder fahren Sie mit der ganzen Gruppe auf <a href=\"http:\/\/uniekeuitjesborculo.nl\/uitje\/echopper-huren\/\">E-Choppern<\/a>, <a href=\"http:\/\/uniekeuitjesborculo.nl\/uitje\/solex-huren\/\">Solexen <\/a>oder einer langen <a href=\"http:\/\/uniekeuitjesborculo.nl\/uitje\/transportmiddel-skeltertrein\/\">Gokart-Bahn<\/a>. Machen Sie ein Paket mit <a href=\"http:\/\/uniekeuitjesborculo.nl\/uitje\/buksschieten\/\">Luftgewehrschie\u00dfen<\/a> oder <a href=\"http:\/\/uniekeuitjesborculo.nl\/uitje\/indoor-en-outdoor-lasergamen-op-locatie\/\">Laserspielen<\/a>. Oder w\u00e4hlen Sie eine der vielen anderen Optionen, die von Unique Outings angeboten werden.<\/p>\n<p>&nbsp;<\/p>\n<p>The Corner ist ein gem\u00fctliches Lokal, in dem es allerlei zu tun gibt und in dem man es Ihnen so angenehm wie m\u00f6glich machen m\u00f6chte. M\u00f6chten Sie zu Mittag oder zu Abend essen oder etwas trinken? Das alles ist m\u00f6glich in dem zentral gelegenen Caf\u00e9 mit Blick auf den Dorfplatz oder auf der sch\u00f6nen Sonnenterrasse. Zus\u00e4tzlich zum Caf\u00e9 gibt es ein ma\u00dfgeschneidertes Catering und einen Saal, in dem Sie Ihr Firmenevent, Ihren Junggesellenabschied oder Ihren Familientag feiern k\u00f6nnen.<\/p>\n<p>&nbsp;<\/p>\n<p>Sind Sie schon aufgeregt und m\u00f6chten die vielen Pakete und M\u00f6glichkeiten besprechen?<\/p>\n<p>Wenn ja, nehmen Sie Kontakt mit uns auf!<\/p>\n<p>Wir sehen uns bei Unique Outings!<\/p>\n<p><a href=\"http:\/\/uniekeuitjesborculo.nl\"><img loading=\"lazy\" decoding=\"async\" class=\"alignnone wp-image-377\" src=\"http:\/\/uniekeuitjesborculo.nl\/wp-content\/uploads\/2019\/02\/site-login-logo.png\" alt=\"\" width=\"519\" height=\"253\" srcset=\"https:\/\/uniekeuitjesborculo.nl\/wp-content\/uploads\/2019\/02\/site-login-logo.png 708w, https:\/\/uniekeuitjesborculo.nl\/wp-content\/uploads\/2019\/02\/site-login-logo-300x146.png 300w, https:\/\/uniekeuitjesborculo.nl\/wp-content\/uploads\/2019\/02\/site-login-logo-600x292.png 600w\" sizes=\"auto, (max-width: 519px) 100vw, 519px\" \/><\/a><\/p>\n","protected":false},"excerpt":{"rendered":"<p>\u00dcber Gorssel: Das gem\u00fctliche Gorssel hat sowohl eine d\u00f6rfliche Atmosph\u00e4re als auch eine regionale Funktion mit entsprechenden Einkaufsm\u00f6glichkeiten, Clubs und Annehmlichkeiten. In der N\u00e4he von Gorssel k\u00f6nnen Sie auf der einen Seite die bewaldete Umgebung und auf der anderen Seite die IJssel-Auen genie\u00dfen. Im attraktiven Dorfzentrum mit seinem breiten Angebot an stilvollen und praktischen Gesch\u00e4ften [&hellip;]<\/p>\n","protected":false},"author":1,"featured_media":0,"parent":0,"menu_order":0,"comment_status":"closed","ping_status":"closed","template":"","meta":{"_acf_changed":false,"_monsterinsights_skip_tracking":false,"_monsterinsights_sitenote_active":false,"_monsterinsights_sitenote_note":"","_monsterinsights_sitenote_category":0,"footnotes":""},"categories":[73],"class_list":["post-11814","page","type-page","status-publish","hentry","category-zielseite"],"acf":[],"yoast_head":"<!-- This site is optimized with the Yoast SEO plugin v27.5 - https:\/\/yoast.com\/product\/yoast-seo-wordpress\/ -->\n<title>Ausfl\u00fcge in Gorssel - Verschiedene Aktivit\u00e4ten &amp; Ausfl\u00fcge in Gorssel<\/title>\n<meta name=\"description\" content=\"Ausfl\u00fcge in Gorssel komplett organisiert von Unique Outings! Sie suchen nach unterhaltsamen Aktivit\u00e4ten f\u00fcr Ihren Tag? Nehmen Sie Kontakt mit uns auf!\" \/>\n<meta name=\"robots\" content=\"index, follow, max-snippet:-1, max-image-preview:large, max-video-preview:-1\" \/>\n<link rel=\"canonical\" href=\"https:\/\/uniekeuitjesborculo.nl\/de\/ausfluege-in-gorssel\/\" \/>\n<meta property=\"og:locale\" content=\"nl_NL\" \/>\n<meta property=\"og:type\" content=\"article\" \/>\n<meta property=\"og:title\" content=\"Ausfl\u00fcge in Gorssel - Verschiedene Aktivit\u00e4ten &amp; Ausfl\u00fcge in Gorssel\" \/>\n<meta property=\"og:description\" content=\"Ausfl\u00fcge in Gorssel komplett organisiert von Unique Outings! Sie suchen nach unterhaltsamen Aktivit\u00e4ten f\u00fcr Ihren Tag? Nehmen Sie Kontakt mit uns auf!\" \/>\n<meta property=\"og:url\" content=\"https:\/\/uniekeuitjesborculo.nl\/de\/ausfluege-in-gorssel\/\" \/>\n<meta property=\"og:site_name\" content=\"Uniekeuitjes Borculo\" \/>\n<meta property=\"article:publisher\" content=\"https:\/\/www.facebook.com\/uniekeuitjes.nl\" \/>\n<meta property=\"og:image\" content=\"http:\/\/uniekeuitjesborculo.nl\/wp-content\/uploads\/2019\/02\/site-login-logo.png\" \/>\n<meta name=\"twitter:card\" content=\"summary_large_image\" \/>\n<meta name=\"twitter:label1\" content=\"Geschatte leestijd\" \/>\n\t<meta name=\"twitter:data1\" content=\"2 minuten\" \/>\n<script type=\"application\/ld+json\" class=\"yoast-schema-graph\">{\"@context\":\"https:\\\/\\\/schema.org\",\"@graph\":[{\"@type\":\"WebPage\",\"@id\":\"https:\\\/\\\/uniekeuitjesborculo.nl\\\/de\\\/ausfluege-in-gorssel\\\/\",\"url\":\"https:\\\/\\\/uniekeuitjesborculo.nl\\\/de\\\/ausfluege-in-gorssel\\\/\",\"name\":\"Ausfl\u00fcge in Gorssel - Verschiedene Aktivit\u00e4ten & Ausfl\u00fcge in Gorssel\",\"isPartOf\":{\"@id\":\"https:\\\/\\\/uniekeuitjesborculo.nl\\\/de\\\/#website\"},\"primaryImageOfPage\":{\"@id\":\"https:\\\/\\\/uniekeuitjesborculo.nl\\\/de\\\/ausfluege-in-gorssel\\\/#primaryimage\"},\"image\":{\"@id\":\"https:\\\/\\\/uniekeuitjesborculo.nl\\\/de\\\/ausfluege-in-gorssel\\\/#primaryimage\"},\"thumbnailUrl\":\"http:\\\/\\\/uniekeuitjesborculo.nl\\\/wp-content\\\/uploads\\\/2019\\\/02\\\/site-login-logo.png\",\"datePublished\":\"2019-02-18T14:45:19+00:00\",\"description\":\"Ausfl\u00fcge in Gorssel komplett organisiert von Unique Outings! Sie suchen nach unterhaltsamen Aktivit\u00e4ten f\u00fcr Ihren Tag? Nehmen Sie Kontakt mit uns auf!\",\"breadcrumb\":{\"@id\":\"https:\\\/\\\/uniekeuitjesborculo.nl\\\/de\\\/ausfluege-in-gorssel\\\/#breadcrumb\"},\"inLanguage\":\"nl-NL\",\"potentialAction\":[{\"@type\":\"ReadAction\",\"target\":[\"https:\\\/\\\/uniekeuitjesborculo.nl\\\/de\\\/ausfluege-in-gorssel\\\/\"]}]},{\"@type\":\"ImageObject\",\"inLanguage\":\"nl-NL\",\"@id\":\"https:\\\/\\\/uniekeuitjesborculo.nl\\\/de\\\/ausfluege-in-gorssel\\\/#primaryimage\",\"url\":\"http:\\\/\\\/uniekeuitjesborculo.nl\\\/wp-content\\\/uploads\\\/2019\\\/02\\\/site-login-logo.png\",\"contentUrl\":\"http:\\\/\\\/uniekeuitjesborculo.nl\\\/wp-content\\\/uploads\\\/2019\\\/02\\\/site-login-logo.png\"},{\"@type\":\"BreadcrumbList\",\"@id\":\"https:\\\/\\\/uniekeuitjesborculo.nl\\\/de\\\/ausfluege-in-gorssel\\\/#breadcrumb\",\"itemListElement\":[{\"@type\":\"ListItem\",\"position\":1,\"name\":\"Home\",\"item\":\"https:\\\/\\\/uniekeuitjesborculo.nl\\\/de\\\/\"},{\"@type\":\"ListItem\",\"position\":2,\"name\":\"Ausfl\u00fcge in Gorssel\"}]},{\"@type\":\"WebSite\",\"@id\":\"https:\\\/\\\/uniekeuitjesborculo.nl\\\/de\\\/#website\",\"url\":\"https:\\\/\\\/uniekeuitjesborculo.nl\\\/de\\\/\",\"name\":\"Uniekeuitjes Borculo\",\"description\":\"Alles voor plezier, verbinding en ontspanning\",\"publisher\":{\"@id\":\"https:\\\/\\\/uniekeuitjesborculo.nl\\\/de\\\/#organization\"},\"potentialAction\":[{\"@type\":\"SearchAction\",\"target\":{\"@type\":\"EntryPoint\",\"urlTemplate\":\"https:\\\/\\\/uniekeuitjesborculo.nl\\\/de\\\/?s={search_term_string}\"},\"query-input\":{\"@type\":\"PropertyValueSpecification\",\"valueRequired\":true,\"valueName\":\"search_term_string\"}}],\"inLanguage\":\"nl-NL\"},{\"@type\":\"Organization\",\"@id\":\"https:\\\/\\\/uniekeuitjesborculo.nl\\\/de\\\/#organization\",\"name\":\"Unieke Uitjes\",\"url\":\"https:\\\/\\\/uniekeuitjesborculo.nl\\\/de\\\/\",\"logo\":{\"@type\":\"ImageObject\",\"inLanguage\":\"nl-NL\",\"@id\":\"https:\\\/\\\/uniekeuitjesborculo.nl\\\/de\\\/#\\\/schema\\\/logo\\\/image\\\/\",\"url\":\"http:\\\/\\\/uniekeuitjesborculo.nl\\\/wp-content\\\/uploads\\\/2019\\\/02\\\/site-login-logo.png\",\"contentUrl\":\"http:\\\/\\\/uniekeuitjesborculo.nl\\\/wp-content\\\/uploads\\\/2019\\\/02\\\/site-login-logo.png\",\"width\":708,\"height\":345,\"caption\":\"Unieke Uitjes\"},\"image\":{\"@id\":\"https:\\\/\\\/uniekeuitjesborculo.nl\\\/de\\\/#\\\/schema\\\/logo\\\/image\\\/\"},\"sameAs\":[\"https:\\\/\\\/www.facebook.com\\\/uniekeuitjes.nl\",\"https:\\\/\\\/www.instagram.com\\\/uniekeuitjes.nl\\\/\",\"https:\\\/\\\/www.linkedin.com\\\/company\\\/unieke-uitjes-nl\",\"https:\\\/\\\/www.youtube.com\\\/channel\\\/UCXwRXFWP_R0kxRAeL79FQfw\"]}]}<\/script>\n<!-- \/ Yoast SEO plugin. -->","yoast_head_json":{"title":"Ausfl\u00fcge in Gorssel - Verschiedene Aktivit\u00e4ten & Ausfl\u00fcge in Gorssel","description":"Ausfl\u00fcge in Gorssel komplett organisiert von Unique Outings! Sie suchen nach unterhaltsamen Aktivit\u00e4ten f\u00fcr Ihren Tag? Nehmen Sie Kontakt mit uns auf!","robots":{"index":"index","follow":"follow","max-snippet":"max-snippet:-1","max-image-preview":"max-image-preview:large","max-video-preview":"max-video-preview:-1"},"canonical":"https:\/\/uniekeuitjesborculo.nl\/de\/ausfluege-in-gorssel\/","og_locale":"nl_NL","og_type":"article","og_title":"Ausfl\u00fcge in Gorssel - Verschiedene Aktivit\u00e4ten & Ausfl\u00fcge in Gorssel","og_description":"Ausfl\u00fcge in Gorssel komplett organisiert von Unique Outings! Sie suchen nach unterhaltsamen Aktivit\u00e4ten f\u00fcr Ihren Tag? Nehmen Sie Kontakt mit uns auf!","og_url":"https:\/\/uniekeuitjesborculo.nl\/de\/ausfluege-in-gorssel\/","og_site_name":"Uniekeuitjes Borculo","article_publisher":"https:\/\/www.facebook.com\/uniekeuitjes.nl","og_image":[{"url":"http:\/\/uniekeuitjesborculo.nl\/wp-content\/uploads\/2019\/02\/site-login-logo.png","type":"","width":"","height":""}],"twitter_card":"summary_large_image","twitter_misc":{"Geschatte leestijd":"2 minuten"},"schema":{"@context":"https:\/\/schema.org","@graph":[{"@type":"WebPage","@id":"https:\/\/uniekeuitjesborculo.nl\/de\/ausfluege-in-gorssel\/","url":"https:\/\/uniekeuitjesborculo.nl\/de\/ausfluege-in-gorssel\/","name":"Ausfl\u00fcge in Gorssel - Verschiedene Aktivit\u00e4ten & Ausfl\u00fcge in Gorssel","isPartOf":{"@id":"https:\/\/uniekeuitjesborculo.nl\/de\/#website"},"primaryImageOfPage":{"@id":"https:\/\/uniekeuitjesborculo.nl\/de\/ausfluege-in-gorssel\/#primaryimage"},"image":{"@id":"https:\/\/uniekeuitjesborculo.nl\/de\/ausfluege-in-gorssel\/#primaryimage"},"thumbnailUrl":"http:\/\/uniekeuitjesborculo.nl\/wp-content\/uploads\/2019\/02\/site-login-logo.png","datePublished":"2019-02-18T14:45:19+00:00","description":"Ausfl\u00fcge in Gorssel komplett organisiert von Unique Outings! Sie suchen nach unterhaltsamen Aktivit\u00e4ten f\u00fcr Ihren Tag? Nehmen Sie Kontakt mit uns auf!","breadcrumb":{"@id":"https:\/\/uniekeuitjesborculo.nl\/de\/ausfluege-in-gorssel\/#breadcrumb"},"inLanguage":"nl-NL","potentialAction":[{"@type":"ReadAction","target":["https:\/\/uniekeuitjesborculo.nl\/de\/ausfluege-in-gorssel\/"]}]},{"@type":"ImageObject","inLanguage":"nl-NL","@id":"https:\/\/uniekeuitjesborculo.nl\/de\/ausfluege-in-gorssel\/#primaryimage","url":"http:\/\/uniekeuitjesborculo.nl\/wp-content\/uploads\/2019\/02\/site-login-logo.png","contentUrl":"http:\/\/uniekeuitjesborculo.nl\/wp-content\/uploads\/2019\/02\/site-login-logo.png"},{"@type":"BreadcrumbList","@id":"https:\/\/uniekeuitjesborculo.nl\/de\/ausfluege-in-gorssel\/#breadcrumb","itemListElement":[{"@type":"ListItem","position":1,"name":"Home","item":"https:\/\/uniekeuitjesborculo.nl\/de\/"},{"@type":"ListItem","position":2,"name":"Ausfl\u00fcge in Gorssel"}]},{"@type":"WebSite","@id":"https:\/\/uniekeuitjesborculo.nl\/de\/#website","url":"https:\/\/uniekeuitjesborculo.nl\/de\/","name":"Uniekeuitjes Borculo","description":"Alles voor plezier, verbinding en ontspanning","publisher":{"@id":"https:\/\/uniekeuitjesborculo.nl\/de\/#organization"},"potentialAction":[{"@type":"SearchAction","target":{"@type":"EntryPoint","urlTemplate":"https:\/\/uniekeuitjesborculo.nl\/de\/?s={search_term_string}"},"query-input":{"@type":"PropertyValueSpecification","valueRequired":true,"valueName":"search_term_string"}}],"inLanguage":"nl-NL"},{"@type":"Organization","@id":"https:\/\/uniekeuitjesborculo.nl\/de\/#organization","name":"Unieke Uitjes","url":"https:\/\/uniekeuitjesborculo.nl\/de\/","logo":{"@type":"ImageObject","inLanguage":"nl-NL","@id":"https:\/\/uniekeuitjesborculo.nl\/de\/#\/schema\/logo\/image\/","url":"http:\/\/uniekeuitjesborculo.nl\/wp-content\/uploads\/2019\/02\/site-login-logo.png","contentUrl":"http:\/\/uniekeuitjesborculo.nl\/wp-content\/uploads\/2019\/02\/site-login-logo.png","width":708,"height":345,"caption":"Unieke Uitjes"},"image":{"@id":"https:\/\/uniekeuitjesborculo.nl\/de\/#\/schema\/logo\/image\/"},"sameAs":["https:\/\/www.facebook.com\/uniekeuitjes.nl","https:\/\/www.instagram.com\/uniekeuitjes.nl\/","https:\/\/www.linkedin.com\/company\/unieke-uitjes-nl","https:\/\/www.youtube.com\/channel\/UCXwRXFWP_R0kxRAeL79FQfw"]}]}},"_links":{"self":[{"href":"https:\/\/uniekeuitjesborculo.nl\/de\/wp-json\/wp\/v2\/pages\/11814","targetHints":{"allow":["GET"]}}],"collection":[{"href":"https:\/\/uniekeuitjesborculo.nl\/de\/wp-json\/wp\/v2\/pages"}],"about":[{"href":"https:\/\/uniekeuitjesborculo.nl\/de\/wp-json\/wp\/v2\/types\/page"}],"author":[{"embeddable":true,"href":"https:\/\/uniekeuitjesborculo.nl\/de\/wp-json\/wp\/v2\/users\/1"}],"replies":[{"embeddable":true,"href":"https:\/\/uniekeuitjesborculo.nl\/de\/wp-json\/wp\/v2\/comments?post=11814"}],"version-history":[{"count":0,"href":"https:\/\/uniekeuitjesborculo.nl\/de\/wp-json\/wp\/v2\/pages\/11814\/revisions"}],"wp:attachment":[{"href":"https:\/\/uniekeuitjesborculo.nl\/de\/wp-json\/wp\/v2\/media?parent=11814"}],"wp:term":[{"taxonomy":"category","embeddable":true,"href":"https:\/\/uniekeuitjesborculo.nl\/de\/wp-json\/wp\/v2\/categories?post=11814"}],"curies":[{"name":"wp","href":"https:\/\/api.w.org\/{rel}","templated":true}]}}