{"id":11815,"date":"2019-02-18T14:42:28","date_gmt":"2019-02-18T14:42:28","guid":{"rendered":"http:\/\/uniekeuitjesborculo.nl\/ausfluege-in-exel\/"},"modified":"2019-02-18T14:42:28","modified_gmt":"2019-02-18T14:42:28","slug":"ausfluege-in-exel","status":"publish","type":"page","link":"https:\/\/uniekeuitjesborculo.nl\/de\/ausfluege-in-exel\/","title":{"rendered":"Ausfl\u00fcge in Exel"},"content":{"rendered":"<h2>\u00dcber Exel:<\/h2>\n<p>Ausfl\u00fcge in Exel: Exel ist ein kleines Dorf in der Gemeinde Lochem. Es ist bekannt f\u00fcr seine sch\u00f6ne Lage zwischen den G\u00fctern Verwolde und Ampsen und grenzt an den Wald von Ampsen. Exel hat ein ausgezeichnetes asiatisches Restaurant mit Achterhoeker Gastfreundschaft. Setzen Sie sich dort auf die Terrasse oder in das gem\u00fctliche Caf\u00e9\/Restaurant, um Ihre Solextour oder Fahrradtour zu unterbrechen. Schmecken Sie die Atmosph\u00e4re. Obwohl Exel winzig ist, gibt es viel zu erleben.<\/p>\n<p>&nbsp;<\/p>\n<p>&nbsp;<\/p>\n<h2>Einzigartige Ausflugsziele in und um Exel:<\/h2>\n<p>Unique Trips kann Ihnen in Zusammenarbeit mit dem Restaurant Lu Lin die besten Ausfl\u00fcge in Exel anbieten. Mit seiner wundersch\u00f6nen Umgebung eignet sich Exel perfekt als Ausgangspunkt f\u00fcr eine <a href=\"http:\/\/uniekeuitjesborculo.nl\/uitje\/tuktuk-huren\/\">Tuk Tuk-<\/a>, <a href=\"http:\/\/uniekeuitjesborculo.nl\/uitje\/tandem-cruiser\/\">Tandem-<\/a> oder <a href=\"http:\/\/uniekeuitjesborculo.nl\/uitje\/solex-huren\/\">Solex-Tour<\/a>. Oder machen Sie eine sch\u00f6ne Kanufahrt auf der nahe gelegenen Berkel. Schlechtes Wetter? Oder wollen Sie einfach nur eine Aktivit\u00e4t im Haus? Auch das ist nat\u00fcrlich m\u00f6glich. Unique Outings bietet viele verschiedene Indoor-Aktivit\u00e4ten oder <a href=\"http:\/\/uniekeuitjesborculo.nl\/spelshows\/\">Spielshows<\/a> an. Zum Beispiel einen <a href=\"http:\/\/uniekeuitjesborculo.nl\/uitje\/indoor-zeskamp\/\">Indoor-Hexathlon<\/a>, <a href=\"http:\/\/uniekeuitjesborculo.nl\/uitje\/jongens-vs-de-meisjes\/\">Jungen gegen M\u00e4dchen<\/a>, ein <a href=\"http:\/\/uniekeuitjesborculo.nl\/uitje\/pub-quiz\/\">Kneipenquiz<\/a>, <a href=\"http:\/\/uniekeuitjesborculo.nl\/uitje\/indoor-en-outdoor-lasergamen-op-locatie\/\">Lasergames<\/a> oder einen <a href=\"http:\/\/uniekeuitjesborculo.nl\/uitje\/casino-avond\/\">Casinoabend<\/a>? Auch das ist nat\u00fcrlich m\u00f6glich. Informationen zu allen Aktivit\u00e4ten und Ausfl\u00fcgen finden Sie auf unserer Website. Alle Aktivit\u00e4ten und Ausflugsziele finden Sie hier.<\/p>\n<p>&nbsp;<\/p>\n<p>&nbsp;<\/p>\n<p><strong>Setzen Sie sich mit uns in Verbindung, um alle Ihre Bed\u00fcrfnisse und Ideen zu besprechen.<\/strong><\/p>\n<p><strong>Wir sehen uns bei Unique Outings!<\/strong><\/p>\n<p><a href=\"http:\/\/uniekeuitjesborculo.nl\"><img loading=\"lazy\" decoding=\"async\" class=\"alignnone wp-image-377\" src=\"http:\/\/uniekeuitjesborculo.nl\/wp-content\/uploads\/2019\/02\/site-login-logo.png\" alt=\"Ausfl\u00fcge in Exel, vollst\u00e4ndig organisiert von Unique Trips\" width=\"544\" height=\"265\" srcset=\"https:\/\/uniekeuitjesborculo.nl\/wp-content\/uploads\/2019\/02\/site-login-logo.png 708w, https:\/\/uniekeuitjesborculo.nl\/wp-content\/uploads\/2019\/02\/site-login-logo-300x146.png 300w, https:\/\/uniekeuitjesborculo.nl\/wp-content\/uploads\/2019\/02\/site-login-logo-600x292.png 600w\" sizes=\"auto, (max-width: 544px) 100vw, 544px\" \/><\/a><\/p>\n","protected":false},"excerpt":{"rendered":"<p>\u00dcber Exel: Ausfl\u00fcge in Exel: Exel ist ein kleines Dorf in der Gemeinde Lochem. Es ist bekannt f\u00fcr seine sch\u00f6ne Lage zwischen den G\u00fctern Verwolde und Ampsen und grenzt an den Wald von Ampsen. Exel hat ein ausgezeichnetes asiatisches Restaurant mit Achterhoeker Gastfreundschaft. Setzen Sie sich dort auf die Terrasse oder in das gem\u00fctliche Caf\u00e9\/Restaurant, [&hellip;]<\/p>\n","protected":false},"author":1,"featured_media":0,"parent":0,"menu_order":0,"comment_status":"closed","ping_status":"closed","template":"","meta":{"_acf_changed":false,"_monsterinsights_skip_tracking":false,"_monsterinsights_sitenote_active":false,"_monsterinsights_sitenote_note":"","_monsterinsights_sitenote_category":0,"footnotes":""},"categories":[73],"class_list":["post-11815","page","type-page","status-publish","hentry","category-zielseite"],"acf":[],"yoast_head":"<!-- This site is optimized with the Yoast SEO plugin v27.5 - https:\/\/yoast.com\/product\/yoast-seo-wordpress\/ -->\n<title>Ausfl\u00fcge in Exel - Uniekeuitjes Borculo Verschiedene Aktivit\u00e4ten &amp; Ausfl\u00fcge in Exel<\/title>\n<meta name=\"description\" content=\"Ausfl\u00fcge in Exel werden vollst\u00e4ndig von Unique Outings angeboten! Mit einem Solex- oder Tandem-Cruiser auf Tour gehen? Sie k\u00f6nnen auch an einem unterhaltsamen Casino-Abend teilnehmen, wenn Sie m\u00f6chten!\" \/>\n<meta name=\"robots\" content=\"index, follow, max-snippet:-1, max-image-preview:large, max-video-preview:-1\" \/>\n<link rel=\"canonical\" href=\"https:\/\/uniekeuitjesborculo.nl\/de\/ausfluege-in-exel\/\" \/>\n<meta property=\"og:locale\" content=\"nl_NL\" \/>\n<meta property=\"og:type\" content=\"article\" \/>\n<meta property=\"og:title\" content=\"Ausfl\u00fcge in Exel - Uniekeuitjes Borculo Verschiedene Aktivit\u00e4ten &amp; Ausfl\u00fcge in Exel\" \/>\n<meta property=\"og:description\" content=\"Ausfl\u00fcge in Exel werden vollst\u00e4ndig von Unique Outings angeboten! Mit einem Solex- oder Tandem-Cruiser auf Tour gehen? Sie k\u00f6nnen auch an einem unterhaltsamen Casino-Abend teilnehmen, wenn Sie m\u00f6chten!\" \/>\n<meta property=\"og:url\" content=\"https:\/\/uniekeuitjesborculo.nl\/de\/ausfluege-in-exel\/\" \/>\n<meta property=\"og:site_name\" content=\"Uniekeuitjes Borculo\" \/>\n<meta property=\"article:publisher\" content=\"https:\/\/www.facebook.com\/uniekeuitjes.nl\" \/>\n<meta property=\"og:image\" content=\"http:\/\/uniekeuitjesborculo.nl\/wp-content\/uploads\/2019\/02\/site-login-logo.png\" \/>\n<meta name=\"twitter:card\" content=\"summary_large_image\" \/>\n<meta name=\"twitter:label1\" content=\"Geschatte leestijd\" \/>\n\t<meta name=\"twitter:data1\" content=\"1 minuut\" \/>\n<script type=\"application\/ld+json\" class=\"yoast-schema-graph\">{\"@context\":\"https:\\\/\\\/schema.org\",\"@graph\":[{\"@type\":\"WebPage\",\"@id\":\"https:\\\/\\\/uniekeuitjesborculo.nl\\\/de\\\/ausfluege-in-exel\\\/\",\"url\":\"https:\\\/\\\/uniekeuitjesborculo.nl\\\/de\\\/ausfluege-in-exel\\\/\",\"name\":\"Ausfl\u00fcge in Exel - Uniekeuitjes Borculo Verschiedene Aktivit\u00e4ten & Ausfl\u00fcge in Exel\",\"isPartOf\":{\"@id\":\"https:\\\/\\\/uniekeuitjesborculo.nl\\\/de\\\/#website\"},\"primaryImageOfPage\":{\"@id\":\"https:\\\/\\\/uniekeuitjesborculo.nl\\\/de\\\/ausfluege-in-exel\\\/#primaryimage\"},\"image\":{\"@id\":\"https:\\\/\\\/uniekeuitjesborculo.nl\\\/de\\\/ausfluege-in-exel\\\/#primaryimage\"},\"thumbnailUrl\":\"http:\\\/\\\/uniekeuitjesborculo.nl\\\/wp-content\\\/uploads\\\/2019\\\/02\\\/site-login-logo.png\",\"datePublished\":\"2019-02-18T14:42:28+00:00\",\"description\":\"Ausfl\u00fcge in Exel werden vollst\u00e4ndig von Unique Outings angeboten! Mit einem Solex- oder Tandem-Cruiser auf Tour gehen? Sie k\u00f6nnen auch an einem unterhaltsamen Casino-Abend teilnehmen, wenn Sie m\u00f6chten!\",\"breadcrumb\":{\"@id\":\"https:\\\/\\\/uniekeuitjesborculo.nl\\\/de\\\/ausfluege-in-exel\\\/#breadcrumb\"},\"inLanguage\":\"nl-NL\",\"potentialAction\":[{\"@type\":\"ReadAction\",\"target\":[\"https:\\\/\\\/uniekeuitjesborculo.nl\\\/de\\\/ausfluege-in-exel\\\/\"]}]},{\"@type\":\"ImageObject\",\"inLanguage\":\"nl-NL\",\"@id\":\"https:\\\/\\\/uniekeuitjesborculo.nl\\\/de\\\/ausfluege-in-exel\\\/#primaryimage\",\"url\":\"http:\\\/\\\/uniekeuitjesborculo.nl\\\/wp-content\\\/uploads\\\/2019\\\/02\\\/site-login-logo.png\",\"contentUrl\":\"http:\\\/\\\/uniekeuitjesborculo.nl\\\/wp-content\\\/uploads\\\/2019\\\/02\\\/site-login-logo.png\"},{\"@type\":\"BreadcrumbList\",\"@id\":\"https:\\\/\\\/uniekeuitjesborculo.nl\\\/de\\\/ausfluege-in-exel\\\/#breadcrumb\",\"itemListElement\":[{\"@type\":\"ListItem\",\"position\":1,\"name\":\"Home\",\"item\":\"https:\\\/\\\/uniekeuitjesborculo.nl\\\/de\\\/\"},{\"@type\":\"ListItem\",\"position\":2,\"name\":\"Ausfl\u00fcge in Exel\"}]},{\"@type\":\"WebSite\",\"@id\":\"https:\\\/\\\/uniekeuitjesborculo.nl\\\/de\\\/#website\",\"url\":\"https:\\\/\\\/uniekeuitjesborculo.nl\\\/de\\\/\",\"name\":\"Uniekeuitjes Borculo\",\"description\":\"Alles voor plezier, verbinding en ontspanning\",\"publisher\":{\"@id\":\"https:\\\/\\\/uniekeuitjesborculo.nl\\\/de\\\/#organization\"},\"potentialAction\":[{\"@type\":\"SearchAction\",\"target\":{\"@type\":\"EntryPoint\",\"urlTemplate\":\"https:\\\/\\\/uniekeuitjesborculo.nl\\\/de\\\/?s={search_term_string}\"},\"query-input\":{\"@type\":\"PropertyValueSpecification\",\"valueRequired\":true,\"valueName\":\"search_term_string\"}}],\"inLanguage\":\"nl-NL\"},{\"@type\":\"Organization\",\"@id\":\"https:\\\/\\\/uniekeuitjesborculo.nl\\\/de\\\/#organization\",\"name\":\"Unieke Uitjes\",\"url\":\"https:\\\/\\\/uniekeuitjesborculo.nl\\\/de\\\/\",\"logo\":{\"@type\":\"ImageObject\",\"inLanguage\":\"nl-NL\",\"@id\":\"https:\\\/\\\/uniekeuitjesborculo.nl\\\/de\\\/#\\\/schema\\\/logo\\\/image\\\/\",\"url\":\"http:\\\/\\\/uniekeuitjesborculo.nl\\\/wp-content\\\/uploads\\\/2019\\\/02\\\/site-login-logo.png\",\"contentUrl\":\"http:\\\/\\\/uniekeuitjesborculo.nl\\\/wp-content\\\/uploads\\\/2019\\\/02\\\/site-login-logo.png\",\"width\":708,\"height\":345,\"caption\":\"Unieke Uitjes\"},\"image\":{\"@id\":\"https:\\\/\\\/uniekeuitjesborculo.nl\\\/de\\\/#\\\/schema\\\/logo\\\/image\\\/\"},\"sameAs\":[\"https:\\\/\\\/www.facebook.com\\\/uniekeuitjes.nl\",\"https:\\\/\\\/www.instagram.com\\\/uniekeuitjes.nl\\\/\",\"https:\\\/\\\/www.linkedin.com\\\/company\\\/unieke-uitjes-nl\",\"https:\\\/\\\/www.youtube.com\\\/channel\\\/UCXwRXFWP_R0kxRAeL79FQfw\"]}]}<\/script>\n<!-- \/ Yoast SEO plugin. -->","yoast_head_json":{"title":"Ausfl\u00fcge in Exel - Uniekeuitjes Borculo Verschiedene Aktivit\u00e4ten & Ausfl\u00fcge in Exel","description":"Ausfl\u00fcge in Exel werden vollst\u00e4ndig von Unique Outings angeboten! Mit einem Solex- oder Tandem-Cruiser auf Tour gehen? Sie k\u00f6nnen auch an einem unterhaltsamen Casino-Abend teilnehmen, wenn Sie m\u00f6chten!","robots":{"index":"index","follow":"follow","max-snippet":"max-snippet:-1","max-image-preview":"max-image-preview:large","max-video-preview":"max-video-preview:-1"},"canonical":"https:\/\/uniekeuitjesborculo.nl\/de\/ausfluege-in-exel\/","og_locale":"nl_NL","og_type":"article","og_title":"Ausfl\u00fcge in Exel - Uniekeuitjes Borculo Verschiedene Aktivit\u00e4ten & Ausfl\u00fcge in Exel","og_description":"Ausfl\u00fcge in Exel werden vollst\u00e4ndig von Unique Outings angeboten! Mit einem Solex- oder Tandem-Cruiser auf Tour gehen? Sie k\u00f6nnen auch an einem unterhaltsamen Casino-Abend teilnehmen, wenn Sie m\u00f6chten!","og_url":"https:\/\/uniekeuitjesborculo.nl\/de\/ausfluege-in-exel\/","og_site_name":"Uniekeuitjes Borculo","article_publisher":"https:\/\/www.facebook.com\/uniekeuitjes.nl","og_image":[{"url":"http:\/\/uniekeuitjesborculo.nl\/wp-content\/uploads\/2019\/02\/site-login-logo.png","type":"","width":"","height":""}],"twitter_card":"summary_large_image","twitter_misc":{"Geschatte leestijd":"1 minuut"},"schema":{"@context":"https:\/\/schema.org","@graph":[{"@type":"WebPage","@id":"https:\/\/uniekeuitjesborculo.nl\/de\/ausfluege-in-exel\/","url":"https:\/\/uniekeuitjesborculo.nl\/de\/ausfluege-in-exel\/","name":"Ausfl\u00fcge in Exel - Uniekeuitjes Borculo Verschiedene Aktivit\u00e4ten & Ausfl\u00fcge in Exel","isPartOf":{"@id":"https:\/\/uniekeuitjesborculo.nl\/de\/#website"},"primaryImageOfPage":{"@id":"https:\/\/uniekeuitjesborculo.nl\/de\/ausfluege-in-exel\/#primaryimage"},"image":{"@id":"https:\/\/uniekeuitjesborculo.nl\/de\/ausfluege-in-exel\/#primaryimage"},"thumbnailUrl":"http:\/\/uniekeuitjesborculo.nl\/wp-content\/uploads\/2019\/02\/site-login-logo.png","datePublished":"2019-02-18T14:42:28+00:00","description":"Ausfl\u00fcge in Exel werden vollst\u00e4ndig von Unique Outings angeboten! Mit einem Solex- oder Tandem-Cruiser auf Tour gehen? Sie k\u00f6nnen auch an einem unterhaltsamen Casino-Abend teilnehmen, wenn Sie m\u00f6chten!","breadcrumb":{"@id":"https:\/\/uniekeuitjesborculo.nl\/de\/ausfluege-in-exel\/#breadcrumb"},"inLanguage":"nl-NL","potentialAction":[{"@type":"ReadAction","target":["https:\/\/uniekeuitjesborculo.nl\/de\/ausfluege-in-exel\/"]}]},{"@type":"ImageObject","inLanguage":"nl-NL","@id":"https:\/\/uniekeuitjesborculo.nl\/de\/ausfluege-in-exel\/#primaryimage","url":"http:\/\/uniekeuitjesborculo.nl\/wp-content\/uploads\/2019\/02\/site-login-logo.png","contentUrl":"http:\/\/uniekeuitjesborculo.nl\/wp-content\/uploads\/2019\/02\/site-login-logo.png"},{"@type":"BreadcrumbList","@id":"https:\/\/uniekeuitjesborculo.nl\/de\/ausfluege-in-exel\/#breadcrumb","itemListElement":[{"@type":"ListItem","position":1,"name":"Home","item":"https:\/\/uniekeuitjesborculo.nl\/de\/"},{"@type":"ListItem","position":2,"name":"Ausfl\u00fcge in Exel"}]},{"@type":"WebSite","@id":"https:\/\/uniekeuitjesborculo.nl\/de\/#website","url":"https:\/\/uniekeuitjesborculo.nl\/de\/","name":"Uniekeuitjes Borculo","description":"Alles voor plezier, verbinding en ontspanning","publisher":{"@id":"https:\/\/uniekeuitjesborculo.nl\/de\/#organization"},"potentialAction":[{"@type":"SearchAction","target":{"@type":"EntryPoint","urlTemplate":"https:\/\/uniekeuitjesborculo.nl\/de\/?s={search_term_string}"},"query-input":{"@type":"PropertyValueSpecification","valueRequired":true,"valueName":"search_term_string"}}],"inLanguage":"nl-NL"},{"@type":"Organization","@id":"https:\/\/uniekeuitjesborculo.nl\/de\/#organization","name":"Unieke Uitjes","url":"https:\/\/uniekeuitjesborculo.nl\/de\/","logo":{"@type":"ImageObject","inLanguage":"nl-NL","@id":"https:\/\/uniekeuitjesborculo.nl\/de\/#\/schema\/logo\/image\/","url":"http:\/\/uniekeuitjesborculo.nl\/wp-content\/uploads\/2019\/02\/site-login-logo.png","contentUrl":"http:\/\/uniekeuitjesborculo.nl\/wp-content\/uploads\/2019\/02\/site-login-logo.png","width":708,"height":345,"caption":"Unieke Uitjes"},"image":{"@id":"https:\/\/uniekeuitjesborculo.nl\/de\/#\/schema\/logo\/image\/"},"sameAs":["https:\/\/www.facebook.com\/uniekeuitjes.nl","https:\/\/www.instagram.com\/uniekeuitjes.nl\/","https:\/\/www.linkedin.com\/company\/unieke-uitjes-nl","https:\/\/www.youtube.com\/channel\/UCXwRXFWP_R0kxRAeL79FQfw"]}]}},"_links":{"self":[{"href":"https:\/\/uniekeuitjesborculo.nl\/de\/wp-json\/wp\/v2\/pages\/11815","targetHints":{"allow":["GET"]}}],"collection":[{"href":"https:\/\/uniekeuitjesborculo.nl\/de\/wp-json\/wp\/v2\/pages"}],"about":[{"href":"https:\/\/uniekeuitjesborculo.nl\/de\/wp-json\/wp\/v2\/types\/page"}],"author":[{"embeddable":true,"href":"https:\/\/uniekeuitjesborculo.nl\/de\/wp-json\/wp\/v2\/users\/1"}],"replies":[{"embeddable":true,"href":"https:\/\/uniekeuitjesborculo.nl\/de\/wp-json\/wp\/v2\/comments?post=11815"}],"version-history":[{"count":0,"href":"https:\/\/uniekeuitjesborculo.nl\/de\/wp-json\/wp\/v2\/pages\/11815\/revisions"}],"wp:attachment":[{"href":"https:\/\/uniekeuitjesborculo.nl\/de\/wp-json\/wp\/v2\/media?parent=11815"}],"wp:term":[{"taxonomy":"category","embeddable":true,"href":"https:\/\/uniekeuitjesborculo.nl\/de\/wp-json\/wp\/v2\/categories?post=11815"}],"curies":[{"name":"wp","href":"https:\/\/api.w.org\/{rel}","templated":true}]}}