{"id":11817,"date":"2019-02-18T14:40:38","date_gmt":"2019-02-18T14:40:38","guid":{"rendered":"http:\/\/uniekeuitjesborculo.nl\/ausfluege-in-eibergen\/"},"modified":"2019-02-18T14:40:38","modified_gmt":"2019-02-18T14:40:38","slug":"ausfluege-in-eibergen","status":"publish","type":"page","link":"https:\/\/uniekeuitjesborculo.nl\/de\/ausfluege-in-eibergen\/","title":{"rendered":"Ausfl\u00fcge in Eibergen"},"content":{"rendered":"<h2>Eine sehr gro\u00dfe Auswahl an einmaligen Ausfl\u00fcgen in Eibergen.<\/h2>\n<p>&nbsp;<\/p>\n<h2>\u00dcber Eibergen:<\/h2>\n<div>Im Jahr 2018 war es genau 1250 Jahre her, dass Eibergen gegr\u00fcndet wurde. Nach wie vor ist Eibergen ein stimmungsvolles Dorf. Das Zentrum von Eibergen bietet mit all seinen Restaurants, Caf\u00e9s und Gastst\u00e4tten mehr als genug M\u00f6glichkeiten zum Essen, Trinken und Ausgehen. Das Flair von Eibergen finden Sie vor allem auf den Dorfpl\u00e4tzen Brink und Grote Kerkhof, aber auch auf anderen kleinen Pl\u00e4tzen und in den Stra\u00dfen des historischen Stadtkerns.<\/div>\n<div><\/div>\n<div>Wir bieten Ihnen die M\u00f6glichkeit, Eibergen mit uns zu entdecken und den Tag mit einem guten Gef\u00fchl zu beenden.<\/div>\n<h2><\/h2>\n<p>&nbsp;<\/p>\n<p>&nbsp;<\/p>\n<h2>Einzigartige Ausflugsziele in Eibergen:<\/h2>\n<p>Unique Uitjes bietet sehr viele Aktivit\u00e4ten, Pakete und Ausfl\u00fcge in Eibergen an. Wir haben mehrere lustige Transportmittel wie <a href=\"http:\/\/uniekeuitjesborculo.nl\/uitje\/transportmiddel-tuktuk\/\">TukTuks<\/a>, <a href=\"http:\/\/uniekeuitjesborculo.nl\/uitje\/transportmiddel-solex-huren\/\">Solexes<\/a>, <a href=\"http:\/\/uniekeuitjesborculo.nl\/uitje\/echopper-huren\/\">E-Chopper<\/a>, <a href=\"http:\/\/uniekeuitjesborculo.nl\/uitje\/tandem-cruiser\/\">Tandems<\/a>, <a href=\"http:\/\/uniekeuitjesborculo.nl\/uitje\/transportmiddel-skeltertrein\/\">Fahrradz\u00fcge<\/a> und <a href=\"http:\/\/uniekeuitjesborculo.nl\/uitje\/trigger-huren\/\">Trigger<\/a> zur Verf\u00fcgung. Diese sind ideal, um die sch\u00f6ne Umgebung zu erkunden. Eibergen ist bekannt f\u00fcr seine sch\u00f6ne Landschaft, hat aber auch einen gem\u00fctlichen Ortskern.<\/p>\n<p>Au\u00dferdem bieten wir zahlreiche <a href=\"http:\/\/uniekeuitjesborculo.nl\/uitje\/schieten-met-5-wapensoorten\/\">Schie\u00dfsportarten<\/a> und Indoor-Aktivit\u00e4ten wie z. B. ein<a href=\"http:\/\/uniekeuitjesborculo.nl\/uitje\/muziek-bingo\/\"> Musik-Bingo<\/a> an. Testen Sie Ihr Wissen und nehmen Sie an unserem lustigen <a href=\"http:\/\/uniekeuitjesborculo.nl\/uitje\/pubquiz\/\">Kneipenquiz teil,<\/a> spielen Sie eine Partie <a href=\"http:\/\/uniekeuitjesborculo.nl\/uitje\/indoor-en-outdoor-lasergamen-op-locatie\/\">Lasertag<\/a> oder zeigen Sie bei unserem <a href=\"http:\/\/uniekeuitjesborculo.nl\/uitje\/indoor-zeskamp\/\">Indoor-Hexathlon<\/a>, wie schnell und treffsicher Sie sind <a href=\"http:\/\/uniekeuitjesborculo.nl\/uitje\/indoor-zeskamp\/\">.<\/a><\/p>\n<p>&nbsp;<\/p>\n<p><strong>Kurzum: Schauen Sie sich auf der Willkommensseite von Unique Outings alle Aktivit\u00e4ten an und nehmen Sie Kontakt mit uns auf, um noch mehr M\u00f6glichkeiten zu besprechen.<\/strong><\/p>\n<p><strong>Wir sehen uns bei Unique Outings!<\/strong><\/p>\n<p>&nbsp;<\/p>\n<p><a href=\"http:\/\/uniekeuitjesborculo.nl\"><img loading=\"lazy\" decoding=\"async\" class=\"alignnone wp-image-377\" src=\"http:\/\/uniekeuitjesborculo.nl\/wp-content\/uploads\/2019\/02\/site-login-logo.png\" alt=\"\" width=\"515\" height=\"251\" srcset=\"https:\/\/uniekeuitjesborculo.nl\/wp-content\/uploads\/2019\/02\/site-login-logo.png 708w, https:\/\/uniekeuitjesborculo.nl\/wp-content\/uploads\/2019\/02\/site-login-logo-300x146.png 300w, https:\/\/uniekeuitjesborculo.nl\/wp-content\/uploads\/2019\/02\/site-login-logo-600x292.png 600w\" sizes=\"auto, (max-width: 515px) 100vw, 515px\" \/><\/a><\/p>\n","protected":false},"excerpt":{"rendered":"<p>Eine sehr gro\u00dfe Auswahl an einmaligen Ausfl\u00fcgen in Eibergen. &nbsp; \u00dcber Eibergen: Im Jahr 2018 war es genau 1250 Jahre her, dass Eibergen gegr\u00fcndet wurde. Nach wie vor ist Eibergen ein stimmungsvolles Dorf. Das Zentrum von Eibergen bietet mit all seinen Restaurants, Caf\u00e9s und Gastst\u00e4tten mehr als genug M\u00f6glichkeiten zum Essen, Trinken und Ausgehen. Das [&hellip;]<\/p>\n","protected":false},"author":1,"featured_media":0,"parent":0,"menu_order":0,"comment_status":"closed","ping_status":"closed","template":"","meta":{"_acf_changed":false,"_monsterinsights_skip_tracking":false,"_monsterinsights_sitenote_active":false,"_monsterinsights_sitenote_note":"","_monsterinsights_sitenote_category":0,"footnotes":""},"categories":[73],"class_list":["post-11817","page","type-page","status-publish","hentry","category-zielseite"],"acf":[],"yoast_head":"<!-- This site is optimized with the Yoast SEO plugin v27.5 - https:\/\/yoast.com\/product\/yoast-seo-wordpress\/ -->\n<title>Ausfl\u00fcge in Eibergen - Uniekeuitjes Borculo<\/title>\n<meta name=\"description\" content=\"Ausfl\u00fcge in Eibergen komplett organisiert von Unique Outings! Eine Tour mit Ihren Kollegen oder Freunden auf einem Solex oder einer Gokart-Bahn? Sie k\u00f6nnen!\" \/>\n<meta name=\"robots\" content=\"index, follow, max-snippet:-1, max-image-preview:large, max-video-preview:-1\" \/>\n<link rel=\"canonical\" href=\"https:\/\/uniekeuitjesborculo.nl\/de\/ausfluege-in-eibergen\/\" \/>\n<meta property=\"og:locale\" content=\"nl_NL\" \/>\n<meta property=\"og:type\" content=\"article\" \/>\n<meta property=\"og:title\" content=\"Ausfl\u00fcge in Eibergen - Uniekeuitjes Borculo\" \/>\n<meta property=\"og:description\" content=\"Ausfl\u00fcge in Eibergen komplett organisiert von Unique Outings! Eine Tour mit Ihren Kollegen oder Freunden auf einem Solex oder einer Gokart-Bahn? Sie k\u00f6nnen!\" \/>\n<meta property=\"og:url\" content=\"https:\/\/uniekeuitjesborculo.nl\/de\/ausfluege-in-eibergen\/\" \/>\n<meta property=\"og:site_name\" content=\"Uniekeuitjes Borculo\" \/>\n<meta property=\"article:publisher\" content=\"https:\/\/www.facebook.com\/uniekeuitjes.nl\" \/>\n<meta property=\"og:image\" content=\"http:\/\/uniekeuitjesborculo.nl\/wp-content\/uploads\/2019\/02\/site-login-logo.png\" \/>\n<meta name=\"twitter:card\" content=\"summary_large_image\" \/>\n<meta name=\"twitter:label1\" content=\"Geschatte leestijd\" \/>\n\t<meta name=\"twitter:data1\" content=\"1 minuut\" \/>\n<script type=\"application\/ld+json\" class=\"yoast-schema-graph\">{\"@context\":\"https:\\\/\\\/schema.org\",\"@graph\":[{\"@type\":\"WebPage\",\"@id\":\"https:\\\/\\\/uniekeuitjesborculo.nl\\\/de\\\/ausfluege-in-eibergen\\\/\",\"url\":\"https:\\\/\\\/uniekeuitjesborculo.nl\\\/de\\\/ausfluege-in-eibergen\\\/\",\"name\":\"Ausfl\u00fcge in Eibergen - Uniekeuitjes Borculo\",\"isPartOf\":{\"@id\":\"https:\\\/\\\/uniekeuitjesborculo.nl\\\/de\\\/#website\"},\"primaryImageOfPage\":{\"@id\":\"https:\\\/\\\/uniekeuitjesborculo.nl\\\/de\\\/ausfluege-in-eibergen\\\/#primaryimage\"},\"image\":{\"@id\":\"https:\\\/\\\/uniekeuitjesborculo.nl\\\/de\\\/ausfluege-in-eibergen\\\/#primaryimage\"},\"thumbnailUrl\":\"http:\\\/\\\/uniekeuitjesborculo.nl\\\/wp-content\\\/uploads\\\/2019\\\/02\\\/site-login-logo.png\",\"datePublished\":\"2019-02-18T14:40:38+00:00\",\"description\":\"Ausfl\u00fcge in Eibergen komplett organisiert von Unique Outings! Eine Tour mit Ihren Kollegen oder Freunden auf einem Solex oder einer Gokart-Bahn? Sie k\u00f6nnen!\",\"breadcrumb\":{\"@id\":\"https:\\\/\\\/uniekeuitjesborculo.nl\\\/de\\\/ausfluege-in-eibergen\\\/#breadcrumb\"},\"inLanguage\":\"nl-NL\",\"potentialAction\":[{\"@type\":\"ReadAction\",\"target\":[\"https:\\\/\\\/uniekeuitjesborculo.nl\\\/de\\\/ausfluege-in-eibergen\\\/\"]}]},{\"@type\":\"ImageObject\",\"inLanguage\":\"nl-NL\",\"@id\":\"https:\\\/\\\/uniekeuitjesborculo.nl\\\/de\\\/ausfluege-in-eibergen\\\/#primaryimage\",\"url\":\"http:\\\/\\\/uniekeuitjesborculo.nl\\\/wp-content\\\/uploads\\\/2019\\\/02\\\/site-login-logo.png\",\"contentUrl\":\"http:\\\/\\\/uniekeuitjesborculo.nl\\\/wp-content\\\/uploads\\\/2019\\\/02\\\/site-login-logo.png\"},{\"@type\":\"BreadcrumbList\",\"@id\":\"https:\\\/\\\/uniekeuitjesborculo.nl\\\/de\\\/ausfluege-in-eibergen\\\/#breadcrumb\",\"itemListElement\":[{\"@type\":\"ListItem\",\"position\":1,\"name\":\"Home\",\"item\":\"https:\\\/\\\/uniekeuitjesborculo.nl\\\/de\\\/\"},{\"@type\":\"ListItem\",\"position\":2,\"name\":\"Ausfl\u00fcge in Eibergen\"}]},{\"@type\":\"WebSite\",\"@id\":\"https:\\\/\\\/uniekeuitjesborculo.nl\\\/de\\\/#website\",\"url\":\"https:\\\/\\\/uniekeuitjesborculo.nl\\\/de\\\/\",\"name\":\"Uniekeuitjes Borculo\",\"description\":\"Alles voor plezier, verbinding en ontspanning\",\"publisher\":{\"@id\":\"https:\\\/\\\/uniekeuitjesborculo.nl\\\/de\\\/#organization\"},\"potentialAction\":[{\"@type\":\"SearchAction\",\"target\":{\"@type\":\"EntryPoint\",\"urlTemplate\":\"https:\\\/\\\/uniekeuitjesborculo.nl\\\/de\\\/?s={search_term_string}\"},\"query-input\":{\"@type\":\"PropertyValueSpecification\",\"valueRequired\":true,\"valueName\":\"search_term_string\"}}],\"inLanguage\":\"nl-NL\"},{\"@type\":\"Organization\",\"@id\":\"https:\\\/\\\/uniekeuitjesborculo.nl\\\/de\\\/#organization\",\"name\":\"Unieke Uitjes\",\"url\":\"https:\\\/\\\/uniekeuitjesborculo.nl\\\/de\\\/\",\"logo\":{\"@type\":\"ImageObject\",\"inLanguage\":\"nl-NL\",\"@id\":\"https:\\\/\\\/uniekeuitjesborculo.nl\\\/de\\\/#\\\/schema\\\/logo\\\/image\\\/\",\"url\":\"http:\\\/\\\/uniekeuitjesborculo.nl\\\/wp-content\\\/uploads\\\/2019\\\/02\\\/site-login-logo.png\",\"contentUrl\":\"http:\\\/\\\/uniekeuitjesborculo.nl\\\/wp-content\\\/uploads\\\/2019\\\/02\\\/site-login-logo.png\",\"width\":708,\"height\":345,\"caption\":\"Unieke Uitjes\"},\"image\":{\"@id\":\"https:\\\/\\\/uniekeuitjesborculo.nl\\\/de\\\/#\\\/schema\\\/logo\\\/image\\\/\"},\"sameAs\":[\"https:\\\/\\\/www.facebook.com\\\/uniekeuitjes.nl\",\"https:\\\/\\\/www.instagram.com\\\/uniekeuitjes.nl\\\/\",\"https:\\\/\\\/www.linkedin.com\\\/company\\\/unieke-uitjes-nl\",\"https:\\\/\\\/www.youtube.com\\\/channel\\\/UCXwRXFWP_R0kxRAeL79FQfw\"]}]}<\/script>\n<!-- \/ Yoast SEO plugin. -->","yoast_head_json":{"title":"Ausfl\u00fcge in Eibergen - Uniekeuitjes Borculo","description":"Ausfl\u00fcge in Eibergen komplett organisiert von Unique Outings! Eine Tour mit Ihren Kollegen oder Freunden auf einem Solex oder einer Gokart-Bahn? Sie k\u00f6nnen!","robots":{"index":"index","follow":"follow","max-snippet":"max-snippet:-1","max-image-preview":"max-image-preview:large","max-video-preview":"max-video-preview:-1"},"canonical":"https:\/\/uniekeuitjesborculo.nl\/de\/ausfluege-in-eibergen\/","og_locale":"nl_NL","og_type":"article","og_title":"Ausfl\u00fcge in Eibergen - Uniekeuitjes Borculo","og_description":"Ausfl\u00fcge in Eibergen komplett organisiert von Unique Outings! Eine Tour mit Ihren Kollegen oder Freunden auf einem Solex oder einer Gokart-Bahn? Sie k\u00f6nnen!","og_url":"https:\/\/uniekeuitjesborculo.nl\/de\/ausfluege-in-eibergen\/","og_site_name":"Uniekeuitjes Borculo","article_publisher":"https:\/\/www.facebook.com\/uniekeuitjes.nl","og_image":[{"url":"http:\/\/uniekeuitjesborculo.nl\/wp-content\/uploads\/2019\/02\/site-login-logo.png","type":"","width":"","height":""}],"twitter_card":"summary_large_image","twitter_misc":{"Geschatte leestijd":"1 minuut"},"schema":{"@context":"https:\/\/schema.org","@graph":[{"@type":"WebPage","@id":"https:\/\/uniekeuitjesborculo.nl\/de\/ausfluege-in-eibergen\/","url":"https:\/\/uniekeuitjesborculo.nl\/de\/ausfluege-in-eibergen\/","name":"Ausfl\u00fcge in Eibergen - Uniekeuitjes Borculo","isPartOf":{"@id":"https:\/\/uniekeuitjesborculo.nl\/de\/#website"},"primaryImageOfPage":{"@id":"https:\/\/uniekeuitjesborculo.nl\/de\/ausfluege-in-eibergen\/#primaryimage"},"image":{"@id":"https:\/\/uniekeuitjesborculo.nl\/de\/ausfluege-in-eibergen\/#primaryimage"},"thumbnailUrl":"http:\/\/uniekeuitjesborculo.nl\/wp-content\/uploads\/2019\/02\/site-login-logo.png","datePublished":"2019-02-18T14:40:38+00:00","description":"Ausfl\u00fcge in Eibergen komplett organisiert von Unique Outings! Eine Tour mit Ihren Kollegen oder Freunden auf einem Solex oder einer Gokart-Bahn? Sie k\u00f6nnen!","breadcrumb":{"@id":"https:\/\/uniekeuitjesborculo.nl\/de\/ausfluege-in-eibergen\/#breadcrumb"},"inLanguage":"nl-NL","potentialAction":[{"@type":"ReadAction","target":["https:\/\/uniekeuitjesborculo.nl\/de\/ausfluege-in-eibergen\/"]}]},{"@type":"ImageObject","inLanguage":"nl-NL","@id":"https:\/\/uniekeuitjesborculo.nl\/de\/ausfluege-in-eibergen\/#primaryimage","url":"http:\/\/uniekeuitjesborculo.nl\/wp-content\/uploads\/2019\/02\/site-login-logo.png","contentUrl":"http:\/\/uniekeuitjesborculo.nl\/wp-content\/uploads\/2019\/02\/site-login-logo.png"},{"@type":"BreadcrumbList","@id":"https:\/\/uniekeuitjesborculo.nl\/de\/ausfluege-in-eibergen\/#breadcrumb","itemListElement":[{"@type":"ListItem","position":1,"name":"Home","item":"https:\/\/uniekeuitjesborculo.nl\/de\/"},{"@type":"ListItem","position":2,"name":"Ausfl\u00fcge in Eibergen"}]},{"@type":"WebSite","@id":"https:\/\/uniekeuitjesborculo.nl\/de\/#website","url":"https:\/\/uniekeuitjesborculo.nl\/de\/","name":"Uniekeuitjes Borculo","description":"Alles voor plezier, verbinding en ontspanning","publisher":{"@id":"https:\/\/uniekeuitjesborculo.nl\/de\/#organization"},"potentialAction":[{"@type":"SearchAction","target":{"@type":"EntryPoint","urlTemplate":"https:\/\/uniekeuitjesborculo.nl\/de\/?s={search_term_string}"},"query-input":{"@type":"PropertyValueSpecification","valueRequired":true,"valueName":"search_term_string"}}],"inLanguage":"nl-NL"},{"@type":"Organization","@id":"https:\/\/uniekeuitjesborculo.nl\/de\/#organization","name":"Unieke Uitjes","url":"https:\/\/uniekeuitjesborculo.nl\/de\/","logo":{"@type":"ImageObject","inLanguage":"nl-NL","@id":"https:\/\/uniekeuitjesborculo.nl\/de\/#\/schema\/logo\/image\/","url":"http:\/\/uniekeuitjesborculo.nl\/wp-content\/uploads\/2019\/02\/site-login-logo.png","contentUrl":"http:\/\/uniekeuitjesborculo.nl\/wp-content\/uploads\/2019\/02\/site-login-logo.png","width":708,"height":345,"caption":"Unieke Uitjes"},"image":{"@id":"https:\/\/uniekeuitjesborculo.nl\/de\/#\/schema\/logo\/image\/"},"sameAs":["https:\/\/www.facebook.com\/uniekeuitjes.nl","https:\/\/www.instagram.com\/uniekeuitjes.nl\/","https:\/\/www.linkedin.com\/company\/unieke-uitjes-nl","https:\/\/www.youtube.com\/channel\/UCXwRXFWP_R0kxRAeL79FQfw"]}]}},"_links":{"self":[{"href":"https:\/\/uniekeuitjesborculo.nl\/de\/wp-json\/wp\/v2\/pages\/11817","targetHints":{"allow":["GET"]}}],"collection":[{"href":"https:\/\/uniekeuitjesborculo.nl\/de\/wp-json\/wp\/v2\/pages"}],"about":[{"href":"https:\/\/uniekeuitjesborculo.nl\/de\/wp-json\/wp\/v2\/types\/page"}],"author":[{"embeddable":true,"href":"https:\/\/uniekeuitjesborculo.nl\/de\/wp-json\/wp\/v2\/users\/1"}],"replies":[{"embeddable":true,"href":"https:\/\/uniekeuitjesborculo.nl\/de\/wp-json\/wp\/v2\/comments?post=11817"}],"version-history":[{"count":0,"href":"https:\/\/uniekeuitjesborculo.nl\/de\/wp-json\/wp\/v2\/pages\/11817\/revisions"}],"wp:attachment":[{"href":"https:\/\/uniekeuitjesborculo.nl\/de\/wp-json\/wp\/v2\/media?parent=11817"}],"wp:term":[{"taxonomy":"category","embeddable":true,"href":"https:\/\/uniekeuitjesborculo.nl\/de\/wp-json\/wp\/v2\/categories?post=11817"}],"curies":[{"name":"wp","href":"https:\/\/api.w.org\/{rel}","templated":true}]}}