{"id":11820,"date":"2019-02-18T14:33:28","date_gmt":"2019-02-18T14:33:28","guid":{"rendered":"http:\/\/uniekeuitjesborculo.nl\/ausfluege-in-deventer\/"},"modified":"2019-02-18T14:33:28","modified_gmt":"2019-02-18T14:33:28","slug":"ausfluege-in-deventer","status":"publish","type":"page","link":"https:\/\/uniekeuitjesborculo.nl\/de\/ausfluege-in-deventer\/","title":{"rendered":"Ausfl\u00fcge in Deventer"},"content":{"rendered":"<h2>Ein sehr breites Angebot an Ausfl\u00fcgen in Deventer<\/h2>\n<p>&nbsp;<\/p>\n<h2>\u00dcber Deventer:<\/h2>\n<p>Tagesausflug in Deventer: Deventer ist eine der \u00e4ltesten St\u00e4dte der Niederlande. Das Stadtzentrum ist besonders reich an malerischen Stra\u00dfen und Pl\u00e4tzen mit gem\u00fctlichen Gesch\u00e4ften in alten Lagerh\u00e4usern. Auch der Kai an der IJssel ist ein guter Ort zum Verweilen. Der Platz &#8217;the Brink&#8217; ist das Herz der Stadt, wo freitags und samstags der Markt stattfindet und die Stra\u00dfencaf\u00e9s im Sommer \u00fcberf\u00fcllt sind. Hier gibt es nette Restaurants und Caf\u00e9s, ebenso wie rund um den Platz Grote Kerkhof.<\/p>\n<p>Nehmen Sie die F\u00e4hre \u00fcber die IJssel und genie\u00dfen Sie ein Picknick an den Ufern dieses sch\u00f6nen Flusses.<\/p>\n<p>&nbsp;<\/p>\n<p>&nbsp;<\/p>\n<p>&nbsp;<\/p>\n<h2>Einzigartige Ausflugsm\u00f6glichkeiten in Deventer:<\/h2>\n<p>Unique Uitjes bietet sehr viele Aktivit\u00e4ten, Pakete und Ausfl\u00fcge in Deventer an. Mieten Sie einen <a href=\"http:\/\/uniekeuitjesborculo.nl\/uitje\/solex-huren\/\">Solex<\/a>, <a href=\"http:\/\/uniekeuitjesborculo.nl\/uitje\/echopper-huren\/\">E-Chopper<\/a> oder ein cooles <a href=\"http:\/\/uniekeuitjesborculo.nl\/uitje\/transportmiddel-tandems\/\">amerikanisches Tandem<\/a>. Erkunden Sie die Stadt mit einem <a href=\"http:\/\/uniekeuitjesborculo.nl\/uitje\/transportmiddel-tuktuk\/\">TukTuk.<\/a> Die alte Br\u00fccke und die F\u00e4hre \u00fcber die sch\u00f6ne IJssel sind nat\u00fcrlich eine tolle Erg\u00e4nzung zu all den ohnehin schon besonderen Routen und Aktivit\u00e4ten in Deventer. Bevorzugen Sie eine sportliche Aktivit\u00e4t f\u00fcr Ihre Party? Auch das ist m\u00f6glich, z. B. <a href=\"http:\/\/uniekeuitjesborculo.nl\/uitje\/indoor-en-outdoor-lasergamen-op-locatie\/\">Laser-Gaming<\/a>, <a href=\"http:\/\/uniekeuitjesborculo.nl\/uitje\/grote-zeskamp\/\">Hexathlon<\/a> oder <a href=\"http:\/\/uniekeuitjesborculo.nl\/uitje\/boogschieten\/\">Bogenschie\u00dfen<\/a>.<\/p>\n<p>Kombinieren Sie einen Besuch in der \u00f6rtlichen Brauerei (DAVO) mit einem <a href=\"http:\/\/uniekeuitjesborculo.nl\/uitje\/pubquiz\/\">tollen Kneipenquiz<\/a>. Die sch\u00f6nsten Ausfl\u00fcge zum g\u00fcnstigsten Preis.<\/p>\n<p>&nbsp;<\/p>\n<p>Sie kommen mit Ihrer Familie, einer Gruppe von Freunden oder Kollegen nach Deventer und m\u00f6chten Ihren Aufenthalt so angenehm wie m\u00f6glich gestalten?<\/p>\n<p>Nehmen Sie Kontakt mit uns auf, um die M\u00f6glichkeiten zu besprechen.<\/p>\n<p>Wir sehen uns bei Unique Outings!<\/p>\n<p>&nbsp;<\/p>\n<div>\n<p><a href=\"http:\/\/uniekeuitjesborculo.nl\"><img loading=\"lazy\" decoding=\"async\" class=\"alignnone wp-image-377\" src=\"http:\/\/uniekeuitjesborculo.nl\/wp-content\/uploads\/2019\/02\/site-login-logo.png\" alt=\"\" width=\"517\" height=\"252\" srcset=\"https:\/\/uniekeuitjesborculo.nl\/wp-content\/uploads\/2019\/02\/site-login-logo.png 708w, https:\/\/uniekeuitjesborculo.nl\/wp-content\/uploads\/2019\/02\/site-login-logo-300x146.png 300w, https:\/\/uniekeuitjesborculo.nl\/wp-content\/uploads\/2019\/02\/site-login-logo-600x292.png 600w\" sizes=\"auto, (max-width: 517px) 100vw, 517px\" \/><\/a><\/p>\n<\/div>\n","protected":false},"excerpt":{"rendered":"<p>Ein sehr breites Angebot an Ausfl\u00fcgen in Deventer &nbsp; \u00dcber Deventer: Tagesausflug in Deventer: Deventer ist eine der \u00e4ltesten St\u00e4dte der Niederlande. Das Stadtzentrum ist besonders reich an malerischen Stra\u00dfen und Pl\u00e4tzen mit gem\u00fctlichen Gesch\u00e4ften in alten Lagerh\u00e4usern. Auch der Kai an der IJssel ist ein guter Ort zum Verweilen. Der Platz &#8217;the Brink&#8217; ist [&hellip;]<\/p>\n","protected":false},"author":1,"featured_media":0,"parent":0,"menu_order":0,"comment_status":"closed","ping_status":"closed","template":"","meta":{"_acf_changed":false,"_monsterinsights_skip_tracking":false,"_monsterinsights_sitenote_active":false,"_monsterinsights_sitenote_note":"","_monsterinsights_sitenote_category":0,"footnotes":""},"categories":[73],"class_list":["post-11820","page","type-page","status-publish","hentry","category-zielseite"],"acf":[],"yoast_head":"<!-- This site is optimized with the Yoast SEO plugin v27.5 - https:\/\/yoast.com\/product\/yoast-seo-wordpress\/ -->\n<title>Ausfl\u00fcge in Deventer - Uniekeuitjes Borculo<\/title>\n<meta name=\"description\" content=\"Ausfl\u00fcge in Deventer, komplett organisiert von UniqueOutsjes! Eine Tour mit einem Solex oder E-Chopper? Oder sieht ein Hexathlon f\u00fcr Sie nach Spa\u00df aus? Klicken Sie hier!\" \/>\n<meta name=\"robots\" content=\"index, follow, max-snippet:-1, max-image-preview:large, max-video-preview:-1\" \/>\n<link rel=\"canonical\" href=\"https:\/\/uniekeuitjesborculo.nl\/de\/ausfluege-in-deventer\/\" \/>\n<meta property=\"og:locale\" content=\"nl_NL\" \/>\n<meta property=\"og:type\" content=\"article\" \/>\n<meta property=\"og:title\" content=\"Ausfl\u00fcge in Deventer - Uniekeuitjes Borculo\" \/>\n<meta property=\"og:description\" content=\"Ausfl\u00fcge in Deventer, komplett organisiert von UniqueOutsjes! Eine Tour mit einem Solex oder E-Chopper? Oder sieht ein Hexathlon f\u00fcr Sie nach Spa\u00df aus? Klicken Sie hier!\" \/>\n<meta property=\"og:url\" content=\"https:\/\/uniekeuitjesborculo.nl\/de\/ausfluege-in-deventer\/\" \/>\n<meta property=\"og:site_name\" content=\"Uniekeuitjes Borculo\" \/>\n<meta property=\"article:publisher\" content=\"https:\/\/www.facebook.com\/uniekeuitjes.nl\" \/>\n<meta property=\"og:image\" content=\"http:\/\/uniekeuitjesborculo.nl\/wp-content\/uploads\/2019\/02\/site-login-logo.png\" \/>\n<meta name=\"twitter:card\" content=\"summary_large_image\" \/>\n<meta name=\"twitter:label1\" content=\"Geschatte leestijd\" \/>\n\t<meta name=\"twitter:data1\" content=\"1 minuut\" \/>\n<script type=\"application\/ld+json\" class=\"yoast-schema-graph\">{\"@context\":\"https:\\\/\\\/schema.org\",\"@graph\":[{\"@type\":\"WebPage\",\"@id\":\"https:\\\/\\\/uniekeuitjesborculo.nl\\\/de\\\/ausfluege-in-deventer\\\/\",\"url\":\"https:\\\/\\\/uniekeuitjesborculo.nl\\\/de\\\/ausfluege-in-deventer\\\/\",\"name\":\"Ausfl\u00fcge in Deventer - Uniekeuitjes Borculo\",\"isPartOf\":{\"@id\":\"https:\\\/\\\/uniekeuitjesborculo.nl\\\/de\\\/#website\"},\"primaryImageOfPage\":{\"@id\":\"https:\\\/\\\/uniekeuitjesborculo.nl\\\/de\\\/ausfluege-in-deventer\\\/#primaryimage\"},\"image\":{\"@id\":\"https:\\\/\\\/uniekeuitjesborculo.nl\\\/de\\\/ausfluege-in-deventer\\\/#primaryimage\"},\"thumbnailUrl\":\"http:\\\/\\\/uniekeuitjesborculo.nl\\\/wp-content\\\/uploads\\\/2019\\\/02\\\/site-login-logo.png\",\"datePublished\":\"2019-02-18T14:33:28+00:00\",\"description\":\"Ausfl\u00fcge in Deventer, komplett organisiert von UniqueOutsjes! Eine Tour mit einem Solex oder E-Chopper? Oder sieht ein Hexathlon f\u00fcr Sie nach Spa\u00df aus? Klicken Sie hier!\",\"breadcrumb\":{\"@id\":\"https:\\\/\\\/uniekeuitjesborculo.nl\\\/de\\\/ausfluege-in-deventer\\\/#breadcrumb\"},\"inLanguage\":\"nl-NL\",\"potentialAction\":[{\"@type\":\"ReadAction\",\"target\":[\"https:\\\/\\\/uniekeuitjesborculo.nl\\\/de\\\/ausfluege-in-deventer\\\/\"]}]},{\"@type\":\"ImageObject\",\"inLanguage\":\"nl-NL\",\"@id\":\"https:\\\/\\\/uniekeuitjesborculo.nl\\\/de\\\/ausfluege-in-deventer\\\/#primaryimage\",\"url\":\"http:\\\/\\\/uniekeuitjesborculo.nl\\\/wp-content\\\/uploads\\\/2019\\\/02\\\/site-login-logo.png\",\"contentUrl\":\"http:\\\/\\\/uniekeuitjesborculo.nl\\\/wp-content\\\/uploads\\\/2019\\\/02\\\/site-login-logo.png\"},{\"@type\":\"BreadcrumbList\",\"@id\":\"https:\\\/\\\/uniekeuitjesborculo.nl\\\/de\\\/ausfluege-in-deventer\\\/#breadcrumb\",\"itemListElement\":[{\"@type\":\"ListItem\",\"position\":1,\"name\":\"Home\",\"item\":\"https:\\\/\\\/uniekeuitjesborculo.nl\\\/de\\\/\"},{\"@type\":\"ListItem\",\"position\":2,\"name\":\"Ausfl\u00fcge in Deventer\"}]},{\"@type\":\"WebSite\",\"@id\":\"https:\\\/\\\/uniekeuitjesborculo.nl\\\/de\\\/#website\",\"url\":\"https:\\\/\\\/uniekeuitjesborculo.nl\\\/de\\\/\",\"name\":\"Uniekeuitjes Borculo\",\"description\":\"Alles voor plezier, verbinding en ontspanning\",\"publisher\":{\"@id\":\"https:\\\/\\\/uniekeuitjesborculo.nl\\\/de\\\/#organization\"},\"potentialAction\":[{\"@type\":\"SearchAction\",\"target\":{\"@type\":\"EntryPoint\",\"urlTemplate\":\"https:\\\/\\\/uniekeuitjesborculo.nl\\\/de\\\/?s={search_term_string}\"},\"query-input\":{\"@type\":\"PropertyValueSpecification\",\"valueRequired\":true,\"valueName\":\"search_term_string\"}}],\"inLanguage\":\"nl-NL\"},{\"@type\":\"Organization\",\"@id\":\"https:\\\/\\\/uniekeuitjesborculo.nl\\\/de\\\/#organization\",\"name\":\"Unieke Uitjes\",\"url\":\"https:\\\/\\\/uniekeuitjesborculo.nl\\\/de\\\/\",\"logo\":{\"@type\":\"ImageObject\",\"inLanguage\":\"nl-NL\",\"@id\":\"https:\\\/\\\/uniekeuitjesborculo.nl\\\/de\\\/#\\\/schema\\\/logo\\\/image\\\/\",\"url\":\"http:\\\/\\\/uniekeuitjesborculo.nl\\\/wp-content\\\/uploads\\\/2019\\\/02\\\/site-login-logo.png\",\"contentUrl\":\"http:\\\/\\\/uniekeuitjesborculo.nl\\\/wp-content\\\/uploads\\\/2019\\\/02\\\/site-login-logo.png\",\"width\":708,\"height\":345,\"caption\":\"Unieke Uitjes\"},\"image\":{\"@id\":\"https:\\\/\\\/uniekeuitjesborculo.nl\\\/de\\\/#\\\/schema\\\/logo\\\/image\\\/\"},\"sameAs\":[\"https:\\\/\\\/www.facebook.com\\\/uniekeuitjes.nl\",\"https:\\\/\\\/www.instagram.com\\\/uniekeuitjes.nl\\\/\",\"https:\\\/\\\/www.linkedin.com\\\/company\\\/unieke-uitjes-nl\",\"https:\\\/\\\/www.youtube.com\\\/channel\\\/UCXwRXFWP_R0kxRAeL79FQfw\"]}]}<\/script>\n<!-- \/ Yoast SEO plugin. -->","yoast_head_json":{"title":"Ausfl\u00fcge in Deventer - Uniekeuitjes Borculo","description":"Ausfl\u00fcge in Deventer, komplett organisiert von UniqueOutsjes! Eine Tour mit einem Solex oder E-Chopper? Oder sieht ein Hexathlon f\u00fcr Sie nach Spa\u00df aus? Klicken Sie hier!","robots":{"index":"index","follow":"follow","max-snippet":"max-snippet:-1","max-image-preview":"max-image-preview:large","max-video-preview":"max-video-preview:-1"},"canonical":"https:\/\/uniekeuitjesborculo.nl\/de\/ausfluege-in-deventer\/","og_locale":"nl_NL","og_type":"article","og_title":"Ausfl\u00fcge in Deventer - Uniekeuitjes Borculo","og_description":"Ausfl\u00fcge in Deventer, komplett organisiert von UniqueOutsjes! Eine Tour mit einem Solex oder E-Chopper? Oder sieht ein Hexathlon f\u00fcr Sie nach Spa\u00df aus? Klicken Sie hier!","og_url":"https:\/\/uniekeuitjesborculo.nl\/de\/ausfluege-in-deventer\/","og_site_name":"Uniekeuitjes Borculo","article_publisher":"https:\/\/www.facebook.com\/uniekeuitjes.nl","og_image":[{"url":"http:\/\/uniekeuitjesborculo.nl\/wp-content\/uploads\/2019\/02\/site-login-logo.png","type":"","width":"","height":""}],"twitter_card":"summary_large_image","twitter_misc":{"Geschatte leestijd":"1 minuut"},"schema":{"@context":"https:\/\/schema.org","@graph":[{"@type":"WebPage","@id":"https:\/\/uniekeuitjesborculo.nl\/de\/ausfluege-in-deventer\/","url":"https:\/\/uniekeuitjesborculo.nl\/de\/ausfluege-in-deventer\/","name":"Ausfl\u00fcge in Deventer - Uniekeuitjes Borculo","isPartOf":{"@id":"https:\/\/uniekeuitjesborculo.nl\/de\/#website"},"primaryImageOfPage":{"@id":"https:\/\/uniekeuitjesborculo.nl\/de\/ausfluege-in-deventer\/#primaryimage"},"image":{"@id":"https:\/\/uniekeuitjesborculo.nl\/de\/ausfluege-in-deventer\/#primaryimage"},"thumbnailUrl":"http:\/\/uniekeuitjesborculo.nl\/wp-content\/uploads\/2019\/02\/site-login-logo.png","datePublished":"2019-02-18T14:33:28+00:00","description":"Ausfl\u00fcge in Deventer, komplett organisiert von UniqueOutsjes! Eine Tour mit einem Solex oder E-Chopper? Oder sieht ein Hexathlon f\u00fcr Sie nach Spa\u00df aus? Klicken Sie hier!","breadcrumb":{"@id":"https:\/\/uniekeuitjesborculo.nl\/de\/ausfluege-in-deventer\/#breadcrumb"},"inLanguage":"nl-NL","potentialAction":[{"@type":"ReadAction","target":["https:\/\/uniekeuitjesborculo.nl\/de\/ausfluege-in-deventer\/"]}]},{"@type":"ImageObject","inLanguage":"nl-NL","@id":"https:\/\/uniekeuitjesborculo.nl\/de\/ausfluege-in-deventer\/#primaryimage","url":"http:\/\/uniekeuitjesborculo.nl\/wp-content\/uploads\/2019\/02\/site-login-logo.png","contentUrl":"http:\/\/uniekeuitjesborculo.nl\/wp-content\/uploads\/2019\/02\/site-login-logo.png"},{"@type":"BreadcrumbList","@id":"https:\/\/uniekeuitjesborculo.nl\/de\/ausfluege-in-deventer\/#breadcrumb","itemListElement":[{"@type":"ListItem","position":1,"name":"Home","item":"https:\/\/uniekeuitjesborculo.nl\/de\/"},{"@type":"ListItem","position":2,"name":"Ausfl\u00fcge in Deventer"}]},{"@type":"WebSite","@id":"https:\/\/uniekeuitjesborculo.nl\/de\/#website","url":"https:\/\/uniekeuitjesborculo.nl\/de\/","name":"Uniekeuitjes Borculo","description":"Alles voor plezier, verbinding en ontspanning","publisher":{"@id":"https:\/\/uniekeuitjesborculo.nl\/de\/#organization"},"potentialAction":[{"@type":"SearchAction","target":{"@type":"EntryPoint","urlTemplate":"https:\/\/uniekeuitjesborculo.nl\/de\/?s={search_term_string}"},"query-input":{"@type":"PropertyValueSpecification","valueRequired":true,"valueName":"search_term_string"}}],"inLanguage":"nl-NL"},{"@type":"Organization","@id":"https:\/\/uniekeuitjesborculo.nl\/de\/#organization","name":"Unieke Uitjes","url":"https:\/\/uniekeuitjesborculo.nl\/de\/","logo":{"@type":"ImageObject","inLanguage":"nl-NL","@id":"https:\/\/uniekeuitjesborculo.nl\/de\/#\/schema\/logo\/image\/","url":"http:\/\/uniekeuitjesborculo.nl\/wp-content\/uploads\/2019\/02\/site-login-logo.png","contentUrl":"http:\/\/uniekeuitjesborculo.nl\/wp-content\/uploads\/2019\/02\/site-login-logo.png","width":708,"height":345,"caption":"Unieke Uitjes"},"image":{"@id":"https:\/\/uniekeuitjesborculo.nl\/de\/#\/schema\/logo\/image\/"},"sameAs":["https:\/\/www.facebook.com\/uniekeuitjes.nl","https:\/\/www.instagram.com\/uniekeuitjes.nl\/","https:\/\/www.linkedin.com\/company\/unieke-uitjes-nl","https:\/\/www.youtube.com\/channel\/UCXwRXFWP_R0kxRAeL79FQfw"]}]}},"_links":{"self":[{"href":"https:\/\/uniekeuitjesborculo.nl\/de\/wp-json\/wp\/v2\/pages\/11820","targetHints":{"allow":["GET"]}}],"collection":[{"href":"https:\/\/uniekeuitjesborculo.nl\/de\/wp-json\/wp\/v2\/pages"}],"about":[{"href":"https:\/\/uniekeuitjesborculo.nl\/de\/wp-json\/wp\/v2\/types\/page"}],"author":[{"embeddable":true,"href":"https:\/\/uniekeuitjesborculo.nl\/de\/wp-json\/wp\/v2\/users\/1"}],"replies":[{"embeddable":true,"href":"https:\/\/uniekeuitjesborculo.nl\/de\/wp-json\/wp\/v2\/comments?post=11820"}],"version-history":[{"count":0,"href":"https:\/\/uniekeuitjesborculo.nl\/de\/wp-json\/wp\/v2\/pages\/11820\/revisions"}],"wp:attachment":[{"href":"https:\/\/uniekeuitjesborculo.nl\/de\/wp-json\/wp\/v2\/media?parent=11820"}],"wp:term":[{"taxonomy":"category","embeddable":true,"href":"https:\/\/uniekeuitjesborculo.nl\/de\/wp-json\/wp\/v2\/categories?post=11820"}],"curies":[{"name":"wp","href":"https:\/\/api.w.org\/{rel}","templated":true}]}}