{"id":11822,"date":"2019-02-18T14:21:22","date_gmt":"2019-02-18T14:21:22","guid":{"rendered":"http:\/\/uniekeuitjesborculo.nl\/ausfluege-in-almen\/"},"modified":"2019-02-18T14:21:22","modified_gmt":"2019-02-18T14:21:22","slug":"ausfluege-in-almen","status":"publish","type":"page","link":"https:\/\/uniekeuitjesborculo.nl\/de\/ausfluege-in-almen\/","title":{"rendered":"Ausfl\u00fcge in Almen"},"content":{"rendered":"<h2><\/h2>\n<h2>Einzigartige Ausflugsziele in Almen<\/h2>\n<p>Sie suchen einen Ausflug oder eine Aktivit\u00e4t in Almen? Unique Outing hat die gr\u00f6\u00dfte Auswahl an abwechslungsreichen Ausfl\u00fcgen und Aktivit\u00e4ten.<\/p>\n<p>&nbsp;<\/p>\n<p>Anthony Staring war ein Dichter aus der Achterhoek, der \u00fcber die Sch\u00f6nheit der Natur und der Landschaft in seiner Region schrieb. So ist es nicht verwunderlich, dass gerade in dem malerischen Dorf Almen <a href=\"http:\/\/museumstaal.nl\">das Museum STAAL zu finden ist,<\/a> das ganz dem Werk dieses Dichters gewidmet ist. Almen ist reich an sch\u00f6ner Natur. An den Ufern der Berkel wachsen die buntesten Wildblumen und jahrhundertealte B\u00e4ume s\u00e4umen die kleinen Landstra\u00dfen. Au\u00dferdem pr\u00e4gen alte Gutsh\u00e4user und W\u00e4lder das Landschaftsbild.<\/p>\n<p>&nbsp;<\/p>\n<p>Unique Outings bietet Ihnen spezielle Transportmittel, um diese wunderbare Achterhoeker Sch\u00f6nheit in und um Almen zu entdecken. Fahren Sie zum Beispiel mit einem unserer <a href=\"http:\/\/uniekeuitjesborculo.nl\/uitje\/transportmiddel-tandems\/\">robusten amerikanischen Tandems<\/a> los und genie\u00dfen Sie die Landschaft. Erkunden Sie das Land von Staring zusammen mit Ihren Freunden oder Ihrer Familie in einem <a href=\"http:\/\/uniekeuitjesborculo.nl\/uitje\/transportmiddel-tuktuk\/\">TukTuk<\/a>. Sp\u00fcren Sie die Freiheit und lernen Sie das Dorf auf einer authentischen <a href=\"http:\/\/uniekeuitjesborculo.nl\/uitje\/solex-huren\/\">Solex<\/a> kennen. Was gibt es Sch\u00f6neres, als an einem Sommertag mit einem <a href=\"http:\/\/uniekeuitjesborculo.nl\/uitje\/kanoverhuur\/\">Kanadier<\/a> auf der Berkel in Richtung Staringkoepel zu fahren? Unique Outings macht dies alles m\u00f6glich.<\/p>\n<p>&nbsp;<\/p>\n<p>&nbsp;<\/p>\n<h2><strong>Anwesen Ehzerwold<\/strong><\/h2>\n<p>Unique Uitjes arbeitet mit dem <a href=\"https:\/\/www.ehzerwold.nl\/\">Hotel Landgoed Ehzerwold<\/a> in Almen zusammen. Das ehemalige Sanatorium wurde 1908 erbaut und dient heute als Hotel und Restaurant. Hier k\u00f6nnen Sie das andere typische Element der Achterhoek kennen lernen: die ultimative Gastfreundschaft. Organisieren Sie eine Konferenz oder ein Treffen auf Ehzerwold Estate? Unique Outings sorgt gerne f\u00fcr Ihre Unterhaltung. Wie w\u00e4re es zum Beispiel mit einem <a href=\"http:\/\/uniekeuitjesborculo.nl\/uitje\/casino-avond\/\">spannenden Casino-Abend<\/a> oder unserem lustigen <a href=\"http:\/\/uniekeuitjesborculo.nl\/uitje\/pubquiz\/\">Pubquiz<\/a>? Tags\u00fcber k\u00f6nnen Sie auf dem Landgut Ehzerwold<a href=\"http:\/\/uniekeuitjesborculo.nl\/uitje\/indoor-laser-kleiduifschieten\/\"> Laser-Tontaubenschie\u00dfen<\/a> betreiben oder mit <a href=\"http:\/\/uniekeuitjesborculo.nl\/uitje\/schieten-met-5-wapensoorten\/\">f\u00fcnf verschiedenen Waffentypen<\/a> schie\u00dfen <a href=\"http:\/\/uniekeuitjesborculo.nl\/uitje\/schieten-met-5-wapensoorten\/\">.<\/a><\/p>\n<p>&nbsp;<\/p>\n<p>&nbsp;<\/p>\n<h2><strong>Einzigartige Ausfl\u00fcge<\/strong><\/h2>\n<p>Die R\u00e4umlichkeiten von Unique Outings befinden sich in Laren, nur einen Steinwurf von Almen entfernt. Sie haben selbst keinen geeigneten Veranstaltungsort f\u00fcr Ihren Ausflug? Dann kommen Sie zu uns. Wir haben alles, was Sie brauchen, um Ihre Firmenfeier oder den Tag Ihrer Freunde zu einem unvergesslichen Erlebnis zu machen.<\/p>\n<p><strong>Sind Sie neugierig auf die vielen M\u00f6glichkeiten? Schauen Sie sich auf unserer Website um oder kontaktieren Sie uns!<\/strong><\/p>\n<p>&nbsp;<\/p>\n<p>&nbsp;<\/p>\n<p>&nbsp;<\/p>\n<p>&nbsp;<\/p>\n<p><a href=\"http:\/\/uniekeuitjesborculo.nl\"><img loading=\"lazy\" decoding=\"async\" class=\"alignnone wp-image-377\" src=\"http:\/\/uniekeuitjesborculo.nl\/wp-content\/uploads\/2019\/02\/site-login-logo.png\" alt=\"Ausfl\u00fcge in Almen, komplett organisiert von Unique Trips!\" width=\"515\" height=\"251\" srcset=\"https:\/\/uniekeuitjesborculo.nl\/wp-content\/uploads\/2019\/02\/site-login-logo.png 708w, https:\/\/uniekeuitjesborculo.nl\/wp-content\/uploads\/2019\/02\/site-login-logo-300x146.png 300w, https:\/\/uniekeuitjesborculo.nl\/wp-content\/uploads\/2019\/02\/site-login-logo-600x292.png 600w\" sizes=\"auto, (max-width: 515px) 100vw, 515px\" \/><\/a><\/p>\n","protected":false},"excerpt":{"rendered":"<p>Einzigartige Ausflugsziele in Almen Sie suchen einen Ausflug oder eine Aktivit\u00e4t in Almen? Unique Outing hat die gr\u00f6\u00dfte Auswahl an abwechslungsreichen Ausfl\u00fcgen und Aktivit\u00e4ten. &nbsp; Anthony Staring war ein Dichter aus der Achterhoek, der \u00fcber die Sch\u00f6nheit der Natur und der Landschaft in seiner Region schrieb. So ist es nicht verwunderlich, dass gerade in dem [&hellip;]<\/p>\n","protected":false},"author":1,"featured_media":0,"parent":0,"menu_order":0,"comment_status":"closed","ping_status":"closed","template":"","meta":{"_acf_changed":false,"_monsterinsights_skip_tracking":false,"_monsterinsights_sitenote_active":false,"_monsterinsights_sitenote_note":"","_monsterinsights_sitenote_category":0,"footnotes":""},"categories":[73],"class_list":["post-11822","page","type-page","status-publish","hentry","category-zielseite"],"acf":[],"yoast_head":"<!-- This site is optimized with the Yoast SEO plugin v27.5 - https:\/\/yoast.com\/product\/yoast-seo-wordpress\/ -->\n<title>Ausfl\u00fcge in Almen - Uniekeuitjes Borculo<\/title>\n<meta name=\"description\" content=\"Ausfl\u00fcge in Almen komplett organisiert von Unique Outings! Sie haben einen Junggesellenabschied oder wollen mit Freunden ausgehen? Nehmen Sie Kontakt mit uns auf!\" \/>\n<meta name=\"robots\" content=\"index, follow, max-snippet:-1, max-image-preview:large, max-video-preview:-1\" \/>\n<link rel=\"canonical\" href=\"https:\/\/uniekeuitjesborculo.nl\/de\/ausfluege-in-almen\/\" \/>\n<meta property=\"og:locale\" content=\"nl_NL\" \/>\n<meta property=\"og:type\" content=\"article\" \/>\n<meta property=\"og:title\" content=\"Ausfl\u00fcge in Almen - Uniekeuitjes Borculo\" \/>\n<meta property=\"og:description\" content=\"Ausfl\u00fcge in Almen komplett organisiert von Unique Outings! Sie haben einen Junggesellenabschied oder wollen mit Freunden ausgehen? Nehmen Sie Kontakt mit uns auf!\" \/>\n<meta property=\"og:url\" content=\"https:\/\/uniekeuitjesborculo.nl\/de\/ausfluege-in-almen\/\" \/>\n<meta property=\"og:site_name\" content=\"Uniekeuitjes Borculo\" \/>\n<meta property=\"article:publisher\" content=\"https:\/\/www.facebook.com\/uniekeuitjes.nl\" \/>\n<meta property=\"og:image\" content=\"http:\/\/uniekeuitjesborculo.nl\/wp-content\/uploads\/2019\/02\/site-login-logo.png\" \/>\n<meta name=\"twitter:card\" content=\"summary_large_image\" \/>\n<meta name=\"twitter:label1\" content=\"Geschatte leestijd\" \/>\n\t<meta name=\"twitter:data1\" content=\"2 minuten\" \/>\n<script type=\"application\/ld+json\" class=\"yoast-schema-graph\">{\"@context\":\"https:\\\/\\\/schema.org\",\"@graph\":[{\"@type\":\"WebPage\",\"@id\":\"https:\\\/\\\/uniekeuitjesborculo.nl\\\/de\\\/ausfluege-in-almen\\\/\",\"url\":\"https:\\\/\\\/uniekeuitjesborculo.nl\\\/de\\\/ausfluege-in-almen\\\/\",\"name\":\"Ausfl\u00fcge in Almen - Uniekeuitjes Borculo\",\"isPartOf\":{\"@id\":\"https:\\\/\\\/uniekeuitjesborculo.nl\\\/de\\\/#website\"},\"primaryImageOfPage\":{\"@id\":\"https:\\\/\\\/uniekeuitjesborculo.nl\\\/de\\\/ausfluege-in-almen\\\/#primaryimage\"},\"image\":{\"@id\":\"https:\\\/\\\/uniekeuitjesborculo.nl\\\/de\\\/ausfluege-in-almen\\\/#primaryimage\"},\"thumbnailUrl\":\"http:\\\/\\\/uniekeuitjesborculo.nl\\\/wp-content\\\/uploads\\\/2019\\\/02\\\/site-login-logo.png\",\"datePublished\":\"2019-02-18T14:21:22+00:00\",\"description\":\"Ausfl\u00fcge in Almen komplett organisiert von Unique Outings! Sie haben einen Junggesellenabschied oder wollen mit Freunden ausgehen? Nehmen Sie Kontakt mit uns auf!\",\"breadcrumb\":{\"@id\":\"https:\\\/\\\/uniekeuitjesborculo.nl\\\/de\\\/ausfluege-in-almen\\\/#breadcrumb\"},\"inLanguage\":\"nl-NL\",\"potentialAction\":[{\"@type\":\"ReadAction\",\"target\":[\"https:\\\/\\\/uniekeuitjesborculo.nl\\\/de\\\/ausfluege-in-almen\\\/\"]}]},{\"@type\":\"ImageObject\",\"inLanguage\":\"nl-NL\",\"@id\":\"https:\\\/\\\/uniekeuitjesborculo.nl\\\/de\\\/ausfluege-in-almen\\\/#primaryimage\",\"url\":\"http:\\\/\\\/uniekeuitjesborculo.nl\\\/wp-content\\\/uploads\\\/2019\\\/02\\\/site-login-logo.png\",\"contentUrl\":\"http:\\\/\\\/uniekeuitjesborculo.nl\\\/wp-content\\\/uploads\\\/2019\\\/02\\\/site-login-logo.png\"},{\"@type\":\"BreadcrumbList\",\"@id\":\"https:\\\/\\\/uniekeuitjesborculo.nl\\\/de\\\/ausfluege-in-almen\\\/#breadcrumb\",\"itemListElement\":[{\"@type\":\"ListItem\",\"position\":1,\"name\":\"Home\",\"item\":\"https:\\\/\\\/uniekeuitjesborculo.nl\\\/de\\\/\"},{\"@type\":\"ListItem\",\"position\":2,\"name\":\"Ausfl\u00fcge in Almen\"}]},{\"@type\":\"WebSite\",\"@id\":\"https:\\\/\\\/uniekeuitjesborculo.nl\\\/de\\\/#website\",\"url\":\"https:\\\/\\\/uniekeuitjesborculo.nl\\\/de\\\/\",\"name\":\"Uniekeuitjes Borculo\",\"description\":\"Alles voor plezier, verbinding en ontspanning\",\"publisher\":{\"@id\":\"https:\\\/\\\/uniekeuitjesborculo.nl\\\/de\\\/#organization\"},\"potentialAction\":[{\"@type\":\"SearchAction\",\"target\":{\"@type\":\"EntryPoint\",\"urlTemplate\":\"https:\\\/\\\/uniekeuitjesborculo.nl\\\/de\\\/?s={search_term_string}\"},\"query-input\":{\"@type\":\"PropertyValueSpecification\",\"valueRequired\":true,\"valueName\":\"search_term_string\"}}],\"inLanguage\":\"nl-NL\"},{\"@type\":\"Organization\",\"@id\":\"https:\\\/\\\/uniekeuitjesborculo.nl\\\/de\\\/#organization\",\"name\":\"Unieke Uitjes\",\"url\":\"https:\\\/\\\/uniekeuitjesborculo.nl\\\/de\\\/\",\"logo\":{\"@type\":\"ImageObject\",\"inLanguage\":\"nl-NL\",\"@id\":\"https:\\\/\\\/uniekeuitjesborculo.nl\\\/de\\\/#\\\/schema\\\/logo\\\/image\\\/\",\"url\":\"http:\\\/\\\/uniekeuitjesborculo.nl\\\/wp-content\\\/uploads\\\/2019\\\/02\\\/site-login-logo.png\",\"contentUrl\":\"http:\\\/\\\/uniekeuitjesborculo.nl\\\/wp-content\\\/uploads\\\/2019\\\/02\\\/site-login-logo.png\",\"width\":708,\"height\":345,\"caption\":\"Unieke Uitjes\"},\"image\":{\"@id\":\"https:\\\/\\\/uniekeuitjesborculo.nl\\\/de\\\/#\\\/schema\\\/logo\\\/image\\\/\"},\"sameAs\":[\"https:\\\/\\\/www.facebook.com\\\/uniekeuitjes.nl\",\"https:\\\/\\\/www.instagram.com\\\/uniekeuitjes.nl\\\/\",\"https:\\\/\\\/www.linkedin.com\\\/company\\\/unieke-uitjes-nl\",\"https:\\\/\\\/www.youtube.com\\\/channel\\\/UCXwRXFWP_R0kxRAeL79FQfw\"]}]}<\/script>\n<!-- \/ Yoast SEO plugin. -->","yoast_head_json":{"title":"Ausfl\u00fcge in Almen - Uniekeuitjes Borculo","description":"Ausfl\u00fcge in Almen komplett organisiert von Unique Outings! Sie haben einen Junggesellenabschied oder wollen mit Freunden ausgehen? Nehmen Sie Kontakt mit uns auf!","robots":{"index":"index","follow":"follow","max-snippet":"max-snippet:-1","max-image-preview":"max-image-preview:large","max-video-preview":"max-video-preview:-1"},"canonical":"https:\/\/uniekeuitjesborculo.nl\/de\/ausfluege-in-almen\/","og_locale":"nl_NL","og_type":"article","og_title":"Ausfl\u00fcge in Almen - Uniekeuitjes Borculo","og_description":"Ausfl\u00fcge in Almen komplett organisiert von Unique Outings! Sie haben einen Junggesellenabschied oder wollen mit Freunden ausgehen? Nehmen Sie Kontakt mit uns auf!","og_url":"https:\/\/uniekeuitjesborculo.nl\/de\/ausfluege-in-almen\/","og_site_name":"Uniekeuitjes Borculo","article_publisher":"https:\/\/www.facebook.com\/uniekeuitjes.nl","og_image":[{"url":"http:\/\/uniekeuitjesborculo.nl\/wp-content\/uploads\/2019\/02\/site-login-logo.png","type":"","width":"","height":""}],"twitter_card":"summary_large_image","twitter_misc":{"Geschatte leestijd":"2 minuten"},"schema":{"@context":"https:\/\/schema.org","@graph":[{"@type":"WebPage","@id":"https:\/\/uniekeuitjesborculo.nl\/de\/ausfluege-in-almen\/","url":"https:\/\/uniekeuitjesborculo.nl\/de\/ausfluege-in-almen\/","name":"Ausfl\u00fcge in Almen - Uniekeuitjes Borculo","isPartOf":{"@id":"https:\/\/uniekeuitjesborculo.nl\/de\/#website"},"primaryImageOfPage":{"@id":"https:\/\/uniekeuitjesborculo.nl\/de\/ausfluege-in-almen\/#primaryimage"},"image":{"@id":"https:\/\/uniekeuitjesborculo.nl\/de\/ausfluege-in-almen\/#primaryimage"},"thumbnailUrl":"http:\/\/uniekeuitjesborculo.nl\/wp-content\/uploads\/2019\/02\/site-login-logo.png","datePublished":"2019-02-18T14:21:22+00:00","description":"Ausfl\u00fcge in Almen komplett organisiert von Unique Outings! Sie haben einen Junggesellenabschied oder wollen mit Freunden ausgehen? Nehmen Sie Kontakt mit uns auf!","breadcrumb":{"@id":"https:\/\/uniekeuitjesborculo.nl\/de\/ausfluege-in-almen\/#breadcrumb"},"inLanguage":"nl-NL","potentialAction":[{"@type":"ReadAction","target":["https:\/\/uniekeuitjesborculo.nl\/de\/ausfluege-in-almen\/"]}]},{"@type":"ImageObject","inLanguage":"nl-NL","@id":"https:\/\/uniekeuitjesborculo.nl\/de\/ausfluege-in-almen\/#primaryimage","url":"http:\/\/uniekeuitjesborculo.nl\/wp-content\/uploads\/2019\/02\/site-login-logo.png","contentUrl":"http:\/\/uniekeuitjesborculo.nl\/wp-content\/uploads\/2019\/02\/site-login-logo.png"},{"@type":"BreadcrumbList","@id":"https:\/\/uniekeuitjesborculo.nl\/de\/ausfluege-in-almen\/#breadcrumb","itemListElement":[{"@type":"ListItem","position":1,"name":"Home","item":"https:\/\/uniekeuitjesborculo.nl\/de\/"},{"@type":"ListItem","position":2,"name":"Ausfl\u00fcge in Almen"}]},{"@type":"WebSite","@id":"https:\/\/uniekeuitjesborculo.nl\/de\/#website","url":"https:\/\/uniekeuitjesborculo.nl\/de\/","name":"Uniekeuitjes Borculo","description":"Alles voor plezier, verbinding en ontspanning","publisher":{"@id":"https:\/\/uniekeuitjesborculo.nl\/de\/#organization"},"potentialAction":[{"@type":"SearchAction","target":{"@type":"EntryPoint","urlTemplate":"https:\/\/uniekeuitjesborculo.nl\/de\/?s={search_term_string}"},"query-input":{"@type":"PropertyValueSpecification","valueRequired":true,"valueName":"search_term_string"}}],"inLanguage":"nl-NL"},{"@type":"Organization","@id":"https:\/\/uniekeuitjesborculo.nl\/de\/#organization","name":"Unieke Uitjes","url":"https:\/\/uniekeuitjesborculo.nl\/de\/","logo":{"@type":"ImageObject","inLanguage":"nl-NL","@id":"https:\/\/uniekeuitjesborculo.nl\/de\/#\/schema\/logo\/image\/","url":"http:\/\/uniekeuitjesborculo.nl\/wp-content\/uploads\/2019\/02\/site-login-logo.png","contentUrl":"http:\/\/uniekeuitjesborculo.nl\/wp-content\/uploads\/2019\/02\/site-login-logo.png","width":708,"height":345,"caption":"Unieke Uitjes"},"image":{"@id":"https:\/\/uniekeuitjesborculo.nl\/de\/#\/schema\/logo\/image\/"},"sameAs":["https:\/\/www.facebook.com\/uniekeuitjes.nl","https:\/\/www.instagram.com\/uniekeuitjes.nl\/","https:\/\/www.linkedin.com\/company\/unieke-uitjes-nl","https:\/\/www.youtube.com\/channel\/UCXwRXFWP_R0kxRAeL79FQfw"]}]}},"_links":{"self":[{"href":"https:\/\/uniekeuitjesborculo.nl\/de\/wp-json\/wp\/v2\/pages\/11822","targetHints":{"allow":["GET"]}}],"collection":[{"href":"https:\/\/uniekeuitjesborculo.nl\/de\/wp-json\/wp\/v2\/pages"}],"about":[{"href":"https:\/\/uniekeuitjesborculo.nl\/de\/wp-json\/wp\/v2\/types\/page"}],"author":[{"embeddable":true,"href":"https:\/\/uniekeuitjesborculo.nl\/de\/wp-json\/wp\/v2\/users\/1"}],"replies":[{"embeddable":true,"href":"https:\/\/uniekeuitjesborculo.nl\/de\/wp-json\/wp\/v2\/comments?post=11822"}],"version-history":[{"count":0,"href":"https:\/\/uniekeuitjesborculo.nl\/de\/wp-json\/wp\/v2\/pages\/11822\/revisions"}],"wp:attachment":[{"href":"https:\/\/uniekeuitjesborculo.nl\/de\/wp-json\/wp\/v2\/media?parent=11822"}],"wp:term":[{"taxonomy":"category","embeddable":true,"href":"https:\/\/uniekeuitjesborculo.nl\/de\/wp-json\/wp\/v2\/categories?post=11822"}],"curies":[{"name":"wp","href":"https:\/\/api.w.org\/{rel}","templated":true}]}}