{"id":11824,"date":"2019-02-18T13:47:37","date_gmt":"2019-02-18T13:47:37","guid":{"rendered":"http:\/\/uniekeuitjesborculo.nl\/fooddock-lebensmittelhalle-deventer\/"},"modified":"2019-02-18T13:47:37","modified_gmt":"2019-02-18T13:47:37","slug":"fooddock-lebensmittelhalle-deventer","status":"publish","type":"page","link":"https:\/\/uniekeuitjesborculo.nl\/de\/fooddock-lebensmittelhalle-deventer\/","title":{"rendered":"Fooddock Lebensmittelhalle Deventer"},"content":{"rendered":"<h2>Aktivit\u00e4ten und Ausfl\u00fcge sowie ein Besuch des Fooddocks in Deventer.<\/h2>\n<p>Fooddock ist die erste Lebensmittelhalle in den \u00f6stlichen Niederlanden. Wir sind eine Plattform f\u00fcr schrullige Unternehmer mit einer Leidenschaft f\u00fcr reine und ehrliche Lebensmittel. In unserem industriellen Black Silo k\u00f6nnen Sie an gem\u00fctlichen Tischen k\u00f6stliche Speisen genie\u00dfen. Entlang des Weges finden Sie alle Arten von Essensst\u00e4nden, jeder mit seinen eigenen Spezialit\u00e4ten. Sie alle sind Unternehmer mit einer Leidenschaft f\u00fcr Lebensmittel und einer Geschichte. Hier finden Sie alles M\u00f6gliche wie Bio-H\u00e4hnchenschenkel, nachhaltige Burger, Sushi, gefrorenen Joghurt und vieles mehr!<\/p>\n<p><a href=\"https:\/\/www.fooddock.nl\"><img loading=\"lazy\" decoding=\"async\" class=\"alignnone wp-image-1305\" src=\"http:\/\/uniekeuitjesborculo.nl\/wp-content\/uploads\/2019\/05\/Fooddock.jpg\" alt=\"\" width=\"452\" height=\"314\" srcset=\"https:\/\/uniekeuitjesborculo.nl\/wp-content\/uploads\/2019\/05\/Fooddock.jpg 863w, https:\/\/uniekeuitjesborculo.nl\/wp-content\/uploads\/2019\/05\/Fooddock-300x209.jpg 300w, https:\/\/uniekeuitjesborculo.nl\/wp-content\/uploads\/2019\/05\/Fooddock-768x534.jpg 768w, https:\/\/uniekeuitjesborculo.nl\/wp-content\/uploads\/2019\/05\/Fooddock-600x417.jpg 600w\" sizes=\"auto, (max-width: 452px) 100vw, 452px\" \/><\/a><\/p>\n<p>M\u00f6chten Sie Ihren Besuch in der ersten Food Hall der \u00f6stlichen Niederlande mit einer lustigen Solex- oder Tuk-Tuk-Tour verbinden? Dann z\u00f6gern Sie nicht, uns zu kontaktieren, wir organisieren gerne einen Tag voller Aktivit\u00e4ten mit Ihnen. Nat\u00fcrlich k\u00f6nnen wir alles auf Ihre Bed\u00fcrfnisse zuschneiden.<\/p>\n<p><a href=\"http:\/\/uniekeuitjesborculo.nl\"><img loading=\"lazy\" decoding=\"async\" class=\"alignnone wp-image-377\" src=\"http:\/\/uniekeuitjesborculo.nl\/wp-content\/uploads\/2019\/02\/site-login-logo.png\" alt=\"Besuchen Sie Fooddock? Kombinieren Sie es mit einzigartigen Ausfl\u00fcgen!\" width=\"439\" height=\"214\" srcset=\"https:\/\/uniekeuitjesborculo.nl\/wp-content\/uploads\/2019\/02\/site-login-logo.png 708w, https:\/\/uniekeuitjesborculo.nl\/wp-content\/uploads\/2019\/02\/site-login-logo-300x146.png 300w, https:\/\/uniekeuitjesborculo.nl\/wp-content\/uploads\/2019\/02\/site-login-logo-600x292.png 600w\" sizes=\"auto, (max-width: 439px) 100vw, 439px\" \/><\/a><\/p>\n","protected":false},"excerpt":{"rendered":"<p>Aktivit\u00e4ten und Ausfl\u00fcge sowie ein Besuch des Fooddocks in Deventer. Fooddock ist die erste Lebensmittelhalle in den \u00f6stlichen Niederlanden. Wir sind eine Plattform f\u00fcr schrullige Unternehmer mit einer Leidenschaft f\u00fcr reine und ehrliche Lebensmittel. In unserem industriellen Black Silo k\u00f6nnen Sie an gem\u00fctlichen Tischen k\u00f6stliche Speisen genie\u00dfen. Entlang des Weges finden Sie alle Arten von [&hellip;]<\/p>\n","protected":false},"author":1,"featured_media":0,"parent":0,"menu_order":0,"comment_status":"closed","ping_status":"closed","template":"","meta":{"_acf_changed":false,"_monsterinsights_skip_tracking":false,"_monsterinsights_sitenote_active":false,"_monsterinsights_sitenote_note":"","_monsterinsights_sitenote_category":0,"footnotes":""},"categories":[],"class_list":["post-11824","page","type-page","status-publish","hentry"],"acf":[],"yoast_head":"<!-- This site is optimized with the Yoast SEO plugin v27.5 - https:\/\/yoast.com\/product\/yoast-seo-wordpress\/ -->\n<title>Fooddock Lebensmittelhalle Deventer - f\u00fcr die sch\u00f6nsten Ausflugsziele<\/title>\n<meta name=\"description\" content=\"Fooddock ist die erste Food Hall der \u00f6stlichen Niederlande. Kombinieren Sie Ihren Besuch mit einem Solex, einem Tuk Tuk oder einem Trigger. Nehmen Sie Kontakt mit uns auf!\" \/>\n<meta name=\"robots\" content=\"index, follow, max-snippet:-1, max-image-preview:large, max-video-preview:-1\" \/>\n<link rel=\"canonical\" href=\"https:\/\/uniekeuitjesborculo.nl\/de\/fooddock-lebensmittelhalle-deventer\/\" \/>\n<meta property=\"og:locale\" content=\"nl_NL\" \/>\n<meta property=\"og:type\" content=\"article\" \/>\n<meta property=\"og:title\" content=\"Fooddock Lebensmittelhalle Deventer - f\u00fcr die sch\u00f6nsten Ausflugsziele\" \/>\n<meta property=\"og:description\" content=\"Fooddock ist die erste Food Hall der \u00f6stlichen Niederlande. Kombinieren Sie Ihren Besuch mit einem Solex, einem Tuk Tuk oder einem Trigger. Nehmen Sie Kontakt mit uns auf!\" \/>\n<meta property=\"og:url\" content=\"https:\/\/uniekeuitjesborculo.nl\/de\/fooddock-lebensmittelhalle-deventer\/\" \/>\n<meta property=\"og:site_name\" content=\"Uniekeuitjes Borculo\" \/>\n<meta property=\"article:publisher\" content=\"https:\/\/www.facebook.com\/uniekeuitjes.nl\" \/>\n<meta property=\"og:image\" content=\"http:\/\/uniekeuitjesborculo.nl\/wp-content\/uploads\/2019\/05\/Fooddock.jpg\" \/>\n<meta name=\"twitter:card\" content=\"summary_large_image\" \/>\n<meta name=\"twitter:label1\" content=\"Geschatte leestijd\" \/>\n\t<meta name=\"twitter:data1\" content=\"1 minuut\" \/>\n<script type=\"application\/ld+json\" class=\"yoast-schema-graph\">{\"@context\":\"https:\\\/\\\/schema.org\",\"@graph\":[{\"@type\":\"WebPage\",\"@id\":\"https:\\\/\\\/uniekeuitjesborculo.nl\\\/de\\\/fooddock-lebensmittelhalle-deventer\\\/\",\"url\":\"https:\\\/\\\/uniekeuitjesborculo.nl\\\/de\\\/fooddock-lebensmittelhalle-deventer\\\/\",\"name\":\"Fooddock Lebensmittelhalle Deventer - f\u00fcr die sch\u00f6nsten Ausflugsziele\",\"isPartOf\":{\"@id\":\"https:\\\/\\\/uniekeuitjesborculo.nl\\\/de\\\/#website\"},\"primaryImageOfPage\":{\"@id\":\"https:\\\/\\\/uniekeuitjesborculo.nl\\\/de\\\/fooddock-lebensmittelhalle-deventer\\\/#primaryimage\"},\"image\":{\"@id\":\"https:\\\/\\\/uniekeuitjesborculo.nl\\\/de\\\/fooddock-lebensmittelhalle-deventer\\\/#primaryimage\"},\"thumbnailUrl\":\"http:\\\/\\\/uniekeuitjesborculo.nl\\\/wp-content\\\/uploads\\\/2019\\\/05\\\/Fooddock.jpg\",\"datePublished\":\"2019-02-18T13:47:37+00:00\",\"description\":\"Fooddock ist die erste Food Hall der \u00f6stlichen Niederlande. Kombinieren Sie Ihren Besuch mit einem Solex, einem Tuk Tuk oder einem Trigger. Nehmen Sie Kontakt mit uns auf!\",\"breadcrumb\":{\"@id\":\"https:\\\/\\\/uniekeuitjesborculo.nl\\\/de\\\/fooddock-lebensmittelhalle-deventer\\\/#breadcrumb\"},\"inLanguage\":\"nl-NL\",\"potentialAction\":[{\"@type\":\"ReadAction\",\"target\":[\"https:\\\/\\\/uniekeuitjesborculo.nl\\\/de\\\/fooddock-lebensmittelhalle-deventer\\\/\"]}]},{\"@type\":\"ImageObject\",\"inLanguage\":\"nl-NL\",\"@id\":\"https:\\\/\\\/uniekeuitjesborculo.nl\\\/de\\\/fooddock-lebensmittelhalle-deventer\\\/#primaryimage\",\"url\":\"http:\\\/\\\/uniekeuitjesborculo.nl\\\/wp-content\\\/uploads\\\/2019\\\/05\\\/Fooddock.jpg\",\"contentUrl\":\"http:\\\/\\\/uniekeuitjesborculo.nl\\\/wp-content\\\/uploads\\\/2019\\\/05\\\/Fooddock.jpg\"},{\"@type\":\"BreadcrumbList\",\"@id\":\"https:\\\/\\\/uniekeuitjesborculo.nl\\\/de\\\/fooddock-lebensmittelhalle-deventer\\\/#breadcrumb\",\"itemListElement\":[{\"@type\":\"ListItem\",\"position\":1,\"name\":\"Home\",\"item\":\"https:\\\/\\\/uniekeuitjesborculo.nl\\\/de\\\/\"},{\"@type\":\"ListItem\",\"position\":2,\"name\":\"Fooddock Lebensmittelhalle Deventer\"}]},{\"@type\":\"WebSite\",\"@id\":\"https:\\\/\\\/uniekeuitjesborculo.nl\\\/de\\\/#website\",\"url\":\"https:\\\/\\\/uniekeuitjesborculo.nl\\\/de\\\/\",\"name\":\"Uniekeuitjes Borculo\",\"description\":\"Alles voor plezier, verbinding en ontspanning\",\"publisher\":{\"@id\":\"https:\\\/\\\/uniekeuitjesborculo.nl\\\/de\\\/#organization\"},\"potentialAction\":[{\"@type\":\"SearchAction\",\"target\":{\"@type\":\"EntryPoint\",\"urlTemplate\":\"https:\\\/\\\/uniekeuitjesborculo.nl\\\/de\\\/?s={search_term_string}\"},\"query-input\":{\"@type\":\"PropertyValueSpecification\",\"valueRequired\":true,\"valueName\":\"search_term_string\"}}],\"inLanguage\":\"nl-NL\"},{\"@type\":\"Organization\",\"@id\":\"https:\\\/\\\/uniekeuitjesborculo.nl\\\/de\\\/#organization\",\"name\":\"Unieke Uitjes\",\"url\":\"https:\\\/\\\/uniekeuitjesborculo.nl\\\/de\\\/\",\"logo\":{\"@type\":\"ImageObject\",\"inLanguage\":\"nl-NL\",\"@id\":\"https:\\\/\\\/uniekeuitjesborculo.nl\\\/de\\\/#\\\/schema\\\/logo\\\/image\\\/\",\"url\":\"http:\\\/\\\/uniekeuitjesborculo.nl\\\/wp-content\\\/uploads\\\/2019\\\/02\\\/site-login-logo.png\",\"contentUrl\":\"http:\\\/\\\/uniekeuitjesborculo.nl\\\/wp-content\\\/uploads\\\/2019\\\/02\\\/site-login-logo.png\",\"width\":708,\"height\":345,\"caption\":\"Unieke Uitjes\"},\"image\":{\"@id\":\"https:\\\/\\\/uniekeuitjesborculo.nl\\\/de\\\/#\\\/schema\\\/logo\\\/image\\\/\"},\"sameAs\":[\"https:\\\/\\\/www.facebook.com\\\/uniekeuitjes.nl\",\"https:\\\/\\\/www.instagram.com\\\/uniekeuitjes.nl\\\/\",\"https:\\\/\\\/www.linkedin.com\\\/company\\\/unieke-uitjes-nl\",\"https:\\\/\\\/www.youtube.com\\\/channel\\\/UCXwRXFWP_R0kxRAeL79FQfw\"]}]}<\/script>\n<!-- \/ Yoast SEO plugin. -->","yoast_head_json":{"title":"Fooddock Lebensmittelhalle Deventer - f\u00fcr die sch\u00f6nsten Ausflugsziele","description":"Fooddock ist die erste Food Hall der \u00f6stlichen Niederlande. Kombinieren Sie Ihren Besuch mit einem Solex, einem Tuk Tuk oder einem Trigger. Nehmen Sie Kontakt mit uns auf!","robots":{"index":"index","follow":"follow","max-snippet":"max-snippet:-1","max-image-preview":"max-image-preview:large","max-video-preview":"max-video-preview:-1"},"canonical":"https:\/\/uniekeuitjesborculo.nl\/de\/fooddock-lebensmittelhalle-deventer\/","og_locale":"nl_NL","og_type":"article","og_title":"Fooddock Lebensmittelhalle Deventer - f\u00fcr die sch\u00f6nsten Ausflugsziele","og_description":"Fooddock ist die erste Food Hall der \u00f6stlichen Niederlande. Kombinieren Sie Ihren Besuch mit einem Solex, einem Tuk Tuk oder einem Trigger. Nehmen Sie Kontakt mit uns auf!","og_url":"https:\/\/uniekeuitjesborculo.nl\/de\/fooddock-lebensmittelhalle-deventer\/","og_site_name":"Uniekeuitjes Borculo","article_publisher":"https:\/\/www.facebook.com\/uniekeuitjes.nl","og_image":[{"url":"http:\/\/uniekeuitjesborculo.nl\/wp-content\/uploads\/2019\/05\/Fooddock.jpg","type":"","width":"","height":""}],"twitter_card":"summary_large_image","twitter_misc":{"Geschatte leestijd":"1 minuut"},"schema":{"@context":"https:\/\/schema.org","@graph":[{"@type":"WebPage","@id":"https:\/\/uniekeuitjesborculo.nl\/de\/fooddock-lebensmittelhalle-deventer\/","url":"https:\/\/uniekeuitjesborculo.nl\/de\/fooddock-lebensmittelhalle-deventer\/","name":"Fooddock Lebensmittelhalle Deventer - f\u00fcr die sch\u00f6nsten Ausflugsziele","isPartOf":{"@id":"https:\/\/uniekeuitjesborculo.nl\/de\/#website"},"primaryImageOfPage":{"@id":"https:\/\/uniekeuitjesborculo.nl\/de\/fooddock-lebensmittelhalle-deventer\/#primaryimage"},"image":{"@id":"https:\/\/uniekeuitjesborculo.nl\/de\/fooddock-lebensmittelhalle-deventer\/#primaryimage"},"thumbnailUrl":"http:\/\/uniekeuitjesborculo.nl\/wp-content\/uploads\/2019\/05\/Fooddock.jpg","datePublished":"2019-02-18T13:47:37+00:00","description":"Fooddock ist die erste Food Hall der \u00f6stlichen Niederlande. Kombinieren Sie Ihren Besuch mit einem Solex, einem Tuk Tuk oder einem Trigger. Nehmen Sie Kontakt mit uns auf!","breadcrumb":{"@id":"https:\/\/uniekeuitjesborculo.nl\/de\/fooddock-lebensmittelhalle-deventer\/#breadcrumb"},"inLanguage":"nl-NL","potentialAction":[{"@type":"ReadAction","target":["https:\/\/uniekeuitjesborculo.nl\/de\/fooddock-lebensmittelhalle-deventer\/"]}]},{"@type":"ImageObject","inLanguage":"nl-NL","@id":"https:\/\/uniekeuitjesborculo.nl\/de\/fooddock-lebensmittelhalle-deventer\/#primaryimage","url":"http:\/\/uniekeuitjesborculo.nl\/wp-content\/uploads\/2019\/05\/Fooddock.jpg","contentUrl":"http:\/\/uniekeuitjesborculo.nl\/wp-content\/uploads\/2019\/05\/Fooddock.jpg"},{"@type":"BreadcrumbList","@id":"https:\/\/uniekeuitjesborculo.nl\/de\/fooddock-lebensmittelhalle-deventer\/#breadcrumb","itemListElement":[{"@type":"ListItem","position":1,"name":"Home","item":"https:\/\/uniekeuitjesborculo.nl\/de\/"},{"@type":"ListItem","position":2,"name":"Fooddock Lebensmittelhalle Deventer"}]},{"@type":"WebSite","@id":"https:\/\/uniekeuitjesborculo.nl\/de\/#website","url":"https:\/\/uniekeuitjesborculo.nl\/de\/","name":"Uniekeuitjes Borculo","description":"Alles voor plezier, verbinding en ontspanning","publisher":{"@id":"https:\/\/uniekeuitjesborculo.nl\/de\/#organization"},"potentialAction":[{"@type":"SearchAction","target":{"@type":"EntryPoint","urlTemplate":"https:\/\/uniekeuitjesborculo.nl\/de\/?s={search_term_string}"},"query-input":{"@type":"PropertyValueSpecification","valueRequired":true,"valueName":"search_term_string"}}],"inLanguage":"nl-NL"},{"@type":"Organization","@id":"https:\/\/uniekeuitjesborculo.nl\/de\/#organization","name":"Unieke Uitjes","url":"https:\/\/uniekeuitjesborculo.nl\/de\/","logo":{"@type":"ImageObject","inLanguage":"nl-NL","@id":"https:\/\/uniekeuitjesborculo.nl\/de\/#\/schema\/logo\/image\/","url":"http:\/\/uniekeuitjesborculo.nl\/wp-content\/uploads\/2019\/02\/site-login-logo.png","contentUrl":"http:\/\/uniekeuitjesborculo.nl\/wp-content\/uploads\/2019\/02\/site-login-logo.png","width":708,"height":345,"caption":"Unieke Uitjes"},"image":{"@id":"https:\/\/uniekeuitjesborculo.nl\/de\/#\/schema\/logo\/image\/"},"sameAs":["https:\/\/www.facebook.com\/uniekeuitjes.nl","https:\/\/www.instagram.com\/uniekeuitjes.nl\/","https:\/\/www.linkedin.com\/company\/unieke-uitjes-nl","https:\/\/www.youtube.com\/channel\/UCXwRXFWP_R0kxRAeL79FQfw"]}]}},"_links":{"self":[{"href":"https:\/\/uniekeuitjesborculo.nl\/de\/wp-json\/wp\/v2\/pages\/11824","targetHints":{"allow":["GET"]}}],"collection":[{"href":"https:\/\/uniekeuitjesborculo.nl\/de\/wp-json\/wp\/v2\/pages"}],"about":[{"href":"https:\/\/uniekeuitjesborculo.nl\/de\/wp-json\/wp\/v2\/types\/page"}],"author":[{"embeddable":true,"href":"https:\/\/uniekeuitjesborculo.nl\/de\/wp-json\/wp\/v2\/users\/1"}],"replies":[{"embeddable":true,"href":"https:\/\/uniekeuitjesborculo.nl\/de\/wp-json\/wp\/v2\/comments?post=11824"}],"version-history":[{"count":0,"href":"https:\/\/uniekeuitjesborculo.nl\/de\/wp-json\/wp\/v2\/pages\/11824\/revisions"}],"wp:attachment":[{"href":"https:\/\/uniekeuitjesborculo.nl\/de\/wp-json\/wp\/v2\/media?parent=11824"}],"wp:term":[{"taxonomy":"category","embeddable":true,"href":"https:\/\/uniekeuitjesborculo.nl\/de\/wp-json\/wp\/v2\/categories?post=11824"}],"curies":[{"name":"wp","href":"https:\/\/api.w.org\/{rel}","templated":true}]}}