{"id":11827,"date":"2019-02-18T13:28:42","date_gmt":"2019-02-18T13:28:42","guid":{"rendered":"http:\/\/uniekeuitjesborculo.nl\/spezieller-hochzeitstransport\/"},"modified":"2019-02-18T13:28:42","modified_gmt":"2019-02-18T13:28:42","slug":"spezieller-hochzeitstransport","status":"publish","type":"page","link":"https:\/\/uniekeuitjesborculo.nl\/de\/spezieller-hochzeitstransport\/","title":{"rendered":"Spezieller Hochzeitstransport"},"content":{"rendered":"<h2>Spezieller Hochzeitstransport<\/h2>\n<p>Eine Hochzeit sollte perfekt sein. Wir sorgen daf\u00fcr, dass Ihr Hochzeitstag komplett ist und Sie und Ihre G\u00e4ste auf stimmungsvolle Weise in einem speziellen Hochzeitstransport bef\u00f6rdert werden. Zum Beispiel mit Braut und Br\u00e4utigam und G\u00e4sten in Tuk Tuk&#8217;s f\u00fcr eine lustige Fahrt zum Rathaus, zur Kirche und\/oder zum Bankettsaal. Sie k\u00f6nnen die Tuk Tuk&#8217;s selbst fahren oder sich f\u00fcr einen Fahrer entscheiden. Die Tuk Tuk&#8217;s sind elektrisch und daher leise. So k\u00f6nnen Sie einander, die Umgebung und Ihre G\u00e4ste wirklich in vollen Z\u00fcgen genie\u00dfen.<\/p>\n<p>&nbsp;<\/p>\n<p>&nbsp;<\/p>\n<h4>Die sch\u00f6nsten TukTuk&#8217;s der Niederlande<\/h4>\n<p>Wir sind stolz darauf, die sch\u00f6nsten TukTuk&#8217;s der Niederlande zu haben. Nur unsere eigenen Logos auf dem Tuk (also keine zus\u00e4tzliche Werbung). Sitzheizung, Radio mit USB-Anschluss und die Tuk&#8217;s haben nicht mehr als 1.500 km auf den Z\u00e4hlern. Nat\u00fcrlich f\u00e4hrt unser Fahrer in einem Anzug vor. Das Tuk Tuk ist mit wei\u00dfem Leder gepolstert.<\/p>\n<div id=\"attachment_1865\" class=\"wp-caption alignnone\">\n<p class=\"wp-caption-text\">Ein TukTuk ist ein lustiges und besonderes Transportmittel f\u00fcr Ihre Hochzeit.<\/p>\n<\/div>\n<p>&nbsp;<\/p>\n<p>&nbsp;<\/p>\n<h2>Preise:<\/h2>\n<p>Sie k\u00f6nnen ein Tuk Tuk f\u00fcr nur 196 \u20ac f\u00fcr 2,5 Stunden mieten. Darin enthalten sind die Haftpflichtversicherung, die Insassenunfallversicherung und die Mehrwertsteuer, ohne Mehrwertsteuer. Fahrer.<\/p>\n<p>M\u00f6chten Sie den Tuk an einem anderen Ort als Laren Gld? In diesem Fall berechnen wir eine geringe Geb\u00fchr f\u00fcr den Einsatz.<\/p>\n<p>F\u00fcr Ihre Hochzeit ist ein chauffiertes TukTuk nat\u00fcrlich das Beste! Nehmen Sie Kontakt auf, um die Preise zu besprechen.<\/p>\n<div id=\"attachment_1869\" class=\"wp-caption alignnone\">\n<p class=\"wp-caption-text\">Sie k\u00f6nnen zwischen 4 TukTuk-Farben w\u00e4hlen: wei\u00df, blau, rot und gr\u00fcn.<\/p>\n<\/div>\n<p>&nbsp;<\/p>\n<p>&nbsp;<\/p>\n<h2>Kontakt:<\/h2>\n<p>Neugierig? Rufen Sie uns an oder schicken Sie uns eine E-Mail, um alle M\u00f6glichkeiten zu besprechen. Wir freuen uns auf ein Gespr\u00e4ch mit Ihnen und haben immer genug zu bieten, um Ihnen einen erfolgreichen Tag zu erm\u00f6glichen. Es ist immer mehr m\u00f6glich, als man denkt. Wir w\u00fcrden Ihnen gerne helfen!<\/p>\n","protected":false},"excerpt":{"rendered":"<p>Spezieller Hochzeitstransport Eine Hochzeit sollte perfekt sein. Wir sorgen daf\u00fcr, dass Ihr Hochzeitstag komplett ist und Sie und Ihre G\u00e4ste auf stimmungsvolle Weise in einem speziellen Hochzeitstransport bef\u00f6rdert werden. Zum Beispiel mit Braut und Br\u00e4utigam und G\u00e4sten in Tuk Tuk&#8217;s f\u00fcr eine lustige Fahrt zum Rathaus, zur Kirche und\/oder zum Bankettsaal. Sie k\u00f6nnen die Tuk [&hellip;]<\/p>\n","protected":false},"author":1,"featured_media":0,"parent":0,"menu_order":0,"comment_status":"closed","ping_status":"closed","template":"","meta":{"_acf_changed":false,"_monsterinsights_skip_tracking":false,"_monsterinsights_sitenote_active":false,"_monsterinsights_sitenote_note":"","_monsterinsights_sitenote_category":0,"footnotes":""},"categories":[],"class_list":["post-11827","page","type-page","status-publish","hentry"],"acf":[],"yoast_head":"<!-- This site is optimized with the Yoast SEO plugin v27.5 - https:\/\/yoast.com\/product\/yoast-seo-wordpress\/ -->\n<title>Spezieller Hochzeitstransport - Uniekeuitjes Borculo<\/title>\n<meta name=\"description\" content=\"Au\u00dfergew\u00f6hnliche Hochzeitstransporte finden Sie bei UniqueOuts. Wir haben luxuri\u00f6se elektrische 7-Sitzer-Limousinen-Tuktuks, die sich perfekt als Hochzeitstransport eignen.\" \/>\n<meta name=\"robots\" content=\"index, follow, max-snippet:-1, max-image-preview:large, max-video-preview:-1\" \/>\n<link rel=\"canonical\" href=\"https:\/\/uniekeuitjesborculo.nl\/de\/spezieller-hochzeitstransport\/\" \/>\n<meta property=\"og:locale\" content=\"nl_NL\" \/>\n<meta property=\"og:type\" content=\"article\" \/>\n<meta property=\"og:title\" content=\"Spezieller Hochzeitstransport - Uniekeuitjes Borculo\" \/>\n<meta property=\"og:description\" content=\"Au\u00dfergew\u00f6hnliche Hochzeitstransporte finden Sie bei UniqueOuts. Wir haben luxuri\u00f6se elektrische 7-Sitzer-Limousinen-Tuktuks, die sich perfekt als Hochzeitstransport eignen.\" \/>\n<meta property=\"og:url\" content=\"https:\/\/uniekeuitjesborculo.nl\/de\/spezieller-hochzeitstransport\/\" \/>\n<meta property=\"og:site_name\" content=\"Uniekeuitjes Borculo\" \/>\n<meta property=\"article:publisher\" content=\"https:\/\/www.facebook.com\/uniekeuitjes.nl\" \/>\n<meta name=\"twitter:card\" content=\"summary_large_image\" \/>\n<meta name=\"twitter:label1\" content=\"Geschatte leestijd\" \/>\n\t<meta name=\"twitter:data1\" content=\"2 minuten\" \/>\n<script type=\"application\/ld+json\" class=\"yoast-schema-graph\">{\"@context\":\"https:\\\/\\\/schema.org\",\"@graph\":[{\"@type\":\"WebPage\",\"@id\":\"https:\\\/\\\/uniekeuitjesborculo.nl\\\/de\\\/spezieller-hochzeitstransport\\\/\",\"url\":\"https:\\\/\\\/uniekeuitjesborculo.nl\\\/de\\\/spezieller-hochzeitstransport\\\/\",\"name\":\"Spezieller Hochzeitstransport - Uniekeuitjes Borculo\",\"isPartOf\":{\"@id\":\"https:\\\/\\\/uniekeuitjesborculo.nl\\\/de\\\/#website\"},\"datePublished\":\"2019-02-18T13:28:42+00:00\",\"description\":\"Au\u00dfergew\u00f6hnliche Hochzeitstransporte finden Sie bei UniqueOuts. Wir haben luxuri\u00f6se elektrische 7-Sitzer-Limousinen-Tuktuks, die sich perfekt als Hochzeitstransport eignen.\",\"breadcrumb\":{\"@id\":\"https:\\\/\\\/uniekeuitjesborculo.nl\\\/de\\\/spezieller-hochzeitstransport\\\/#breadcrumb\"},\"inLanguage\":\"nl-NL\",\"potentialAction\":[{\"@type\":\"ReadAction\",\"target\":[\"https:\\\/\\\/uniekeuitjesborculo.nl\\\/de\\\/spezieller-hochzeitstransport\\\/\"]}]},{\"@type\":\"BreadcrumbList\",\"@id\":\"https:\\\/\\\/uniekeuitjesborculo.nl\\\/de\\\/spezieller-hochzeitstransport\\\/#breadcrumb\",\"itemListElement\":[{\"@type\":\"ListItem\",\"position\":1,\"name\":\"Home\",\"item\":\"https:\\\/\\\/uniekeuitjesborculo.nl\\\/de\\\/\"},{\"@type\":\"ListItem\",\"position\":2,\"name\":\"Spezieller Hochzeitstransport\"}]},{\"@type\":\"WebSite\",\"@id\":\"https:\\\/\\\/uniekeuitjesborculo.nl\\\/de\\\/#website\",\"url\":\"https:\\\/\\\/uniekeuitjesborculo.nl\\\/de\\\/\",\"name\":\"Uniekeuitjes Borculo\",\"description\":\"Alles voor plezier, verbinding en ontspanning\",\"publisher\":{\"@id\":\"https:\\\/\\\/uniekeuitjesborculo.nl\\\/de\\\/#organization\"},\"potentialAction\":[{\"@type\":\"SearchAction\",\"target\":{\"@type\":\"EntryPoint\",\"urlTemplate\":\"https:\\\/\\\/uniekeuitjesborculo.nl\\\/de\\\/?s={search_term_string}\"},\"query-input\":{\"@type\":\"PropertyValueSpecification\",\"valueRequired\":true,\"valueName\":\"search_term_string\"}}],\"inLanguage\":\"nl-NL\"},{\"@type\":\"Organization\",\"@id\":\"https:\\\/\\\/uniekeuitjesborculo.nl\\\/de\\\/#organization\",\"name\":\"Unieke Uitjes\",\"url\":\"https:\\\/\\\/uniekeuitjesborculo.nl\\\/de\\\/\",\"logo\":{\"@type\":\"ImageObject\",\"inLanguage\":\"nl-NL\",\"@id\":\"https:\\\/\\\/uniekeuitjesborculo.nl\\\/de\\\/#\\\/schema\\\/logo\\\/image\\\/\",\"url\":\"http:\\\/\\\/uniekeuitjesborculo.nl\\\/wp-content\\\/uploads\\\/2019\\\/02\\\/site-login-logo.png\",\"contentUrl\":\"http:\\\/\\\/uniekeuitjesborculo.nl\\\/wp-content\\\/uploads\\\/2019\\\/02\\\/site-login-logo.png\",\"width\":708,\"height\":345,\"caption\":\"Unieke Uitjes\"},\"image\":{\"@id\":\"https:\\\/\\\/uniekeuitjesborculo.nl\\\/de\\\/#\\\/schema\\\/logo\\\/image\\\/\"},\"sameAs\":[\"https:\\\/\\\/www.facebook.com\\\/uniekeuitjes.nl\",\"https:\\\/\\\/www.instagram.com\\\/uniekeuitjes.nl\\\/\",\"https:\\\/\\\/www.linkedin.com\\\/company\\\/unieke-uitjes-nl\",\"https:\\\/\\\/www.youtube.com\\\/channel\\\/UCXwRXFWP_R0kxRAeL79FQfw\"]}]}<\/script>\n<!-- \/ Yoast SEO plugin. -->","yoast_head_json":{"title":"Spezieller Hochzeitstransport - Uniekeuitjes Borculo","description":"Au\u00dfergew\u00f6hnliche Hochzeitstransporte finden Sie bei UniqueOuts. Wir haben luxuri\u00f6se elektrische 7-Sitzer-Limousinen-Tuktuks, die sich perfekt als Hochzeitstransport eignen.","robots":{"index":"index","follow":"follow","max-snippet":"max-snippet:-1","max-image-preview":"max-image-preview:large","max-video-preview":"max-video-preview:-1"},"canonical":"https:\/\/uniekeuitjesborculo.nl\/de\/spezieller-hochzeitstransport\/","og_locale":"nl_NL","og_type":"article","og_title":"Spezieller Hochzeitstransport - Uniekeuitjes Borculo","og_description":"Au\u00dfergew\u00f6hnliche Hochzeitstransporte finden Sie bei UniqueOuts. Wir haben luxuri\u00f6se elektrische 7-Sitzer-Limousinen-Tuktuks, die sich perfekt als Hochzeitstransport eignen.","og_url":"https:\/\/uniekeuitjesborculo.nl\/de\/spezieller-hochzeitstransport\/","og_site_name":"Uniekeuitjes Borculo","article_publisher":"https:\/\/www.facebook.com\/uniekeuitjes.nl","twitter_card":"summary_large_image","twitter_misc":{"Geschatte leestijd":"2 minuten"},"schema":{"@context":"https:\/\/schema.org","@graph":[{"@type":"WebPage","@id":"https:\/\/uniekeuitjesborculo.nl\/de\/spezieller-hochzeitstransport\/","url":"https:\/\/uniekeuitjesborculo.nl\/de\/spezieller-hochzeitstransport\/","name":"Spezieller Hochzeitstransport - Uniekeuitjes Borculo","isPartOf":{"@id":"https:\/\/uniekeuitjesborculo.nl\/de\/#website"},"datePublished":"2019-02-18T13:28:42+00:00","description":"Au\u00dfergew\u00f6hnliche Hochzeitstransporte finden Sie bei UniqueOuts. Wir haben luxuri\u00f6se elektrische 7-Sitzer-Limousinen-Tuktuks, die sich perfekt als Hochzeitstransport eignen.","breadcrumb":{"@id":"https:\/\/uniekeuitjesborculo.nl\/de\/spezieller-hochzeitstransport\/#breadcrumb"},"inLanguage":"nl-NL","potentialAction":[{"@type":"ReadAction","target":["https:\/\/uniekeuitjesborculo.nl\/de\/spezieller-hochzeitstransport\/"]}]},{"@type":"BreadcrumbList","@id":"https:\/\/uniekeuitjesborculo.nl\/de\/spezieller-hochzeitstransport\/#breadcrumb","itemListElement":[{"@type":"ListItem","position":1,"name":"Home","item":"https:\/\/uniekeuitjesborculo.nl\/de\/"},{"@type":"ListItem","position":2,"name":"Spezieller Hochzeitstransport"}]},{"@type":"WebSite","@id":"https:\/\/uniekeuitjesborculo.nl\/de\/#website","url":"https:\/\/uniekeuitjesborculo.nl\/de\/","name":"Uniekeuitjes Borculo","description":"Alles voor plezier, verbinding en ontspanning","publisher":{"@id":"https:\/\/uniekeuitjesborculo.nl\/de\/#organization"},"potentialAction":[{"@type":"SearchAction","target":{"@type":"EntryPoint","urlTemplate":"https:\/\/uniekeuitjesborculo.nl\/de\/?s={search_term_string}"},"query-input":{"@type":"PropertyValueSpecification","valueRequired":true,"valueName":"search_term_string"}}],"inLanguage":"nl-NL"},{"@type":"Organization","@id":"https:\/\/uniekeuitjesborculo.nl\/de\/#organization","name":"Unieke Uitjes","url":"https:\/\/uniekeuitjesborculo.nl\/de\/","logo":{"@type":"ImageObject","inLanguage":"nl-NL","@id":"https:\/\/uniekeuitjesborculo.nl\/de\/#\/schema\/logo\/image\/","url":"http:\/\/uniekeuitjesborculo.nl\/wp-content\/uploads\/2019\/02\/site-login-logo.png","contentUrl":"http:\/\/uniekeuitjesborculo.nl\/wp-content\/uploads\/2019\/02\/site-login-logo.png","width":708,"height":345,"caption":"Unieke Uitjes"},"image":{"@id":"https:\/\/uniekeuitjesborculo.nl\/de\/#\/schema\/logo\/image\/"},"sameAs":["https:\/\/www.facebook.com\/uniekeuitjes.nl","https:\/\/www.instagram.com\/uniekeuitjes.nl\/","https:\/\/www.linkedin.com\/company\/unieke-uitjes-nl","https:\/\/www.youtube.com\/channel\/UCXwRXFWP_R0kxRAeL79FQfw"]}]}},"_links":{"self":[{"href":"https:\/\/uniekeuitjesborculo.nl\/de\/wp-json\/wp\/v2\/pages\/11827","targetHints":{"allow":["GET"]}}],"collection":[{"href":"https:\/\/uniekeuitjesborculo.nl\/de\/wp-json\/wp\/v2\/pages"}],"about":[{"href":"https:\/\/uniekeuitjesborculo.nl\/de\/wp-json\/wp\/v2\/types\/page"}],"author":[{"embeddable":true,"href":"https:\/\/uniekeuitjesborculo.nl\/de\/wp-json\/wp\/v2\/users\/1"}],"replies":[{"embeddable":true,"href":"https:\/\/uniekeuitjesborculo.nl\/de\/wp-json\/wp\/v2\/comments?post=11827"}],"version-history":[{"count":0,"href":"https:\/\/uniekeuitjesborculo.nl\/de\/wp-json\/wp\/v2\/pages\/11827\/revisions"}],"wp:attachment":[{"href":"https:\/\/uniekeuitjesborculo.nl\/de\/wp-json\/wp\/v2\/media?parent=11827"}],"wp:term":[{"taxonomy":"category","embeddable":true,"href":"https:\/\/uniekeuitjesborculo.nl\/de\/wp-json\/wp\/v2\/categories?post=11827"}],"curies":[{"name":"wp","href":"https:\/\/api.w.org\/{rel}","templated":true}]}}