{"id":11834,"date":"2019-02-18T13:37:55","date_gmt":"2019-02-18T13:37:55","guid":{"rendered":"http:\/\/uniekeuitjesborculo.nl\/museum-mehr\/"},"modified":"2019-02-18T13:37:55","modified_gmt":"2019-02-18T13:37:55","slug":"museum-mehr","status":"publish","type":"page","link":"https:\/\/uniekeuitjesborculo.nl\/de\/museum-mehr\/","title":{"rendered":"Museum mehr"},"content":{"rendered":"<h2>Touren der anderen Art, kombiniert mit Museum Mehr<\/h2>\n<p>Die Achterhoek hat viel zu bieten, sowohl Natur als auch Kultur. Ein Rundgang durch das sch\u00f6ne Museum More mit Blick auf die sch\u00f6nen G\u00e4rten und die herrliche Umgebung von Ruurlo ist eines der Angebote, die wir machen.<\/p>\n<h2>\u00dcber das Museum:<\/h2>\n<p>Als gr\u00f6\u00dftes Museum des Modernen Realismus bildet die Kunstsammlung von Hans und Monique Melchers den Kern dieses Museums. Das Spezialmuseum hat zum Ziel, diese Sammlung, die einen wichtigen Teil unseres nationalen Kulturerbes darstellt, f\u00fcr k\u00fcnftige Generationen zu verwalten und sie dauerhaft einem breiten Publikum zug\u00e4nglich zu machen. Das Museum will die Wertsch\u00e4tzung f\u00fcr die herausragenden Leistungen des niederl\u00e4ndischen Realismus f\u00f6rdern. Der Schwerpunkt liegt dabei auf der Kunst des 20. Jahrhunderts und der Gegenwart. Neben der eigenen Sammlung gibt es st\u00e4ndig wechselnde Ausstellungen, die das unendlich reiche Spektrum der realistischen Kunst zeigen.<\/p>\n<p><a href=\"https:\/\/www.museummore.nl\"><img loading=\"lazy\" decoding=\"async\" class=\"alignnone wp-image-1307\" src=\"http:\/\/uniekeuitjesborculo.nl\/wp-content\/uploads\/2019\/05\/Museum-MORE-ext-dag-terras-foto-Imre-Csany-2000x1500-1024x768.jpg\" alt=\"Kombinieren Sie einen Besuch im Museum More mit einzigartigen Ausfl\u00fcgen\" width=\"555\" height=\"416\" srcset=\"https:\/\/uniekeuitjesborculo.nl\/wp-content\/uploads\/2019\/05\/Museum-MORE-ext-dag-terras-foto-Imre-Csany-2000x1500-1024x768.jpg 1024w, https:\/\/uniekeuitjesborculo.nl\/wp-content\/uploads\/2019\/05\/Museum-MORE-ext-dag-terras-foto-Imre-Csany-2000x1500-300x225.jpg 300w, https:\/\/uniekeuitjesborculo.nl\/wp-content\/uploads\/2019\/05\/Museum-MORE-ext-dag-terras-foto-Imre-Csany-2000x1500-768x576.jpg 768w, https:\/\/uniekeuitjesborculo.nl\/wp-content\/uploads\/2019\/05\/Museum-MORE-ext-dag-terras-foto-Imre-Csany-2000x1500-600x450.jpg 600w, https:\/\/uniekeuitjesborculo.nl\/wp-content\/uploads\/2019\/05\/Museum-MORE-ext-dag-terras-foto-Imre-Csany-2000x1500.jpg 2000w\" sizes=\"auto, (max-width: 555px) 100vw, 555px\" \/><\/a><\/p>\n<h4><strong>Einige unserer Aktivit\u00e4ten in Ruurlo:<\/strong><\/h4>\n<p>Unique Uitjes bietet sehr viele Aktivit\u00e4ten, Pakete und Ausfl\u00fcge in Ruurlo an. Dabei kann das Museum More nat\u00fcrlich eine gro\u00dfartige Erg\u00e4nzung zu all diesen sch\u00f6nen Routen und Aktivit\u00e4ten sein. Wir haben unseren Sitz in Laren, das etwa 15\/20 Autominuten von Ruurlo entfernt ist.<\/p>\n<p><a href=\"http:\/\/uniekeuitjesborculo.nl\"><img loading=\"lazy\" decoding=\"async\" class=\"alignnone wp-image-377\" src=\"http:\/\/uniekeuitjesborculo.nl\/wp-content\/uploads\/2019\/02\/site-login-logo.png\" alt=\"Sehen Sie sich das Museum More und seine Umgebung in Kombination mit unterhaltsamen Aktivit\u00e4ten an, siehe Unique Uitjes.nl\" width=\"571\" height=\"278\" srcset=\"https:\/\/uniekeuitjesborculo.nl\/wp-content\/uploads\/2019\/02\/site-login-logo.png 708w, https:\/\/uniekeuitjesborculo.nl\/wp-content\/uploads\/2019\/02\/site-login-logo-300x146.png 300w, https:\/\/uniekeuitjesborculo.nl\/wp-content\/uploads\/2019\/02\/site-login-logo-600x292.png 600w\" sizes=\"auto, (max-width: 571px) 100vw, 571px\" \/><\/a><\/p>\n","protected":false},"excerpt":{"rendered":"<p>Touren der anderen Art, kombiniert mit Museum Mehr Die Achterhoek hat viel zu bieten, sowohl Natur als auch Kultur. Ein Rundgang durch das sch\u00f6ne Museum More mit Blick auf die sch\u00f6nen G\u00e4rten und die herrliche Umgebung von Ruurlo ist eines der Angebote, die wir machen. \u00dcber das Museum: Als gr\u00f6\u00dftes Museum des Modernen Realismus bildet [&hellip;]<\/p>\n","protected":false},"author":1,"featured_media":0,"parent":0,"menu_order":0,"comment_status":"closed","ping_status":"closed","template":"","meta":{"_acf_changed":false,"_monsterinsights_skip_tracking":false,"_monsterinsights_sitenote_active":false,"_monsterinsights_sitenote_note":"","_monsterinsights_sitenote_category":0,"footnotes":""},"categories":[],"class_list":["post-11834","page","type-page","status-publish","hentry"],"acf":[],"yoast_head":"<!-- This site is optimized with the Yoast SEO plugin v27.5 - https:\/\/yoast.com\/product\/yoast-seo-wordpress\/ -->\n<title>Museum mehr - Uniekeuitjes Borculo<\/title>\n<meta name=\"description\" content=\"Eine Tour mit dem Chopper durch das sch\u00f6ne Museum More mit den sch\u00f6nen G\u00e4rten und der Umgebung von Ruurlo, m\u00f6glich bei Unique Outings.\" \/>\n<meta name=\"robots\" content=\"index, follow, max-snippet:-1, max-image-preview:large, max-video-preview:-1\" \/>\n<link rel=\"canonical\" href=\"https:\/\/uniekeuitjesborculo.nl\/de\/museum-mehr\/\" \/>\n<meta property=\"og:locale\" content=\"nl_NL\" \/>\n<meta property=\"og:type\" content=\"article\" \/>\n<meta property=\"og:title\" content=\"Museum mehr - Uniekeuitjes Borculo\" \/>\n<meta property=\"og:description\" content=\"Eine Tour mit dem Chopper durch das sch\u00f6ne Museum More mit den sch\u00f6nen G\u00e4rten und der Umgebung von Ruurlo, m\u00f6glich bei Unique Outings.\" \/>\n<meta property=\"og:url\" content=\"https:\/\/uniekeuitjesborculo.nl\/de\/museum-mehr\/\" \/>\n<meta property=\"og:site_name\" content=\"Uniekeuitjes Borculo\" \/>\n<meta property=\"article:publisher\" content=\"https:\/\/www.facebook.com\/uniekeuitjes.nl\" \/>\n<meta property=\"og:image\" content=\"http:\/\/uniekeuitjesborculo.nl\/wp-content\/uploads\/2019\/05\/Museum-MORE-ext-dag-terras-foto-Imre-Csany-2000x1500-1024x768.jpg\" \/>\n<meta name=\"twitter:card\" content=\"summary_large_image\" \/>\n<meta name=\"twitter:label1\" content=\"Geschatte leestijd\" \/>\n\t<meta name=\"twitter:data1\" content=\"1 minuut\" \/>\n<script type=\"application\/ld+json\" class=\"yoast-schema-graph\">{\"@context\":\"https:\\\/\\\/schema.org\",\"@graph\":[{\"@type\":\"WebPage\",\"@id\":\"https:\\\/\\\/uniekeuitjesborculo.nl\\\/de\\\/museum-mehr\\\/\",\"url\":\"https:\\\/\\\/uniekeuitjesborculo.nl\\\/de\\\/museum-mehr\\\/\",\"name\":\"Museum mehr - Uniekeuitjes Borculo\",\"isPartOf\":{\"@id\":\"https:\\\/\\\/uniekeuitjesborculo.nl\\\/de\\\/#website\"},\"primaryImageOfPage\":{\"@id\":\"https:\\\/\\\/uniekeuitjesborculo.nl\\\/de\\\/museum-mehr\\\/#primaryimage\"},\"image\":{\"@id\":\"https:\\\/\\\/uniekeuitjesborculo.nl\\\/de\\\/museum-mehr\\\/#primaryimage\"},\"thumbnailUrl\":\"http:\\\/\\\/uniekeuitjesborculo.nl\\\/wp-content\\\/uploads\\\/2019\\\/05\\\/Museum-MORE-ext-dag-terras-foto-Imre-Csany-2000x1500-1024x768.jpg\",\"datePublished\":\"2019-02-18T13:37:55+00:00\",\"description\":\"Eine Tour mit dem Chopper durch das sch\u00f6ne Museum More mit den sch\u00f6nen G\u00e4rten und der Umgebung von Ruurlo, m\u00f6glich bei Unique Outings.\",\"breadcrumb\":{\"@id\":\"https:\\\/\\\/uniekeuitjesborculo.nl\\\/de\\\/museum-mehr\\\/#breadcrumb\"},\"inLanguage\":\"nl-NL\",\"potentialAction\":[{\"@type\":\"ReadAction\",\"target\":[\"https:\\\/\\\/uniekeuitjesborculo.nl\\\/de\\\/museum-mehr\\\/\"]}]},{\"@type\":\"ImageObject\",\"inLanguage\":\"nl-NL\",\"@id\":\"https:\\\/\\\/uniekeuitjesborculo.nl\\\/de\\\/museum-mehr\\\/#primaryimage\",\"url\":\"http:\\\/\\\/uniekeuitjesborculo.nl\\\/wp-content\\\/uploads\\\/2019\\\/05\\\/Museum-MORE-ext-dag-terras-foto-Imre-Csany-2000x1500-1024x768.jpg\",\"contentUrl\":\"http:\\\/\\\/uniekeuitjesborculo.nl\\\/wp-content\\\/uploads\\\/2019\\\/05\\\/Museum-MORE-ext-dag-terras-foto-Imre-Csany-2000x1500-1024x768.jpg\"},{\"@type\":\"BreadcrumbList\",\"@id\":\"https:\\\/\\\/uniekeuitjesborculo.nl\\\/de\\\/museum-mehr\\\/#breadcrumb\",\"itemListElement\":[{\"@type\":\"ListItem\",\"position\":1,\"name\":\"Home\",\"item\":\"https:\\\/\\\/uniekeuitjesborculo.nl\\\/de\\\/\"},{\"@type\":\"ListItem\",\"position\":2,\"name\":\"Museum mehr\"}]},{\"@type\":\"WebSite\",\"@id\":\"https:\\\/\\\/uniekeuitjesborculo.nl\\\/de\\\/#website\",\"url\":\"https:\\\/\\\/uniekeuitjesborculo.nl\\\/de\\\/\",\"name\":\"Uniekeuitjes Borculo\",\"description\":\"Alles voor plezier, verbinding en ontspanning\",\"publisher\":{\"@id\":\"https:\\\/\\\/uniekeuitjesborculo.nl\\\/de\\\/#organization\"},\"potentialAction\":[{\"@type\":\"SearchAction\",\"target\":{\"@type\":\"EntryPoint\",\"urlTemplate\":\"https:\\\/\\\/uniekeuitjesborculo.nl\\\/de\\\/?s={search_term_string}\"},\"query-input\":{\"@type\":\"PropertyValueSpecification\",\"valueRequired\":true,\"valueName\":\"search_term_string\"}}],\"inLanguage\":\"nl-NL\"},{\"@type\":\"Organization\",\"@id\":\"https:\\\/\\\/uniekeuitjesborculo.nl\\\/de\\\/#organization\",\"name\":\"Unieke Uitjes\",\"url\":\"https:\\\/\\\/uniekeuitjesborculo.nl\\\/de\\\/\",\"logo\":{\"@type\":\"ImageObject\",\"inLanguage\":\"nl-NL\",\"@id\":\"https:\\\/\\\/uniekeuitjesborculo.nl\\\/de\\\/#\\\/schema\\\/logo\\\/image\\\/\",\"url\":\"http:\\\/\\\/uniekeuitjesborculo.nl\\\/wp-content\\\/uploads\\\/2019\\\/02\\\/site-login-logo.png\",\"contentUrl\":\"http:\\\/\\\/uniekeuitjesborculo.nl\\\/wp-content\\\/uploads\\\/2019\\\/02\\\/site-login-logo.png\",\"width\":708,\"height\":345,\"caption\":\"Unieke Uitjes\"},\"image\":{\"@id\":\"https:\\\/\\\/uniekeuitjesborculo.nl\\\/de\\\/#\\\/schema\\\/logo\\\/image\\\/\"},\"sameAs\":[\"https:\\\/\\\/www.facebook.com\\\/uniekeuitjes.nl\",\"https:\\\/\\\/www.instagram.com\\\/uniekeuitjes.nl\\\/\",\"https:\\\/\\\/www.linkedin.com\\\/company\\\/unieke-uitjes-nl\",\"https:\\\/\\\/www.youtube.com\\\/channel\\\/UCXwRXFWP_R0kxRAeL79FQfw\"]}]}<\/script>\n<!-- \/ Yoast SEO plugin. -->","yoast_head_json":{"title":"Museum mehr - Uniekeuitjes Borculo","description":"Eine Tour mit dem Chopper durch das sch\u00f6ne Museum More mit den sch\u00f6nen G\u00e4rten und der Umgebung von Ruurlo, m\u00f6glich bei Unique Outings.","robots":{"index":"index","follow":"follow","max-snippet":"max-snippet:-1","max-image-preview":"max-image-preview:large","max-video-preview":"max-video-preview:-1"},"canonical":"https:\/\/uniekeuitjesborculo.nl\/de\/museum-mehr\/","og_locale":"nl_NL","og_type":"article","og_title":"Museum mehr - Uniekeuitjes Borculo","og_description":"Eine Tour mit dem Chopper durch das sch\u00f6ne Museum More mit den sch\u00f6nen G\u00e4rten und der Umgebung von Ruurlo, m\u00f6glich bei Unique Outings.","og_url":"https:\/\/uniekeuitjesborculo.nl\/de\/museum-mehr\/","og_site_name":"Uniekeuitjes Borculo","article_publisher":"https:\/\/www.facebook.com\/uniekeuitjes.nl","og_image":[{"url":"http:\/\/uniekeuitjesborculo.nl\/wp-content\/uploads\/2019\/05\/Museum-MORE-ext-dag-terras-foto-Imre-Csany-2000x1500-1024x768.jpg","type":"","width":"","height":""}],"twitter_card":"summary_large_image","twitter_misc":{"Geschatte leestijd":"1 minuut"},"schema":{"@context":"https:\/\/schema.org","@graph":[{"@type":"WebPage","@id":"https:\/\/uniekeuitjesborculo.nl\/de\/museum-mehr\/","url":"https:\/\/uniekeuitjesborculo.nl\/de\/museum-mehr\/","name":"Museum mehr - Uniekeuitjes Borculo","isPartOf":{"@id":"https:\/\/uniekeuitjesborculo.nl\/de\/#website"},"primaryImageOfPage":{"@id":"https:\/\/uniekeuitjesborculo.nl\/de\/museum-mehr\/#primaryimage"},"image":{"@id":"https:\/\/uniekeuitjesborculo.nl\/de\/museum-mehr\/#primaryimage"},"thumbnailUrl":"http:\/\/uniekeuitjesborculo.nl\/wp-content\/uploads\/2019\/05\/Museum-MORE-ext-dag-terras-foto-Imre-Csany-2000x1500-1024x768.jpg","datePublished":"2019-02-18T13:37:55+00:00","description":"Eine Tour mit dem Chopper durch das sch\u00f6ne Museum More mit den sch\u00f6nen G\u00e4rten und der Umgebung von Ruurlo, m\u00f6glich bei Unique Outings.","breadcrumb":{"@id":"https:\/\/uniekeuitjesborculo.nl\/de\/museum-mehr\/#breadcrumb"},"inLanguage":"nl-NL","potentialAction":[{"@type":"ReadAction","target":["https:\/\/uniekeuitjesborculo.nl\/de\/museum-mehr\/"]}]},{"@type":"ImageObject","inLanguage":"nl-NL","@id":"https:\/\/uniekeuitjesborculo.nl\/de\/museum-mehr\/#primaryimage","url":"http:\/\/uniekeuitjesborculo.nl\/wp-content\/uploads\/2019\/05\/Museum-MORE-ext-dag-terras-foto-Imre-Csany-2000x1500-1024x768.jpg","contentUrl":"http:\/\/uniekeuitjesborculo.nl\/wp-content\/uploads\/2019\/05\/Museum-MORE-ext-dag-terras-foto-Imre-Csany-2000x1500-1024x768.jpg"},{"@type":"BreadcrumbList","@id":"https:\/\/uniekeuitjesborculo.nl\/de\/museum-mehr\/#breadcrumb","itemListElement":[{"@type":"ListItem","position":1,"name":"Home","item":"https:\/\/uniekeuitjesborculo.nl\/de\/"},{"@type":"ListItem","position":2,"name":"Museum mehr"}]},{"@type":"WebSite","@id":"https:\/\/uniekeuitjesborculo.nl\/de\/#website","url":"https:\/\/uniekeuitjesborculo.nl\/de\/","name":"Uniekeuitjes Borculo","description":"Alles voor plezier, verbinding en ontspanning","publisher":{"@id":"https:\/\/uniekeuitjesborculo.nl\/de\/#organization"},"potentialAction":[{"@type":"SearchAction","target":{"@type":"EntryPoint","urlTemplate":"https:\/\/uniekeuitjesborculo.nl\/de\/?s={search_term_string}"},"query-input":{"@type":"PropertyValueSpecification","valueRequired":true,"valueName":"search_term_string"}}],"inLanguage":"nl-NL"},{"@type":"Organization","@id":"https:\/\/uniekeuitjesborculo.nl\/de\/#organization","name":"Unieke Uitjes","url":"https:\/\/uniekeuitjesborculo.nl\/de\/","logo":{"@type":"ImageObject","inLanguage":"nl-NL","@id":"https:\/\/uniekeuitjesborculo.nl\/de\/#\/schema\/logo\/image\/","url":"http:\/\/uniekeuitjesborculo.nl\/wp-content\/uploads\/2019\/02\/site-login-logo.png","contentUrl":"http:\/\/uniekeuitjesborculo.nl\/wp-content\/uploads\/2019\/02\/site-login-logo.png","width":708,"height":345,"caption":"Unieke Uitjes"},"image":{"@id":"https:\/\/uniekeuitjesborculo.nl\/de\/#\/schema\/logo\/image\/"},"sameAs":["https:\/\/www.facebook.com\/uniekeuitjes.nl","https:\/\/www.instagram.com\/uniekeuitjes.nl\/","https:\/\/www.linkedin.com\/company\/unieke-uitjes-nl","https:\/\/www.youtube.com\/channel\/UCXwRXFWP_R0kxRAeL79FQfw"]}]}},"_links":{"self":[{"href":"https:\/\/uniekeuitjesborculo.nl\/de\/wp-json\/wp\/v2\/pages\/11834","targetHints":{"allow":["GET"]}}],"collection":[{"href":"https:\/\/uniekeuitjesborculo.nl\/de\/wp-json\/wp\/v2\/pages"}],"about":[{"href":"https:\/\/uniekeuitjesborculo.nl\/de\/wp-json\/wp\/v2\/types\/page"}],"author":[{"embeddable":true,"href":"https:\/\/uniekeuitjesborculo.nl\/de\/wp-json\/wp\/v2\/users\/1"}],"replies":[{"embeddable":true,"href":"https:\/\/uniekeuitjesborculo.nl\/de\/wp-json\/wp\/v2\/comments?post=11834"}],"version-history":[{"count":0,"href":"https:\/\/uniekeuitjesborculo.nl\/de\/wp-json\/wp\/v2\/pages\/11834\/revisions"}],"wp:attachment":[{"href":"https:\/\/uniekeuitjesborculo.nl\/de\/wp-json\/wp\/v2\/media?parent=11834"}],"wp:term":[{"taxonomy":"category","embeddable":true,"href":"https:\/\/uniekeuitjesborculo.nl\/de\/wp-json\/wp\/v2\/categories?post=11834"}],"curies":[{"name":"wp","href":"https:\/\/api.w.org\/{rel}","templated":true}]}}