{"id":11838,"date":"2019-02-18T12:46:29","date_gmt":"2019-02-18T12:46:29","guid":{"rendered":"http:\/\/uniekeuitjesborculo.nl\/junggesellenabschiede\/"},"modified":"2019-02-18T12:46:29","modified_gmt":"2019-02-18T12:46:29","slug":"junggesellenabschiede","status":"publish","type":"page","link":"https:\/\/uniekeuitjesborculo.nl\/de\/junggesellenabschiede\/","title":{"rendered":"Junggesellenabschiede"},"content":{"rendered":"<h2><strong>Lassen Sie uns Ihren Junggesellinnenabschied organisieren:  <\/strong><\/h2>\n<p>Sie wollen einen Junggesellenabschied organisieren, sehen aber den Wald vor lauter B\u00e4umen nicht? Sie haben wenig Zeit, etwas zu arrangieren, oder schaffen es nicht, einen abwechslungsreichen Tag innerhalb eines bestimmten Budgets zu gestalten? Lassen Sie uns Ihren Junggesellinnenabschied organisieren! F\u00fcr einen angemessenen Preis arrangieren wir einen Tag voller abwechslungsreicher Aktivit\u00e4ten, die auf Wunsch auch Essen und Getr\u00e4nke beinhalten. So gibt es hinterher keine \u00dcberraschungen und alles ist f\u00fcr Sie erledigt.<\/p>\n<p>&nbsp;<\/p>\n<h3><strong>Sie geben folgende Informationen zu Ihrem Junggesellenabschied an:<\/strong><\/h3>\n<ul>\n<li>Wie viele Personen,<\/li>\n<li>Datum,<\/li>\n<li>Startzeit des Programms und gew\u00fcnschte Endzeit des Programms.<\/li>\n<li>Haushalt<\/li>\n<li>Besondere Anfragen<\/li>\n<\/ul>\n<p>&nbsp;<\/p>\n<p>&nbsp;<\/p>\n<h3><strong>Beispiele f\u00fcr Aktivit\u00e4ten:<\/strong><\/h3>\n<p>Sie werden mit Ihren Freunden mit einer Tasse Kaffee und einigen Leckereien begr\u00fc\u00dft, nach einer Erkl\u00e4rung gehen Sie auf eine sch\u00f6ne Tour auf unseren <a href=\"http:\/\/uniekeuitjesborculo.nl\/uitje\/solex-huren-solexverhuur\/\">Solexen<\/a>, <a href=\"http:\/\/uniekeuitjesborculo.nl\/uitje\/echopper-huren\/\">Choppern<\/a> oder in unserem <a href=\"http:\/\/uniekeuitjesborculo.nl\/uitje\/tuktuk-huren\/\">Tuktuk<\/a>. Nach diesem Ausflug k\u00f6nnen Sie Kajak fahren, Laser-Gaming betreiben oder mit elektronischen Flinten auf Tontauben schie\u00dfen. Wie w\u00e4re es mit einem Indoor-Hexathlon, einer Tandemfahrt auf unseren Cruiser-Tandems, einem Workshop, einer Runde Go-Kart, einem Beauty-Paket, einem Workshop mit dem ber\u00fchmten Maler PeKo oder einem High Tea? Alles ist m\u00f6glich. Und das sind nur einige Beispiele. Nach den Aktivit\u00e4ten ist es Zeit f\u00fcr ein sch\u00f6nes Abendessen und nat\u00fcrlich f\u00fcr eine Party.<\/p>\n<p>M\u00f6gliche Arrangements finden Sie <a href=\"http:\/\/uniekeuitjesborculo.nl\/arrangementen\/\">hier<\/a>. Nat\u00fcrlich k\u00f6nnen wir auch Pakete aus anderen Aktivit\u00e4ten zusammenstellen.<\/p>\n<p>&nbsp;<\/p>\n<h3><strong>Beispiele f\u00fcr das Angebot an Speisen und Getr\u00e4nken:<\/strong><\/h3>\n<p>Grillpakete k\u00f6nnen wir bereits ab 21,75 \u20ac bei Ihnen vor Ort oder bei 1 unserer befreundeten Gastronomiebetriebe anbieten. Die Pakete und Angebote sind f\u00fcr jeden Wohnsitz unterschiedlich. So k\u00f6nnen wir lustige und abwechslungsreiche Arrangements zusammenstellen. Getr\u00e4nke inbegriffen? Ein BBQ oder Buffet inklusive 4 Stunden Getr\u00e4nke (einheimische Spirituosen) gibt es ab 32 \u20ac pro Person. Sie ben\u00f6tigen kein unbegrenztes Getr\u00e4nkepaket? Wir k\u00f6nnen auch ein Paket mit z.B. 3 Getr\u00e4nken anbieten. Nat\u00fcrlich bieten wir viel mehr als nur BBQ-Pakete. Daran kann man denken:<\/p>\n<ul>\n<li>Buffets (Eintopf, Vorspeisen, Tapas, Sandwiches, Desserts und sehr luxuri\u00f6se Buffets)<\/li>\n<li>Unbegrenzte Anzahl von Tapas (Sharing-Konzept)<\/li>\n<li>Walking Dinner (Sie essen Ihre Vorspeise, Ihr Abendessen und Ihr Dessert immer in einem anderen Restaurant, das zu Fu\u00df erreichbar ist)<\/li>\n<li>BBQ-Paket mit hauseigenem Chefkoch.<\/li>\n<li>Pizzaverkostung (jedes Mal probieren Sie in der Gruppe verschiedene Pizzen)<\/li>\n<\/ul>\n<p>F\u00fcr das Essen und die Getr\u00e4nke haben wir f\u00fcr Sie sehr wettbewerbsf\u00e4hige Preisvereinbarungen mit verschiedenen Gastronomiebetrieben getroffen. Sie geben Ihren Wunsch an und wir k\u00fcmmern uns darum. Die Preise f\u00fcr Speisen und Getr\u00e4nke finden Sie am Ende der <a href=\"http:\/\/uniekeuitjesborculo.nl\/prijzen\/\">Seite &#8220;Preise&#8221;<\/a>.<\/p>\n<p>&nbsp;<\/p>\n<h3><strong>Junggesellenabschiede f\u00fcr jedes Budget:<\/strong><\/h3>\n<p>Ein Junggesellenabschied kann mit einem kleinen Budget stattfinden, aber wir k\u00f6nnen auch ganz gro\u00df rauskommen &#8211; es liegt ganz bei Ihnen. In der Tat k\u00f6nnen wir alles arrangieren, was Sie w\u00fcnschen, wir haben eine breite Palette von Aktivit\u00e4ten. Ein All-in-Junggesellenabschied beginnt bei 70 Euro, mehrere Aktivit\u00e4ten machen ihn nat\u00fcrlich teurer. Weitere Informationen finden Sie auf der Registerkarte &#8220;Preise&#8221;.<\/p>\n<p>&nbsp;<\/p>\n<p>Noch Fragen? Rufen Sie an oder schicken Sie eine E-Mail an info@uniekeuitjesborculo.nl oder 0573-740004<\/p>\n<div>Die genauen Preise\/Arrangements entnehmen Sie bitte der Registerkarte<a href=\"http:\/\/uniekeuitjesborculo.nl\/prijzen\/\">&#8220;Preise<\/a>&#8220;.<\/div>\n<p>&nbsp;<\/p>\n<p>&nbsp;<\/p>\n","protected":false},"excerpt":{"rendered":"<p>Lassen Sie uns Ihren Junggesellinnenabschied organisieren: Sie wollen einen Junggesellenabschied organisieren, sehen aber den Wald vor lauter B\u00e4umen nicht? Sie haben wenig Zeit, etwas zu arrangieren, oder schaffen es nicht, einen abwechslungsreichen Tag innerhalb eines bestimmten Budgets zu gestalten? Lassen Sie uns Ihren Junggesellinnenabschied organisieren! F\u00fcr einen angemessenen Preis arrangieren wir einen Tag voller abwechslungsreicher [&hellip;]<\/p>\n","protected":false},"author":1,"featured_media":0,"parent":0,"menu_order":0,"comment_status":"closed","ping_status":"closed","template":"","meta":{"_acf_changed":false,"_monsterinsights_skip_tracking":false,"_monsterinsights_sitenote_active":false,"_monsterinsights_sitenote_note":"","_monsterinsights_sitenote_category":0,"footnotes":""},"categories":[73],"class_list":["post-11838","page","type-page","status-publish","hentry","category-zielseite"],"acf":[],"yoast_head":"<!-- This site is optimized with the Yoast SEO plugin v27.5 - https:\/\/yoast.com\/product\/yoast-seo-wordpress\/ -->\n<title>Junggesellenabschiede - Uniekeuitjes Borculo<\/title>\n<meta name=\"description\" content=\"Junggesellenabschiede bei Unique Outings sind der gr\u00f6\u00dfte Spa\u00df. Hubschrauber fahren, Tuktuk fahren oder\/und Lasergames und nat\u00fcrlich Snacks und Getr\u00e4nke.\" \/>\n<meta name=\"robots\" content=\"index, follow, max-snippet:-1, max-image-preview:large, max-video-preview:-1\" \/>\n<link rel=\"canonical\" href=\"https:\/\/uniekeuitjesborculo.nl\/de\/junggesellenabschiede\/\" \/>\n<meta property=\"og:locale\" content=\"nl_NL\" \/>\n<meta property=\"og:type\" content=\"article\" \/>\n<meta property=\"og:title\" content=\"Junggesellenabschiede - Uniekeuitjes Borculo\" \/>\n<meta property=\"og:description\" content=\"Junggesellenabschiede bei Unique Outings sind der gr\u00f6\u00dfte Spa\u00df. Hubschrauber fahren, Tuktuk fahren oder\/und Lasergames und nat\u00fcrlich Snacks und Getr\u00e4nke.\" \/>\n<meta property=\"og:url\" content=\"https:\/\/uniekeuitjesborculo.nl\/de\/junggesellenabschiede\/\" \/>\n<meta property=\"og:site_name\" content=\"Uniekeuitjes Borculo\" \/>\n<meta property=\"article:publisher\" content=\"https:\/\/www.facebook.com\/uniekeuitjes.nl\" \/>\n<meta name=\"twitter:card\" content=\"summary_large_image\" \/>\n<meta name=\"twitter:label1\" content=\"Geschatte leestijd\" \/>\n\t<meta name=\"twitter:data1\" content=\"3 minuten\" \/>\n<script type=\"application\/ld+json\" class=\"yoast-schema-graph\">{\"@context\":\"https:\\\/\\\/schema.org\",\"@graph\":[{\"@type\":\"WebPage\",\"@id\":\"https:\\\/\\\/uniekeuitjesborculo.nl\\\/de\\\/junggesellenabschiede\\\/\",\"url\":\"https:\\\/\\\/uniekeuitjesborculo.nl\\\/de\\\/junggesellenabschiede\\\/\",\"name\":\"Junggesellenabschiede - Uniekeuitjes Borculo\",\"isPartOf\":{\"@id\":\"https:\\\/\\\/uniekeuitjesborculo.nl\\\/de\\\/#website\"},\"datePublished\":\"2019-02-18T12:46:29+00:00\",\"description\":\"Junggesellenabschiede bei Unique Outings sind der gr\u00f6\u00dfte Spa\u00df. Hubschrauber fahren, Tuktuk fahren oder\\\/und Lasergames und nat\u00fcrlich Snacks und Getr\u00e4nke.\",\"breadcrumb\":{\"@id\":\"https:\\\/\\\/uniekeuitjesborculo.nl\\\/de\\\/junggesellenabschiede\\\/#breadcrumb\"},\"inLanguage\":\"nl-NL\",\"potentialAction\":[{\"@type\":\"ReadAction\",\"target\":[\"https:\\\/\\\/uniekeuitjesborculo.nl\\\/de\\\/junggesellenabschiede\\\/\"]}]},{\"@type\":\"BreadcrumbList\",\"@id\":\"https:\\\/\\\/uniekeuitjesborculo.nl\\\/de\\\/junggesellenabschiede\\\/#breadcrumb\",\"itemListElement\":[{\"@type\":\"ListItem\",\"position\":1,\"name\":\"Home\",\"item\":\"https:\\\/\\\/uniekeuitjesborculo.nl\\\/de\\\/\"},{\"@type\":\"ListItem\",\"position\":2,\"name\":\"Junggesellenabschiede\"}]},{\"@type\":\"WebSite\",\"@id\":\"https:\\\/\\\/uniekeuitjesborculo.nl\\\/de\\\/#website\",\"url\":\"https:\\\/\\\/uniekeuitjesborculo.nl\\\/de\\\/\",\"name\":\"Uniekeuitjes Borculo\",\"description\":\"Alles voor plezier, verbinding en ontspanning\",\"publisher\":{\"@id\":\"https:\\\/\\\/uniekeuitjesborculo.nl\\\/de\\\/#organization\"},\"potentialAction\":[{\"@type\":\"SearchAction\",\"target\":{\"@type\":\"EntryPoint\",\"urlTemplate\":\"https:\\\/\\\/uniekeuitjesborculo.nl\\\/de\\\/?s={search_term_string}\"},\"query-input\":{\"@type\":\"PropertyValueSpecification\",\"valueRequired\":true,\"valueName\":\"search_term_string\"}}],\"inLanguage\":\"nl-NL\"},{\"@type\":\"Organization\",\"@id\":\"https:\\\/\\\/uniekeuitjesborculo.nl\\\/de\\\/#organization\",\"name\":\"Unieke Uitjes\",\"url\":\"https:\\\/\\\/uniekeuitjesborculo.nl\\\/de\\\/\",\"logo\":{\"@type\":\"ImageObject\",\"inLanguage\":\"nl-NL\",\"@id\":\"https:\\\/\\\/uniekeuitjesborculo.nl\\\/de\\\/#\\\/schema\\\/logo\\\/image\\\/\",\"url\":\"http:\\\/\\\/uniekeuitjesborculo.nl\\\/wp-content\\\/uploads\\\/2019\\\/02\\\/site-login-logo.png\",\"contentUrl\":\"http:\\\/\\\/uniekeuitjesborculo.nl\\\/wp-content\\\/uploads\\\/2019\\\/02\\\/site-login-logo.png\",\"width\":708,\"height\":345,\"caption\":\"Unieke Uitjes\"},\"image\":{\"@id\":\"https:\\\/\\\/uniekeuitjesborculo.nl\\\/de\\\/#\\\/schema\\\/logo\\\/image\\\/\"},\"sameAs\":[\"https:\\\/\\\/www.facebook.com\\\/uniekeuitjes.nl\",\"https:\\\/\\\/www.instagram.com\\\/uniekeuitjes.nl\\\/\",\"https:\\\/\\\/www.linkedin.com\\\/company\\\/unieke-uitjes-nl\",\"https:\\\/\\\/www.youtube.com\\\/channel\\\/UCXwRXFWP_R0kxRAeL79FQfw\"]}]}<\/script>\n<!-- \/ Yoast SEO plugin. -->","yoast_head_json":{"title":"Junggesellenabschiede - Uniekeuitjes Borculo","description":"Junggesellenabschiede bei Unique Outings sind der gr\u00f6\u00dfte Spa\u00df. Hubschrauber fahren, Tuktuk fahren oder\/und Lasergames und nat\u00fcrlich Snacks und Getr\u00e4nke.","robots":{"index":"index","follow":"follow","max-snippet":"max-snippet:-1","max-image-preview":"max-image-preview:large","max-video-preview":"max-video-preview:-1"},"canonical":"https:\/\/uniekeuitjesborculo.nl\/de\/junggesellenabschiede\/","og_locale":"nl_NL","og_type":"article","og_title":"Junggesellenabschiede - Uniekeuitjes Borculo","og_description":"Junggesellenabschiede bei Unique Outings sind der gr\u00f6\u00dfte Spa\u00df. Hubschrauber fahren, Tuktuk fahren oder\/und Lasergames und nat\u00fcrlich Snacks und Getr\u00e4nke.","og_url":"https:\/\/uniekeuitjesborculo.nl\/de\/junggesellenabschiede\/","og_site_name":"Uniekeuitjes Borculo","article_publisher":"https:\/\/www.facebook.com\/uniekeuitjes.nl","twitter_card":"summary_large_image","twitter_misc":{"Geschatte leestijd":"3 minuten"},"schema":{"@context":"https:\/\/schema.org","@graph":[{"@type":"WebPage","@id":"https:\/\/uniekeuitjesborculo.nl\/de\/junggesellenabschiede\/","url":"https:\/\/uniekeuitjesborculo.nl\/de\/junggesellenabschiede\/","name":"Junggesellenabschiede - Uniekeuitjes Borculo","isPartOf":{"@id":"https:\/\/uniekeuitjesborculo.nl\/de\/#website"},"datePublished":"2019-02-18T12:46:29+00:00","description":"Junggesellenabschiede bei Unique Outings sind der gr\u00f6\u00dfte Spa\u00df. Hubschrauber fahren, Tuktuk fahren oder\/und Lasergames und nat\u00fcrlich Snacks und Getr\u00e4nke.","breadcrumb":{"@id":"https:\/\/uniekeuitjesborculo.nl\/de\/junggesellenabschiede\/#breadcrumb"},"inLanguage":"nl-NL","potentialAction":[{"@type":"ReadAction","target":["https:\/\/uniekeuitjesborculo.nl\/de\/junggesellenabschiede\/"]}]},{"@type":"BreadcrumbList","@id":"https:\/\/uniekeuitjesborculo.nl\/de\/junggesellenabschiede\/#breadcrumb","itemListElement":[{"@type":"ListItem","position":1,"name":"Home","item":"https:\/\/uniekeuitjesborculo.nl\/de\/"},{"@type":"ListItem","position":2,"name":"Junggesellenabschiede"}]},{"@type":"WebSite","@id":"https:\/\/uniekeuitjesborculo.nl\/de\/#website","url":"https:\/\/uniekeuitjesborculo.nl\/de\/","name":"Uniekeuitjes Borculo","description":"Alles voor plezier, verbinding en ontspanning","publisher":{"@id":"https:\/\/uniekeuitjesborculo.nl\/de\/#organization"},"potentialAction":[{"@type":"SearchAction","target":{"@type":"EntryPoint","urlTemplate":"https:\/\/uniekeuitjesborculo.nl\/de\/?s={search_term_string}"},"query-input":{"@type":"PropertyValueSpecification","valueRequired":true,"valueName":"search_term_string"}}],"inLanguage":"nl-NL"},{"@type":"Organization","@id":"https:\/\/uniekeuitjesborculo.nl\/de\/#organization","name":"Unieke Uitjes","url":"https:\/\/uniekeuitjesborculo.nl\/de\/","logo":{"@type":"ImageObject","inLanguage":"nl-NL","@id":"https:\/\/uniekeuitjesborculo.nl\/de\/#\/schema\/logo\/image\/","url":"http:\/\/uniekeuitjesborculo.nl\/wp-content\/uploads\/2019\/02\/site-login-logo.png","contentUrl":"http:\/\/uniekeuitjesborculo.nl\/wp-content\/uploads\/2019\/02\/site-login-logo.png","width":708,"height":345,"caption":"Unieke Uitjes"},"image":{"@id":"https:\/\/uniekeuitjesborculo.nl\/de\/#\/schema\/logo\/image\/"},"sameAs":["https:\/\/www.facebook.com\/uniekeuitjes.nl","https:\/\/www.instagram.com\/uniekeuitjes.nl\/","https:\/\/www.linkedin.com\/company\/unieke-uitjes-nl","https:\/\/www.youtube.com\/channel\/UCXwRXFWP_R0kxRAeL79FQfw"]}]}},"_links":{"self":[{"href":"https:\/\/uniekeuitjesborculo.nl\/de\/wp-json\/wp\/v2\/pages\/11838","targetHints":{"allow":["GET"]}}],"collection":[{"href":"https:\/\/uniekeuitjesborculo.nl\/de\/wp-json\/wp\/v2\/pages"}],"about":[{"href":"https:\/\/uniekeuitjesborculo.nl\/de\/wp-json\/wp\/v2\/types\/page"}],"author":[{"embeddable":true,"href":"https:\/\/uniekeuitjesborculo.nl\/de\/wp-json\/wp\/v2\/users\/1"}],"replies":[{"embeddable":true,"href":"https:\/\/uniekeuitjesborculo.nl\/de\/wp-json\/wp\/v2\/comments?post=11838"}],"version-history":[{"count":0,"href":"https:\/\/uniekeuitjesborculo.nl\/de\/wp-json\/wp\/v2\/pages\/11838\/revisions"}],"wp:attachment":[{"href":"https:\/\/uniekeuitjesborculo.nl\/de\/wp-json\/wp\/v2\/media?parent=11838"}],"wp:term":[{"taxonomy":"category","embeddable":true,"href":"https:\/\/uniekeuitjesborculo.nl\/de\/wp-json\/wp\/v2\/categories?post=11838"}],"curies":[{"name":"wp","href":"https:\/\/api.w.org\/{rel}","templated":true}]}}