{"id":11839,"date":"2019-02-18T12:44:02","date_gmt":"2019-02-18T12:44:02","guid":{"rendered":"http:\/\/uniekeuitjesborculo.nl\/familienausfluege\/"},"modified":"2019-02-18T12:44:02","modified_gmt":"2019-02-18T12:44:02","slug":"familienausfluege","status":"publish","type":"page","link":"https:\/\/uniekeuitjesborculo.nl\/de\/familienausfluege\/","title":{"rendered":"Familienausfl\u00fcge"},"content":{"rendered":"<h2>Familienausfl\u00fcge:<\/h2>\n<p>Ein Familientag, ein Familienausflug oder ein Familientreffen macht viel mehr Spa\u00df, wenn eine Aktivit\u00e4t dabei ist. Eine Aktivit\u00e4t lockert den Tag auf und l\u00e4sst Sie als Familie n\u00e4her zusammenr\u00fccken. Machen Sie demn\u00e4chst einen Familienausflug und suchen Sie eine lustige Aktivit\u00e4t? Oder ein sch\u00f6nes Paket mit Essen und Getr\u00e4nken? Wir k\u00f6nnen Ihnen dabei helfen.<\/p>\n<p>&nbsp;<\/p>\n<h2>Welche Aktivit\u00e4t f\u00fcr Ihren Familienausflug?<\/h2>\n<p>Um eine gute Aktivit\u00e4t zusammenzustellen, ist es wichtig, die Gruppenzusammensetzung und die W\u00fcnsche Ihrer Familie zu kennen. Einige Schl\u00fcsselfragen?<\/p>\n<p>&#8211; Wie viele (junge) Kinder\/ Wie viele \u00e4ltere Menschen?<\/p>\n<p>&#8211; Gibt es Familienmitglieder mit Behinderungen?<\/p>\n<p>&#8211; Wie hoch ist das Budget?<\/p>\n<p>&#8211; M\u00f6chten Sie auch ein Buffet oder ein Getr\u00e4nkepaket dazu haben?<\/p>\n<p>&#8211; M\u00f6chten Sie eine Aktivit\u00e4t drinnen oder drau\u00dfen durchf\u00fchren?<\/p>\n<p>&#8211; Wie lange kann die Aktivit\u00e4t dauern?<\/p>\n<p>&nbsp;<\/p>\n<div id=\"attachment_1897\" class=\"wp-caption alignnone\">\n<p class=\"wp-caption-text\">Buchen Sie die besten Familienausfl\u00fcge und Aktivit\u00e4ten bei uns.<\/p>\n<p>F\u00fcr Familienausfl\u00fcge bietet sich eine Fahrt mit dem E-Chopper oder mit dem TukTuk an. Aber auch ein Hexathlon, eine Spielshow oder ein Lasergame sind unglaublich lustige Aktivit\u00e4ten f\u00fcr Ihr Familienfest. Wir denken gerne mit Ihnen mit, um die f\u00fcr Sie am besten geeignete Aktivit\u00e4t zu finden.<\/p>\n<\/div>\n<p>&nbsp;<\/p>\n<p>In der Tat ist alles m\u00f6glich. Wir arbeiten mit einer gro\u00dfen Gruppe von Gastronomiebetrieben zusammen, von denen jeder seine eigenen Spezialit\u00e4ten hat. So haben Sie eine gro\u00dfe Auswahl an Vorspeisen, Buffets, BBQ-Arrangements, Getr\u00e4nkepaketen usw.<\/p>\n<p>&nbsp;<\/p>\n<p>Alle Buffets bei Familienausfl\u00fcgen k\u00f6nnen bei Ihnen vor Ort oder in einem \u00f6rtlichen Gastronomiebetrieb organisiert werden (das Angebot variiert je nach Betrieb\/Standort). Vereinbaren Sie auch einen Preis f\u00fcr Getr\u00e4nke im Voraus? Sie k\u00f6nnen. Sie k\u00f6nnen mit Jetons arbeiten oder Getr\u00e4nke freikaufen. In den meisten Lokalen k\u00f6nnen Getr\u00e4nke f\u00fcr 4 Stunden f\u00fcr etwa 20 Euro pro Person gekauft werden (Bier, Wein, alkoholfreie Getr\u00e4nke, einheimische Spirituosen).<\/p>\n<p>&nbsp;<\/p>\n<p>Wir wollen mit Ihnen mitdenken. Familienausfl\u00fcge? Einzigartige Ausfl\u00fcge!<\/p>\n<div>Die genauen Preise\/Arrangements f\u00fcr Ihren Familienausflug finden Sie unter der Registerkarte &#8220;Preise&#8221;.<\/div>\n<div><\/div>\n<div><\/div>\n<div><\/div>\n<div>Sie k\u00f6nnen auch eine E-Mail an: <strong><br \/>\n  <a href=\"http:\/\/Info@uniekeuitjesborculo.nl\/\">info@ Unique Outings .co.uk<\/a><br \/>\n<\/strong><\/div>\n<div>Oder rufen Sie <strong>0573-740004<\/strong> an.<\/div>\n<div><\/div>\n<div><\/div>\n<div><\/div>\n<div id=\"attachment_967\" class=\"wp-caption alignnone\"><\/div>\n<div><\/div>\n","protected":false},"excerpt":{"rendered":"<p>Familienausfl\u00fcge: Ein Familientag, ein Familienausflug oder ein Familientreffen macht viel mehr Spa\u00df, wenn eine Aktivit\u00e4t dabei ist. Eine Aktivit\u00e4t lockert den Tag auf und l\u00e4sst Sie als Familie n\u00e4her zusammenr\u00fccken. Machen Sie demn\u00e4chst einen Familienausflug und suchen Sie eine lustige Aktivit\u00e4t? Oder ein sch\u00f6nes Paket mit Essen und Getr\u00e4nken? Wir k\u00f6nnen Ihnen dabei helfen. &nbsp; [&hellip;]<\/p>\n","protected":false},"author":1,"featured_media":0,"parent":0,"menu_order":0,"comment_status":"closed","ping_status":"closed","template":"","meta":{"_acf_changed":false,"_monsterinsights_skip_tracking":false,"_monsterinsights_sitenote_active":false,"_monsterinsights_sitenote_note":"","_monsterinsights_sitenote_category":0,"footnotes":""},"categories":[73],"class_list":["post-11839","page","type-page","status-publish","hentry","category-zielseite"],"acf":[],"yoast_head":"<!-- This site is optimized with the Yoast SEO plugin v27.5 - https:\/\/yoast.com\/product\/yoast-seo-wordpress\/ -->\n<title>Familienausfl\u00fcge - Uniekeuitjes Borculo<\/title>\n<meta name=\"robots\" content=\"index, follow, max-snippet:-1, max-image-preview:large, max-video-preview:-1\" \/>\n<link rel=\"canonical\" href=\"https:\/\/uniekeuitjesborculo.nl\/de\/familienausfluege\/\" \/>\n<meta property=\"og:locale\" content=\"nl_NL\" \/>\n<meta property=\"og:type\" content=\"article\" \/>\n<meta property=\"og:title\" content=\"Familienausfl\u00fcge - Uniekeuitjes Borculo\" \/>\n<meta property=\"og:description\" content=\"Familienausfl\u00fcge: Ein Familientag, ein Familienausflug oder ein Familientreffen macht viel mehr Spa\u00df, wenn eine Aktivit\u00e4t dabei ist. Eine Aktivit\u00e4t lockert den Tag auf und l\u00e4sst Sie als Familie n\u00e4her zusammenr\u00fccken. Machen Sie demn\u00e4chst einen Familienausflug und suchen Sie eine lustige Aktivit\u00e4t? Oder ein sch\u00f6nes Paket mit Essen und Getr\u00e4nken? Wir k\u00f6nnen Ihnen dabei helfen. &nbsp; [&hellip;]\" \/>\n<meta property=\"og:url\" content=\"https:\/\/uniekeuitjesborculo.nl\/de\/familienausfluege\/\" \/>\n<meta property=\"og:site_name\" content=\"Uniekeuitjes Borculo\" \/>\n<meta property=\"article:publisher\" content=\"https:\/\/www.facebook.com\/uniekeuitjes.nl\" \/>\n<meta name=\"twitter:card\" content=\"summary_large_image\" \/>\n<meta name=\"twitter:label1\" content=\"Geschatte leestijd\" \/>\n\t<meta name=\"twitter:data1\" content=\"2 minuten\" \/>\n<script type=\"application\/ld+json\" class=\"yoast-schema-graph\">{\"@context\":\"https:\\\/\\\/schema.org\",\"@graph\":[{\"@type\":\"WebPage\",\"@id\":\"https:\\\/\\\/uniekeuitjesborculo.nl\\\/de\\\/familienausfluege\\\/\",\"url\":\"https:\\\/\\\/uniekeuitjesborculo.nl\\\/de\\\/familienausfluege\\\/\",\"name\":\"Familienausfl\u00fcge - Uniekeuitjes Borculo\",\"isPartOf\":{\"@id\":\"https:\\\/\\\/uniekeuitjesborculo.nl\\\/de\\\/#website\"},\"datePublished\":\"2019-02-18T12:44:02+00:00\",\"breadcrumb\":{\"@id\":\"https:\\\/\\\/uniekeuitjesborculo.nl\\\/de\\\/familienausfluege\\\/#breadcrumb\"},\"inLanguage\":\"nl-NL\",\"potentialAction\":[{\"@type\":\"ReadAction\",\"target\":[\"https:\\\/\\\/uniekeuitjesborculo.nl\\\/de\\\/familienausfluege\\\/\"]}]},{\"@type\":\"BreadcrumbList\",\"@id\":\"https:\\\/\\\/uniekeuitjesborculo.nl\\\/de\\\/familienausfluege\\\/#breadcrumb\",\"itemListElement\":[{\"@type\":\"ListItem\",\"position\":1,\"name\":\"Home\",\"item\":\"https:\\\/\\\/uniekeuitjesborculo.nl\\\/de\\\/\"},{\"@type\":\"ListItem\",\"position\":2,\"name\":\"Familienausfl\u00fcge\"}]},{\"@type\":\"WebSite\",\"@id\":\"https:\\\/\\\/uniekeuitjesborculo.nl\\\/de\\\/#website\",\"url\":\"https:\\\/\\\/uniekeuitjesborculo.nl\\\/de\\\/\",\"name\":\"Uniekeuitjes Borculo\",\"description\":\"Alles voor plezier, verbinding en ontspanning\",\"publisher\":{\"@id\":\"https:\\\/\\\/uniekeuitjesborculo.nl\\\/de\\\/#organization\"},\"potentialAction\":[{\"@type\":\"SearchAction\",\"target\":{\"@type\":\"EntryPoint\",\"urlTemplate\":\"https:\\\/\\\/uniekeuitjesborculo.nl\\\/de\\\/?s={search_term_string}\"},\"query-input\":{\"@type\":\"PropertyValueSpecification\",\"valueRequired\":true,\"valueName\":\"search_term_string\"}}],\"inLanguage\":\"nl-NL\"},{\"@type\":\"Organization\",\"@id\":\"https:\\\/\\\/uniekeuitjesborculo.nl\\\/de\\\/#organization\",\"name\":\"Unieke Uitjes\",\"url\":\"https:\\\/\\\/uniekeuitjesborculo.nl\\\/de\\\/\",\"logo\":{\"@type\":\"ImageObject\",\"inLanguage\":\"nl-NL\",\"@id\":\"https:\\\/\\\/uniekeuitjesborculo.nl\\\/de\\\/#\\\/schema\\\/logo\\\/image\\\/\",\"url\":\"http:\\\/\\\/uniekeuitjesborculo.nl\\\/wp-content\\\/uploads\\\/2019\\\/02\\\/site-login-logo.png\",\"contentUrl\":\"http:\\\/\\\/uniekeuitjesborculo.nl\\\/wp-content\\\/uploads\\\/2019\\\/02\\\/site-login-logo.png\",\"width\":708,\"height\":345,\"caption\":\"Unieke Uitjes\"},\"image\":{\"@id\":\"https:\\\/\\\/uniekeuitjesborculo.nl\\\/de\\\/#\\\/schema\\\/logo\\\/image\\\/\"},\"sameAs\":[\"https:\\\/\\\/www.facebook.com\\\/uniekeuitjes.nl\",\"https:\\\/\\\/www.instagram.com\\\/uniekeuitjes.nl\\\/\",\"https:\\\/\\\/www.linkedin.com\\\/company\\\/unieke-uitjes-nl\",\"https:\\\/\\\/www.youtube.com\\\/channel\\\/UCXwRXFWP_R0kxRAeL79FQfw\"]}]}<\/script>\n<!-- \/ Yoast SEO plugin. -->","yoast_head_json":{"title":"Familienausfl\u00fcge - Uniekeuitjes Borculo","robots":{"index":"index","follow":"follow","max-snippet":"max-snippet:-1","max-image-preview":"max-image-preview:large","max-video-preview":"max-video-preview:-1"},"canonical":"https:\/\/uniekeuitjesborculo.nl\/de\/familienausfluege\/","og_locale":"nl_NL","og_type":"article","og_title":"Familienausfl\u00fcge - Uniekeuitjes Borculo","og_description":"Familienausfl\u00fcge: Ein Familientag, ein Familienausflug oder ein Familientreffen macht viel mehr Spa\u00df, wenn eine Aktivit\u00e4t dabei ist. Eine Aktivit\u00e4t lockert den Tag auf und l\u00e4sst Sie als Familie n\u00e4her zusammenr\u00fccken. Machen Sie demn\u00e4chst einen Familienausflug und suchen Sie eine lustige Aktivit\u00e4t? Oder ein sch\u00f6nes Paket mit Essen und Getr\u00e4nken? Wir k\u00f6nnen Ihnen dabei helfen. &nbsp; [&hellip;]","og_url":"https:\/\/uniekeuitjesborculo.nl\/de\/familienausfluege\/","og_site_name":"Uniekeuitjes Borculo","article_publisher":"https:\/\/www.facebook.com\/uniekeuitjes.nl","twitter_card":"summary_large_image","twitter_misc":{"Geschatte leestijd":"2 minuten"},"schema":{"@context":"https:\/\/schema.org","@graph":[{"@type":"WebPage","@id":"https:\/\/uniekeuitjesborculo.nl\/de\/familienausfluege\/","url":"https:\/\/uniekeuitjesborculo.nl\/de\/familienausfluege\/","name":"Familienausfl\u00fcge - Uniekeuitjes Borculo","isPartOf":{"@id":"https:\/\/uniekeuitjesborculo.nl\/de\/#website"},"datePublished":"2019-02-18T12:44:02+00:00","breadcrumb":{"@id":"https:\/\/uniekeuitjesborculo.nl\/de\/familienausfluege\/#breadcrumb"},"inLanguage":"nl-NL","potentialAction":[{"@type":"ReadAction","target":["https:\/\/uniekeuitjesborculo.nl\/de\/familienausfluege\/"]}]},{"@type":"BreadcrumbList","@id":"https:\/\/uniekeuitjesborculo.nl\/de\/familienausfluege\/#breadcrumb","itemListElement":[{"@type":"ListItem","position":1,"name":"Home","item":"https:\/\/uniekeuitjesborculo.nl\/de\/"},{"@type":"ListItem","position":2,"name":"Familienausfl\u00fcge"}]},{"@type":"WebSite","@id":"https:\/\/uniekeuitjesborculo.nl\/de\/#website","url":"https:\/\/uniekeuitjesborculo.nl\/de\/","name":"Uniekeuitjes Borculo","description":"Alles voor plezier, verbinding en ontspanning","publisher":{"@id":"https:\/\/uniekeuitjesborculo.nl\/de\/#organization"},"potentialAction":[{"@type":"SearchAction","target":{"@type":"EntryPoint","urlTemplate":"https:\/\/uniekeuitjesborculo.nl\/de\/?s={search_term_string}"},"query-input":{"@type":"PropertyValueSpecification","valueRequired":true,"valueName":"search_term_string"}}],"inLanguage":"nl-NL"},{"@type":"Organization","@id":"https:\/\/uniekeuitjesborculo.nl\/de\/#organization","name":"Unieke Uitjes","url":"https:\/\/uniekeuitjesborculo.nl\/de\/","logo":{"@type":"ImageObject","inLanguage":"nl-NL","@id":"https:\/\/uniekeuitjesborculo.nl\/de\/#\/schema\/logo\/image\/","url":"http:\/\/uniekeuitjesborculo.nl\/wp-content\/uploads\/2019\/02\/site-login-logo.png","contentUrl":"http:\/\/uniekeuitjesborculo.nl\/wp-content\/uploads\/2019\/02\/site-login-logo.png","width":708,"height":345,"caption":"Unieke Uitjes"},"image":{"@id":"https:\/\/uniekeuitjesborculo.nl\/de\/#\/schema\/logo\/image\/"},"sameAs":["https:\/\/www.facebook.com\/uniekeuitjes.nl","https:\/\/www.instagram.com\/uniekeuitjes.nl\/","https:\/\/www.linkedin.com\/company\/unieke-uitjes-nl","https:\/\/www.youtube.com\/channel\/UCXwRXFWP_R0kxRAeL79FQfw"]}]}},"_links":{"self":[{"href":"https:\/\/uniekeuitjesborculo.nl\/de\/wp-json\/wp\/v2\/pages\/11839","targetHints":{"allow":["GET"]}}],"collection":[{"href":"https:\/\/uniekeuitjesborculo.nl\/de\/wp-json\/wp\/v2\/pages"}],"about":[{"href":"https:\/\/uniekeuitjesborculo.nl\/de\/wp-json\/wp\/v2\/types\/page"}],"author":[{"embeddable":true,"href":"https:\/\/uniekeuitjesborculo.nl\/de\/wp-json\/wp\/v2\/users\/1"}],"replies":[{"embeddable":true,"href":"https:\/\/uniekeuitjesborculo.nl\/de\/wp-json\/wp\/v2\/comments?post=11839"}],"version-history":[{"count":0,"href":"https:\/\/uniekeuitjesborculo.nl\/de\/wp-json\/wp\/v2\/pages\/11839\/revisions"}],"wp:attachment":[{"href":"https:\/\/uniekeuitjesborculo.nl\/de\/wp-json\/wp\/v2\/media?parent=11839"}],"wp:term":[{"taxonomy":"category","embeddable":true,"href":"https:\/\/uniekeuitjesborculo.nl\/de\/wp-json\/wp\/v2\/categories?post=11839"}],"curies":[{"name":"wp","href":"https:\/\/api.w.org\/{rel}","templated":true}]}}