{"id":11841,"date":"2019-02-18T12:25:48","date_gmt":"2019-02-18T12:25:48","guid":{"rendered":"http:\/\/uniekeuitjesborculo.nl\/spielshows\/"},"modified":"2019-02-18T12:25:48","modified_gmt":"2019-02-18T12:25:48","slug":"spielshows","status":"publish","type":"page","link":"https:\/\/uniekeuitjesborculo.nl\/de\/spielshows\/","title":{"rendered":"Spielshows"},"content":{"rendered":"<h2>Die lustigsten Spielshows in den Niederlanden!<\/h2>\n<p>Ein Nachmittag\/Abend mit Quiz, Musik, Casino oder Abenteuerrad, moderiert von einem enthusiastischen Moderator, der aus jedem Anlass eine tolle Party macht. Im Folgenden finden Sie eine gro\u00dfe Auswahl an Spielshows. Unsere Moderatoren sind wirklich interessiert, bieten viel Interaktion und lassen Sie einen Nachmittag\/Abend genie\u00dfen, an dem Sie nichts tun m\u00fcssen. Nur bei uns k\u00f6nnen Sie die einzigartigsten Erfahrungen machen. Nach Absprache k\u00f6nnen die Shows auch kombiniert und\/oder nach Ihren W\u00fcnschen angepasst werden.<\/p>\n<p>&nbsp;<\/p>\n<h3>Unser Angebot an Spielshows finden Sie unten auf dieser Seite.<\/h3>\n<p>Spielshows sind eine unglaublich unterhaltsame Aktivit\u00e4t f\u00fcr Ihre Familienfeiern, Junggesellenabschiede, Tagungen oder einen Abend mit Ihren Freunden. Wir k\u00f6nnen diese Spielshows sowohl bei Ihnen zu Hause als auch an unserem sch\u00f6nen Standort in Laren GLD anbieten. Alles ist im gegenseitigen Einvernehmen m\u00f6glich. M\u00f6chten Sie einen Imbiss oder ein Getr\u00e4nk an unserem Veranstaltungsort? Auch das k\u00f6nnen wir f\u00fcr Sie \u00fcbernehmen.<\/p>\n<p><img loading=\"lazy\" decoding=\"async\" class=\"alignnone size-full wp-image-230\" src=\"http:\/\/uniekeuitjesborculo.nl\/wp-content\/uploads\/2019\/01\/pubquiz-opdrachten.jpg\" alt=\"\" width=\"650\" height=\"434\"><\/p>\n<p>Ein Abendessen kombiniert mit einer lustigen Spielshow? Dann melden Sie sich f\u00fcr die M\u00f6glichkeiten, Spa\u00df garantiert! Entdecken Sie den Wettbewerb, bei dem die Teams gegeneinander antreten und die Talente der anderen zum Vorschein kommen. Erleben Sie selbst die Spielshow aus dem Fernsehen: &#8220;Ik hou van Holland&#8221;, &#8220;De jongens tegen de meisjes&#8221;. Oder einfach etwas ganz anderes, bei uns ist das alles m\u00f6glich.<\/p>\n<p>&nbsp;<\/p>\n<p>Alle Shows k\u00f6nnen nat\u00fcrlich auch kombiniert werden, f\u00fcr weitere Informationen kontaktieren Sie uns bitte.<\/p>\n<p><a href=\"http:\/\/uniekeuitjesborculo.nl\"><img loading=\"lazy\" decoding=\"async\" class=\"alignnone wp-image-377\" src=\"http:\/\/uniekeuitjesborculo.nl\/wp-content\/uploads\/2019\/02\/site-login-logo.png\" alt=\"Die Spielshows werden komplett von Unique Outings angeboten, rufen Sie uns einfach an!\" width=\"642\" height=\"313\" srcset=\"https:\/\/uniekeuitjesborculo.nl\/wp-content\/uploads\/2019\/02\/site-login-logo.png 708w, https:\/\/uniekeuitjesborculo.nl\/wp-content\/uploads\/2019\/02\/site-login-logo-300x146.png 300w, https:\/\/uniekeuitjesborculo.nl\/wp-content\/uploads\/2019\/02\/site-login-logo-600x292.png 600w\" sizes=\"auto, (max-width: 642px) 100vw, 642px\" \/><\/a><\/p>\n","protected":false},"excerpt":{"rendered":"<p>Die lustigsten Spielshows in den Niederlanden! Ein Nachmittag\/Abend mit Quiz, Musik, Casino oder Abenteuerrad, moderiert von einem enthusiastischen Moderator, der aus jedem Anlass eine tolle Party macht. Im Folgenden finden Sie eine gro\u00dfe Auswahl an Spielshows. Unsere Moderatoren sind wirklich interessiert, bieten viel Interaktion und lassen Sie einen Nachmittag\/Abend genie\u00dfen, an dem Sie nichts tun [&hellip;]<\/p>\n","protected":false},"author":1,"featured_media":0,"parent":0,"menu_order":0,"comment_status":"closed","ping_status":"closed","template":"templates\/geselecteerd-product-overzicht.php","meta":{"_acf_changed":false,"_monsterinsights_skip_tracking":false,"_monsterinsights_sitenote_active":false,"_monsterinsights_sitenote_note":"","_monsterinsights_sitenote_category":0,"footnotes":""},"categories":[73],"class_list":["post-11841","page","type-page","status-publish","hentry","category-zielseite"],"acf":[],"yoast_head":"<!-- This site is optimized with the Yoast SEO plugin v27.5 - https:\/\/yoast.com\/product\/yoast-seo-wordpress\/ -->\n<title>Spielshows - Uniekeuitjes Borculo<\/title>\n<meta name=\"description\" content=\"Spielshows mit Quiz, Musik oder einem Rad voller Abenteuer? Von einem begeisterten Moderator, der jeden Anlass zu einem gro\u00dfen Fest macht.\" \/>\n<meta name=\"robots\" content=\"index, follow, max-snippet:-1, max-image-preview:large, max-video-preview:-1\" \/>\n<link rel=\"canonical\" href=\"https:\/\/uniekeuitjesborculo.nl\/de\/spielshows\/\" \/>\n<meta property=\"og:locale\" content=\"nl_NL\" \/>\n<meta property=\"og:type\" content=\"article\" \/>\n<meta property=\"og:title\" content=\"Spielshows - Uniekeuitjes Borculo\" \/>\n<meta property=\"og:description\" content=\"Spielshows mit Quiz, Musik oder einem Rad voller Abenteuer? Von einem begeisterten Moderator, der jeden Anlass zu einem gro\u00dfen Fest macht.\" \/>\n<meta property=\"og:url\" content=\"https:\/\/uniekeuitjesborculo.nl\/de\/spielshows\/\" \/>\n<meta property=\"og:site_name\" content=\"Uniekeuitjes Borculo\" \/>\n<meta property=\"article:publisher\" content=\"https:\/\/www.facebook.com\/uniekeuitjes.nl\" \/>\n<meta property=\"og:image\" content=\"http:\/\/uniekeuitjesborculo.nl\/wp-content\/uploads\/2019\/01\/pubquiz-opdrachten.jpg\" \/>\n<meta name=\"twitter:card\" content=\"summary_large_image\" \/>\n<meta name=\"twitter:label1\" content=\"Geschatte leestijd\" \/>\n\t<meta name=\"twitter:data1\" content=\"1 minuut\" \/>\n<script type=\"application\/ld+json\" class=\"yoast-schema-graph\">{\"@context\":\"https:\\\/\\\/schema.org\",\"@graph\":[{\"@type\":\"WebPage\",\"@id\":\"https:\\\/\\\/uniekeuitjesborculo.nl\\\/de\\\/spielshows\\\/\",\"url\":\"https:\\\/\\\/uniekeuitjesborculo.nl\\\/de\\\/spielshows\\\/\",\"name\":\"Spielshows - Uniekeuitjes Borculo\",\"isPartOf\":{\"@id\":\"https:\\\/\\\/uniekeuitjesborculo.nl\\\/de\\\/#website\"},\"primaryImageOfPage\":{\"@id\":\"https:\\\/\\\/uniekeuitjesborculo.nl\\\/de\\\/spielshows\\\/#primaryimage\"},\"image\":{\"@id\":\"https:\\\/\\\/uniekeuitjesborculo.nl\\\/de\\\/spielshows\\\/#primaryimage\"},\"thumbnailUrl\":\"http:\\\/\\\/uniekeuitjesborculo.nl\\\/wp-content\\\/uploads\\\/2019\\\/01\\\/pubquiz-opdrachten.jpg\",\"datePublished\":\"2019-02-18T12:25:48+00:00\",\"description\":\"Spielshows mit Quiz, Musik oder einem Rad voller Abenteuer? Von einem begeisterten Moderator, der jeden Anlass zu einem gro\u00dfen Fest macht.\",\"breadcrumb\":{\"@id\":\"https:\\\/\\\/uniekeuitjesborculo.nl\\\/de\\\/spielshows\\\/#breadcrumb\"},\"inLanguage\":\"nl-NL\",\"potentialAction\":[{\"@type\":\"ReadAction\",\"target\":[\"https:\\\/\\\/uniekeuitjesborculo.nl\\\/de\\\/spielshows\\\/\"]}]},{\"@type\":\"ImageObject\",\"inLanguage\":\"nl-NL\",\"@id\":\"https:\\\/\\\/uniekeuitjesborculo.nl\\\/de\\\/spielshows\\\/#primaryimage\",\"url\":\"http:\\\/\\\/uniekeuitjesborculo.nl\\\/wp-content\\\/uploads\\\/2019\\\/01\\\/pubquiz-opdrachten.jpg\",\"contentUrl\":\"http:\\\/\\\/uniekeuitjesborculo.nl\\\/wp-content\\\/uploads\\\/2019\\\/01\\\/pubquiz-opdrachten.jpg\"},{\"@type\":\"BreadcrumbList\",\"@id\":\"https:\\\/\\\/uniekeuitjesborculo.nl\\\/de\\\/spielshows\\\/#breadcrumb\",\"itemListElement\":[{\"@type\":\"ListItem\",\"position\":1,\"name\":\"Home\",\"item\":\"https:\\\/\\\/uniekeuitjesborculo.nl\\\/de\\\/\"},{\"@type\":\"ListItem\",\"position\":2,\"name\":\"Spielshows\"}]},{\"@type\":\"WebSite\",\"@id\":\"https:\\\/\\\/uniekeuitjesborculo.nl\\\/de\\\/#website\",\"url\":\"https:\\\/\\\/uniekeuitjesborculo.nl\\\/de\\\/\",\"name\":\"Uniekeuitjes Borculo\",\"description\":\"Alles voor plezier, verbinding en ontspanning\",\"publisher\":{\"@id\":\"https:\\\/\\\/uniekeuitjesborculo.nl\\\/de\\\/#organization\"},\"potentialAction\":[{\"@type\":\"SearchAction\",\"target\":{\"@type\":\"EntryPoint\",\"urlTemplate\":\"https:\\\/\\\/uniekeuitjesborculo.nl\\\/de\\\/?s={search_term_string}\"},\"query-input\":{\"@type\":\"PropertyValueSpecification\",\"valueRequired\":true,\"valueName\":\"search_term_string\"}}],\"inLanguage\":\"nl-NL\"},{\"@type\":\"Organization\",\"@id\":\"https:\\\/\\\/uniekeuitjesborculo.nl\\\/de\\\/#organization\",\"name\":\"Unieke Uitjes\",\"url\":\"https:\\\/\\\/uniekeuitjesborculo.nl\\\/de\\\/\",\"logo\":{\"@type\":\"ImageObject\",\"inLanguage\":\"nl-NL\",\"@id\":\"https:\\\/\\\/uniekeuitjesborculo.nl\\\/de\\\/#\\\/schema\\\/logo\\\/image\\\/\",\"url\":\"http:\\\/\\\/uniekeuitjesborculo.nl\\\/wp-content\\\/uploads\\\/2019\\\/02\\\/site-login-logo.png\",\"contentUrl\":\"http:\\\/\\\/uniekeuitjesborculo.nl\\\/wp-content\\\/uploads\\\/2019\\\/02\\\/site-login-logo.png\",\"width\":708,\"height\":345,\"caption\":\"Unieke Uitjes\"},\"image\":{\"@id\":\"https:\\\/\\\/uniekeuitjesborculo.nl\\\/de\\\/#\\\/schema\\\/logo\\\/image\\\/\"},\"sameAs\":[\"https:\\\/\\\/www.facebook.com\\\/uniekeuitjes.nl\",\"https:\\\/\\\/www.instagram.com\\\/uniekeuitjes.nl\\\/\",\"https:\\\/\\\/www.linkedin.com\\\/company\\\/unieke-uitjes-nl\",\"https:\\\/\\\/www.youtube.com\\\/channel\\\/UCXwRXFWP_R0kxRAeL79FQfw\"]}]}<\/script>\n<!-- \/ Yoast SEO plugin. -->","yoast_head_json":{"title":"Spielshows - Uniekeuitjes Borculo","description":"Spielshows mit Quiz, Musik oder einem Rad voller Abenteuer? Von einem begeisterten Moderator, der jeden Anlass zu einem gro\u00dfen Fest macht.","robots":{"index":"index","follow":"follow","max-snippet":"max-snippet:-1","max-image-preview":"max-image-preview:large","max-video-preview":"max-video-preview:-1"},"canonical":"https:\/\/uniekeuitjesborculo.nl\/de\/spielshows\/","og_locale":"nl_NL","og_type":"article","og_title":"Spielshows - Uniekeuitjes Borculo","og_description":"Spielshows mit Quiz, Musik oder einem Rad voller Abenteuer? Von einem begeisterten Moderator, der jeden Anlass zu einem gro\u00dfen Fest macht.","og_url":"https:\/\/uniekeuitjesborculo.nl\/de\/spielshows\/","og_site_name":"Uniekeuitjes Borculo","article_publisher":"https:\/\/www.facebook.com\/uniekeuitjes.nl","og_image":[{"url":"http:\/\/uniekeuitjesborculo.nl\/wp-content\/uploads\/2019\/01\/pubquiz-opdrachten.jpg","type":"","width":"","height":""}],"twitter_card":"summary_large_image","twitter_misc":{"Geschatte leestijd":"1 minuut"},"schema":{"@context":"https:\/\/schema.org","@graph":[{"@type":"WebPage","@id":"https:\/\/uniekeuitjesborculo.nl\/de\/spielshows\/","url":"https:\/\/uniekeuitjesborculo.nl\/de\/spielshows\/","name":"Spielshows - Uniekeuitjes Borculo","isPartOf":{"@id":"https:\/\/uniekeuitjesborculo.nl\/de\/#website"},"primaryImageOfPage":{"@id":"https:\/\/uniekeuitjesborculo.nl\/de\/spielshows\/#primaryimage"},"image":{"@id":"https:\/\/uniekeuitjesborculo.nl\/de\/spielshows\/#primaryimage"},"thumbnailUrl":"http:\/\/uniekeuitjesborculo.nl\/wp-content\/uploads\/2019\/01\/pubquiz-opdrachten.jpg","datePublished":"2019-02-18T12:25:48+00:00","description":"Spielshows mit Quiz, Musik oder einem Rad voller Abenteuer? Von einem begeisterten Moderator, der jeden Anlass zu einem gro\u00dfen Fest macht.","breadcrumb":{"@id":"https:\/\/uniekeuitjesborculo.nl\/de\/spielshows\/#breadcrumb"},"inLanguage":"nl-NL","potentialAction":[{"@type":"ReadAction","target":["https:\/\/uniekeuitjesborculo.nl\/de\/spielshows\/"]}]},{"@type":"ImageObject","inLanguage":"nl-NL","@id":"https:\/\/uniekeuitjesborculo.nl\/de\/spielshows\/#primaryimage","url":"http:\/\/uniekeuitjesborculo.nl\/wp-content\/uploads\/2019\/01\/pubquiz-opdrachten.jpg","contentUrl":"http:\/\/uniekeuitjesborculo.nl\/wp-content\/uploads\/2019\/01\/pubquiz-opdrachten.jpg"},{"@type":"BreadcrumbList","@id":"https:\/\/uniekeuitjesborculo.nl\/de\/spielshows\/#breadcrumb","itemListElement":[{"@type":"ListItem","position":1,"name":"Home","item":"https:\/\/uniekeuitjesborculo.nl\/de\/"},{"@type":"ListItem","position":2,"name":"Spielshows"}]},{"@type":"WebSite","@id":"https:\/\/uniekeuitjesborculo.nl\/de\/#website","url":"https:\/\/uniekeuitjesborculo.nl\/de\/","name":"Uniekeuitjes Borculo","description":"Alles voor plezier, verbinding en ontspanning","publisher":{"@id":"https:\/\/uniekeuitjesborculo.nl\/de\/#organization"},"potentialAction":[{"@type":"SearchAction","target":{"@type":"EntryPoint","urlTemplate":"https:\/\/uniekeuitjesborculo.nl\/de\/?s={search_term_string}"},"query-input":{"@type":"PropertyValueSpecification","valueRequired":true,"valueName":"search_term_string"}}],"inLanguage":"nl-NL"},{"@type":"Organization","@id":"https:\/\/uniekeuitjesborculo.nl\/de\/#organization","name":"Unieke Uitjes","url":"https:\/\/uniekeuitjesborculo.nl\/de\/","logo":{"@type":"ImageObject","inLanguage":"nl-NL","@id":"https:\/\/uniekeuitjesborculo.nl\/de\/#\/schema\/logo\/image\/","url":"http:\/\/uniekeuitjesborculo.nl\/wp-content\/uploads\/2019\/02\/site-login-logo.png","contentUrl":"http:\/\/uniekeuitjesborculo.nl\/wp-content\/uploads\/2019\/02\/site-login-logo.png","width":708,"height":345,"caption":"Unieke Uitjes"},"image":{"@id":"https:\/\/uniekeuitjesborculo.nl\/de\/#\/schema\/logo\/image\/"},"sameAs":["https:\/\/www.facebook.com\/uniekeuitjes.nl","https:\/\/www.instagram.com\/uniekeuitjes.nl\/","https:\/\/www.linkedin.com\/company\/unieke-uitjes-nl","https:\/\/www.youtube.com\/channel\/UCXwRXFWP_R0kxRAeL79FQfw"]}]}},"_links":{"self":[{"href":"https:\/\/uniekeuitjesborculo.nl\/de\/wp-json\/wp\/v2\/pages\/11841","targetHints":{"allow":["GET"]}}],"collection":[{"href":"https:\/\/uniekeuitjesborculo.nl\/de\/wp-json\/wp\/v2\/pages"}],"about":[{"href":"https:\/\/uniekeuitjesborculo.nl\/de\/wp-json\/wp\/v2\/types\/page"}],"author":[{"embeddable":true,"href":"https:\/\/uniekeuitjesborculo.nl\/de\/wp-json\/wp\/v2\/users\/1"}],"replies":[{"embeddable":true,"href":"https:\/\/uniekeuitjesborculo.nl\/de\/wp-json\/wp\/v2\/comments?post=11841"}],"version-history":[{"count":0,"href":"https:\/\/uniekeuitjesborculo.nl\/de\/wp-json\/wp\/v2\/pages\/11841\/revisions"}],"wp:attachment":[{"href":"https:\/\/uniekeuitjesborculo.nl\/de\/wp-json\/wp\/v2\/media?parent=11841"}],"wp:term":[{"taxonomy":"category","embeddable":true,"href":"https:\/\/uniekeuitjesborculo.nl\/de\/wp-json\/wp\/v2\/categories?post=11841"}],"curies":[{"name":"wp","href":"https:\/\/api.w.org\/{rel}","templated":true}]}}