{"id":11846,"date":"2019-02-18T14:27:00","date_gmt":"2019-02-18T14:27:00","guid":{"rendered":"http:\/\/uniekeuitjesborculo.nl\/ausfluege-in-barchem\/"},"modified":"2019-02-18T14:27:00","modified_gmt":"2019-02-18T14:27:00","slug":"ausfluege-in-barchem","status":"publish","type":"page","link":"https:\/\/uniekeuitjesborculo.nl\/de\/ausfluege-in-barchem\/","title":{"rendered":"Ausfl\u00fcge in Barchem"},"content":{"rendered":"<h2><\/h2>\n<h2><strong>Einzigartige Ausfl\u00fcge in Barchem!<\/strong><\/h2>\n<p>Wenn Sie einzigartige Ausfl\u00fcge und Aktivit\u00e4ten suchen, sind Sie bei Unique Outings an der richtigen Adresse! Wir bieten auch alle Arten von Aktivit\u00e4ten und Ausfl\u00fcgen in Barchem an.<\/p>\n<p>&nbsp;<\/p>\n<p>Vor einigen Jahren ging es Barchem nicht so gut: Die Bev\u00f6lkerung war \u00fcberaltert und viele H\u00e4user standen zum Verkauf. Es waren die Barchemer selbst, die aktiv wurden. Sie riefen die Kampagne &#8220;Barchem for Sale&#8221; ins Leben, um junge Leute dazu zu bewegen, die Gro\u00dfstadt zu verlassen und das Leben zur\u00fcck ins Dorf zu bringen. Eine Aktion, die sich bew\u00e4hrt hat, denn in Barchem gibt es wieder viel zu tun und zu erleben.<\/p>\n<p>&nbsp;<\/p>\n<p>Barchem liegt am Fu\u00dfe des Lochemse Berges, der sehr viele M\u00f6glichkeiten f\u00fcr sch\u00f6ne Ausfl\u00fcge in die Natur bietet. Erkunden Sie die Gegend lautlos mit einem <a href=\"http:\/\/uniekeuitjesborculo.nl\/uitje\/tandem-cruiser\/\">coolen amerikanischen Tandem<\/a> oder einem <a href=\"http:\/\/uniekeuitjesborculo.nl\/uitje\/transportmiddel-tuktuk\/\">vollelektrischen TukTuk<\/a>. Sie k\u00f6nnen die Natur auch auf einer echten <a href=\"http:\/\/uniekeuitjesborculo.nl\/uitje\/transportmiddel-solex-huren\/\">Solex<\/a> erkunden. Wir k\u00f6nnen alles f\u00fcr Sie arrangieren: den Transport der Solexes, die Strecke, die Sie fahren; sogar authentische Topfhelme und Jacken werden wir f\u00fcr Sie mitbringen. Da Barchem an dem regionalen Fluss Berkel liegt, ist sogar eine komplett organisierte <a href=\"http:\/\/uniekeuitjesborculo.nl\/uitje\/kanoverhuur\/\">Kanutour<\/a> m\u00f6glich! Sie bevorzugen eine Partie <a href=\"http:\/\/uniekeuitjesborculo.nl\/uitje\/indoor-en-outdoor-lasergamen-op-locatie\/\">Lasertag<\/a> in einem der W\u00e4lder? Kein Problem, wir k\u00fcmmern uns f\u00fcr Sie darum!<\/p>\n<p>&nbsp;<\/p>\n<h2><strong>Lebendiges Barchem.<\/strong><\/h2>\n<p>In Barchem arbeiten wir mit mehreren Gastronomiebetrieben zusammen. Sie veranstalten einen Betriebsausflug oder eine <a href=\"http:\/\/uniekeuitjesborculo.nl\/bedrijfsuitjes\/\">Betriebsfeier<\/a> und suchen nach einem unterhaltsamen Abend f\u00fcr Ihre Kollegen? Dann kontaktieren Sie Unique Outings. Wir haben eine gro\u00dfe Auswahl an verschiedenen Spielshows, wie zum Beispiel unser <a href=\"http:\/\/uniekeuitjesborculo.nl\/uitje\/pubquiz\/\">Pubquiz<\/a>, <a href=\"http:\/\/uniekeuitjesborculo.nl\/uitje\/ik-hou-van-holland\/\">&#8216;Ik hou van Holland&#8217;<\/a> und das <a href=\"http:\/\/uniekeuitjesborculo.nl\/uitje\/muziek-bingo\/\">Musikbingo<\/a>. Wir bieten auch ein spezielles <a href=\"http:\/\/uniekeuitjesborculo.nl\/uitje\/casino-avond\/\">Casino-Abendpaket<\/a> an, bei dem Sie sich ein paar Stunden lang in Monte Carlo vergn\u00fcgen k\u00f6nnen.<\/p>\n<p>&nbsp;<\/p>\n<p>Barchem ist so lebendig wie nie zuvor. Das Dorf ist nicht mehr zu verkaufen, aber dank Unique Outings gibt es viel zu mieten.<\/p>\n<p>&nbsp;<\/p>\n<p><strong>Kontaktieren Sie uns f\u00fcr alle M\u00f6glichkeiten, um Ihren Ausflug zu einem unvergesslichen Tag zu machen.<\/strong><\/p>\n<p>&nbsp;<\/p>\n<p><a href=\"http:\/\/uniekeuitjesborculo.nl\"><img loading=\"lazy\" decoding=\"async\" class=\"alignnone wp-image-377\" src=\"http:\/\/uniekeuitjesborculo.nl\/wp-content\/uploads\/2019\/02\/site-login-logo.png\" alt=\"\" width=\"417\" height=\"203\" srcset=\"https:\/\/uniekeuitjesborculo.nl\/wp-content\/uploads\/2019\/02\/site-login-logo.png 708w, https:\/\/uniekeuitjesborculo.nl\/wp-content\/uploads\/2019\/02\/site-login-logo-300x146.png 300w, https:\/\/uniekeuitjesborculo.nl\/wp-content\/uploads\/2019\/02\/site-login-logo-600x292.png 600w\" sizes=\"auto, (max-width: 417px) 100vw, 417px\" \/><\/a><\/p>\n","protected":false},"excerpt":{"rendered":"<p>Einzigartige Ausfl\u00fcge in Barchem! Wenn Sie einzigartige Ausfl\u00fcge und Aktivit\u00e4ten suchen, sind Sie bei Unique Outings an der richtigen Adresse! Wir bieten auch alle Arten von Aktivit\u00e4ten und Ausfl\u00fcgen in Barchem an. &nbsp; Vor einigen Jahren ging es Barchem nicht so gut: Die Bev\u00f6lkerung war \u00fcberaltert und viele H\u00e4user standen zum Verkauf. Es waren die [&hellip;]<\/p>\n","protected":false},"author":1,"featured_media":0,"parent":0,"menu_order":0,"comment_status":"closed","ping_status":"closed","template":"","meta":{"_acf_changed":false,"_monsterinsights_skip_tracking":false,"_monsterinsights_sitenote_active":false,"_monsterinsights_sitenote_note":"","_monsterinsights_sitenote_category":0,"footnotes":""},"categories":[73],"class_list":["post-11846","page","type-page","status-publish","hentry","category-zielseite"],"acf":[],"yoast_head":"<!-- This site is optimized with the Yoast SEO plugin v27.5 - https:\/\/yoast.com\/product\/yoast-seo-wordpress\/ -->\n<title>Ausfl\u00fcge in Barchem - Verschiedene Aktivit\u00e4ten &amp; Ausfl\u00fcge in Barchem<\/title>\n<meta name=\"description\" content=\"UniqueOuts bietet verschiedene Aktivit\u00e4ten und Ausfl\u00fcge in Barchem an. UniqueOuts bietet auch Pakete und Einzelvermietung an.\" \/>\n<meta name=\"robots\" content=\"index, follow, max-snippet:-1, max-image-preview:large, max-video-preview:-1\" \/>\n<link rel=\"canonical\" href=\"https:\/\/uniekeuitjesborculo.nl\/de\/ausfluege-in-barchem\/\" \/>\n<meta property=\"og:locale\" content=\"nl_NL\" \/>\n<meta property=\"og:type\" content=\"article\" \/>\n<meta property=\"og:title\" content=\"Ausfl\u00fcge in Barchem - Verschiedene Aktivit\u00e4ten &amp; Ausfl\u00fcge in Barchem\" \/>\n<meta property=\"og:description\" content=\"UniqueOuts bietet verschiedene Aktivit\u00e4ten und Ausfl\u00fcge in Barchem an. UniqueOuts bietet auch Pakete und Einzelvermietung an.\" \/>\n<meta property=\"og:url\" content=\"https:\/\/uniekeuitjesborculo.nl\/de\/ausfluege-in-barchem\/\" \/>\n<meta property=\"og:site_name\" content=\"Uniekeuitjes Borculo\" \/>\n<meta property=\"article:publisher\" content=\"https:\/\/www.facebook.com\/uniekeuitjes.nl\" \/>\n<meta property=\"og:image\" content=\"http:\/\/uniekeuitjesborculo.nl\/wp-content\/uploads\/2019\/02\/site-login-logo.png\" \/>\n<meta name=\"twitter:card\" content=\"summary_large_image\" \/>\n<meta name=\"twitter:label1\" content=\"Geschatte leestijd\" \/>\n\t<meta name=\"twitter:data1\" content=\"2 minuten\" \/>\n<script type=\"application\/ld+json\" class=\"yoast-schema-graph\">{\"@context\":\"https:\\\/\\\/schema.org\",\"@graph\":[{\"@type\":\"WebPage\",\"@id\":\"https:\\\/\\\/uniekeuitjesborculo.nl\\\/de\\\/ausfluege-in-barchem\\\/\",\"url\":\"https:\\\/\\\/uniekeuitjesborculo.nl\\\/de\\\/ausfluege-in-barchem\\\/\",\"name\":\"Ausfl\u00fcge in Barchem - Verschiedene Aktivit\u00e4ten & Ausfl\u00fcge in Barchem\",\"isPartOf\":{\"@id\":\"https:\\\/\\\/uniekeuitjesborculo.nl\\\/de\\\/#website\"},\"primaryImageOfPage\":{\"@id\":\"https:\\\/\\\/uniekeuitjesborculo.nl\\\/de\\\/ausfluege-in-barchem\\\/#primaryimage\"},\"image\":{\"@id\":\"https:\\\/\\\/uniekeuitjesborculo.nl\\\/de\\\/ausfluege-in-barchem\\\/#primaryimage\"},\"thumbnailUrl\":\"http:\\\/\\\/uniekeuitjesborculo.nl\\\/wp-content\\\/uploads\\\/2019\\\/02\\\/site-login-logo.png\",\"datePublished\":\"2019-02-18T14:27:00+00:00\",\"description\":\"UniqueOuts bietet verschiedene Aktivit\u00e4ten und Ausfl\u00fcge in Barchem an. UniqueOuts bietet auch Pakete und Einzelvermietung an.\",\"breadcrumb\":{\"@id\":\"https:\\\/\\\/uniekeuitjesborculo.nl\\\/de\\\/ausfluege-in-barchem\\\/#breadcrumb\"},\"inLanguage\":\"nl-NL\",\"potentialAction\":[{\"@type\":\"ReadAction\",\"target\":[\"https:\\\/\\\/uniekeuitjesborculo.nl\\\/de\\\/ausfluege-in-barchem\\\/\"]}]},{\"@type\":\"ImageObject\",\"inLanguage\":\"nl-NL\",\"@id\":\"https:\\\/\\\/uniekeuitjesborculo.nl\\\/de\\\/ausfluege-in-barchem\\\/#primaryimage\",\"url\":\"http:\\\/\\\/uniekeuitjesborculo.nl\\\/wp-content\\\/uploads\\\/2019\\\/02\\\/site-login-logo.png\",\"contentUrl\":\"http:\\\/\\\/uniekeuitjesborculo.nl\\\/wp-content\\\/uploads\\\/2019\\\/02\\\/site-login-logo.png\"},{\"@type\":\"BreadcrumbList\",\"@id\":\"https:\\\/\\\/uniekeuitjesborculo.nl\\\/de\\\/ausfluege-in-barchem\\\/#breadcrumb\",\"itemListElement\":[{\"@type\":\"ListItem\",\"position\":1,\"name\":\"Home\",\"item\":\"https:\\\/\\\/uniekeuitjesborculo.nl\\\/de\\\/\"},{\"@type\":\"ListItem\",\"position\":2,\"name\":\"Ausfl\u00fcge in Barchem\"}]},{\"@type\":\"WebSite\",\"@id\":\"https:\\\/\\\/uniekeuitjesborculo.nl\\\/de\\\/#website\",\"url\":\"https:\\\/\\\/uniekeuitjesborculo.nl\\\/de\\\/\",\"name\":\"Uniekeuitjes Borculo\",\"description\":\"Alles voor plezier, verbinding en ontspanning\",\"publisher\":{\"@id\":\"https:\\\/\\\/uniekeuitjesborculo.nl\\\/de\\\/#organization\"},\"potentialAction\":[{\"@type\":\"SearchAction\",\"target\":{\"@type\":\"EntryPoint\",\"urlTemplate\":\"https:\\\/\\\/uniekeuitjesborculo.nl\\\/de\\\/?s={search_term_string}\"},\"query-input\":{\"@type\":\"PropertyValueSpecification\",\"valueRequired\":true,\"valueName\":\"search_term_string\"}}],\"inLanguage\":\"nl-NL\"},{\"@type\":\"Organization\",\"@id\":\"https:\\\/\\\/uniekeuitjesborculo.nl\\\/de\\\/#organization\",\"name\":\"Unieke Uitjes\",\"url\":\"https:\\\/\\\/uniekeuitjesborculo.nl\\\/de\\\/\",\"logo\":{\"@type\":\"ImageObject\",\"inLanguage\":\"nl-NL\",\"@id\":\"https:\\\/\\\/uniekeuitjesborculo.nl\\\/de\\\/#\\\/schema\\\/logo\\\/image\\\/\",\"url\":\"http:\\\/\\\/uniekeuitjesborculo.nl\\\/wp-content\\\/uploads\\\/2019\\\/02\\\/site-login-logo.png\",\"contentUrl\":\"http:\\\/\\\/uniekeuitjesborculo.nl\\\/wp-content\\\/uploads\\\/2019\\\/02\\\/site-login-logo.png\",\"width\":708,\"height\":345,\"caption\":\"Unieke Uitjes\"},\"image\":{\"@id\":\"https:\\\/\\\/uniekeuitjesborculo.nl\\\/de\\\/#\\\/schema\\\/logo\\\/image\\\/\"},\"sameAs\":[\"https:\\\/\\\/www.facebook.com\\\/uniekeuitjes.nl\",\"https:\\\/\\\/www.instagram.com\\\/uniekeuitjes.nl\\\/\",\"https:\\\/\\\/www.linkedin.com\\\/company\\\/unieke-uitjes-nl\",\"https:\\\/\\\/www.youtube.com\\\/channel\\\/UCXwRXFWP_R0kxRAeL79FQfw\"]}]}<\/script>\n<!-- \/ Yoast SEO plugin. -->","yoast_head_json":{"title":"Ausfl\u00fcge in Barchem - Verschiedene Aktivit\u00e4ten & Ausfl\u00fcge in Barchem","description":"UniqueOuts bietet verschiedene Aktivit\u00e4ten und Ausfl\u00fcge in Barchem an. UniqueOuts bietet auch Pakete und Einzelvermietung an.","robots":{"index":"index","follow":"follow","max-snippet":"max-snippet:-1","max-image-preview":"max-image-preview:large","max-video-preview":"max-video-preview:-1"},"canonical":"https:\/\/uniekeuitjesborculo.nl\/de\/ausfluege-in-barchem\/","og_locale":"nl_NL","og_type":"article","og_title":"Ausfl\u00fcge in Barchem - Verschiedene Aktivit\u00e4ten & Ausfl\u00fcge in Barchem","og_description":"UniqueOuts bietet verschiedene Aktivit\u00e4ten und Ausfl\u00fcge in Barchem an. UniqueOuts bietet auch Pakete und Einzelvermietung an.","og_url":"https:\/\/uniekeuitjesborculo.nl\/de\/ausfluege-in-barchem\/","og_site_name":"Uniekeuitjes Borculo","article_publisher":"https:\/\/www.facebook.com\/uniekeuitjes.nl","og_image":[{"url":"http:\/\/uniekeuitjesborculo.nl\/wp-content\/uploads\/2019\/02\/site-login-logo.png","type":"","width":"","height":""}],"twitter_card":"summary_large_image","twitter_misc":{"Geschatte leestijd":"2 minuten"},"schema":{"@context":"https:\/\/schema.org","@graph":[{"@type":"WebPage","@id":"https:\/\/uniekeuitjesborculo.nl\/de\/ausfluege-in-barchem\/","url":"https:\/\/uniekeuitjesborculo.nl\/de\/ausfluege-in-barchem\/","name":"Ausfl\u00fcge in Barchem - Verschiedene Aktivit\u00e4ten & Ausfl\u00fcge in Barchem","isPartOf":{"@id":"https:\/\/uniekeuitjesborculo.nl\/de\/#website"},"primaryImageOfPage":{"@id":"https:\/\/uniekeuitjesborculo.nl\/de\/ausfluege-in-barchem\/#primaryimage"},"image":{"@id":"https:\/\/uniekeuitjesborculo.nl\/de\/ausfluege-in-barchem\/#primaryimage"},"thumbnailUrl":"http:\/\/uniekeuitjesborculo.nl\/wp-content\/uploads\/2019\/02\/site-login-logo.png","datePublished":"2019-02-18T14:27:00+00:00","description":"UniqueOuts bietet verschiedene Aktivit\u00e4ten und Ausfl\u00fcge in Barchem an. UniqueOuts bietet auch Pakete und Einzelvermietung an.","breadcrumb":{"@id":"https:\/\/uniekeuitjesborculo.nl\/de\/ausfluege-in-barchem\/#breadcrumb"},"inLanguage":"nl-NL","potentialAction":[{"@type":"ReadAction","target":["https:\/\/uniekeuitjesborculo.nl\/de\/ausfluege-in-barchem\/"]}]},{"@type":"ImageObject","inLanguage":"nl-NL","@id":"https:\/\/uniekeuitjesborculo.nl\/de\/ausfluege-in-barchem\/#primaryimage","url":"http:\/\/uniekeuitjesborculo.nl\/wp-content\/uploads\/2019\/02\/site-login-logo.png","contentUrl":"http:\/\/uniekeuitjesborculo.nl\/wp-content\/uploads\/2019\/02\/site-login-logo.png"},{"@type":"BreadcrumbList","@id":"https:\/\/uniekeuitjesborculo.nl\/de\/ausfluege-in-barchem\/#breadcrumb","itemListElement":[{"@type":"ListItem","position":1,"name":"Home","item":"https:\/\/uniekeuitjesborculo.nl\/de\/"},{"@type":"ListItem","position":2,"name":"Ausfl\u00fcge in Barchem"}]},{"@type":"WebSite","@id":"https:\/\/uniekeuitjesborculo.nl\/de\/#website","url":"https:\/\/uniekeuitjesborculo.nl\/de\/","name":"Uniekeuitjes Borculo","description":"Alles voor plezier, verbinding en ontspanning","publisher":{"@id":"https:\/\/uniekeuitjesborculo.nl\/de\/#organization"},"potentialAction":[{"@type":"SearchAction","target":{"@type":"EntryPoint","urlTemplate":"https:\/\/uniekeuitjesborculo.nl\/de\/?s={search_term_string}"},"query-input":{"@type":"PropertyValueSpecification","valueRequired":true,"valueName":"search_term_string"}}],"inLanguage":"nl-NL"},{"@type":"Organization","@id":"https:\/\/uniekeuitjesborculo.nl\/de\/#organization","name":"Unieke Uitjes","url":"https:\/\/uniekeuitjesborculo.nl\/de\/","logo":{"@type":"ImageObject","inLanguage":"nl-NL","@id":"https:\/\/uniekeuitjesborculo.nl\/de\/#\/schema\/logo\/image\/","url":"http:\/\/uniekeuitjesborculo.nl\/wp-content\/uploads\/2019\/02\/site-login-logo.png","contentUrl":"http:\/\/uniekeuitjesborculo.nl\/wp-content\/uploads\/2019\/02\/site-login-logo.png","width":708,"height":345,"caption":"Unieke Uitjes"},"image":{"@id":"https:\/\/uniekeuitjesborculo.nl\/de\/#\/schema\/logo\/image\/"},"sameAs":["https:\/\/www.facebook.com\/uniekeuitjes.nl","https:\/\/www.instagram.com\/uniekeuitjes.nl\/","https:\/\/www.linkedin.com\/company\/unieke-uitjes-nl","https:\/\/www.youtube.com\/channel\/UCXwRXFWP_R0kxRAeL79FQfw"]}]}},"_links":{"self":[{"href":"https:\/\/uniekeuitjesborculo.nl\/de\/wp-json\/wp\/v2\/pages\/11846","targetHints":{"allow":["GET"]}}],"collection":[{"href":"https:\/\/uniekeuitjesborculo.nl\/de\/wp-json\/wp\/v2\/pages"}],"about":[{"href":"https:\/\/uniekeuitjesborculo.nl\/de\/wp-json\/wp\/v2\/types\/page"}],"author":[{"embeddable":true,"href":"https:\/\/uniekeuitjesborculo.nl\/de\/wp-json\/wp\/v2\/users\/1"}],"replies":[{"embeddable":true,"href":"https:\/\/uniekeuitjesborculo.nl\/de\/wp-json\/wp\/v2\/comments?post=11846"}],"version-history":[{"count":0,"href":"https:\/\/uniekeuitjesborculo.nl\/de\/wp-json\/wp\/v2\/pages\/11846\/revisions"}],"wp:attachment":[{"href":"https:\/\/uniekeuitjesborculo.nl\/de\/wp-json\/wp\/v2\/media?parent=11846"}],"wp:term":[{"taxonomy":"category","embeddable":true,"href":"https:\/\/uniekeuitjesborculo.nl\/de\/wp-json\/wp\/v2\/categories?post=11846"}],"curies":[{"name":"wp","href":"https:\/\/api.w.org\/{rel}","templated":true}]}}