{"id":11848,"date":"2019-02-18T14:22:43","date_gmt":"2019-02-18T14:22:43","guid":{"rendered":"http:\/\/uniekeuitjesborculo.nl\/ausfluege-in-apeldoorn\/"},"modified":"2019-02-18T14:22:43","modified_gmt":"2019-02-18T14:22:43","slug":"ausfluege-in-apeldoorn","status":"publish","type":"page","link":"https:\/\/uniekeuitjesborculo.nl\/de\/ausfluege-in-apeldoorn\/","title":{"rendered":"Ausfl\u00fcge in Apeldoorn"},"content":{"rendered":"<h2><\/h2>\n<h2>Einzigartige Ausfl\u00fcge in Apeldoorn<\/h2>\n<p>Auf der Suche nach Freizeitaktivit\u00e4ten oder Ausfl\u00fcgen in Apeldoorn? Rufen Sie einfach Unique Outings an!<\/p>\n<p>&nbsp;<\/p>\n<p>&nbsp;<\/p>\n<h2><strong>K\u00f6nigliches Vergn\u00fcgen<\/strong><\/h2>\n<p>Vor Hunderten von Jahren zog der Stadthalter Wilhelm III. nach Apeldoorn. Er lie\u00df Palace het Loo bauen und nutzte dieses neue Haus, wann immer er Lust hatte, die Natur rund um Apeldoorn zu genie\u00dfen. Auch nachdem Wilhelm K\u00f6nig von England geworden war, konnte man ihn noch oft genug in Apeldoorn antreffen, um zu jagen und die gr\u00fcne Landschaft zu genie\u00dfen.<\/p>\n<p>&nbsp;<\/p>\n<p>Auch heute noch gibt es in Apeldoorn mehr als genug Natur zu bewundern. Entdecken Sie zusammen mit Unique Uitjes die farbenfrohe Hauptstadt der Veluwe! Wir haben zwar keine goldene Kutsche, aber wir k\u00f6nnen Sie k\u00f6niglich in einem modernen elektrischen <a href=\"http:\/\/uniekeuitjesborculo.nl\/uitje\/transportmiddel-tuktuk\/\">TukTuk<\/a> herumfahren. Sie werden sich wie ein K\u00f6nig f\u00fchlen, wenn Sie sanft an den Palastg\u00e4rten vorbeirauschen.<\/p>\n<p>&nbsp;<\/p>\n<p>&nbsp;<\/p>\n<h2><strong>Auf der Veluwe<\/strong><\/h2>\n<p>M\u00f6chten Sie lieber die Au\u00dfenbezirke von Apeldoorn erkunden? Denken Sie an eine wunderbare Fahrt \u00fcber die Veluwe zusammen mit Ihren Freunden auf unseren<a href=\"http:\/\/uniekeuitjesborculo.nl\/uitje\/solex-huren\/\"> authentischen Solexen<\/a> oder unseren <a href=\"http:\/\/uniekeuitjesborculo.nl\/uitje\/echopper-elektrische-scooter-huren\/\">super-modernen E-Choppern<\/a>. Im Sommer k\u00f6nnen Sie den Apeldoorns-Kanal mit einem <a href=\"http:\/\/uniekeuitjesborculo.nl\/uitje\/kanoverhuur\/\">Kanadier<\/a> von Unique Outings befahren. Mit unseren robusten <a href=\"http:\/\/uniekeuitjesborculo.nl\/uitje\/tandem-cruiser\/\">amerikanischen Tandems<\/a> k\u00f6nnen Sie in aller Ruhe in die Natur hinausfahren und ein leckeres Picknick auf der Hoge Veluwe genie\u00dfen.<\/p>\n<p>&nbsp;<\/p>\n<p>&nbsp;<\/p>\n<h2><strong>Unique Outings kommt zu Ihnen nach Hause<\/strong><\/h2>\n<p>Unique Outings bietet auch alle gew\u00fcnschten Aktivit\u00e4ten und Ausfl\u00fcge an einem Ort Ihrer Wahl an. Wollten Sie schon immer einmal mit <a href=\"http:\/\/uniekeuitjesborculo.nl\/uitje\/scherpschutters-arrangement\/\">f\u00fcnf Waffentypen<\/a> schie\u00dfen <a href=\"http:\/\/uniekeuitjesborculo.nl\/uitje\/scherpschutters-arrangement\/\">,<\/a> <a href=\"http:\/\/uniekeuitjesborculo.nl\/uitje\/indoor-en-outdoor-lasergamen-op-locatie\/\">Laser-Gaming<\/a> betreiben oder ein <a href=\"http:\/\/uniekeuitjesborculo.nl\/uitje\/pubquiz\/\">Pub-Quiz<\/a> unter der Anleitung eines professionellen Quizmasters spielen? Bei Unique Outings ist das alles m\u00f6glich. Wir kommen gerne zu Ihnen nach Apeldoorn, sei es in Ihr eigenes Lokal, Ihren Gesch\u00e4ftsraum oder Ihr pers\u00f6nliches Schloss.<\/p>\n<p>&nbsp;<\/p>\n<p><strong>Sind Sie neugierig auf die vielen M\u00f6glichkeiten? Schauen Sie sich auf unserer Website um oder kontaktieren Sie uns!<\/strong><\/p>\n<p>&nbsp;<\/p>\n<p><a href=\"http:\/\/uniekeuitjesborculo.nl\"><img loading=\"lazy\" decoding=\"async\" class=\"alignnone wp-image-377\" src=\"http:\/\/uniekeuitjesborculo.nl\/wp-content\/uploads\/2019\/02\/site-login-logo.png\" alt=\"\" width=\"470\" height=\"229\" srcset=\"https:\/\/uniekeuitjesborculo.nl\/wp-content\/uploads\/2019\/02\/site-login-logo.png 708w, https:\/\/uniekeuitjesborculo.nl\/wp-content\/uploads\/2019\/02\/site-login-logo-300x146.png 300w, https:\/\/uniekeuitjesborculo.nl\/wp-content\/uploads\/2019\/02\/site-login-logo-600x292.png 600w\" sizes=\"auto, (max-width: 470px) 100vw, 470px\" \/><\/a><\/p>\n","protected":false},"excerpt":{"rendered":"<p>Einzigartige Ausfl\u00fcge in Apeldoorn Auf der Suche nach Freizeitaktivit\u00e4ten oder Ausfl\u00fcgen in Apeldoorn? Rufen Sie einfach Unique Outings an! &nbsp; &nbsp; K\u00f6nigliches Vergn\u00fcgen Vor Hunderten von Jahren zog der Stadthalter Wilhelm III. nach Apeldoorn. Er lie\u00df Palace het Loo bauen und nutzte dieses neue Haus, wann immer er Lust hatte, die Natur rund um Apeldoorn [&hellip;]<\/p>\n","protected":false},"author":1,"featured_media":0,"parent":0,"menu_order":0,"comment_status":"closed","ping_status":"closed","template":"","meta":{"_acf_changed":false,"_monsterinsights_skip_tracking":false,"_monsterinsights_sitenote_active":false,"_monsterinsights_sitenote_note":"","_monsterinsights_sitenote_category":0,"footnotes":""},"categories":[73],"class_list":["post-11848","page","type-page","status-publish","hentry","category-zielseite"],"acf":[],"yoast_head":"<!-- This site is optimized with the Yoast SEO plugin v27.5 - https:\/\/yoast.com\/product\/yoast-seo-wordpress\/ -->\n<title>Ausfl\u00fcge in Apeldoorn - Vielf\u00e4ltiges Angebot an Aktivit\u00e4ten und Ausfl\u00fcgen<\/title>\n<meta name=\"description\" content=\"Ausfl\u00fcge in Apeldoorn komplett von Unique Outings! Genie\u00dfen Sie einen Solex oder ein Tuk Tuk, oder schie\u00dfen Sie mit f\u00fcnf verschiedenen Waffentypen? Klicken Sie hier!\" \/>\n<meta name=\"robots\" content=\"index, follow, max-snippet:-1, max-image-preview:large, max-video-preview:-1\" \/>\n<link rel=\"canonical\" href=\"https:\/\/uniekeuitjesborculo.nl\/de\/ausfluege-in-apeldoorn\/\" \/>\n<meta property=\"og:locale\" content=\"nl_NL\" \/>\n<meta property=\"og:type\" content=\"article\" \/>\n<meta property=\"og:title\" content=\"Ausfl\u00fcge in Apeldoorn - Vielf\u00e4ltiges Angebot an Aktivit\u00e4ten und Ausfl\u00fcgen\" \/>\n<meta property=\"og:description\" content=\"Ausfl\u00fcge in Apeldoorn komplett von Unique Outings! Genie\u00dfen Sie einen Solex oder ein Tuk Tuk, oder schie\u00dfen Sie mit f\u00fcnf verschiedenen Waffentypen? Klicken Sie hier!\" \/>\n<meta property=\"og:url\" content=\"https:\/\/uniekeuitjesborculo.nl\/de\/ausfluege-in-apeldoorn\/\" \/>\n<meta property=\"og:site_name\" content=\"Uniekeuitjes Borculo\" \/>\n<meta property=\"article:publisher\" content=\"https:\/\/www.facebook.com\/uniekeuitjes.nl\" \/>\n<meta property=\"og:image\" content=\"http:\/\/uniekeuitjesborculo.nl\/wp-content\/uploads\/2019\/02\/site-login-logo.png\" \/>\n<meta name=\"twitter:card\" content=\"summary_large_image\" \/>\n<meta name=\"twitter:label1\" content=\"Geschatte leestijd\" \/>\n\t<meta name=\"twitter:data1\" content=\"2 minuten\" \/>\n<script type=\"application\/ld+json\" class=\"yoast-schema-graph\">{\"@context\":\"https:\\\/\\\/schema.org\",\"@graph\":[{\"@type\":\"WebPage\",\"@id\":\"https:\\\/\\\/uniekeuitjesborculo.nl\\\/de\\\/ausfluege-in-apeldoorn\\\/\",\"url\":\"https:\\\/\\\/uniekeuitjesborculo.nl\\\/de\\\/ausfluege-in-apeldoorn\\\/\",\"name\":\"Ausfl\u00fcge in Apeldoorn - Vielf\u00e4ltiges Angebot an Aktivit\u00e4ten und Ausfl\u00fcgen\",\"isPartOf\":{\"@id\":\"https:\\\/\\\/uniekeuitjesborculo.nl\\\/de\\\/#website\"},\"primaryImageOfPage\":{\"@id\":\"https:\\\/\\\/uniekeuitjesborculo.nl\\\/de\\\/ausfluege-in-apeldoorn\\\/#primaryimage\"},\"image\":{\"@id\":\"https:\\\/\\\/uniekeuitjesborculo.nl\\\/de\\\/ausfluege-in-apeldoorn\\\/#primaryimage\"},\"thumbnailUrl\":\"http:\\\/\\\/uniekeuitjesborculo.nl\\\/wp-content\\\/uploads\\\/2019\\\/02\\\/site-login-logo.png\",\"datePublished\":\"2019-02-18T14:22:43+00:00\",\"description\":\"Ausfl\u00fcge in Apeldoorn komplett von Unique Outings! Genie\u00dfen Sie einen Solex oder ein Tuk Tuk, oder schie\u00dfen Sie mit f\u00fcnf verschiedenen Waffentypen? Klicken Sie hier!\",\"breadcrumb\":{\"@id\":\"https:\\\/\\\/uniekeuitjesborculo.nl\\\/de\\\/ausfluege-in-apeldoorn\\\/#breadcrumb\"},\"inLanguage\":\"nl-NL\",\"potentialAction\":[{\"@type\":\"ReadAction\",\"target\":[\"https:\\\/\\\/uniekeuitjesborculo.nl\\\/de\\\/ausfluege-in-apeldoorn\\\/\"]}]},{\"@type\":\"ImageObject\",\"inLanguage\":\"nl-NL\",\"@id\":\"https:\\\/\\\/uniekeuitjesborculo.nl\\\/de\\\/ausfluege-in-apeldoorn\\\/#primaryimage\",\"url\":\"http:\\\/\\\/uniekeuitjesborculo.nl\\\/wp-content\\\/uploads\\\/2019\\\/02\\\/site-login-logo.png\",\"contentUrl\":\"http:\\\/\\\/uniekeuitjesborculo.nl\\\/wp-content\\\/uploads\\\/2019\\\/02\\\/site-login-logo.png\"},{\"@type\":\"BreadcrumbList\",\"@id\":\"https:\\\/\\\/uniekeuitjesborculo.nl\\\/de\\\/ausfluege-in-apeldoorn\\\/#breadcrumb\",\"itemListElement\":[{\"@type\":\"ListItem\",\"position\":1,\"name\":\"Home\",\"item\":\"https:\\\/\\\/uniekeuitjesborculo.nl\\\/de\\\/\"},{\"@type\":\"ListItem\",\"position\":2,\"name\":\"Ausfl\u00fcge in Apeldoorn\"}]},{\"@type\":\"WebSite\",\"@id\":\"https:\\\/\\\/uniekeuitjesborculo.nl\\\/de\\\/#website\",\"url\":\"https:\\\/\\\/uniekeuitjesborculo.nl\\\/de\\\/\",\"name\":\"Uniekeuitjes Borculo\",\"description\":\"Alles voor plezier, verbinding en ontspanning\",\"publisher\":{\"@id\":\"https:\\\/\\\/uniekeuitjesborculo.nl\\\/de\\\/#organization\"},\"potentialAction\":[{\"@type\":\"SearchAction\",\"target\":{\"@type\":\"EntryPoint\",\"urlTemplate\":\"https:\\\/\\\/uniekeuitjesborculo.nl\\\/de\\\/?s={search_term_string}\"},\"query-input\":{\"@type\":\"PropertyValueSpecification\",\"valueRequired\":true,\"valueName\":\"search_term_string\"}}],\"inLanguage\":\"nl-NL\"},{\"@type\":\"Organization\",\"@id\":\"https:\\\/\\\/uniekeuitjesborculo.nl\\\/de\\\/#organization\",\"name\":\"Unieke Uitjes\",\"url\":\"https:\\\/\\\/uniekeuitjesborculo.nl\\\/de\\\/\",\"logo\":{\"@type\":\"ImageObject\",\"inLanguage\":\"nl-NL\",\"@id\":\"https:\\\/\\\/uniekeuitjesborculo.nl\\\/de\\\/#\\\/schema\\\/logo\\\/image\\\/\",\"url\":\"http:\\\/\\\/uniekeuitjesborculo.nl\\\/wp-content\\\/uploads\\\/2019\\\/02\\\/site-login-logo.png\",\"contentUrl\":\"http:\\\/\\\/uniekeuitjesborculo.nl\\\/wp-content\\\/uploads\\\/2019\\\/02\\\/site-login-logo.png\",\"width\":708,\"height\":345,\"caption\":\"Unieke Uitjes\"},\"image\":{\"@id\":\"https:\\\/\\\/uniekeuitjesborculo.nl\\\/de\\\/#\\\/schema\\\/logo\\\/image\\\/\"},\"sameAs\":[\"https:\\\/\\\/www.facebook.com\\\/uniekeuitjes.nl\",\"https:\\\/\\\/www.instagram.com\\\/uniekeuitjes.nl\\\/\",\"https:\\\/\\\/www.linkedin.com\\\/company\\\/unieke-uitjes-nl\",\"https:\\\/\\\/www.youtube.com\\\/channel\\\/UCXwRXFWP_R0kxRAeL79FQfw\"]}]}<\/script>\n<!-- \/ Yoast SEO plugin. -->","yoast_head_json":{"title":"Ausfl\u00fcge in Apeldoorn - Vielf\u00e4ltiges Angebot an Aktivit\u00e4ten und Ausfl\u00fcgen","description":"Ausfl\u00fcge in Apeldoorn komplett von Unique Outings! Genie\u00dfen Sie einen Solex oder ein Tuk Tuk, oder schie\u00dfen Sie mit f\u00fcnf verschiedenen Waffentypen? Klicken Sie hier!","robots":{"index":"index","follow":"follow","max-snippet":"max-snippet:-1","max-image-preview":"max-image-preview:large","max-video-preview":"max-video-preview:-1"},"canonical":"https:\/\/uniekeuitjesborculo.nl\/de\/ausfluege-in-apeldoorn\/","og_locale":"nl_NL","og_type":"article","og_title":"Ausfl\u00fcge in Apeldoorn - Vielf\u00e4ltiges Angebot an Aktivit\u00e4ten und Ausfl\u00fcgen","og_description":"Ausfl\u00fcge in Apeldoorn komplett von Unique Outings! Genie\u00dfen Sie einen Solex oder ein Tuk Tuk, oder schie\u00dfen Sie mit f\u00fcnf verschiedenen Waffentypen? Klicken Sie hier!","og_url":"https:\/\/uniekeuitjesborculo.nl\/de\/ausfluege-in-apeldoorn\/","og_site_name":"Uniekeuitjes Borculo","article_publisher":"https:\/\/www.facebook.com\/uniekeuitjes.nl","og_image":[{"url":"http:\/\/uniekeuitjesborculo.nl\/wp-content\/uploads\/2019\/02\/site-login-logo.png","type":"","width":"","height":""}],"twitter_card":"summary_large_image","twitter_misc":{"Geschatte leestijd":"2 minuten"},"schema":{"@context":"https:\/\/schema.org","@graph":[{"@type":"WebPage","@id":"https:\/\/uniekeuitjesborculo.nl\/de\/ausfluege-in-apeldoorn\/","url":"https:\/\/uniekeuitjesborculo.nl\/de\/ausfluege-in-apeldoorn\/","name":"Ausfl\u00fcge in Apeldoorn - Vielf\u00e4ltiges Angebot an Aktivit\u00e4ten und Ausfl\u00fcgen","isPartOf":{"@id":"https:\/\/uniekeuitjesborculo.nl\/de\/#website"},"primaryImageOfPage":{"@id":"https:\/\/uniekeuitjesborculo.nl\/de\/ausfluege-in-apeldoorn\/#primaryimage"},"image":{"@id":"https:\/\/uniekeuitjesborculo.nl\/de\/ausfluege-in-apeldoorn\/#primaryimage"},"thumbnailUrl":"http:\/\/uniekeuitjesborculo.nl\/wp-content\/uploads\/2019\/02\/site-login-logo.png","datePublished":"2019-02-18T14:22:43+00:00","description":"Ausfl\u00fcge in Apeldoorn komplett von Unique Outings! Genie\u00dfen Sie einen Solex oder ein Tuk Tuk, oder schie\u00dfen Sie mit f\u00fcnf verschiedenen Waffentypen? Klicken Sie hier!","breadcrumb":{"@id":"https:\/\/uniekeuitjesborculo.nl\/de\/ausfluege-in-apeldoorn\/#breadcrumb"},"inLanguage":"nl-NL","potentialAction":[{"@type":"ReadAction","target":["https:\/\/uniekeuitjesborculo.nl\/de\/ausfluege-in-apeldoorn\/"]}]},{"@type":"ImageObject","inLanguage":"nl-NL","@id":"https:\/\/uniekeuitjesborculo.nl\/de\/ausfluege-in-apeldoorn\/#primaryimage","url":"http:\/\/uniekeuitjesborculo.nl\/wp-content\/uploads\/2019\/02\/site-login-logo.png","contentUrl":"http:\/\/uniekeuitjesborculo.nl\/wp-content\/uploads\/2019\/02\/site-login-logo.png"},{"@type":"BreadcrumbList","@id":"https:\/\/uniekeuitjesborculo.nl\/de\/ausfluege-in-apeldoorn\/#breadcrumb","itemListElement":[{"@type":"ListItem","position":1,"name":"Home","item":"https:\/\/uniekeuitjesborculo.nl\/de\/"},{"@type":"ListItem","position":2,"name":"Ausfl\u00fcge in Apeldoorn"}]},{"@type":"WebSite","@id":"https:\/\/uniekeuitjesborculo.nl\/de\/#website","url":"https:\/\/uniekeuitjesborculo.nl\/de\/","name":"Uniekeuitjes Borculo","description":"Alles voor plezier, verbinding en ontspanning","publisher":{"@id":"https:\/\/uniekeuitjesborculo.nl\/de\/#organization"},"potentialAction":[{"@type":"SearchAction","target":{"@type":"EntryPoint","urlTemplate":"https:\/\/uniekeuitjesborculo.nl\/de\/?s={search_term_string}"},"query-input":{"@type":"PropertyValueSpecification","valueRequired":true,"valueName":"search_term_string"}}],"inLanguage":"nl-NL"},{"@type":"Organization","@id":"https:\/\/uniekeuitjesborculo.nl\/de\/#organization","name":"Unieke Uitjes","url":"https:\/\/uniekeuitjesborculo.nl\/de\/","logo":{"@type":"ImageObject","inLanguage":"nl-NL","@id":"https:\/\/uniekeuitjesborculo.nl\/de\/#\/schema\/logo\/image\/","url":"http:\/\/uniekeuitjesborculo.nl\/wp-content\/uploads\/2019\/02\/site-login-logo.png","contentUrl":"http:\/\/uniekeuitjesborculo.nl\/wp-content\/uploads\/2019\/02\/site-login-logo.png","width":708,"height":345,"caption":"Unieke Uitjes"},"image":{"@id":"https:\/\/uniekeuitjesborculo.nl\/de\/#\/schema\/logo\/image\/"},"sameAs":["https:\/\/www.facebook.com\/uniekeuitjes.nl","https:\/\/www.instagram.com\/uniekeuitjes.nl\/","https:\/\/www.linkedin.com\/company\/unieke-uitjes-nl","https:\/\/www.youtube.com\/channel\/UCXwRXFWP_R0kxRAeL79FQfw"]}]}},"_links":{"self":[{"href":"https:\/\/uniekeuitjesborculo.nl\/de\/wp-json\/wp\/v2\/pages\/11848","targetHints":{"allow":["GET"]}}],"collection":[{"href":"https:\/\/uniekeuitjesborculo.nl\/de\/wp-json\/wp\/v2\/pages"}],"about":[{"href":"https:\/\/uniekeuitjesborculo.nl\/de\/wp-json\/wp\/v2\/types\/page"}],"author":[{"embeddable":true,"href":"https:\/\/uniekeuitjesborculo.nl\/de\/wp-json\/wp\/v2\/users\/1"}],"replies":[{"embeddable":true,"href":"https:\/\/uniekeuitjesborculo.nl\/de\/wp-json\/wp\/v2\/comments?post=11848"}],"version-history":[{"count":0,"href":"https:\/\/uniekeuitjesborculo.nl\/de\/wp-json\/wp\/v2\/pages\/11848\/revisions"}],"wp:attachment":[{"href":"https:\/\/uniekeuitjesborculo.nl\/de\/wp-json\/wp\/v2\/media?parent=11848"}],"wp:term":[{"taxonomy":"category","embeddable":true,"href":"https:\/\/uniekeuitjesborculo.nl\/de\/wp-json\/wp\/v2\/categories?post=11848"}],"curies":[{"name":"wp","href":"https:\/\/api.w.org\/{rel}","templated":true}]}}