{"id":11863,"date":"2019-01-29T16:25:11","date_gmt":"2019-01-29T16:25:11","guid":{"rendered":"http:\/\/uniekeuitjesborculo.nl\/lose-vermietung\/"},"modified":"2023-09-18T14:45:34","modified_gmt":"2023-09-18T14:45:34","slug":"lose-vermietung","status":"publish","type":"page","link":"https:\/\/uniekeuitjesborculo.nl\/de\/lose-vermietung\/","title":{"rendered":"Lose Vermietung"},"content":{"rendered":"<p>Zus\u00e4tzlich zu den Komplettpaketen k\u00f6nnen Sie bei Unique Outings verschiedene Artikel und Attraktionen auch separat mieten. Bei der Einzelmiete organisieren Sie alles selbst, ohne Anleitung durch uns.<\/p>\n<p>Sie holen die gemietete Immobilie selbst ab und liefern sie in unserer Halle in Laren Gld ab. Nachfolgend finden Sie die Artikel und Attraktionen der \u00fcblichen Einzelmiete. Wenn Sie beispielsweise ein Solex, Tandem oder Tuk Tuk separat mieten m\u00f6chten, ist das nat\u00fcrlich auch m\u00f6glich. Bitte besuchen Sie hierzu unsere Homepage.<\/p>\n<p>Alle Transportmittel und Schiffe sind unter der Rubrik \u201eAlle Ausfl\u00fcge\u201c aufgef\u00fchrt.<\/p>\n<p>&nbsp;<\/p>\n<h3>Dr\u00fccken Sie <a href=\"http:\/\/uniekeuitjesborculo.nl\/alle-uitjes\/\">hier<\/a> f\u00fcr alle Verkehrsmittel und Schiffe.<\/h3>\n","protected":false},"excerpt":{"rendered":"<p>Zus\u00e4tzlich zu den Komplettpaketen k\u00f6nnen Sie bei Unique Outings verschiedene Artikel und Attraktionen auch separat mieten. Bei der Einzelmiete organisieren Sie alles selbst, ohne Anleitung durch uns. Sie holen die gemietete Immobilie selbst ab und liefern sie in unserer Halle in Laren Gld ab. Nachfolgend finden Sie die Artikel und Attraktionen der \u00fcblichen Einzelmiete. Wenn [&hellip;]<\/p>\n","protected":false},"author":1,"featured_media":0,"parent":0,"menu_order":0,"comment_status":"closed","ping_status":"closed","template":"templates\/geselecteerd-product-overzicht.php","meta":{"_acf_changed":false,"_monsterinsights_skip_tracking":false,"_monsterinsights_sitenote_active":false,"_monsterinsights_sitenote_note":"","_monsterinsights_sitenote_category":0,"footnotes":""},"categories":[],"class_list":["post-11863","page","type-page","status-publish","hentry"],"acf":[],"yoast_head":"<!-- This site is optimized with the Yoast SEO plugin v27.5 - https:\/\/yoast.com\/product\/yoast-seo-wordpress\/ -->\n<title>Lose Vermietung - Uniekeuitjes Borculo Mieten Sie verschiedene Artikel und Attraktionen separat<\/title>\n<meta name=\"description\" content=\"Einzelmiete: Zus\u00e4tzlich zu den Komplettpaketen k\u00f6nnen Sie bei Unique Outings verschiedene Artikel und Attraktionen auch separat mieten.\" \/>\n<meta name=\"robots\" content=\"index, follow, max-snippet:-1, max-image-preview:large, max-video-preview:-1\" \/>\n<link rel=\"canonical\" href=\"https:\/\/uniekeuitjesborculo.nl\/de\/lose-vermietung\/\" \/>\n<meta property=\"og:locale\" content=\"nl_NL\" \/>\n<meta property=\"og:type\" content=\"article\" \/>\n<meta property=\"og:title\" content=\"Lose Vermietung - Uniekeuitjes Borculo Mieten Sie verschiedene Artikel und Attraktionen separat\" \/>\n<meta property=\"og:description\" content=\"Einzelmiete: Zus\u00e4tzlich zu den Komplettpaketen k\u00f6nnen Sie bei Unique Outings verschiedene Artikel und Attraktionen auch separat mieten.\" \/>\n<meta property=\"og:url\" content=\"https:\/\/uniekeuitjesborculo.nl\/de\/lose-vermietung\/\" \/>\n<meta property=\"og:site_name\" content=\"Uniekeuitjes Borculo\" \/>\n<meta property=\"article:publisher\" content=\"https:\/\/www.facebook.com\/uniekeuitjes.nl\" \/>\n<meta property=\"article:modified_time\" content=\"2023-09-18T14:45:34+00:00\" \/>\n<meta name=\"twitter:card\" content=\"summary_large_image\" \/>\n<meta name=\"twitter:label1\" content=\"Geschatte leestijd\" \/>\n\t<meta name=\"twitter:data1\" content=\"1 minuut\" \/>\n<script type=\"application\/ld+json\" class=\"yoast-schema-graph\">{\"@context\":\"https:\\\/\\\/schema.org\",\"@graph\":[{\"@type\":\"WebPage\",\"@id\":\"https:\\\/\\\/uniekeuitjesborculo.nl\\\/de\\\/lose-vermietung\\\/\",\"url\":\"https:\\\/\\\/uniekeuitjesborculo.nl\\\/de\\\/lose-vermietung\\\/\",\"name\":\"Lose Vermietung - Uniekeuitjes Borculo Mieten Sie verschiedene Artikel und Attraktionen separat\",\"isPartOf\":{\"@id\":\"https:\\\/\\\/uniekeuitjesborculo.nl\\\/de\\\/#website\"},\"datePublished\":\"2019-01-29T16:25:11+00:00\",\"dateModified\":\"2023-09-18T14:45:34+00:00\",\"description\":\"Einzelmiete: Zus\u00e4tzlich zu den Komplettpaketen k\u00f6nnen Sie bei Unique Outings verschiedene Artikel und Attraktionen auch separat mieten.\",\"breadcrumb\":{\"@id\":\"https:\\\/\\\/uniekeuitjesborculo.nl\\\/de\\\/lose-vermietung\\\/#breadcrumb\"},\"inLanguage\":\"nl-NL\",\"potentialAction\":[{\"@type\":\"ReadAction\",\"target\":[\"https:\\\/\\\/uniekeuitjesborculo.nl\\\/de\\\/lose-vermietung\\\/\"]}]},{\"@type\":\"BreadcrumbList\",\"@id\":\"https:\\\/\\\/uniekeuitjesborculo.nl\\\/de\\\/lose-vermietung\\\/#breadcrumb\",\"itemListElement\":[{\"@type\":\"ListItem\",\"position\":1,\"name\":\"Home\",\"item\":\"https:\\\/\\\/uniekeuitjesborculo.nl\\\/de\\\/\"},{\"@type\":\"ListItem\",\"position\":2,\"name\":\"Lose Vermietung\"}]},{\"@type\":\"WebSite\",\"@id\":\"https:\\\/\\\/uniekeuitjesborculo.nl\\\/de\\\/#website\",\"url\":\"https:\\\/\\\/uniekeuitjesborculo.nl\\\/de\\\/\",\"name\":\"Uniekeuitjes Borculo\",\"description\":\"Alles voor plezier, verbinding en ontspanning\",\"publisher\":{\"@id\":\"https:\\\/\\\/uniekeuitjesborculo.nl\\\/de\\\/#organization\"},\"potentialAction\":[{\"@type\":\"SearchAction\",\"target\":{\"@type\":\"EntryPoint\",\"urlTemplate\":\"https:\\\/\\\/uniekeuitjesborculo.nl\\\/de\\\/?s={search_term_string}\"},\"query-input\":{\"@type\":\"PropertyValueSpecification\",\"valueRequired\":true,\"valueName\":\"search_term_string\"}}],\"inLanguage\":\"nl-NL\"},{\"@type\":\"Organization\",\"@id\":\"https:\\\/\\\/uniekeuitjesborculo.nl\\\/de\\\/#organization\",\"name\":\"Unieke Uitjes\",\"url\":\"https:\\\/\\\/uniekeuitjesborculo.nl\\\/de\\\/\",\"logo\":{\"@type\":\"ImageObject\",\"inLanguage\":\"nl-NL\",\"@id\":\"https:\\\/\\\/uniekeuitjesborculo.nl\\\/de\\\/#\\\/schema\\\/logo\\\/image\\\/\",\"url\":\"http:\\\/\\\/uniekeuitjesborculo.nl\\\/wp-content\\\/uploads\\\/2019\\\/02\\\/site-login-logo.png\",\"contentUrl\":\"http:\\\/\\\/uniekeuitjesborculo.nl\\\/wp-content\\\/uploads\\\/2019\\\/02\\\/site-login-logo.png\",\"width\":708,\"height\":345,\"caption\":\"Unieke Uitjes\"},\"image\":{\"@id\":\"https:\\\/\\\/uniekeuitjesborculo.nl\\\/de\\\/#\\\/schema\\\/logo\\\/image\\\/\"},\"sameAs\":[\"https:\\\/\\\/www.facebook.com\\\/uniekeuitjes.nl\",\"https:\\\/\\\/www.instagram.com\\\/uniekeuitjes.nl\\\/\",\"https:\\\/\\\/www.linkedin.com\\\/company\\\/unieke-uitjes-nl\",\"https:\\\/\\\/www.youtube.com\\\/channel\\\/UCXwRXFWP_R0kxRAeL79FQfw\"]}]}<\/script>\n<!-- \/ Yoast SEO plugin. -->","yoast_head_json":{"title":"Lose Vermietung - Uniekeuitjes Borculo Mieten Sie verschiedene Artikel und Attraktionen separat","description":"Einzelmiete: Zus\u00e4tzlich zu den Komplettpaketen k\u00f6nnen Sie bei Unique Outings verschiedene Artikel und Attraktionen auch separat mieten.","robots":{"index":"index","follow":"follow","max-snippet":"max-snippet:-1","max-image-preview":"max-image-preview:large","max-video-preview":"max-video-preview:-1"},"canonical":"https:\/\/uniekeuitjesborculo.nl\/de\/lose-vermietung\/","og_locale":"nl_NL","og_type":"article","og_title":"Lose Vermietung - Uniekeuitjes Borculo Mieten Sie verschiedene Artikel und Attraktionen separat","og_description":"Einzelmiete: Zus\u00e4tzlich zu den Komplettpaketen k\u00f6nnen Sie bei Unique Outings verschiedene Artikel und Attraktionen auch separat mieten.","og_url":"https:\/\/uniekeuitjesborculo.nl\/de\/lose-vermietung\/","og_site_name":"Uniekeuitjes Borculo","article_publisher":"https:\/\/www.facebook.com\/uniekeuitjes.nl","article_modified_time":"2023-09-18T14:45:34+00:00","twitter_card":"summary_large_image","twitter_misc":{"Geschatte leestijd":"1 minuut"},"schema":{"@context":"https:\/\/schema.org","@graph":[{"@type":"WebPage","@id":"https:\/\/uniekeuitjesborculo.nl\/de\/lose-vermietung\/","url":"https:\/\/uniekeuitjesborculo.nl\/de\/lose-vermietung\/","name":"Lose Vermietung - Uniekeuitjes Borculo Mieten Sie verschiedene Artikel und Attraktionen separat","isPartOf":{"@id":"https:\/\/uniekeuitjesborculo.nl\/de\/#website"},"datePublished":"2019-01-29T16:25:11+00:00","dateModified":"2023-09-18T14:45:34+00:00","description":"Einzelmiete: Zus\u00e4tzlich zu den Komplettpaketen k\u00f6nnen Sie bei Unique Outings verschiedene Artikel und Attraktionen auch separat mieten.","breadcrumb":{"@id":"https:\/\/uniekeuitjesborculo.nl\/de\/lose-vermietung\/#breadcrumb"},"inLanguage":"nl-NL","potentialAction":[{"@type":"ReadAction","target":["https:\/\/uniekeuitjesborculo.nl\/de\/lose-vermietung\/"]}]},{"@type":"BreadcrumbList","@id":"https:\/\/uniekeuitjesborculo.nl\/de\/lose-vermietung\/#breadcrumb","itemListElement":[{"@type":"ListItem","position":1,"name":"Home","item":"https:\/\/uniekeuitjesborculo.nl\/de\/"},{"@type":"ListItem","position":2,"name":"Lose Vermietung"}]},{"@type":"WebSite","@id":"https:\/\/uniekeuitjesborculo.nl\/de\/#website","url":"https:\/\/uniekeuitjesborculo.nl\/de\/","name":"Uniekeuitjes Borculo","description":"Alles voor plezier, verbinding en ontspanning","publisher":{"@id":"https:\/\/uniekeuitjesborculo.nl\/de\/#organization"},"potentialAction":[{"@type":"SearchAction","target":{"@type":"EntryPoint","urlTemplate":"https:\/\/uniekeuitjesborculo.nl\/de\/?s={search_term_string}"},"query-input":{"@type":"PropertyValueSpecification","valueRequired":true,"valueName":"search_term_string"}}],"inLanguage":"nl-NL"},{"@type":"Organization","@id":"https:\/\/uniekeuitjesborculo.nl\/de\/#organization","name":"Unieke Uitjes","url":"https:\/\/uniekeuitjesborculo.nl\/de\/","logo":{"@type":"ImageObject","inLanguage":"nl-NL","@id":"https:\/\/uniekeuitjesborculo.nl\/de\/#\/schema\/logo\/image\/","url":"http:\/\/uniekeuitjesborculo.nl\/wp-content\/uploads\/2019\/02\/site-login-logo.png","contentUrl":"http:\/\/uniekeuitjesborculo.nl\/wp-content\/uploads\/2019\/02\/site-login-logo.png","width":708,"height":345,"caption":"Unieke Uitjes"},"image":{"@id":"https:\/\/uniekeuitjesborculo.nl\/de\/#\/schema\/logo\/image\/"},"sameAs":["https:\/\/www.facebook.com\/uniekeuitjes.nl","https:\/\/www.instagram.com\/uniekeuitjes.nl\/","https:\/\/www.linkedin.com\/company\/unieke-uitjes-nl","https:\/\/www.youtube.com\/channel\/UCXwRXFWP_R0kxRAeL79FQfw"]}]}},"_links":{"self":[{"href":"https:\/\/uniekeuitjesborculo.nl\/de\/wp-json\/wp\/v2\/pages\/11863","targetHints":{"allow":["GET"]}}],"collection":[{"href":"https:\/\/uniekeuitjesborculo.nl\/de\/wp-json\/wp\/v2\/pages"}],"about":[{"href":"https:\/\/uniekeuitjesborculo.nl\/de\/wp-json\/wp\/v2\/types\/page"}],"author":[{"embeddable":true,"href":"https:\/\/uniekeuitjesborculo.nl\/de\/wp-json\/wp\/v2\/users\/1"}],"replies":[{"embeddable":true,"href":"https:\/\/uniekeuitjesborculo.nl\/de\/wp-json\/wp\/v2\/comments?post=11863"}],"version-history":[{"count":0,"href":"https:\/\/uniekeuitjesborculo.nl\/de\/wp-json\/wp\/v2\/pages\/11863\/revisions"}],"wp:attachment":[{"href":"https:\/\/uniekeuitjesborculo.nl\/de\/wp-json\/wp\/v2\/media?parent=11863"}],"wp:term":[{"taxonomy":"category","embeddable":true,"href":"https:\/\/uniekeuitjesborculo.nl\/de\/wp-json\/wp\/v2\/categories?post=11863"}],"curies":[{"name":"wp","href":"https:\/\/api.w.org\/{rel}","templated":true}]}}